{"id":105,"date":"2025-01-09T18:07:26","date_gmt":"2025-01-09T17:07:26","guid":{"rendered":"https:\/\/www.muzeum.klodzko.pl\/n\/?page_id=105"},"modified":"2025-01-30T10:27:22","modified_gmt":"2025-01-30T09:27:22","slug":"adres","status":"publish","type":"page","link":"https:\/\/www.muzeum.klodzko.pl\/n\/adres\/","title":{"rendered":"Adres"},"content":{"rendered":"\n<p><strong>Adres<\/strong><br>Muzeum Ziemi K\u0142odzkiej<br>w K\u0142odzku<br>ul. Ignacego \u0141ukasiewicza 4<br>57-300 K\u0142odzko<\/p>\n\n\n\n<p><strong>Telefon<\/strong><br>+48 74 867 35 70<br>+48 74 867 38 95<\/p>\n\n\n\n<p><strong>E-mail<\/strong><br>sekretariat@muzeum.klodzko.pl<\/p>\n\n\n\n<p><\/p>\n","protected":false},"excerpt":{"rendered":"<p>AdresMuzeum Ziemi K\u0142odzkiejw K\u0142odzkuul. Ignacego \u0141ukasiewicza 457-300 K\u0142odzko Telefon+48 74 867 35 70+48 74 867 38 95 E-mailsekretariat@muzeum.klodzko.pl<\/p>\n","protected":false},"author":1,"featured_media":131,"parent":0,"menu_order":0,"comment_status":"closed","ping_status":"closed","template":"","meta":{"neve_meta_sidebar":"","neve_meta_container":"","neve_meta_enable_content_width":"","neve_meta_content_width":0,"neve_meta_title_alignment":"","neve_meta_author_avatar":"","neve_post_elements_order":"","neve_meta_disable_header":"","neve_meta_disable_footer":"","neve_meta_disable_title":"","footnotes":""},"class_list":["post-105","page","type-page","status-publish","has-post-thumbnail","hentry"],"_links":{"self":[{"href":"https:\/\/www.muzeum.klodzko.pl\/n\/wp-json\/wp\/v2\/pages\/105","targetHints":{"allow":["GET"]}}],"collection":[{"href":"https:\/\/www.muzeum.klodzko.pl\/n\/wp-json\/wp\/v2\/pages"}],"about":[{"href":"https:\/\/www.muzeum.klodzko.pl\/n\/wp-json\/wp\/v2\/types\/page"}],"author":[{"embeddable":true,"href":"https:\/\/www.muzeum.klodzko.pl\/n\/wp-json\/wp\/v2\/users\/1"}],"replies":[{"embeddable":true,"href":"https:\/\/www.muzeum.klodzko.pl\/n\/wp-json\/wp\/v2\/comments?post=105"}],"version-history":[{"count":4,"href":"https:\/\/www.muzeum.klodzko.pl\/n\/wp-json\/wp\/v2\/pages\/105\/revisions"}],"predecessor-version":[{"id":167,"href":"https:\/\/www.muzeum.klodzko.pl\/n\/wp-json\/wp\/v2\/pages\/105\/revisions\/167"}],"wp:featuredmedia":[{"embeddable":true,"href":"https:\/\/www.muzeum.klodzko.pl\/n\/wp-json\/wp\/v2\/media\/131"}],"wp:attachment":[{"href":"https:\/\/www.muzeum.klodzko.pl\/n\/wp-json\/wp\/v2\/media?parent=105"}],"curies":[{"name":"wp","href":"https:\/\/api.w.org\/{rel}","templated":true}]}}