{"id":110,"date":"2025-01-09T18:12:06","date_gmt":"2025-01-09T17:12:06","guid":{"rendered":"https:\/\/www.muzeum.klodzko.pl\/n\/?page_id=110"},"modified":"2026-04-01T10:26:28","modified_gmt":"2026-04-01T08:26:28","slug":"godziny-otwarcia","status":"publish","type":"page","link":"https:\/\/www.muzeum.klodzko.pl\/n\/godziny-otwarcia\/","title":{"rendered":"Godziny otwarcia"},"content":{"rendered":"\n<h4 class=\"wp-block-heading\"><strong>Wst\u0119p na wystawy sta\u0142e oraz czasowe<\/strong><\/h4>\n\n\n\n<figure class=\"wp-block-table\"><table><thead><tr><th class=\"has-text-align-center\" data-align=\"center\">Poniedzia\u0142ek<\/th><th class=\"has-text-align-center\" data-align=\"center\">Wtorek<\/th><th class=\"has-text-align-center\" data-align=\"center\">\u015aroda<\/th><th>Czwartek<\/th><th>Pi\u0105tek<\/th><th>Sobota<\/th><th>Niedziela<\/th><th>\u015awi\u0119ta<\/th><\/tr><\/thead><tbody><tr><td class=\"has-text-align-center\" data-align=\"center\" rowspan=\"3\">Zamkni\u0119te<\/td><td class=\"has-text-align-center\" data-align=\"center\" colspan=\"4\">  1 stycznia \u2013 30 kwietnia 10.00 \u2013 16.00<\/td><td class=\"has-text-align-center\" data-align=\"center\" colspan=\"3\">10.00 &#8211; 16.00<\/td><\/tr><tr><td class=\"has-text-align-center\" data-align=\"center\" colspan=\"4\">1 maja \u2013 30 wrze\u015bnia      10.00 \u2013 17.00<\/td><td class=\"has-text-align-center\" data-align=\"center\" colspan=\"3\">11.00 &#8211; 17.00<\/td><\/tr><tr><td class=\"has-text-align-center\" data-align=\"center\" colspan=\"4\">  1 pa\u017adziernika \u2013 31 grudnia 10.00 \u2013 16.00<\/td><td class=\"has-text-align-center\" data-align=\"center\" colspan=\"3\">10.00 &#8211; 16.00<\/td><\/tr><\/tbody><\/table><\/figure>\n\n\n\n<p><em><strong>Ostatni zwiedzaj\u0105cy mog\u0105 wej\u015b\u0107 do muzeum p\u00f3\u0142 godziny przed zamkni\u0119ciem obiektu.<\/strong><\/em><\/p>\n\n\n\n<p>Szanowni Pa\u0144stwo,<br>informujemy, \u017ce 1 listopada 2025 r. nasze muzeum b\u0119dzie zamkni\u0119te.<br>Zapraszamy do odwiedzin 2 listopada w godzinach: 10.00-16.00.<br>Do zobaczenia!<\/p>\n\n\n\n<h4 class=\"wp-block-heading\"><strong>Korzystanie z Biblioteki Naukowej<\/strong><\/h4>\n\n\n\n<p><strong>Uwaga! Ze wzgl\u0119du na prowadzon\u0105 inwentaryzacj\u0119 zbior\u00f3w Biblioteka Naukowa Muzeum Ziemi K\u0142odzkiej b\u0119dzie nieczynna do odwo\u0142ania.<\/strong><\/p>\n\n\n\n<p>Czwartek \u2013 Pi\u0105tek: 10.00 \u2013 16.00<\/p>\n\n\n\n<p>Ze wzgl\u0119du na jednoosobowe stanowisko, jak r\u00f3wnie\u017c szeroki zakres obowi\u0105zk\u00f3w pracownika biblioteki wszystkich pragn\u0105cych skorzysta\u0107 z ksi\u0119gozbioru muzealnego prosimy o wcze\u015bniejsze upewnienie si\u0119, czy biblioteka w danym dniu jest czynna pod nr tel. 74 867 35 70.<\/p>\n\n\n\n<p><\/p>\n","protected":false},"excerpt":{"rendered":"<p>Wst\u0119p na wystawy sta\u0142e oraz czasowe Poniedzia\u0142ek Wtorek \u015aroda Czwartek Pi\u0105tek Sobota Niedziela \u015awi\u0119ta Zamkni\u0119te 1 stycznia \u2013 30 kwietnia 10.00 \u2013 16.00 10.00 &#8211; 16.00 1 maja \u2013 30 wrze\u015bnia 10.00 \u2013 17.00 11.00 &#8211; 17.00 1 pa\u017adziernika \u2013 31 grudnia 10.00 \u2013 16.00 10.00 &#8211; 16.00 Ostatni zwiedzaj\u0105cy mog\u0105 wej\u015b\u0107 do muzeum p\u00f3\u0142&hellip;&nbsp;<a href=\"https:\/\/www.muzeum.klodzko.pl\/n\/godziny-otwarcia\/\" rel=\"bookmark\">Dowiedz si\u0119 wi\u0119cej &raquo;<span class=\"screen-reader-text\">Godziny otwarcia<\/span><\/a><\/p>\n","protected":false},"author":1,"featured_media":72,"parent":0,"menu_order":0,"comment_status":"closed","ping_status":"closed","template":"","meta":{"neve_meta_sidebar":"","neve_meta_container":"","neve_meta_enable_content_width":"","neve_meta_content_width":0,"neve_meta_title_alignment":"","neve_meta_author_avatar":"","neve_post_elements_order":"","neve_meta_disable_header":"","neve_meta_disable_footer":"","neve_meta_disable_title":"","footnotes":""},"class_list":["post-110","page","type-page","status-publish","has-post-thumbnail","hentry"],"_links":{"self":[{"href":"https:\/\/www.muzeum.klodzko.pl\/n\/wp-json\/wp\/v2\/pages\/110","targetHints":{"allow":["GET"]}}],"collection":[{"href":"https:\/\/www.muzeum.klodzko.pl\/n\/wp-json\/wp\/v2\/pages"}],"about":[{"href":"https:\/\/www.muzeum.klodzko.pl\/n\/wp-json\/wp\/v2\/types\/page"}],"author":[{"embeddable":true,"href":"https:\/\/www.muzeum.klodzko.pl\/n\/wp-json\/wp\/v2\/users\/1"}],"replies":[{"embeddable":true,"href":"https:\/\/www.muzeum.klodzko.pl\/n\/wp-json\/wp\/v2\/comments?post=110"}],"version-history":[{"count":15,"href":"https:\/\/www.muzeum.klodzko.pl\/n\/wp-json\/wp\/v2\/pages\/110\/revisions"}],"predecessor-version":[{"id":4047,"href":"https:\/\/www.muzeum.klodzko.pl\/n\/wp-json\/wp\/v2\/pages\/110\/revisions\/4047"}],"wp:featuredmedia":[{"embeddable":true,"href":"https:\/\/www.muzeum.klodzko.pl\/n\/wp-json\/wp\/v2\/media\/72"}],"wp:attachment":[{"href":"https:\/\/www.muzeum.klodzko.pl\/n\/wp-json\/wp\/v2\/media?parent=110"}],"curies":[{"name":"wp","href":"https:\/\/api.w.org\/{rel}","templated":true}]}}