{"id":113,"date":"2025-01-09T18:13:28","date_gmt":"2025-01-09T17:13:28","guid":{"rendered":"https:\/\/www.muzeum.klodzko.pl\/n\/?page_id=113"},"modified":"2026-02-19T10:07:53","modified_gmt":"2026-02-19T09:07:53","slug":"cennik","status":"publish","type":"page","link":"https:\/\/www.muzeum.klodzko.pl\/n\/cennik\/","title":{"rendered":"Cennik"},"content":{"rendered":"\n<h4 class=\"wp-block-heading\"><strong>Bilety wst\u0119pu na wystawy sta\u0142e<\/strong><\/h4>\n\n\n\n<figure class=\"wp-block-table\"><table class=\"has-fixed-layout\"><thead><tr><th>Dzie\u0144<\/th><th>Rodzaj bilet\u00f3w<\/th><th>Cena<\/th><th>Szczeg\u00f3\u0142y<\/th><\/tr><\/thead><tbody><tr><td rowspan=\"2\">Sobota<\/td><td rowspan=\"2\">Wszystkie<\/td><td>0,00 z\u0142<\/td><td>wst\u0119p na wystawy sta\u0142e<\/td><\/tr><tr><td><br>15,00 z\u0142<\/td><td>wst\u0119p na wystawy czasowe<\/td><\/tr><tr><td rowspan=\"4\">Worek<br>\u015aroda<br>Czwartek<br>Pi\u0105tek<br>Niedziela<\/td><td>Normalne<\/td><td>20,00 z\u0142<\/td><td><br><\/td><\/tr><tr><td>Ulgowe<\/td><td>15,00 z\u0142<\/td><td><br><\/td><\/tr><tr><td><br>Grupowe (normalne &#8211; doro\u015bli i seniorzy) <br><br><br>Grupowe (ulgowe &#8211; dzieci i m\u0142odzie\u017c ucz\u0105ca si\u0119)<\/td><td>15,00 z\u0142 <br><br><br><br>10,00 z\u0142<\/td><td>dla grup ponad 10 os\u00f3b &#8211; do 26 os\u00f3b<br><\/td><\/tr><tr><td>Rodzinny<\/td><td>50,00 z\u0142<\/td><td>dla rodzic\u00f3w z dzie\u0107mi od 7 do 18 lat<\/td><\/tr><\/tbody><\/table><\/figure>\n\n\n\n<p><strong>Zapisy grup zorganizowanych wy\u0142\u0105cznie pod numerem telefonu: 74 867 35 70 wewn\u0119trzny 23 <br>mailowo pod adresem: dno@muzeum.klodzko.pl  <br>lub w plac\u00f3wce Muzeum <br><br>Zapraszamy!<\/strong><\/p>\n\n\n\n<h4 class=\"wp-block-heading\"><strong>Us\u0142ugi<\/strong><\/h4>\n\n\n\n<figure class=\"wp-block-table\"><table class=\"has-fixed-layout\"><tbody><tr><th>Rodzaj us\u0142ugi<\/th><th>Cena<\/th><\/tr><tr><td><strong>Oprowadzanie grup po obiekcie i wystawach<\/strong><\/td><td>50,00 z\u0142<\/td><\/tr><tr><td><strong>Lekcje muzealne<\/strong><\/td><td><\/td><\/tr><tr><td><em><strong><a href=\"https:\/\/www.muzeum.klodzko.pl\/n\/barok\/\" data-type=\"post\" data-id=\"2110\" target=\"_blank\" rel=\"noreferrer noopener\">Barok<\/a> <br><a href=\"https:\/\/www.muzeum.klodzko.pl\/n\/gotyk\/\" data-type=\"post\" data-id=\"2114\" target=\"_blank\" rel=\"noreferrer noopener\">Gotyk<\/a><\/strong><\/em><br><a href=\"https:\/\/www.muzeum.klodzko.pl\/n\/secesja\/\" data-type=\"link\" data-id=\"https:\/\/www.muzeum.klodzko.pl\/n\/secesja\/\" target=\"_blank\" rel=\"noreferrer noopener\"><strong><em>Secesja<\/em><\/strong><\/a><br><a href=\"https:\/\/www.muzeum.klodzko.pl\/n\/franz-wagner-klodzki-rzezbiarz\/\" data-type=\"link\" data-id=\"https:\/\/www.muzeum.klodzko.pl\/n\/franz-wagner-klodzki-rzezbiarz\/\" target=\"_blank\" rel=\"noreferrer noopener\"><strong><em>Franz Wagner-klodzki rzezbiarz<\/em><\/strong><\/a><br><a href=\"https:\/\/www.muzeum.klodzko.pl\/n\/historia-meblarstwa\/\" data-type=\"link\" data-id=\"https:\/\/www.muzeum.klodzko.pl\/n\/historia-meblarstwa\/\" target=\"_blank\" rel=\"noreferrer noopener\"><strong><em>Historia meblarstwa<\/em><\/strong><\/a><br><a href=\"https:\/\/www.muzeum.klodzko.pl\/n\/ikonografia-sakralna-rzezb-w-kolegiacie-pw-wniebowziecia-nmp-w-klodzku\/\" data-type=\"link\" data-id=\"https:\/\/www.muzeum.klodzko.pl\/n\/ikonografia-sakralna-rzezb-w-kolegiacie-pw-wniebowziecia-nmp-w-klodzku\/\" target=\"_blank\" rel=\"noreferrer noopener\"><em><strong>Ikonografia sakralna rze\u017ab w kolegiacie pw. Wniebowzi\u0119cia NMP w K\u0142odzku<\/strong><\/em><\/a> <br><a href=\"https:\/\/www.muzeum.klodzko.pl\/n\/klodzki-zwierzyniec\/\" data-type=\"link\" data-id=\"https:\/\/www.muzeum.klodzko.pl\/n\/klodzki-zwierzyniec\/\" target=\"_blank\" rel=\"noreferrer noopener\"><strong><em>K\u0142odzki Zwierzyniec<\/em><\/strong><\/a><br><a href=\"https:\/\/www.muzeum.klodzko.pl\/n\/sakralna-sztuka-ludowa-ziemi-klodzkiej\/\" data-type=\"link\" data-id=\"https:\/\/www.muzeum.klodzko.pl\/n\/sakralna-sztuka-ludowa-ziemi-klodzkiej\/\" target=\"_blank\" rel=\"noreferrer noopener\"><em><strong>Sakralna sztuka ludowa Ziemi K\u0142odzkiej<\/strong><\/em><\/a><br><a href=\"https:\/\/www.muzeum.klodzko.pl\/n\/spacerownik-po-klodzku-andreasa-ernsta\/\" data-type=\"link\" data-id=\"https:\/\/www.muzeum.klodzko.pl\/n\/spacerownik-po-klodzku-andreasa-ernsta\/\" target=\"_blank\" rel=\"noreferrer noopener\"><strong><em>Spacerownik po K\u0142odzku Andreasa Ernsta<\/em><\/strong><\/a><br><a href=\"https:\/\/www.muzeum.klodzko.pl\/n\/z-marianna-oranska-po-ziemi-klodzkiej\/\" data-type=\"link\" data-id=\"https:\/\/www.muzeum.klodzko.pl\/n\/z-marianna-oranska-po-ziemi-klodzkiej\/\" target=\"_blank\" rel=\"noreferrer noopener\"><strong><em>Z Mariann\u0105 Ora\u0144sk\u0105 po Ziemi K\u0142odzkiej<\/em><\/strong><\/a><\/td><td>15.00 z\u0142 \/os.<br><\/td><\/tr><tr><td><strong>Warsztaty muzealne<\/strong><\/td><td><br><\/td><\/tr><tr><td><em><strong><a href=\"https:\/\/www.muzeum.klodzko.pl\/n\/etnowarsztaty-z-jajem-2\/\" data-type=\"link\" data-id=\"https:\/\/www.muzeum.klodzko.pl\/n\/etnowarsztaty-z-jajem-2\/\" target=\"_blank\" rel=\"noreferrer noopener\">Etnowarsztaty z JAJEM <\/a><br><a href=\"https:\/\/www.muzeum.klodzko.pl\/n\/maskarada-plaszcz-i-szpada\/\" data-type=\"link\" data-id=\"https:\/\/www.muzeum.klodzko.pl\/n\/maskarada-plaszcz-i-szpada\/\" target=\"_blank\" rel=\"noreferrer noopener\">Maskarada p\u0142aszcz i szpada<\/a> <br><a href=\"https:\/\/www.muzeum.klodzko.pl\/n\/monotypia-na-wesolo\/\" data-type=\"link\" data-id=\"https:\/\/www.muzeum.klodzko.pl\/n\/monotypia-na-wesolo\/\" target=\"_blank\" rel=\"noreferrer noopener\">Monotypia na weso\u0142o<\/a> <br><a href=\"https:\/\/www.muzeum.klodzko.pl\/n\/muzealne-lamiglowki\/\" data-type=\"link\" data-id=\"https:\/\/www.muzeum.klodzko.pl\/n\/muzealne-lamiglowki\/\" target=\"_blank\" rel=\"noreferrer noopener\">Muzealne \u0142amig\u0142\u00f3wki<\/a> <br><a href=\"https:\/\/www.muzeum.klodzko.pl\/n\/pozdrowienia-z-podrozy\/\" data-type=\"link\" data-id=\"https:\/\/www.muzeum.klodzko.pl\/n\/pozdrowienia-z-podrozy\/\" target=\"_blank\" rel=\"noreferrer noopener\">Pozdrowienia z podr\u00f3\u017cy<\/a> <br><a href=\"https:\/\/www.muzeum.klodzko.pl\/n\/przez-dziurke-od-klucza\/\" data-type=\"link\" data-id=\"https:\/\/www.muzeum.klodzko.pl\/n\/przez-dziurke-od-klucza\/\" target=\"_blank\" rel=\"noreferrer noopener\">Przez dziurk\u0119 od klucza<\/a> <br><a href=\"https:\/\/www.muzeum.klodzko.pl\/n\/szopki-bozonarodzeniowe-na-ziemi-klodzkiej\/\" data-type=\"link\" data-id=\"https:\/\/www.muzeum.klodzko.pl\/n\/szopki-bozonarodzeniowe-na-ziemi-klodzkiej\/\" target=\"_blank\" rel=\"noreferrer noopener\">Szopki bo\u017conarodzeniowe na ziemi k\u0142odzkiej<\/a> <br><a href=\"https:\/\/www.muzeum.klodzko.pl\/n\/wokol-bozonarodzeniowej-tradycji\/\" data-type=\"link\" data-id=\"https:\/\/www.muzeum.klodzko.pl\/n\/wokol-bozonarodzeniowej-tradycji\/\" target=\"_blank\" rel=\"noreferrer noopener\">Wok\u00f3\u0142 bo\u017conarodzeniowej tradycji<\/a> <br><a href=\"https:\/\/www.muzeum.klodzko.pl\/n\/z-krolewna-marianna-oranska-po-ziemi-klodzkiej\/\" data-type=\"link\" data-id=\"https:\/\/www.muzeum.klodzko.pl\/n\/z-krolewna-marianna-oranska-po-ziemi-klodzkiej\/\" target=\"_blank\" rel=\"noreferrer noopener\">Z kr\u00f3lewn\u0105 Mariann\u0105 Ora\u0144sk\u0105 po ziemi k\u0142odzkiej<\/a> <br><a href=\"https:\/\/www.muzeum.klodzko.pl\/n\/zielnik-klodzki\/\" target=\"_blank\" rel=\"noreferrer noopener\">Zielnik k\u0142odzki<\/a><\/strong><\/em><\/td><td>20.00 z\u0142 \/os.<\/td><\/tr><tr><td><strong><em><a href=\"https:\/\/www.muzeum.klodzko.pl\/n\/?page_id=292\" data-type=\"page\" data-id=\"292\" target=\"_blank\" rel=\"noreferrer noopener\">Akcja \u2013 konserwacja <\/a><br><a href=\"https:\/\/www.muzeum.klodzko.pl\/n\/?page_id=293\" data-type=\"page\" data-id=\"293\" target=\"_blank\" rel=\"noreferrer noopener\">K\u0105cik ma\u0142ego jubilera<\/a><br><a href=\"https:\/\/www.muzeum.klodzko.pl\/n\/malowanie-na-szkle\/\" target=\"_blank\" rel=\"noreferrer noopener\">Malowanie na szkle<\/a> <br><a href=\"https:\/\/www.muzeum.klodzko.pl\/n\/wypuscmy-was-z-torbami-czyli-folk-dla-wszystkich\/\" data-type=\"link\" data-id=\"https:\/\/www.muzeum.klodzko.pl\/n\/wypuscmy-was-z-torbami-czyli-folk-dla-wszystkich\/\" target=\"_blank\" rel=\"noreferrer noopener\">Wypu\u015b\u0107my was z torbami, czyli folk dla wszystkich<\/a> <br><a href=\"https:\/\/www.muzeum.klodzko.pl\/n\/w-trybach-czasu\/\" data-type=\"link\" data-id=\"https:\/\/www.muzeum.klodzko.pl\/n\/w-trybach-czasu\/\" target=\"_blank\" rel=\"noreferrer noopener\">W trybach czasu<\/a> <br><a href=\"https:\/\/www.muzeum.klodzko.pl\/n\/zostan-skryba\/\" data-type=\"link\" data-id=\"https:\/\/www.muzeum.klodzko.pl\/n\/zostan-skryba\/\" target=\"_blank\" rel=\"noreferrer noopener\">Zosta\u0144 skryb\u0105<\/a><\/em><\/strong><\/td><td>30.00 z\u0142 \/os.<\/td><\/tr><\/tbody><\/table><\/figure>\n\n\n\n<p><\/p>\n\n\n\n<p><strong><strong>Lekcje i warsztaty muzealne realizowane s\u0105 dla grup zorganizowanych powy\u017cej 8 os\u00f3b i nie wi\u0119cej ni\u017c dla 25 os\u00f3b. <br>Rezerwacji nale\u017cy dokona\u0107 co najmniej tydzie\u0144 przed planowanym terminem: <br>mailowo pod adresem: dno@muzeum.klodzko.pl  <br>pod numerem telefonu: 74 867 35 70 wewn\u0119trzny 23  <br>lub w plac\u00f3wce Muzeum <br><\/strong><\/strong><br><strong>Lekcje i warsztaty prowadzone s\u0105 po uprzednim um\u00f3wieniu si\u0119 we wtorki \u015brody, czwartki i pi\u0105tki w godzinach otwarcia muzeum (10.00 &#8211; 16.00),<\/strong> <br><br>Zapraszamy!<br><br><\/p>\n\n\n\n<p><\/p>\n","protected":false},"excerpt":{"rendered":"<p>Bilety wst\u0119pu na wystawy sta\u0142e Dzie\u0144 Rodzaj bilet\u00f3w Cena Szczeg\u00f3\u0142y Sobota Wszystkie 0,00 z\u0142 wst\u0119p na wystawy sta\u0142e 15,00 z\u0142 wst\u0119p na wystawy czasowe Worek\u015arodaCzwartekPi\u0105tekNiedziela Normalne 20,00 z\u0142 Ulgowe 15,00 z\u0142 Grupowe (normalne &#8211; doro\u015bli i seniorzy) Grupowe (ulgowe &#8211; dzieci i m\u0142odzie\u017c ucz\u0105ca si\u0119) 15,00 z\u0142 10,00 z\u0142 dla grup ponad 10 os\u00f3b &#8211;&hellip;&nbsp;<a href=\"https:\/\/www.muzeum.klodzko.pl\/n\/cennik\/\" rel=\"bookmark\">Dowiedz si\u0119 wi\u0119cej &raquo;<span class=\"screen-reader-text\">Cennik<\/span><\/a><\/p>\n","protected":false},"author":3,"featured_media":132,"parent":0,"menu_order":0,"comment_status":"closed","ping_status":"closed","template":"","meta":{"neve_meta_sidebar":"","neve_meta_container":"","neve_meta_enable_content_width":"","neve_meta_content_width":0,"neve_meta_title_alignment":"","neve_meta_author_avatar":"","neve_post_elements_order":"","neve_meta_disable_header":"","neve_meta_disable_footer":"","neve_meta_disable_title":"","footnotes":""},"class_list":["post-113","page","type-page","status-publish","has-post-thumbnail","hentry"],"_links":{"self":[{"href":"https:\/\/www.muzeum.klodzko.pl\/n\/wp-json\/wp\/v2\/pages\/113","targetHints":{"allow":["GET"]}}],"collection":[{"href":"https:\/\/www.muzeum.klodzko.pl\/n\/wp-json\/wp\/v2\/pages"}],"about":[{"href":"https:\/\/www.muzeum.klodzko.pl\/n\/wp-json\/wp\/v2\/types\/page"}],"author":[{"embeddable":true,"href":"https:\/\/www.muzeum.klodzko.pl\/n\/wp-json\/wp\/v2\/users\/3"}],"replies":[{"embeddable":true,"href":"https:\/\/www.muzeum.klodzko.pl\/n\/wp-json\/wp\/v2\/comments?post=113"}],"version-history":[{"count":29,"href":"https:\/\/www.muzeum.klodzko.pl\/n\/wp-json\/wp\/v2\/pages\/113\/revisions"}],"predecessor-version":[{"id":3738,"href":"https:\/\/www.muzeum.klodzko.pl\/n\/wp-json\/wp\/v2\/pages\/113\/revisions\/3738"}],"wp:featuredmedia":[{"embeddable":true,"href":"https:\/\/www.muzeum.klodzko.pl\/n\/wp-json\/wp\/v2\/media\/132"}],"wp:attachment":[{"href":"https:\/\/www.muzeum.klodzko.pl\/n\/wp-json\/wp\/v2\/media?parent=113"}],"curies":[{"name":"wp","href":"https:\/\/api.w.org\/{rel}","templated":true}]}}