{"id":115,"date":"2025-01-09T18:14:46","date_gmt":"2025-01-09T17:14:46","guid":{"rendered":"https:\/\/www.muzeum.klodzko.pl\/n\/?page_id=115"},"modified":"2025-12-18T08:29:29","modified_gmt":"2025-12-18T07:29:29","slug":"kontakt","status":"publish","type":"page","link":"https:\/\/www.muzeum.klodzko.pl\/n\/kontakt\/","title":{"rendered":"Kontakt"},"content":{"rendered":"\n<h4 class=\"wp-block-heading\"><strong>Muzeum Ziemi K\u0142odzkiej w K\u0142odzku<\/strong><\/h4>\n\n\n\n<figure class=\"wp-block-table\"><table class=\"has-fixed-layout\"><thead><tr><th><strong>Adres<\/strong><\/th><th><strong>Telefon<\/strong><\/th><th><strong>E-mail<\/strong><\/th><\/tr><\/thead><tbody><tr><td>Muzeum Ziemi K\u0142odzkiej<br>w K\u0142odzku<br>ul. Ignacego \u0141ukasiewicza 4<br>57-300 K\u0142odzko<\/td><td>+48 74 867 35 70<br>+48 74 867 38 95<\/td><td><a href=\"mailto:sekretariat@muzeum.klodzko.pl\">sekretariat@muzeum.klodzko.pl<\/a><\/td><\/tr><\/tbody><\/table><\/figure>\n\n\n\n<figure class=\"wp-block-table\"><table class=\"has-fixed-layout\"><tbody><tr><th><strong>NIP<\/strong><\/th><th><strong>Regon<\/strong><\/th><th><strong>Rejestr Muze\u00f3w<\/strong><\/th><th><strong>konto bankowe<\/strong><\/th><\/tr><tr><td>883-10-14-776<\/td><td>000596607<\/td><td>Pa\u0144stwowy Rejestr Muze\u00f3w<br>Nr DDN-IV\/PRM\/69\/01<br>z dnia <br>14 grudnia 2001 r.<\/td><td>Powiatowy Bank Sp\u00f3\u0142dzielczy <br>w Strzelinie <br>oddzia\u0142 w K\u0142odzku <br>38 9588 0004 7100 1140 2000 0010<\/td><\/tr><\/tbody><\/table><\/figure>\n\n\n\n<h4 class=\"wp-block-heading\"><strong>Dane kontaktowe<\/strong><\/h4>\n\n\n\n<p><strong>Dyrektor<br><\/strong>kustosz Krzysztof Miszkiewicz<br>dyrektor@muzeum.klodzko.pl<br>tel. +48 74 867 35 70 (wew.19)<\/p>\n\n\n\n<p><strong>Kierownik administracyjny<br><\/strong>Ma\u0142gorzata Le\u015bnik<br>adm@muzeum.klodzko.pl<br>tel. +48 74 867 35 70 (wew. 18)<\/p>\n\n\n\n<p><strong>Ksi\u0119gowo\u015b\u0107<br><\/strong>Jadwiga Niemczuk<br>ksiegowosc@muzeum.klodzko.pl<br>tel. +48 74 867 35 70 (wew. 26)<\/p>\n\n\n\n<p><strong>Biblioteka Naukowa<br><\/strong>biblioteka@muzeum.klodzko.pl<br>tel. +48 74 867 35 70 (wew. 21)<\/p>\n\n\n\n<p><strong>Dzia\u0142 Ewidencji Zabytk\u00f3w<br><\/strong>starszy kustosz Lucyna \u015awist<br>dez@muzeum.klodzko.pl<br>tel. +48 74 867 35 70 (wew. 29)<\/p>\n\n\n\n<p><strong>Dzia\u0142 Naukowo-O\u015bwiatowy<br><\/strong>kustosz Joanna Jakubowicz<br>adiunkt Malwina Karp<br>adiunkt Anna Franczukowska<br>dno@muzeum.klodzko.pl<br>tel. +48 74 867 35 70 (wew. 23)<\/p>\n\n\n\n<p><strong>Dzia\u0142 Sztuki<br><\/strong>kustosz Joanna Stoklasek-Michalak<br>ds@muzeum.klodzko.pl<br>tel. +48 74 867 35 70 (wew. 27)<\/p>\n\n\n\n<p><strong>Pracownia fotograficzna<br><\/strong>Tomasz Gmerek<br>tomasz.gmerek@muzeum.klodzko.pl<br>tel. +48 74 867 35 70 (wew. 28)<\/p>\n\n\n\n<p><strong>Pracownia stolarska<br><\/strong>stolarz renowator Ireneusz \u017bebrak<br>tel. +48 74 867 35 70 (wew. 31)<\/p>\n\n\n\n<p><strong>Pilne sprawy oraz kwerendy prosimy kierowa\u0107 na adres Dzia\u0142u Ewidencji Zabytk\u00f3w: dez@muzeum.klodzko.pl<\/strong><\/p>\n","protected":false},"excerpt":{"rendered":"<p>Muzeum Ziemi K\u0142odzkiej w K\u0142odzku Adres Telefon E-mail Muzeum Ziemi K\u0142odzkiejw K\u0142odzkuul. Ignacego \u0141ukasiewicza 457-300 K\u0142odzko +48 74 867 35 70+48 74 867 38 95 sekretariat@muzeum.klodzko.pl NIP Regon Rejestr Muze\u00f3w konto bankowe 883-10-14-776 000596607 Pa\u0144stwowy Rejestr Muze\u00f3wNr DDN-IV\/PRM\/69\/01z dnia 14 grudnia 2001 r. Powiatowy Bank Sp\u00f3\u0142dzielczy w Strzelinie oddzia\u0142 w K\u0142odzku 38 9588 0004 7100&hellip;&nbsp;<a href=\"https:\/\/www.muzeum.klodzko.pl\/n\/kontakt\/\" rel=\"bookmark\">Dowiedz si\u0119 wi\u0119cej &raquo;<span class=\"screen-reader-text\">Kontakt<\/span><\/a><\/p>\n","protected":false},"author":1,"featured_media":134,"parent":0,"menu_order":0,"comment_status":"closed","ping_status":"closed","template":"","meta":{"neve_meta_sidebar":"","neve_meta_container":"","neve_meta_enable_content_width":"","neve_meta_content_width":0,"neve_meta_title_alignment":"","neve_meta_author_avatar":"","neve_post_elements_order":"","neve_meta_disable_header":"","neve_meta_disable_footer":"","neve_meta_disable_title":"","footnotes":""},"class_list":["post-115","page","type-page","status-publish","has-post-thumbnail","hentry"],"_links":{"self":[{"href":"https:\/\/www.muzeum.klodzko.pl\/n\/wp-json\/wp\/v2\/pages\/115","targetHints":{"allow":["GET"]}}],"collection":[{"href":"https:\/\/www.muzeum.klodzko.pl\/n\/wp-json\/wp\/v2\/pages"}],"about":[{"href":"https:\/\/www.muzeum.klodzko.pl\/n\/wp-json\/wp\/v2\/types\/page"}],"author":[{"embeddable":true,"href":"https:\/\/www.muzeum.klodzko.pl\/n\/wp-json\/wp\/v2\/users\/1"}],"replies":[{"embeddable":true,"href":"https:\/\/www.muzeum.klodzko.pl\/n\/wp-json\/wp\/v2\/comments?post=115"}],"version-history":[{"count":6,"href":"https:\/\/www.muzeum.klodzko.pl\/n\/wp-json\/wp\/v2\/pages\/115\/revisions"}],"predecessor-version":[{"id":3120,"href":"https:\/\/www.muzeum.klodzko.pl\/n\/wp-json\/wp\/v2\/pages\/115\/revisions\/3120"}],"wp:featuredmedia":[{"embeddable":true,"href":"https:\/\/www.muzeum.klodzko.pl\/n\/wp-json\/wp\/v2\/media\/134"}],"wp:attachment":[{"href":"https:\/\/www.muzeum.klodzko.pl\/n\/wp-json\/wp\/v2\/media?parent=115"}],"curies":[{"name":"wp","href":"https:\/\/api.w.org\/{rel}","templated":true}]}}