{"id":141,"date":"2025-01-23T10:13:31","date_gmt":"2025-01-23T09:13:31","guid":{"rendered":"https:\/\/www.muzeum.klodzko.pl\/n\/?page_id=141"},"modified":"2025-02-18T11:37:58","modified_gmt":"2025-02-18T10:37:58","slug":"zbiory","status":"publish","type":"page","link":"https:\/\/www.muzeum.klodzko.pl\/n\/zbiory\/","title":{"rendered":"Zbiory"},"content":{"rendered":"\n<p>Najwi\u0119ksze kolekcje w zbiorach Muzeum stanowi\u0105 \u2013 zbi\u00f3r cyny, numizmat\u00f3w, zegary \u015bl\u0105skie z doby uprzemys\u0142owienia na Dolnym \u015al\u0105sku oraz szk\u0142o unikatowe, ze szczeg\u00f3lnym uwzgl\u0119dnieniem dorobku artyst\u00f3w dzia\u0142aj\u0105cych na ziemi k\u0142odzkiej po 1945 r. Interesuj\u0105cym zbiorem literatury regionalnej dysponuje biblioteka naukowa, przekszta\u0142cana w o\u015brodek wiedzy i informacji o regionie.<\/p>\n\n\n\n<figure class=\"wp-block-image size-large is-resized\"><img loading=\"lazy\" decoding=\"async\" width=\"1024\" height=\"771\" src=\"https:\/\/www.muzeum.klodzko.pl\/n\/wp-content\/uploads\/2025\/01\/Oczy-czasu-zegary-dziewczyna--1024x771.jpg\" alt=\"\" class=\"wp-image-205\" style=\"width:197px;height:auto\" srcset=\"https:\/\/www.muzeum.klodzko.pl\/n\/wp-content\/uploads\/2025\/01\/Oczy-czasu-zegary-dziewczyna--1024x771.jpg 1024w, https:\/\/www.muzeum.klodzko.pl\/n\/wp-content\/uploads\/2025\/01\/Oczy-czasu-zegary-dziewczyna--300x226.jpg 300w, https:\/\/www.muzeum.klodzko.pl\/n\/wp-content\/uploads\/2025\/01\/Oczy-czasu-zegary-dziewczyna--768x578.jpg 768w, https:\/\/www.muzeum.klodzko.pl\/n\/wp-content\/uploads\/2025\/01\/Oczy-czasu-zegary-dziewczyna--1536x1156.jpg 1536w, https:\/\/www.muzeum.klodzko.pl\/n\/wp-content\/uploads\/2025\/01\/Oczy-czasu-zegary-dziewczyna-.jpg 1900w\" sizes=\"auto, (max-width: 1024px) 100vw, 1024px\" \/><\/figure>\n\n\n\n<figure class=\"wp-block-image size-large is-resized\"><img loading=\"lazy\" decoding=\"async\" width=\"1024\" height=\"683\" src=\"https:\/\/www.muzeum.klodzko.pl\/n\/wp-content\/uploads\/2025\/01\/DSC9702-1024x683.jpg\" alt=\"\" class=\"wp-image-194\" style=\"width:198px;height:auto\" srcset=\"https:\/\/www.muzeum.klodzko.pl\/n\/wp-content\/uploads\/2025\/01\/DSC9702-1024x683.jpg 1024w, https:\/\/www.muzeum.klodzko.pl\/n\/wp-content\/uploads\/2025\/01\/DSC9702-300x200.jpg 300w, https:\/\/www.muzeum.klodzko.pl\/n\/wp-content\/uploads\/2025\/01\/DSC9702-768x512.jpg 768w, https:\/\/www.muzeum.klodzko.pl\/n\/wp-content\/uploads\/2025\/01\/DSC9702-930x620.jpg 930w, https:\/\/www.muzeum.klodzko.pl\/n\/wp-content\/uploads\/2025\/01\/DSC9702.jpg 1500w\" sizes=\"auto, (max-width: 1024px) 100vw, 1024px\" \/><\/figure>\n\n\n\n<figure class=\"wp-block-gallery has-nested-images columns-default is-cropped wp-block-gallery-1 is-layout-flex wp-block-gallery-is-layout-flex\"><\/figure>\n\n\n\n<p><\/p>\n","protected":false},"excerpt":{"rendered":"<p>Najwi\u0119ksze kolekcje w zbiorach Muzeum stanowi\u0105 \u2013 zbi\u00f3r cyny, numizmat\u00f3w, zegary \u015bl\u0105skie z doby uprzemys\u0142owienia na Dolnym \u015al\u0105sku oraz szk\u0142o unikatowe, ze szczeg\u00f3lnym uwzgl\u0119dnieniem dorobku artyst\u00f3w dzia\u0142aj\u0105cych na ziemi k\u0142odzkiej po 1945 r. Interesuj\u0105cym zbiorem literatury regionalnej dysponuje biblioteka naukowa, przekszta\u0142cana w o\u015brodek wiedzy i informacji o regionie.<\/p>\n","protected":false},"author":1,"featured_media":72,"parent":0,"menu_order":0,"comment_status":"closed","ping_status":"closed","template":"","meta":{"neve_meta_sidebar":"","neve_meta_container":"","neve_meta_enable_content_width":"","neve_meta_content_width":0,"neve_meta_title_alignment":"","neve_meta_author_avatar":"","neve_post_elements_order":"","neve_meta_disable_header":"","neve_meta_disable_footer":"","neve_meta_disable_title":"","footnotes":""},"class_list":["post-141","page","type-page","status-publish","has-post-thumbnail","hentry"],"_links":{"self":[{"href":"https:\/\/www.muzeum.klodzko.pl\/n\/wp-json\/wp\/v2\/pages\/141","targetHints":{"allow":["GET"]}}],"collection":[{"href":"https:\/\/www.muzeum.klodzko.pl\/n\/wp-json\/wp\/v2\/pages"}],"about":[{"href":"https:\/\/www.muzeum.klodzko.pl\/n\/wp-json\/wp\/v2\/types\/page"}],"author":[{"embeddable":true,"href":"https:\/\/www.muzeum.klodzko.pl\/n\/wp-json\/wp\/v2\/users\/1"}],"replies":[{"embeddable":true,"href":"https:\/\/www.muzeum.klodzko.pl\/n\/wp-json\/wp\/v2\/comments?post=141"}],"version-history":[{"count":3,"href":"https:\/\/www.muzeum.klodzko.pl\/n\/wp-json\/wp\/v2\/pages\/141\/revisions"}],"predecessor-version":[{"id":301,"href":"https:\/\/www.muzeum.klodzko.pl\/n\/wp-json\/wp\/v2\/pages\/141\/revisions\/301"}],"wp:featuredmedia":[{"embeddable":true,"href":"https:\/\/www.muzeum.klodzko.pl\/n\/wp-json\/wp\/v2\/media\/72"}],"wp:attachment":[{"href":"https:\/\/www.muzeum.klodzko.pl\/n\/wp-json\/wp\/v2\/media?parent=141"}],"curies":[{"name":"wp","href":"https:\/\/api.w.org\/{rel}","templated":true}]}}