{"id":145,"date":"2025-01-23T10:22:48","date_gmt":"2025-01-23T09:22:48","guid":{"rendered":"https:\/\/www.muzeum.klodzko.pl\/n\/?page_id=145"},"modified":"2025-10-08T08:21:18","modified_gmt":"2025-10-08T06:21:18","slug":"struktura","status":"publish","type":"page","link":"https:\/\/www.muzeum.klodzko.pl\/n\/struktura\/","title":{"rendered":"Struktura"},"content":{"rendered":"\n<p><strong>Dyrektor <strong>Muzeum Ziemi K\u0142odzkiej w K\u0142odzku<\/strong> <\/strong>kustosz <strong>Krzysztof Miszkiewicz<\/strong><br><br>kontakt: <br>dyrektor@muzeum.klodzko.pl<br>tel. +48 74 867 35 70 (wew.19) <\/p>\n\n\n<div class=\"wp-block-image\">\n<figure class=\"aligncenter size-full is-resized\"><img loading=\"lazy\" decoding=\"async\" width=\"300\" height=\"146\" src=\"https:\/\/www.muzeum.klodzko.pl\/n\/wp-content\/uploads\/2025\/10\/9-53.jpg\" alt=\"\" class=\"wp-image-2439\" style=\"width:95px;height:auto\" srcset=\"https:\/\/www.muzeum.klodzko.pl\/n\/wp-content\/uploads\/2025\/10\/9-53.jpg 300w, https:\/\/www.muzeum.klodzko.pl\/n\/wp-content\/uploads\/2025\/10\/9-53-150x73.jpg 150w\" sizes=\"auto, (max-width: 300px) 100vw, 300px\" \/><\/figure>\n<\/div>\n\n\n<p><br><br><strong>Dzia\u0142 Ewidencji Zabytk\u00f3w  <\/strong><br>Dzia\u0142 Ewidencji Zabytk\u00f3w &#8211; jako integralna, zgodna ze statutem, cz\u0119\u015b\u0107 Muzeum Ziemi K\u0142odzkiej &#8211; zosta\u0142 powo\u0142any w celu ewidencjonowania zbior\u00f3w. Jego podstawowym zadaniem jest terminowa i przepisowa rejestracja muzeali\u00f3w gromadzonych przez muzeum (zbiory w\u0142asne) i pozostaj\u0105cych pod tymczasow\u0105 opiek\u0105 plac\u00f3wki (wypo\u017cyczenia czasowe i depozyty). <br><br>Dzia\u0142owi podlegaj\u0105 bezpo\u015brednio wszystkie magazyny muzeali\u00f3w. Jest odpowiedzialny za zbiory w nich przechowywane poprzez czuwanie nad odpowiednim zabezpieczeniem ich pod wzgl\u0119dem przeciwpo\u017carowym i przed w\u0142amaniem, dbanie o w\u0142a\u015bciwe warunki przechowywania (wilgotno\u015b\u0107, temperatura) oraz nadz\u00f3r nad czysto\u015bci\u0105 i porz\u0105dkiem w pomieszczeniach magazynowych. <br><br>W zakresie ewidencjonowania zbior\u00f3w dzia\u0142 wsp\u00f3\u0142pracuje ze wszystkimi dzia\u0142ami merytorycznymi. Nadawanie numeru inwentarzowego z ewidencji stosownego dzia\u0142u nast\u0119puje po konsultacjach z kierownikami tych dzia\u0142\u00f3w. Dzia\u0142 wsp\u00f3\u0142pracuje tak\u017ce z pracowni\u0105 fotograficzn\u0105 w zakresie dokumentacji fotograficznej zbior\u00f3w \u2013 przygotowuje obiekty do fotografowania, przejmuje zdj\u0119cia i czuwa nad prawid\u0142owym prowadzeniem kliszoteki zbior\u00f3w. <br><br>Dzia\u0142 odpowiada za ca\u0142y ruch muzeali\u00f3w i rejestruje go w Ksi\u0119dze Ruchu Muzeali\u00f3w i w Ksi\u0119dze Depozyt\u00f3w. Do zada\u0144 dzia\u0142u nale\u017cy przygotowywanie um\u00f3w i rewers\u00f3w na wypo\u017cyczenia oraz nadz\u00f3r nad terminowo\u015bci\u0105 ich realizacji. <br>W przypadku wypo\u017cycze\u0144 ca\u0142ych zestaw\u00f3w na wystawy sta\u0142e lub czasowe, spisy obiekt\u00f3w przygotowuj\u0105 komisarze wystaw we wsp\u00f3\u0142pracy z dzia\u0142em. <br><br> Dzia\u0142 zbiera wnioski i opinie od kierownik\u00f3w dzia\u0142\u00f3w merytorycznych muzeum na temat oferowanych do zakupu obiekt\u00f3w, prowadzi korespondencj\u0119 z oferentami oraz przygotowuje rachunki na zatwierdzone do zakupu przedmioty. <br><br>Dzia\u0142 wsp\u00f3\u0142pracuje ze wszystkimi dzia\u0142ami merytorycznymi muzeum przy przygotowywaniu wystaw sta\u0142ych                          i czasowych. <br><br>Dokumentacj\u0119 Dzia\u0142u Ewidencji Zabytk\u00f3w stanowi\u0105: Ksi\u0119ga Wp\u0142ywu Muzeali\u00f3w, Ksi\u0119ga Ruchu Muzeali\u00f3w, Ksi\u0119ga Depozyt\u00f3w, katalog naukowy (wzorcowy) zbior\u00f3w, Rejestr dowod\u00f3w nabycia eksponat\u00f3w (teka-kopie), Rejestr rewers\u00f3w (zgodny z Ksi\u0119g\u0105 Ruchu Muzeali\u00f3w), Rejestr depozyt\u00f3w (zgodny z Ksi\u0119g\u0105 Depozyt\u00f3w), Rejestr obiekt\u00f3w poddawanych renowacji w muzealnej pracowni stolarskiej, Rejestr wykaz\u00f3w obiekt\u00f3w eksponowanych na wystawach sta\u0142ych i czasowych w budynku muzealnym. <br><br>Osoba odpowiedzialna: starszy kustosz Lucyna \u015awist <br>Kontakt:<br>dez@muzeum.klodzko.pl <br>74 867 35 70 (wew. 29) <\/p>\n\n\n<div class=\"wp-block-image\">\n<figure class=\"aligncenter size-full is-resized\"><img loading=\"lazy\" decoding=\"async\" width=\"300\" height=\"146\" src=\"https:\/\/www.muzeum.klodzko.pl\/n\/wp-content\/uploads\/2025\/10\/9-53.jpg\" alt=\"\" class=\"wp-image-2439\" style=\"width:95px;height:auto\" srcset=\"https:\/\/www.muzeum.klodzko.pl\/n\/wp-content\/uploads\/2025\/10\/9-53.jpg 300w, https:\/\/www.muzeum.klodzko.pl\/n\/wp-content\/uploads\/2025\/10\/9-53-150x73.jpg 150w\" sizes=\"auto, (max-width: 300px) 100vw, 300px\" \/><\/figure>\n<\/div>\n\n\n<p class=\"has-text-align-left\"><br><strong>Dzia\u0142 Historyczny<\/strong> <br>Dzia\u0142 Historyczny zajmuje si\u0119 gromadzeniem, naukowym opracowaniem, a nast\u0119pnie udost\u0119pnianiem w formie ekspozycji i publikacji, obiekt\u00f3w zwi\u0105zanych z histori\u0105 ziemi k\u0142odzkiej. Zakres zainteresowa\u0144 chronologiczny pozyskiwanych eksponat\u00f3w: od najstarszych dziej\u00f3w po czasy wsp\u00f3\u0142czesne. <br><br>Muzealia Dzia\u0142u Historycznego reprezentuj\u0105 nast\u0119puj\u0105ce grupy: materia\u0142y archiwalne (r\u0119kopisy, maszynopisy, druki) materia\u0142y ikonograficzne (poczt\u00f3wki, fotografie) materia\u0142y kartograficzne (mapy, plany, atlasy) obiekty techniki i kultury materialnej (narz\u0119dzia, urz\u0105dzenia, przedmioty codziennego u\u017cytku, stroje mieszcza\u0144skie, wytwory produkcji rzemie\u015blniczej i przemys\u0142owej) materia\u0142y numizmatyczne (monety, banknoty, pieni\u0105dze zast\u0119pcze) materia\u0142y sfragistyczne (t\u0142oki piecz\u0119tne, piecz\u0119cie) materia\u0142y medalierskie (medale pami\u0105tkowe, odznaczenia, oznaki turystyczne) realia historyczne (pami\u0105tki historyczne, militaria ruchome, sztandary, umundurowania) obiekty archeologiczne (wytwory dawnych kultur, \u015blady terenowe pierwotnego osadnictwa) Publikacje dot. zbior\u00f3w Dzia\u0142u Historycznego: \u201ePrzewodnik po zbiorach Muzeum Ziemi K\u0142odzkiej\u201d, K\u0142odzko 2008 \u2013 zawiera om\u00f3wienie poszczeg\u00f3lnych kolekcji Dzia\u0142u: opr. K. Oniszczuk-Awi\u017ce\u0144, B. Frydrych \u201eZiemia K\u0142odzka w dawnej kartografii\u201d, K\u0142odzko 1995 \u2013 katalog kolekcji kartograficznej: opr. K. Oniszczuk-Awi\u017ce\u0144 (odby\u0142a si\u0119 tak\u017ce w\u00f3wczas prezentacja kolekcji na wystawie czasowej) \u201eOblicze miasta\u201d, K\u0142odzko 1986 \u2013 zawiera katalog prezentowanych na wystawie sta\u0142ej eksponat\u00f3w (zwi\u0105zanych z dziejami K\u0142odzka): opr. K. Oniszczuk-Awi\u017ce\u0144 \u201eDom w zwierciadle minionego czasu. Przestrze\u0144 kulturowo-spo\u0142eczna na prze\u0142omie XIX-XX w., K\u0142odzko 2001 \u2013 katalog obiekt\u00f3w kultury materialnej z pocz. XX w. prezentowanych na wystawie czasowej (opr. K. Oniszczuk-Awi\u017ce\u0144, K. Toczy\u0144ska-Rudysz) K. Oniszczuk-Awi\u017ce\u0144, Katalogi firmowe hut szk\u0142a z terenu ziemi k\u0142odzkiej w zbiorach Muzeum Ziemi K\u0142odzkiej, \u201eZeszyty Muzeum Ziemi K\u0142odzkiej\u201d, nr 10, K\u0142odzko 2009 &#8222;K\u0142odzko na dawnej karcie pocztowej&#8221;&nbsp;(opr. K. Oniszczuk-Awi\u017ce\u0144)<\/p>\n\n\n<div class=\"wp-block-image\">\n<figure class=\"aligncenter size-full is-resized\"><img loading=\"lazy\" decoding=\"async\" width=\"300\" height=\"146\" src=\"https:\/\/www.muzeum.klodzko.pl\/n\/wp-content\/uploads\/2025\/10\/9-53.jpg\" alt=\"\" class=\"wp-image-2439\" style=\"width:95px;height:auto\" srcset=\"https:\/\/www.muzeum.klodzko.pl\/n\/wp-content\/uploads\/2025\/10\/9-53.jpg 300w, https:\/\/www.muzeum.klodzko.pl\/n\/wp-content\/uploads\/2025\/10\/9-53-150x73.jpg 150w\" sizes=\"auto, (max-width: 300px) 100vw, 300px\" \/><\/figure>\n<\/div>\n\n\n<p class=\"has-text-align-left\"><br><strong>Dzia\u0142 Sztuki <\/strong><br>Dzia\u0142 Sztuki opracowuje i udost\u0119pnia zabytki sztuki, kt\u00f3re w szerokim poj\u0119ciu dotycz\u0105 ziemi k\u0142odzkiej: pocz\u0105wszy od muzeali\u00f3w pochodz\u0105cych z regionu, poprzez zwi\u0105zane z dzia\u0142aj\u0105cymi tu tw\u00f3rcami, na eksponatach prezentuj\u0105cych ziemi\u0119 k\u0142odzk\u0105 sko\u0144czywszy. <br><br> Zr\u00f3\u017cnicowane zbiory Muzeum obejmuj\u0105 zar\u00f3wno eksponaty o warto\u015bci artystycznej &#8211; rze\u017ab\u0119 (g\u0142\u00f3wnie sakraln\u0105), malarstwo (religijne, historyczne, rodzajowe i pejza\u017cowe) oraz grafik\u0119 (w tym linoryt, staloryt, miedzioryt i in.) &#8211; jak i zabytki sztuki u\u017cytkowej, m.in. meble, kufry i naczynia. Szczeg\u00f3lnie bogata &#8211; zaprezentowana na wystawie sta\u0142ej &#8211; jest kolekcja zegar\u00f3w pochodz\u0105cych z czas\u00f3w uprzemys\u0142owienia tego terenu. Atrakcyjna kolekcja szk\u0142a artystycznego, tworzonego na ziemi k\u0142odzkiej po 1945 roku, jest prezentowana w formie sta\u0142ej wystawy wpisuj\u0105c si\u0119 w regionaln\u0105 tradycj\u0119 szklarstwa. <br><br> Dzia\u0142 Sztuki we wsp\u00f3\u0142pracy z Dzia\u0142em Ewidencji okre\u015bla kondycj\u0119 przechowywanych muzeali\u00f3w i dba o ich konserwacj\u0119. We wsp\u00f3\u0142pracy z Dzia\u0142em Naukowo-O\u015bwiatowym opracowuje lekcje muzealne w oparciu o przechowywane muzealia. <br><br>Osoba odpowiedzialna:  kustosz Joanna Stoklasek-Michalak <br>Kontakt: <br>ds@muzeum.klodzko.pl <br>74 867 35 70 (wew. 27)  <\/p>\n\n\n<div class=\"wp-block-image\">\n<figure class=\"aligncenter size-full is-resized\"><img loading=\"lazy\" decoding=\"async\" width=\"300\" height=\"146\" src=\"https:\/\/www.muzeum.klodzko.pl\/n\/wp-content\/uploads\/2025\/10\/9-53.jpg\" alt=\"\" class=\"wp-image-2439\" style=\"width:95px;height:auto\" srcset=\"https:\/\/www.muzeum.klodzko.pl\/n\/wp-content\/uploads\/2025\/10\/9-53.jpg 300w, https:\/\/www.muzeum.klodzko.pl\/n\/wp-content\/uploads\/2025\/10\/9-53-150x73.jpg 150w\" sizes=\"auto, (max-width: 300px) 100vw, 300px\" \/><\/figure>\n<\/div>\n\n\n<p class=\"has-text-align-left\"><br><strong>Dzia\u0142 Naukowo-O\u015bwiatowy <\/strong> <br>Misj\u0105 Dzia\u0142u Naukowo-O\u015bwiatowego jest upowszechnianie wiedzy na temat regionu, jego historii i sztuki. Prowadzone dzia\u0142ania edukacyjne skupiaj\u0105 si\u0119 wok\u00f3\u0142 tematyki regionalnej jak i r\u00f3wnie\u017c s\u0142u\u017c\u0105 wszechstronnemu rozwojowi cz\u0142owieka. Dzia\u0142 organizuje wyk\u0142ady, prelekcje, wystawy, warsztaty, prezentacje film\u00f3w oraz lekcje muzealne. <br><br>Pragniemy pokazywa\u0107 bogaty zbi\u00f3r eksponat\u00f3w, kt\u00f3re gromadzi muzeum, zainteresowa\u0107 i zainspirowa\u0107 do poznawania historii ziemi k\u0142odzkiej. Czerpania wiedzy z jej burzliwych dziej\u00f3w. Dociera\u0107 do szerokiego grona odbiorc\u00f3w. Uczy\u0107 przez obcowanie ze sztuk\u0105 oraz poznawanie bogactwa materialnego i duchowego regionu,  w kt\u00f3rym spotka\u0142y si\u0119 kultury r\u00f3\u017cnych narod\u00f3w. <br><br>Zaj\u0119cia realizowane s\u0105 przez pracownik\u00f3w naukowych muzeum (r\u00f3wnie\u017c z Dzia\u0142u Sztuki i Biblioteki Naukowej) lub zapraszanych go\u015bci. Staramy si\u0119 nasz\u0105 ofert\u0119 edukacyjn\u0105 dostosowywa\u0107 do wszystkich grup wiekowych (przedszkola, szko\u0142y podstawowe, szko\u0142y \u015brednie, doro\u015bli, seniorzy). Popularyzujemy ide\u0119 muzeum otwartego. Wychodzimy poza mury instytucji, lekcje muzealne&nbsp; prowadzone s\u0105 &nbsp;r\u00f3wnie\u017c w mie\u015bcie, by \u201e in situ\u201d podziwia\u0107 zabytki i odkrywa\u0107&nbsp; zwi\u0105zane z nimi historie. Od lat zapraszamy do wsp\u00f3\u0142pracy wszystkich zainteresowanych nauczycieli. Anga\u017cujemy si\u0119 spo\u0142ecznie wsp\u00f3\u0142pracuj\u0105c ze stowarzyszeniami i Wolontariatem Europejskim. Dzia\u0142 podejmuje r\u00f3wnie\u017c dzia\u0142ania popularyzatorskie, reklamowe oraz wystawiennicze. <br><br>Do sukces\u00f3w Dzia\u0142u Naukowo-O\u015bwiatowego nale\u017c\u0105 wyr\u00f3\u017cnienia w konkursach organizowanych przez Narodowy Instytut Muzealnictwa oraz Urz\u0105d Marsza\u0142kowski Wojew\u00f3dztwa Dolno\u015bl\u0105skiego i regionalny oddzia\u0142 Stowarzyszenia Muzealnik\u00f3w Polskich. Za spraw\u0105 projektu opracowanego przez pracownik\u00f3w dzia\u0142u &#8211; &#8222;Projekt i wykonanie &#8211; Franz Wagner mistrz rze\u017abiarstwa z K\u0142odzka&#8221;, Muzeum Ziemi k\u0142dozkiej w K\u0142odzku znalaz\u0142o si\u0119 w gronie laureat\u00f3w konkursu na Wydarzenie Muzealne Roku 2022 &#8222;Sybilla&#8221; (I wyr\u00f3\u017cnienie w kategorii edukacja), organizowanego przez NIMOZ. Doceniona, niecodzienna, \u017cywa lekcja historii po\u015bwi\u0119cona, przedwojennemu rze\u017abiarzowi Franzowi Wagnerowi, w spos\u00f3b niekonwencjonalny przybli\u017cy\u0142a widzom przedstawienia sylwetk\u0119 i dokonania artysty. Du\u017c\u0105 warto\u015bci\u0105 przedsi\u0119wzi\u0119cia by\u0142o zaanga\u017cowanie lokalnej spo\u0142eczno\u015bci, obok muzealnik\u00f3w w inscenizacji wyst\u0105pili wolontariusze. Kolejny nagrodzony projekt przygotowany przez Dzia\u0142 Naukowo-O\u015bwiatowy &#8211; warsztaty &#8222;Malowanie na szkle&#8221; zaj\u0105\u0142 III miejsce , w kategorii przedsi\u0119wzi\u0119cia edukacyjne, w Konkursie na Wydarzenie Muzealne Roku Wojew\u00f3dztwa Dolno\u015bl\u0105skiego i regionalny oddzia\u0142 Stowarzyszenia Muzealnik\u00f3w Polskich. <br><br>Lekcje prowadzone s\u0105 we wtorki, \u015brody, czwartki i pi\u0105tki w godzinach otwarcia muzeum (10.00 &#8211; 16.00), i przygotowane s\u0105 dla grup do 30 os\u00f3b. Warsztaty przeznaczone s\u0105 dla grup do 20 os\u00f3b i przeprowadzane s\u0105 we wtorki, \u015brody i czwartki. <br><br>Osoby odpowiedzialne:  <br>kustosz Joanna Jakubowicz <br>adiunkt Anna Franczukowska <br>adiunkt Malwina Karp <br><br>Prosimy o wcze\u015bniejsze uzgadnianie terminu lekcji telefonicznie (74 867 35 70 w. 23), e-mailowo: dno@muzeum.klodzko.pl lub osobi\u015bcie w Dziale Naukowo-O\u015bwiatowym MZK.<br><\/p>\n\n\n<div class=\"wp-block-image\">\n<figure class=\"aligncenter size-full is-resized\"><img loading=\"lazy\" decoding=\"async\" width=\"300\" height=\"146\" src=\"https:\/\/www.muzeum.klodzko.pl\/n\/wp-content\/uploads\/2025\/10\/9-53.jpg\" alt=\"\" class=\"wp-image-2439\" style=\"width:95px;height:auto\" srcset=\"https:\/\/www.muzeum.klodzko.pl\/n\/wp-content\/uploads\/2025\/10\/9-53.jpg 300w, https:\/\/www.muzeum.klodzko.pl\/n\/wp-content\/uploads\/2025\/10\/9-53-150x73.jpg 150w\" sizes=\"auto, (max-width: 300px) 100vw, 300px\" \/><\/figure>\n<\/div>\n\n\n<p class=\"has-text-align-left\"><br><strong>Biblioteka Naukowa  <\/strong><br>Biblioteka muzealna pozyskuje i przechowuje pi\u015bmiennictwo na temat ziemi k\u0142odzkiej, stanowi\u0105ce dawny i wsp\u00f3\u0142czesny dorobek umys\u0142owy mieszka\u0144c\u00f3w tego obszaru, a tak\u017ce udost\u0119pnia swe zbiory wszystkim, kt\u00f3rzy pragn\u0105 z nich skorzysta\u0107 dla potrzeb naukowych lub w celu kszta\u0142cenia si\u0119. W chwili obecnej Biblioteka Naukowa Muzeum Ziemi K\u0142odzkiej posiada najwi\u0119kszy na ziemi k\u0142odzkiej ksi\u0119gozbi\u00f3r regionalny stanowi\u0105cy powa\u017cny warsztat pracy dla pracownik\u00f3w naukowych, student\u00f3w, nauczycieli i uczni\u00f3w, a urok i atmosfera tego miejsca sprawiaj\u0105, \u017ce jest ono cz\u0119sto miejscem wyk\u0142ad\u00f3w, spotka\u0144 i posiedze\u0144, przygotowywanych nie tylko przez Muzeum. <br>Biblioteka mie\u015bci si\u0119 w dawnym refektarzu konwiktu i sk\u0142ada si\u0119 z dw\u00f3ch pomieszcze\u0144 \u2013 czytelni i sali magazynowej. Czytelnia, o powierzchni 104,44 m2 i wysoko\u015bci 5 m, jako ozdob\u0119 posiada wspania\u0142y sufit o fasetowych naro\u017cach zdobiony stiukami o niejednolitym charakterze. Na stropie wyst\u0119puje ornament pere\u0142kowy wyznaczaj\u0105cy ramowe formy na ca\u0142ym suficie, kt\u00f3ry w centralnym punkcie ozdobiono herbem za\u0142o\u017cyciela fundacji organizuj\u0105cej konwikt \u2013 Krzysztofa Metzingera von Kaltensteina, cesarskiego radcy dworu i kanclerza arcyksi\u0119cia Karola. \u00a0<br><br>Do dyspozycji czytelnik\u00f3w jest katalog alfabetyczny i rzeczowy oraz liczne kartoteki tematyczne.<br><br>Osoba odpowiedzialna: kustosz Irena Klimaszewska, <br>Kontakt: <br>e-mail: biblioteka@muzeum.klodzko.pl <br>74 867 35 70 (wew. 21) <br>Przed odwiedzinami prosimy o um\u00f3wienie wizyty. <br><br>Zasady:\u00a0Ze zbior\u00f3w Biblioteki mog\u0105 korzysta\u0107 wszystkie zainteresowane osoby.<br> \u2022\u00a0Korzystanie ze zbior\u00f3w jest bezp\u0142atne. <br>\u2022\u00a0Z ksi\u0105\u017cek, czasopism i innych materia\u0142\u00f3w zgromadzonych w Bibliotece mo\u017cna\u00a0 korzysta\u0107 wy\u0142\u0105cznie na miejscu w czytelni. <br>\u2022\u00a0Czytelnik ma prawo do korzystania w Bibliotece z w\u0142asnych publikacji pod warunkiem ich wcze\u015bniejszego zg\u0142oszenia. <br>\u2022\u00a0Czytelnik mo\u017ce skopiowa\u0107 odp\u0142atnie na miejscu w Bibliotece niekt\u00f3re publikacje ze zbior\u00f3w Biblioteki. Nie kopiujemy materia\u0142\u00f3w wydanych przed 1945 r., jak r\u00f3wnie\u017c tych b\u0119d\u0105cych w z\u0142ym stanie zachowania.<\/p>\n\n\n<div class=\"wp-block-image\">\n<figure class=\"aligncenter size-full is-resized\"><img loading=\"lazy\" decoding=\"async\" width=\"300\" height=\"146\" src=\"https:\/\/www.muzeum.klodzko.pl\/n\/wp-content\/uploads\/2025\/10\/9-53.jpg\" alt=\"\" class=\"wp-image-2439\" style=\"width:95px;height:auto\" srcset=\"https:\/\/www.muzeum.klodzko.pl\/n\/wp-content\/uploads\/2025\/10\/9-53.jpg 300w, https:\/\/www.muzeum.klodzko.pl\/n\/wp-content\/uploads\/2025\/10\/9-53-150x73.jpg 150w\" sizes=\"auto, (max-width: 300px) 100vw, 300px\" \/><\/figure>\n<\/div>\n\n\n<p class=\"has-text-align-left\"><\/p>\n","protected":false},"excerpt":{"rendered":"<p>Dyrektor Muzeum Ziemi K\u0142odzkiej w K\u0142odzku kustosz Krzysztof Miszkiewicz kontakt: dyrektor@muzeum.klodzko.pltel. +48 74 867 35 70 (wew.19) Dzia\u0142 Ewidencji Zabytk\u00f3w Dzia\u0142 Ewidencji Zabytk\u00f3w &#8211; jako integralna, zgodna ze statutem, cz\u0119\u015b\u0107 Muzeum Ziemi K\u0142odzkiej &#8211; zosta\u0142 powo\u0142any w celu ewidencjonowania zbior\u00f3w. Jego podstawowym zadaniem jest terminowa i przepisowa rejestracja muzeali\u00f3w gromadzonych przez muzeum (zbiory w\u0142asne) i&hellip;&nbsp;<a href=\"https:\/\/www.muzeum.klodzko.pl\/n\/struktura\/\" rel=\"bookmark\">Dowiedz si\u0119 wi\u0119cej &raquo;<span class=\"screen-reader-text\">Struktura<\/span><\/a><\/p>\n","protected":false},"author":1,"featured_media":134,"parent":0,"menu_order":0,"comment_status":"closed","ping_status":"closed","template":"","meta":{"neve_meta_sidebar":"","neve_meta_container":"","neve_meta_enable_content_width":"","neve_meta_content_width":0,"neve_meta_title_alignment":"","neve_meta_author_avatar":"","neve_post_elements_order":"","neve_meta_disable_header":"","neve_meta_disable_footer":"","neve_meta_disable_title":"","footnotes":""},"class_list":["post-145","page","type-page","status-publish","has-post-thumbnail","hentry"],"_links":{"self":[{"href":"https:\/\/www.muzeum.klodzko.pl\/n\/wp-json\/wp\/v2\/pages\/145","targetHints":{"allow":["GET"]}}],"collection":[{"href":"https:\/\/www.muzeum.klodzko.pl\/n\/wp-json\/wp\/v2\/pages"}],"about":[{"href":"https:\/\/www.muzeum.klodzko.pl\/n\/wp-json\/wp\/v2\/types\/page"}],"author":[{"embeddable":true,"href":"https:\/\/www.muzeum.klodzko.pl\/n\/wp-json\/wp\/v2\/users\/1"}],"replies":[{"embeddable":true,"href":"https:\/\/www.muzeum.klodzko.pl\/n\/wp-json\/wp\/v2\/comments?post=145"}],"version-history":[{"count":31,"href":"https:\/\/www.muzeum.klodzko.pl\/n\/wp-json\/wp\/v2\/pages\/145\/revisions"}],"predecessor-version":[{"id":2445,"href":"https:\/\/www.muzeum.klodzko.pl\/n\/wp-json\/wp\/v2\/pages\/145\/revisions\/2445"}],"wp:featuredmedia":[{"embeddable":true,"href":"https:\/\/www.muzeum.klodzko.pl\/n\/wp-json\/wp\/v2\/media\/134"}],"wp:attachment":[{"href":"https:\/\/www.muzeum.klodzko.pl\/n\/wp-json\/wp\/v2\/media?parent=145"}],"curies":[{"name":"wp","href":"https:\/\/api.w.org\/{rel}","templated":true}]}}