{"id":1479,"date":"2025-07-02T13:06:27","date_gmt":"2025-07-02T11:06:27","guid":{"rendered":"https:\/\/www.muzeum.klodzko.pl\/n\/?page_id=1479"},"modified":"2025-07-03T15:27:52","modified_gmt":"2025-07-03T13:27:52","slug":"stale","status":"publish","type":"page","link":"https:\/\/www.muzeum.klodzko.pl\/n\/stale\/","title":{"rendered":"Sta\u0142e"},"content":{"rendered":"\n<div class=\"wp-block-group is-nowrap is-layout-flex wp-container-core-group-is-layout-ad2f72ca wp-block-group-is-layout-flex\">\n<div class=\"wp-block-media-text is-stacked-on-mobile\" style=\"grid-template-columns:65% auto\"><figure class=\"wp-block-media-text__media\"><a href=\"https:\/\/www.muzeum.klodzko.pl\/n\/stale\/_dsc2482\/\"><img loading=\"lazy\" decoding=\"async\" width=\"1024\" height=\"683\" src=\"https:\/\/www.muzeum.klodzko.pl\/n\/wp-content\/uploads\/2025\/07\/DSC2482-1024x683.jpg\" alt=\"\" class=\"wp-image-1502 size-full\" srcset=\"https:\/\/www.muzeum.klodzko.pl\/n\/wp-content\/uploads\/2025\/07\/DSC2482-1024x683.jpg 1024w, https:\/\/www.muzeum.klodzko.pl\/n\/wp-content\/uploads\/2025\/07\/DSC2482-300x200.jpg 300w, https:\/\/www.muzeum.klodzko.pl\/n\/wp-content\/uploads\/2025\/07\/DSC2482-768x512.jpg 768w, https:\/\/www.muzeum.klodzko.pl\/n\/wp-content\/uploads\/2025\/07\/DSC2482-930x620.jpg 930w, https:\/\/www.muzeum.klodzko.pl\/n\/wp-content\/uploads\/2025\/07\/DSC2482.jpg 1200w\" sizes=\"auto, (max-width: 1024px) 100vw, 1024px\" \/><\/a><\/figure><div class=\"wp-block-media-text__content\">\n<p><a href=\"https:\/\/www.muzeum.klodzko.pl\/n\/z-dziejow-klodzka\/\" data-type=\"page\" data-id=\"175\" target=\"_blank\" rel=\"noreferrer noopener\"><strong>Z dziej\u00f3w K\u0142odzka<\/strong><\/a>  <\/p>\n<\/div><\/div>\n\n\n\n<p><\/p>\n\n\n\n<p><\/p>\n<\/div>\n\n\n\n<p><\/p>\n\n\n\n<div class=\"wp-block-media-text is-stacked-on-mobile\"><figure class=\"wp-block-media-text__media\"><img loading=\"lazy\" decoding=\"async\" width=\"1024\" height=\"683\" src=\"https:\/\/www.muzeum.klodzko.pl\/n\/wp-content\/uploads\/2025\/07\/DSC9702-1024x683.jpg\" alt=\"\" class=\"wp-image-1504 size-full\" srcset=\"https:\/\/www.muzeum.klodzko.pl\/n\/wp-content\/uploads\/2025\/07\/DSC9702-1024x683.jpg 1024w, https:\/\/www.muzeum.klodzko.pl\/n\/wp-content\/uploads\/2025\/07\/DSC9702-300x200.jpg 300w, https:\/\/www.muzeum.klodzko.pl\/n\/wp-content\/uploads\/2025\/07\/DSC9702-768x512.jpg 768w, https:\/\/www.muzeum.klodzko.pl\/n\/wp-content\/uploads\/2025\/07\/DSC9702-930x620.jpg 930w, https:\/\/www.muzeum.klodzko.pl\/n\/wp-content\/uploads\/2025\/07\/DSC9702.jpg 1500w\" sizes=\"auto, (max-width: 1024px) 100vw, 1024px\" \/><\/figure><div class=\"wp-block-media-text__content\">\n<p><strong><a href=\"https:\/\/www.muzeum.klodzko.pl\/n\/wystawa-stala-kruche-piekno\/\" data-type=\"page\" data-id=\"80\">Kruche Pi\u0119kno  <\/a><br>Szk\u0142o k\u0142odzkie z 2 po\u0142owy XX wieku. Kolekcja Muzeum Ziemi K\u0142odzkiej w K\u0142odzku<\/strong><\/p>\n<\/div><\/div>\n\n\n\n<p><\/p>\n\n\n\n<div class=\"wp-block-media-text is-stacked-on-mobile\"><figure class=\"wp-block-media-text__media\"><img loading=\"lazy\" decoding=\"async\" width=\"1024\" height=\"1020\" src=\"https:\/\/www.muzeum.klodzko.pl\/n\/wp-content\/uploads\/2025\/07\/zegary-dziewczyna-kwadrat--1024x1020.jpg\" alt=\"\" class=\"wp-image-1580 size-full\" srcset=\"https:\/\/www.muzeum.klodzko.pl\/n\/wp-content\/uploads\/2025\/07\/zegary-dziewczyna-kwadrat--1024x1020.jpg 1024w, https:\/\/www.muzeum.klodzko.pl\/n\/wp-content\/uploads\/2025\/07\/zegary-dziewczyna-kwadrat--300x300.jpg 300w, https:\/\/www.muzeum.klodzko.pl\/n\/wp-content\/uploads\/2025\/07\/zegary-dziewczyna-kwadrat--150x150.jpg 150w, https:\/\/www.muzeum.klodzko.pl\/n\/wp-content\/uploads\/2025\/07\/zegary-dziewczyna-kwadrat--768x765.jpg 768w, https:\/\/www.muzeum.klodzko.pl\/n\/wp-content\/uploads\/2025\/07\/zegary-dziewczyna-kwadrat--1536x1530.jpg 1536w, https:\/\/www.muzeum.klodzko.pl\/n\/wp-content\/uploads\/2025\/07\/zegary-dziewczyna-kwadrat-.jpg 1800w\" sizes=\"auto, (max-width: 1024px) 100vw, 1024px\" \/><\/figure><div class=\"wp-block-media-text__content\">\n<p><strong><a href=\"https:\/\/www.muzeum.klodzko.pl\/n\/wystawa-stala-oczy-czasu\/\" target=\"_blank\" rel=\"noreferrer noopener\">Oczy czasu<\/a><br>Zegary mechaniczne popularne na \u015al\u0105sku w XIX i w I po\u0142. XX wieku w zbiorach Muzeum Ziemi K\u0142odzkiej<\/strong><br><\/p>\n\n\n\n<p><\/p>\n<\/div><\/div>\n\n\n\n<p> <\/p>\n\n\n\n<p><\/p>\n","protected":false},"excerpt":{"rendered":"<p>Z dziej\u00f3w K\u0142odzka Kruche Pi\u0119kno Szk\u0142o k\u0142odzkie z 2 po\u0142owy XX wieku. Kolekcja Muzeum Ziemi K\u0142odzkiej w K\u0142odzku Oczy czasuZegary mechaniczne popularne na \u015al\u0105sku w XIX i w I po\u0142. XX wieku w zbiorach Muzeum Ziemi K\u0142odzkiej<\/p>\n","protected":false},"author":3,"featured_media":136,"parent":0,"menu_order":0,"comment_status":"closed","ping_status":"closed","template":"","meta":{"neve_meta_sidebar":"","neve_meta_container":"","neve_meta_enable_content_width":"","neve_meta_content_width":0,"neve_meta_title_alignment":"","neve_meta_author_avatar":"","neve_post_elements_order":"","neve_meta_disable_header":"","neve_meta_disable_footer":"","neve_meta_disable_title":"","footnotes":""},"class_list":["post-1479","page","type-page","status-publish","has-post-thumbnail","hentry"],"_links":{"self":[{"href":"https:\/\/www.muzeum.klodzko.pl\/n\/wp-json\/wp\/v2\/pages\/1479","targetHints":{"allow":["GET"]}}],"collection":[{"href":"https:\/\/www.muzeum.klodzko.pl\/n\/wp-json\/wp\/v2\/pages"}],"about":[{"href":"https:\/\/www.muzeum.klodzko.pl\/n\/wp-json\/wp\/v2\/types\/page"}],"author":[{"embeddable":true,"href":"https:\/\/www.muzeum.klodzko.pl\/n\/wp-json\/wp\/v2\/users\/3"}],"replies":[{"embeddable":true,"href":"https:\/\/www.muzeum.klodzko.pl\/n\/wp-json\/wp\/v2\/comments?post=1479"}],"version-history":[{"count":8,"href":"https:\/\/www.muzeum.klodzko.pl\/n\/wp-json\/wp\/v2\/pages\/1479\/revisions"}],"predecessor-version":[{"id":3314,"href":"https:\/\/www.muzeum.klodzko.pl\/n\/wp-json\/wp\/v2\/pages\/1479\/revisions\/3314"}],"wp:featuredmedia":[{"embeddable":true,"href":"https:\/\/www.muzeum.klodzko.pl\/n\/wp-json\/wp\/v2\/media\/136"}],"wp:attachment":[{"href":"https:\/\/www.muzeum.klodzko.pl\/n\/wp-json\/wp\/v2\/media?parent=1479"}],"curies":[{"name":"wp","href":"https:\/\/api.w.org\/{rel}","templated":true}]}}