{"id":1482,"date":"2025-07-02T13:07:50","date_gmt":"2025-07-02T11:07:50","guid":{"rendered":"https:\/\/www.muzeum.klodzko.pl\/n\/?page_id=1482"},"modified":"2026-02-11T09:18:43","modified_gmt":"2026-02-11T08:18:43","slug":"czasowe","status":"publish","type":"page","link":"https:\/\/www.muzeum.klodzko.pl\/n\/czasowe\/","title":{"rendered":"Czasowe"},"content":{"rendered":"\n<p><\/p>\n\n\n\n<p><\/p>\n\n\n\n<div class=\"wp-block-media-text is-stacked-on-mobile\"><figure class=\"wp-block-media-text__media\"><img loading=\"lazy\" decoding=\"async\" width=\"931\" height=\"1024\" src=\"https:\/\/www.muzeum.klodzko.pl\/n\/wp-content\/uploads\/2026\/01\/Ptaki-Niebieskie_DSC4429-931x1024.jpg\" alt=\"\" class=\"wp-image-3318 size-full\" srcset=\"https:\/\/www.muzeum.klodzko.pl\/n\/wp-content\/uploads\/2026\/01\/Ptaki-Niebieskie_DSC4429-931x1024.jpg 931w, https:\/\/www.muzeum.klodzko.pl\/n\/wp-content\/uploads\/2026\/01\/Ptaki-Niebieskie_DSC4429-273x300.jpg 273w, https:\/\/www.muzeum.klodzko.pl\/n\/wp-content\/uploads\/2026\/01\/Ptaki-Niebieskie_DSC4429-136x150.jpg 136w, https:\/\/www.muzeum.klodzko.pl\/n\/wp-content\/uploads\/2026\/01\/Ptaki-Niebieskie_DSC4429-768x845.jpg 768w, https:\/\/www.muzeum.klodzko.pl\/n\/wp-content\/uploads\/2026\/01\/Ptaki-Niebieskie_DSC4429-1396x1536.jpg 1396w, https:\/\/www.muzeum.klodzko.pl\/n\/wp-content\/uploads\/2026\/01\/Ptaki-Niebieskie_DSC4429.jpg 1636w\" sizes=\"auto, (max-width: 931px) 100vw, 931px\" \/><\/figure><div class=\"wp-block-media-text__content\">\n<p><strong><a href=\"https:\/\/www.muzeum.klodzko.pl\/n\/czasowe\/krzysztof-okon-i-ptaki-niebieskie-i-malarstwo-i-rzezba\/\" target=\"_blank\" rel=\"noreferrer noopener\">Krzysztof Oko\u0144 I Ptaki Niebieskie I Malarstwo I Rze\u017aba<\/a> <\/strong>&#8211; 20 grudnia 2025 &#8211; 1 marca 2026<\/p>\n<\/div><\/div>\n\n\n\n<p><\/p>\n\n\n\n<figure class=\"wp-block-image\"><a href=\"https:\/\/www.muzeum.klodzko.pl\/n\/woda-zwierciadlem-nieba-wernisaz-wystawy\/\"><img decoding=\"async\" src=\"https:\/\/www.muzeum.klodzko.pl\/n\/wp-content\/uploads\/2026\/02\/Woda-zwierciadlem-duszy-belkai-1024x274.jpg\" alt=\"\"\/><\/a><\/figure>\n\n\n\n<p><a href=\"https:\/\/www.muzeum.klodzko.pl\/n\/woda-zwierciadlem-nieba-wernisaz-wystawy\/\">Woda zwierciad\u0142em nieba \u2013 wernisa\u017c wystawy<\/a> <br>Zapraszamy na otwarcie wystawy malarstwa i grafiki Dariusza Kacy i Agaty Nowak\u00a0 Woda zwierciad\u0142em nieba 14 marca 2026, godzina 17.00 Muzeum Ziemi K\u0142odzkiej w K\u0142odzku ul Ignacego \u0141ukasiewicza 4 wst\u0119p\u2026\u00a0<a href=\"https:\/\/www.muzeum.klodzko.pl\/n\/woda-zwierciadlem-nieba-wernisaz-wystawy\/\">Dowiedz si\u0119 wi\u0119cej \u00bb<\/a><\/p>\n\n\n\n<p><\/p>\n","protected":false},"excerpt":{"rendered":"<p>Krzysztof Oko\u0144 I Ptaki Niebieskie I Malarstwo I Rze\u017aba &#8211; 20 grudnia 2025 &#8211; 1 marca 2026 Woda zwierciad\u0142em nieba \u2013 wernisa\u017c wystawy Zapraszamy na otwarcie wystawy malarstwa i grafiki Dariusza Kacy i Agaty Nowak\u00a0 Woda zwierciad\u0142em nieba 14 marca 2026, godzina 17.00 Muzeum Ziemi K\u0142odzkiej w K\u0142odzku ul Ignacego \u0141ukasiewicza 4 wst\u0119p\u2026\u00a0Dowiedz si\u0119 wi\u0119cej&hellip;&nbsp;<a href=\"https:\/\/www.muzeum.klodzko.pl\/n\/czasowe\/\" rel=\"bookmark\">Dowiedz si\u0119 wi\u0119cej &raquo;<span class=\"screen-reader-text\">Czasowe<\/span><\/a><\/p>\n","protected":false},"author":3,"featured_media":885,"parent":0,"menu_order":0,"comment_status":"closed","ping_status":"closed","template":"","meta":{"neve_meta_sidebar":"","neve_meta_container":"","neve_meta_enable_content_width":"","neve_meta_content_width":0,"neve_meta_title_alignment":"","neve_meta_author_avatar":"","neve_post_elements_order":"","neve_meta_disable_header":"","neve_meta_disable_footer":"","neve_meta_disable_title":"","footnotes":""},"class_list":["post-1482","page","type-page","status-publish","has-post-thumbnail","hentry"],"_links":{"self":[{"href":"https:\/\/www.muzeum.klodzko.pl\/n\/wp-json\/wp\/v2\/pages\/1482","targetHints":{"allow":["GET"]}}],"collection":[{"href":"https:\/\/www.muzeum.klodzko.pl\/n\/wp-json\/wp\/v2\/pages"}],"about":[{"href":"https:\/\/www.muzeum.klodzko.pl\/n\/wp-json\/wp\/v2\/types\/page"}],"author":[{"embeddable":true,"href":"https:\/\/www.muzeum.klodzko.pl\/n\/wp-json\/wp\/v2\/users\/3"}],"replies":[{"embeddable":true,"href":"https:\/\/www.muzeum.klodzko.pl\/n\/wp-json\/wp\/v2\/comments?post=1482"}],"version-history":[{"count":13,"href":"https:\/\/www.muzeum.klodzko.pl\/n\/wp-json\/wp\/v2\/pages\/1482\/revisions"}],"predecessor-version":[{"id":3576,"href":"https:\/\/www.muzeum.klodzko.pl\/n\/wp-json\/wp\/v2\/pages\/1482\/revisions\/3576"}],"wp:featuredmedia":[{"embeddable":true,"href":"https:\/\/www.muzeum.klodzko.pl\/n\/wp-json\/wp\/v2\/media\/885"}],"wp:attachment":[{"href":"https:\/\/www.muzeum.klodzko.pl\/n\/wp-json\/wp\/v2\/media?parent=1482"}],"curies":[{"name":"wp","href":"https:\/\/api.w.org\/{rel}","templated":true}]}}