{"id":1485,"date":"2025-07-02T13:08:53","date_gmt":"2025-07-02T11:08:53","guid":{"rendered":"https:\/\/www.muzeum.klodzko.pl\/n\/?page_id=1485"},"modified":"2026-01-27T10:12:20","modified_gmt":"2026-01-27T09:12:20","slug":"minione","status":"publish","type":"page","link":"https:\/\/www.muzeum.klodzko.pl\/n\/minione\/","title":{"rendered":"Minione"},"content":{"rendered":"\n<p><\/p>\n\n\n\n<div class=\"wp-block-media-text is-stacked-on-mobile\"><figure class=\"wp-block-media-text__media\"><img decoding=\"async\" src=\"https:\/\/www.muzeum.klodzko.pl\/n\/wp-content\/uploads\/2026\/01\/IWagner-MG20260110153913-1024x768.jpg\" alt=\"\"\/><\/figure><div class=\"wp-block-media-text__content\">\n<p><a href=\"https:\/\/www.muzeum.klodzko.pl\/n\/franz-wagner-klodzki-rzezbiarz-1887-1942-wystawa-w-pasazu-galerii-twierdza-klodzko\/\"><strong><em>Franz Wagner \u2013 k\u0142odzki rze\u017abiarz (1887-1942)<\/em><\/strong> \u2013 wystawa w pasa\u017cu Galerii Twierdza K\u0142odzko<\/a><\/p>\n<\/div><\/div>\n\n\n\n<p><\/p>\n\n\n\n<div class=\"wp-block-media-text is-stacked-on-mobile\"><figure class=\"wp-block-media-text__media\"><img loading=\"lazy\" decoding=\"async\" width=\"394\" height=\"394\" src=\"https:\/\/www.muzeum.klodzko.pl\/n\/wp-content\/uploads\/2025\/10\/miniiii-Stando.jpg\" alt=\"\" class=\"wp-image-2635 size-full\" srcset=\"https:\/\/www.muzeum.klodzko.pl\/n\/wp-content\/uploads\/2025\/10\/miniiii-Stando.jpg 394w, https:\/\/www.muzeum.klodzko.pl\/n\/wp-content\/uploads\/2025\/10\/miniiii-Stando-300x300.jpg 300w, https:\/\/www.muzeum.klodzko.pl\/n\/wp-content\/uploads\/2025\/10\/miniiii-Stando-150x150.jpg 150w\" sizes=\"auto, (max-width: 394px) 100vw, 394px\" \/><\/figure><div class=\"wp-block-media-text__content\">\n<p><a href=\"https:\/\/www.muzeum.klodzko.pl\/n\/robert-stando-kadry-z-zycia\/\" data-type=\"link\" data-id=\"https:\/\/www.muzeum.klodzko.pl\/n\/robert-stando-kadry-z-zycia\/\" target=\"_blank\" rel=\"noreferrer noopener\"><strong><em>ROBERT STANDO. Kadry z \u017cycia<\/em><\/strong><\/a>  &#8211; 17 pa\u017adziernika  &#8211; 30 listopada 2025<\/p>\n\n\n\n<p><a href=\"https:\/\/www.muzeum.klodzko.pl\/n\/robert-stando-kadry-z-zycia-otwarcie-wystawy-i-koncert\/\" target=\"_blank\" rel=\"noreferrer noopener\"><strong><em>Robert Stando. Kadry z \u017cycia<\/em><\/strong> \u2013 otwarcie wystawy i koncert \u2013 17 pa\u017adziernika 2025<\/a> <\/p>\n\n\n\n<p><\/p>\n<\/div><\/div>\n\n\n\n<p><\/p>\n\n\n\n<p><\/p>\n\n\n\n<div class=\"wp-block-media-text is-stacked-on-mobile\"><figure class=\"wp-block-media-text__media\"><img loading=\"lazy\" decoding=\"async\" width=\"945\" height=\"945\" src=\"https:\/\/www.muzeum.klodzko.pl\/n\/wp-content\/uploads\/2025\/10\/Muzykujace-anioly-1.jpg\" alt=\"\" class=\"wp-image-2493 size-full\" srcset=\"https:\/\/www.muzeum.klodzko.pl\/n\/wp-content\/uploads\/2025\/10\/Muzykujace-anioly-1.jpg 945w, https:\/\/www.muzeum.klodzko.pl\/n\/wp-content\/uploads\/2025\/10\/Muzykujace-anioly-1-300x300.jpg 300w, https:\/\/www.muzeum.klodzko.pl\/n\/wp-content\/uploads\/2025\/10\/Muzykujace-anioly-1-150x150.jpg 150w, https:\/\/www.muzeum.klodzko.pl\/n\/wp-content\/uploads\/2025\/10\/Muzykujace-anioly-1-768x768.jpg 768w\" sizes=\"auto, (max-width: 945px) 100vw, 945px\" \/><\/figure><div class=\"wp-block-media-text__content\">\n<p><strong><em><a href=\"https:\/\/www.muzeum.klodzko.pl\/n\/muzykujace-anioly\/\" data-type=\"page\" data-id=\"1553\" target=\"_blank\" rel=\"noreferrer noopener\">Muzykuj\u0105ce anio\u0142y<\/a> <\/em><\/strong><br>czerwiec-wrzesie\u0144 2025<\/p>\n<\/div><\/div>\n\n\n\n<p><br><\/p>\n\n\n\n<div class=\"wp-block-media-text is-stacked-on-mobile\"><figure class=\"wp-block-media-text__media\"><img loading=\"lazy\" decoding=\"async\" width=\"945\" height=\"945\" src=\"https:\/\/www.muzeum.klodzko.pl\/n\/wp-content\/uploads\/2025\/10\/Marianna-Oranska-a-Ziemia-Klodzka.jpg\" alt=\"\" class=\"wp-image-2494 size-full\" srcset=\"https:\/\/www.muzeum.klodzko.pl\/n\/wp-content\/uploads\/2025\/10\/Marianna-Oranska-a-Ziemia-Klodzka.jpg 945w, https:\/\/www.muzeum.klodzko.pl\/n\/wp-content\/uploads\/2025\/10\/Marianna-Oranska-a-Ziemia-Klodzka-300x300.jpg 300w, https:\/\/www.muzeum.klodzko.pl\/n\/wp-content\/uploads\/2025\/10\/Marianna-Oranska-a-Ziemia-Klodzka-150x150.jpg 150w, https:\/\/www.muzeum.klodzko.pl\/n\/wp-content\/uploads\/2025\/10\/Marianna-Oranska-a-Ziemia-Klodzka-768x768.jpg 768w\" sizes=\"auto, (max-width: 945px) 100vw, 945px\" \/><\/figure><div class=\"wp-block-media-text__content\">\n<p><a href=\"https:\/\/www.muzeum.klodzko.pl\/n\/marianna-oranska-a-ziemia-klodzka\/\" data-type=\"page\" data-id=\"1508\" target=\"_blank\" rel=\"noreferrer noopener\"><strong><em>Marianna Ora\u0144ska a Ziemia K\u0142odzka<\/em><\/strong><\/a><br>maj-wrzesie\u0144 2025<\/p>\n<\/div><\/div>\n\n\n\n<p><\/p>\n\n\n\n<div class=\"wp-block-media-text is-stacked-on-mobile\"><figure class=\"wp-block-media-text__media\"><img loading=\"lazy\" decoding=\"async\" width=\"945\" height=\"945\" src=\"https:\/\/www.muzeum.klodzko.pl\/n\/wp-content\/uploads\/2025\/10\/Sub-triplici-celebritate-festivanda.jpg\" alt=\"\" class=\"wp-image-2495 size-full\" srcset=\"https:\/\/www.muzeum.klodzko.pl\/n\/wp-content\/uploads\/2025\/10\/Sub-triplici-celebritate-festivanda.jpg 945w, https:\/\/www.muzeum.klodzko.pl\/n\/wp-content\/uploads\/2025\/10\/Sub-triplici-celebritate-festivanda-300x300.jpg 300w, https:\/\/www.muzeum.klodzko.pl\/n\/wp-content\/uploads\/2025\/10\/Sub-triplici-celebritate-festivanda-150x150.jpg 150w, https:\/\/www.muzeum.klodzko.pl\/n\/wp-content\/uploads\/2025\/10\/Sub-triplici-celebritate-festivanda-768x768.jpg 768w\" sizes=\"auto, (max-width: 945px) 100vw, 945px\" \/><\/figure><div class=\"wp-block-media-text__content\">\n<p><strong><em><a href=\"https:\/\/www.muzeum.klodzko.pl\/n\/sub-triplici-celebritate-festivanda\/\" data-type=\"post\" data-id=\"1694\" target=\"_blank\" rel=\"noreferrer noopener\">Sub triplici celebritate festivanda<\/a> <\/em><\/strong><br>maj-wrzesie\u0144 2025<\/p>\n<\/div><\/div>\n\n\n\n<p><\/p>\n\n\n\n<div class=\"wp-block-media-text is-stacked-on-mobile\"><figure class=\"wp-block-media-text__media\"><img loading=\"lazy\" decoding=\"async\" width=\"945\" height=\"945\" src=\"https:\/\/www.muzeum.klodzko.pl\/n\/wp-content\/uploads\/2025\/10\/Kolekcjonowanie-to-kwestia-pogladu.jpg\" alt=\"\" class=\"wp-image-2496 size-full\" srcset=\"https:\/\/www.muzeum.klodzko.pl\/n\/wp-content\/uploads\/2025\/10\/Kolekcjonowanie-to-kwestia-pogladu.jpg 945w, https:\/\/www.muzeum.klodzko.pl\/n\/wp-content\/uploads\/2025\/10\/Kolekcjonowanie-to-kwestia-pogladu-300x300.jpg 300w, https:\/\/www.muzeum.klodzko.pl\/n\/wp-content\/uploads\/2025\/10\/Kolekcjonowanie-to-kwestia-pogladu-150x150.jpg 150w, https:\/\/www.muzeum.klodzko.pl\/n\/wp-content\/uploads\/2025\/10\/Kolekcjonowanie-to-kwestia-pogladu-768x768.jpg 768w\" sizes=\"auto, (max-width: 945px) 100vw, 945px\" \/><\/figure><div class=\"wp-block-media-text__content\">\n<p><strong><em><a href=\"https:\/\/www.muzeum.klodzko.pl\/n\/wystawa-czasowa-kolekcjonowanie-to-kwestia-pogladu\/\" data-type=\"page\" data-id=\"87\">Kolekcjonowanie to kwestia (p)ogl\u0105du<\/a> <br>Dawne mapy i weduty ze zbior\u00f3w Manfreda Spaty. <\/em><\/strong><br>grudzie\u0144 2024 \u2013 marzec 2025<\/p>\n<\/div><\/div>\n\n\n\n<p><\/p>\n\n\n\n<div class=\"wp-block-media-text is-stacked-on-mobile\"><figure class=\"wp-block-media-text__media\"><img loading=\"lazy\" decoding=\"async\" width=\"1024\" height=\"1024\" src=\"https:\/\/www.muzeum.klodzko.pl\/n\/wp-content\/uploads\/2026\/01\/wagner-Gorlitz-1024x1024.jpg\" alt=\"\" class=\"wp-image-3522 size-full\" srcset=\"https:\/\/www.muzeum.klodzko.pl\/n\/wp-content\/uploads\/2026\/01\/wagner-Gorlitz-1024x1024.jpg 1024w, https:\/\/www.muzeum.klodzko.pl\/n\/wp-content\/uploads\/2026\/01\/wagner-Gorlitz-300x300.jpg 300w, https:\/\/www.muzeum.klodzko.pl\/n\/wp-content\/uploads\/2026\/01\/wagner-Gorlitz-150x150.jpg 150w, https:\/\/www.muzeum.klodzko.pl\/n\/wp-content\/uploads\/2026\/01\/wagner-Gorlitz-768x768.jpg 768w, https:\/\/www.muzeum.klodzko.pl\/n\/wp-content\/uploads\/2026\/01\/wagner-Gorlitz-1536x1536.jpg 1536w, https:\/\/www.muzeum.klodzko.pl\/n\/wp-content\/uploads\/2026\/01\/wagner-Gorlitz.jpg 1772w\" sizes=\"auto, (max-width: 1024px) 100vw, 1024px\" \/><\/figure><div class=\"wp-block-media-text__content\">\n<p><a href=\"https:\/\/www.schlesisches-museum.de\/pl\/wystawy\/wystawa-specjalna-franz-wagner-2\" data-type=\"link\" data-id=\"https:\/\/www.schlesisches-museum.de\/pl\/wystawy\/wystawa-specjalna-franz-wagner-2\" target=\"_blank\" rel=\"noreferrer noopener\">Wystawa o k\u0142odzkim rze\u017abiarzu Franzu Wagnerze od 9.11.2024 do 16.03.2025 w Muzeum \u015al\u0105skim w G\u00f6rlitz<\/a><\/p>\n<\/div><\/div>\n\n\n\n<p><\/p>\n\n\n\n<div class=\"wp-block-media-text is-stacked-on-mobile\"><figure class=\"wp-block-media-text__media\"><img loading=\"lazy\" decoding=\"async\" width=\"394\" height=\"394\" src=\"https:\/\/www.muzeum.klodzko.pl\/n\/wp-content\/uploads\/2025\/10\/Wagner-1.jpg\" alt=\"\" class=\"wp-image-2629 size-full\" srcset=\"https:\/\/www.muzeum.klodzko.pl\/n\/wp-content\/uploads\/2025\/10\/Wagner-1.jpg 394w, https:\/\/www.muzeum.klodzko.pl\/n\/wp-content\/uploads\/2025\/10\/Wagner-1-300x300.jpg 300w, https:\/\/www.muzeum.klodzko.pl\/n\/wp-content\/uploads\/2025\/10\/Wagner-1-150x150.jpg 150w\" sizes=\"auto, (max-width: 394px) 100vw, 394px\" \/><\/figure><div class=\"wp-block-media-text__content\">\n<p><a href=\"https:\/\/www.muzeum.klodzko.pl\/n\/franz-wagner-1887-1942-klodzki-rzezbiarz-wystawa\/\" data-type=\"post\" data-id=\"2620\" target=\"_blank\" rel=\"noreferrer noopener\"><strong><em>Franz Wagner (1887-1942) \u2013 k\u0142odzki rze\u017abiarz<\/em><\/strong> \u2013 wystawa czynna: 17 maja \u2013 10 pa\u017adziernika 2024 r.<\/a><\/p>\n<\/div><\/div>\n\n\n\n<p><\/p>\n\n\n\n<p><\/p>\n","protected":false},"excerpt":{"rendered":"<p>Franz Wagner \u2013 k\u0142odzki rze\u017abiarz (1887-1942) \u2013 wystawa w pasa\u017cu Galerii Twierdza K\u0142odzko ROBERT STANDO. Kadry z \u017cycia &#8211; 17 pa\u017adziernika &#8211; 30 listopada 2025 Robert Stando. Kadry z \u017cycia \u2013 otwarcie wystawy i koncert \u2013 17 pa\u017adziernika 2025 Muzykuj\u0105ce anio\u0142y czerwiec-wrzesie\u0144 2025 Marianna Ora\u0144ska a Ziemia K\u0142odzkamaj-wrzesie\u0144 2025 Sub triplici celebritate festivanda maj-wrzesie\u0144 2025&hellip;&nbsp;<a href=\"https:\/\/www.muzeum.klodzko.pl\/n\/minione\/\" rel=\"bookmark\">Dowiedz si\u0119 wi\u0119cej &raquo;<span class=\"screen-reader-text\">Minione<\/span><\/a><\/p>\n","protected":false},"author":3,"featured_media":1492,"parent":0,"menu_order":0,"comment_status":"closed","ping_status":"closed","template":"","meta":{"neve_meta_sidebar":"","neve_meta_container":"","neve_meta_enable_content_width":"","neve_meta_content_width":0,"neve_meta_title_alignment":"","neve_meta_author_avatar":"","neve_post_elements_order":"","neve_meta_disable_header":"","neve_meta_disable_footer":"","neve_meta_disable_title":"","footnotes":""},"class_list":["post-1485","page","type-page","status-publish","has-post-thumbnail","hentry"],"_links":{"self":[{"href":"https:\/\/www.muzeum.klodzko.pl\/n\/wp-json\/wp\/v2\/pages\/1485","targetHints":{"allow":["GET"]}}],"collection":[{"href":"https:\/\/www.muzeum.klodzko.pl\/n\/wp-json\/wp\/v2\/pages"}],"about":[{"href":"https:\/\/www.muzeum.klodzko.pl\/n\/wp-json\/wp\/v2\/types\/page"}],"author":[{"embeddable":true,"href":"https:\/\/www.muzeum.klodzko.pl\/n\/wp-json\/wp\/v2\/users\/3"}],"replies":[{"embeddable":true,"href":"https:\/\/www.muzeum.klodzko.pl\/n\/wp-json\/wp\/v2\/comments?post=1485"}],"version-history":[{"count":22,"href":"https:\/\/www.muzeum.klodzko.pl\/n\/wp-json\/wp\/v2\/pages\/1485\/revisions"}],"predecessor-version":[{"id":3525,"href":"https:\/\/www.muzeum.klodzko.pl\/n\/wp-json\/wp\/v2\/pages\/1485\/revisions\/3525"}],"wp:featuredmedia":[{"embeddable":true,"href":"https:\/\/www.muzeum.klodzko.pl\/n\/wp-json\/wp\/v2\/media\/1492"}],"wp:attachment":[{"href":"https:\/\/www.muzeum.klodzko.pl\/n\/wp-json\/wp\/v2\/media?parent=1485"}],"curies":[{"name":"wp","href":"https:\/\/api.w.org\/{rel}","templated":true}]}}