{"id":1508,"date":"2025-07-03T13:43:56","date_gmt":"2025-07-03T11:43:56","guid":{"rendered":"https:\/\/www.muzeum.klodzko.pl\/n\/?page_id=1508"},"modified":"2025-08-19T13:16:27","modified_gmt":"2025-08-19T11:16:27","slug":"marianna-oranska-a-ziemia-klodzka","status":"publish","type":"page","link":"https:\/\/www.muzeum.klodzko.pl\/n\/marianna-oranska-a-ziemia-klodzka\/","title":{"rendered":"Marianna Ora\u0144ska a Ziemia K\u0142odzka"},"content":{"rendered":"\n<p><strong>Marianna Ora\u0144ska a Ziemia K\u0142odzka <\/strong><br>Wystawa planszowa opowiadaj\u0105ca o \u017cyciu i dzia\u0142alno\u015bci Kr\u00f3lewny .  <br><br><strong>Marianna Ora\u0144ska<\/strong>, a dok\u0142adniej Wilhelmina Fryderyka Ludwika Charlotta z Oranje-Nassau. Urodzi\u0142a si\u0119 9 maja 1810 r. w Berlinie, by\u0142a c\u00f3rk\u0105 kr\u00f3la Niderland\u00f3w Wilhelma I (od 1815 r.) i jego pierwszej \u017cony,  pruskiej kr\u00f3lewny Fryderyki Luizy Wilhelminy z domu Hohenzollern.  <br><br>By\u0142a jedn\u0105 z najbardziej zas\u0142u\u017conych dla rozwoju Dolnego \u015al\u0105ska i ziemi k\u0142odzkiej postaci. Wychowywana na dworze holenderskim, mia\u0142a wpojony etos pracy, gospodarno\u015b\u0107 oraz zami\u0142owanie do porz\u0105dku. Docenia\u0142a wag\u0119 wykszta\u0142cenia, wspiera\u0142a wiele szk\u00f3\u0142. Inteligentna, pracowita, obdarzona zmys\u0142em artystycznym, w umiej\u0119tny spos\u00f3b zarz\u0105dza\u0142a powierzonymi, jak te\u017c pozyskanymi osobi\u015bcie dobrami. By\u0142a kolekcjonerk\u0105 dzie\u0142 sztuki i mecenasem artyst\u00f3w. <br><br>Zatrudniaj\u0105c miejscow\u0105 ludno\u015b\u0107 o\u017cywi\u0142a gospodarczo liczne wsie, a ch\u0119tnym do osiedlenia si\u0119 bezp\u0142atnie u\u017cycza\u0142a dzia\u0142ek i budulca. Za\u0142o\u017cy\u0142a kamienio\u0142omy marmuru nazwane od jej imienia &#8222;Mariannenbruch&#8221;,  mia\u0142a te\u017c sw\u00f3j udzia\u0142 w powstaniu w 1864 r. huty szk\u0142a kryszta\u0142owego w Stroniu \u015al\u0105skim, nazwanej na jej cze\u015b\u0107 Oranienh\u00fctte. Z jej inicjatywy nast\u0105pi\u0142 te\u017c rozw\u00f3j lecznictwa uzdrowiskowego w L\u0105dku Zdroju. <br><br>B\u0119d\u0105c osob\u0105 bardzo religijn\u0105, o silnie rozwini\u0119tej wra\u017cliwo\u015bci oraz dysponuj\u0105c sporym maj\u0105tkiem, Marianna Ora\u0144ska dostrzega\u0142a i ch\u0119tnie wspiera\u0142a potrzeby biednych.  Szczeg\u00f3ln\u0105 opiek\u0105 otacza\u0142a mieszka\u0144c\u00f3w swoich d\u00f3br. Budowa\u0142a ochronki dla dzieci oraz przytu\u0142ki dla starc\u00f3w i chorych, datkami wspiera\u0142a budow\u0119 ko\u015bcio\u0142\u00f3w i utrzymanie w swoich dobrach zbor\u00f3w ewangelickich, a tak\u017ce dzia\u0142alno\u015b\u0107 ko\u015bcio\u0142a katolickiego. Szczeg\u00f3lnie docenia\u0142a wag\u0119 wykszta\u0142cenia, zak\u0142adaj\u0105c wiele szk\u00f3\u0142 i op\u0142acaj\u0105c proces edukacji podopiecznych, funduj\u0105c materia\u0142y szkolne i \u017cywno\u015b\u0107. Z inicjatywy Kr\u00f3lewny powsta\u0142y spore odcinki dr\u00f3g na ziemi k\u0142odzkiej. <\/p>\n\n\n\n<figure data-wp-context=\"{&quot;imageId&quot;:&quot;69daca0b4b140&quot;}\" data-wp-interactive=\"core\/image\" data-wp-key=\"69daca0b4b140\" class=\"wp-block-image size-large wp-lightbox-container\"><img loading=\"lazy\" decoding=\"async\" width=\"1024\" height=\"768\" data-wp-class--hide=\"state.isContentHidden\" data-wp-class--show=\"state.isContentVisible\" data-wp-init=\"callbacks.setButtonStyles\" data-wp-on--click=\"actions.showLightbox\" data-wp-on--load=\"callbacks.setButtonStyles\" data-wp-on-window--resize=\"callbacks.setButtonStyles\" src=\"https:\/\/www.muzeum.klodzko.pl\/n\/wp-content\/uploads\/2025\/07\/Marianna-01-4-1024x768.jpg\" alt=\"\" class=\"wp-image-1546\" srcset=\"https:\/\/www.muzeum.klodzko.pl\/n\/wp-content\/uploads\/2025\/07\/Marianna-01-4-1024x768.jpg 1024w, https:\/\/www.muzeum.klodzko.pl\/n\/wp-content\/uploads\/2025\/07\/Marianna-01-4-300x225.jpg 300w, https:\/\/www.muzeum.klodzko.pl\/n\/wp-content\/uploads\/2025\/07\/Marianna-01-4-768x576.jpg 768w, https:\/\/www.muzeum.klodzko.pl\/n\/wp-content\/uploads\/2025\/07\/Marianna-01-4-1536x1152.jpg 1536w, https:\/\/www.muzeum.klodzko.pl\/n\/wp-content\/uploads\/2025\/07\/Marianna-01-4.jpg 1800w\" sizes=\"auto, (max-width: 1024px) 100vw, 1024px\" \/><button\n\t\t\tclass=\"lightbox-trigger\"\n\t\t\ttype=\"button\"\n\t\t\taria-haspopup=\"dialog\"\n\t\t\taria-label=\"Powi\u0119ksz\"\n\t\t\tdata-wp-init=\"callbacks.initTriggerButton\"\n\t\t\tdata-wp-on--click=\"actions.showLightbox\"\n\t\t\tdata-wp-style--right=\"state.imageButtonRight\"\n\t\t\tdata-wp-style--top=\"state.imageButtonTop\"\n\t\t>\n\t\t\t<svg xmlns=\"http:\/\/www.w3.org\/2000\/svg\" width=\"12\" height=\"12\" fill=\"none\" viewBox=\"0 0 12 12\">\n\t\t\t\t<path fill=\"#fff\" d=\"M2 0a2 2 0 0 0-2 2v2h1.5V2a.5.5 0 0 1 .5-.5h2V0H2Zm2 10.5H2a.5.5 0 0 1-.5-.5V8H0v2a2 2 0 0 0 2 2h2v-1.5ZM8 12v-1.5h2a.5.5 0 0 0 .5-.5V8H12v2a2 2 0 0 1-2 2H8Zm2-12a2 2 0 0 1 2 2v2h-1.5V2a.5.5 0 0 0-.5-.5H8V0h2Z\" \/>\n\t\t\t<\/svg>\n\t\t<\/button><\/figure>\n\n\n\n<p><\/p>\n\n\n\n<figure class=\"wp-block-gallery has-nested-images columns-default is-cropped wp-block-gallery-1 is-layout-flex wp-block-gallery-is-layout-flex\">\n<figure data-wp-context=\"{&quot;imageId&quot;:&quot;69daca0b4b535&quot;}\" data-wp-interactive=\"core\/image\" data-wp-key=\"69daca0b4b535\" class=\"wp-block-image size-large wp-lightbox-container\"><img loading=\"lazy\" decoding=\"async\" width=\"768\" height=\"1024\" data-wp-class--hide=\"state.isContentHidden\" data-wp-class--show=\"state.isContentVisible\" data-wp-init=\"callbacks.setButtonStyles\" data-wp-on--click=\"actions.showLightbox\" data-wp-on--load=\"callbacks.setButtonStyles\" data-wp-on-window--resize=\"callbacks.setButtonStyles\" data-id=\"1537\" src=\"https:\/\/www.muzeum.klodzko.pl\/n\/wp-content\/uploads\/2025\/07\/Marianna-02-3-768x1024.jpg\" alt=\"\" class=\"wp-image-1537\" srcset=\"https:\/\/www.muzeum.klodzko.pl\/n\/wp-content\/uploads\/2025\/07\/Marianna-02-3-768x1024.jpg 768w, https:\/\/www.muzeum.klodzko.pl\/n\/wp-content\/uploads\/2025\/07\/Marianna-02-3-225x300.jpg 225w, https:\/\/www.muzeum.klodzko.pl\/n\/wp-content\/uploads\/2025\/07\/Marianna-02-3-1152x1536.jpg 1152w, https:\/\/www.muzeum.klodzko.pl\/n\/wp-content\/uploads\/2025\/07\/Marianna-02-3.jpg 1350w\" sizes=\"auto, (max-width: 768px) 100vw, 768px\" \/><button\n\t\t\tclass=\"lightbox-trigger\"\n\t\t\ttype=\"button\"\n\t\t\taria-haspopup=\"dialog\"\n\t\t\taria-label=\"Powi\u0119ksz\"\n\t\t\tdata-wp-init=\"callbacks.initTriggerButton\"\n\t\t\tdata-wp-on--click=\"actions.showLightbox\"\n\t\t\tdata-wp-style--right=\"state.imageButtonRight\"\n\t\t\tdata-wp-style--top=\"state.imageButtonTop\"\n\t\t>\n\t\t\t<svg xmlns=\"http:\/\/www.w3.org\/2000\/svg\" width=\"12\" height=\"12\" fill=\"none\" viewBox=\"0 0 12 12\">\n\t\t\t\t<path fill=\"#fff\" d=\"M2 0a2 2 0 0 0-2 2v2h1.5V2a.5.5 0 0 1 .5-.5h2V0H2Zm2 10.5H2a.5.5 0 0 1-.5-.5V8H0v2a2 2 0 0 0 2 2h2v-1.5ZM8 12v-1.5h2a.5.5 0 0 0 .5-.5V8H12v2a2 2 0 0 1-2 2H8Zm2-12a2 2 0 0 1 2 2v2h-1.5V2a.5.5 0 0 0-.5-.5H8V0h2Z\" \/>\n\t\t\t<\/svg>\n\t\t<\/button><\/figure>\n\n\n\n<figure data-wp-context=\"{&quot;imageId&quot;:&quot;69daca0b4b87a&quot;}\" data-wp-interactive=\"core\/image\" data-wp-key=\"69daca0b4b87a\" class=\"wp-block-image size-large wp-lightbox-container\"><img loading=\"lazy\" decoding=\"async\" width=\"768\" height=\"1024\" data-wp-class--hide=\"state.isContentHidden\" data-wp-class--show=\"state.isContentVisible\" data-wp-init=\"callbacks.setButtonStyles\" data-wp-on--click=\"actions.showLightbox\" data-wp-on--load=\"callbacks.setButtonStyles\" data-wp-on-window--resize=\"callbacks.setButtonStyles\" data-id=\"1539\" src=\"https:\/\/www.muzeum.klodzko.pl\/n\/wp-content\/uploads\/2025\/07\/Marianna-03-3-768x1024.jpg\" alt=\"\" class=\"wp-image-1539\" srcset=\"https:\/\/www.muzeum.klodzko.pl\/n\/wp-content\/uploads\/2025\/07\/Marianna-03-3-768x1024.jpg 768w, https:\/\/www.muzeum.klodzko.pl\/n\/wp-content\/uploads\/2025\/07\/Marianna-03-3-225x300.jpg 225w, https:\/\/www.muzeum.klodzko.pl\/n\/wp-content\/uploads\/2025\/07\/Marianna-03-3-1152x1536.jpg 1152w, https:\/\/www.muzeum.klodzko.pl\/n\/wp-content\/uploads\/2025\/07\/Marianna-03-3.jpg 1350w\" sizes=\"auto, (max-width: 768px) 100vw, 768px\" \/><button\n\t\t\tclass=\"lightbox-trigger\"\n\t\t\ttype=\"button\"\n\t\t\taria-haspopup=\"dialog\"\n\t\t\taria-label=\"Powi\u0119ksz\"\n\t\t\tdata-wp-init=\"callbacks.initTriggerButton\"\n\t\t\tdata-wp-on--click=\"actions.showLightbox\"\n\t\t\tdata-wp-style--right=\"state.imageButtonRight\"\n\t\t\tdata-wp-style--top=\"state.imageButtonTop\"\n\t\t>\n\t\t\t<svg xmlns=\"http:\/\/www.w3.org\/2000\/svg\" width=\"12\" height=\"12\" fill=\"none\" viewBox=\"0 0 12 12\">\n\t\t\t\t<path fill=\"#fff\" d=\"M2 0a2 2 0 0 0-2 2v2h1.5V2a.5.5 0 0 1 .5-.5h2V0H2Zm2 10.5H2a.5.5 0 0 1-.5-.5V8H0v2a2 2 0 0 0 2 2h2v-1.5ZM8 12v-1.5h2a.5.5 0 0 0 .5-.5V8H12v2a2 2 0 0 1-2 2H8Zm2-12a2 2 0 0 1 2 2v2h-1.5V2a.5.5 0 0 0-.5-.5H8V0h2Z\" \/>\n\t\t\t<\/svg>\n\t\t<\/button><\/figure>\n\n\n\n<figure data-wp-context=\"{&quot;imageId&quot;:&quot;69daca0b4bbac&quot;}\" data-wp-interactive=\"core\/image\" data-wp-key=\"69daca0b4bbac\" class=\"wp-block-image size-large wp-lightbox-container\"><img loading=\"lazy\" decoding=\"async\" width=\"768\" height=\"1024\" data-wp-class--hide=\"state.isContentHidden\" data-wp-class--show=\"state.isContentVisible\" data-wp-init=\"callbacks.setButtonStyles\" data-wp-on--click=\"actions.showLightbox\" data-wp-on--load=\"callbacks.setButtonStyles\" data-wp-on-window--resize=\"callbacks.setButtonStyles\" data-id=\"1538\" src=\"https:\/\/www.muzeum.klodzko.pl\/n\/wp-content\/uploads\/2025\/07\/Marianna-04-3-768x1024.jpg\" alt=\"\" class=\"wp-image-1538\" srcset=\"https:\/\/www.muzeum.klodzko.pl\/n\/wp-content\/uploads\/2025\/07\/Marianna-04-3-768x1024.jpg 768w, https:\/\/www.muzeum.klodzko.pl\/n\/wp-content\/uploads\/2025\/07\/Marianna-04-3-225x300.jpg 225w, https:\/\/www.muzeum.klodzko.pl\/n\/wp-content\/uploads\/2025\/07\/Marianna-04-3-1152x1536.jpg 1152w, https:\/\/www.muzeum.klodzko.pl\/n\/wp-content\/uploads\/2025\/07\/Marianna-04-3.jpg 1350w\" sizes=\"auto, (max-width: 768px) 100vw, 768px\" \/><button\n\t\t\tclass=\"lightbox-trigger\"\n\t\t\ttype=\"button\"\n\t\t\taria-haspopup=\"dialog\"\n\t\t\taria-label=\"Powi\u0119ksz\"\n\t\t\tdata-wp-init=\"callbacks.initTriggerButton\"\n\t\t\tdata-wp-on--click=\"actions.showLightbox\"\n\t\t\tdata-wp-style--right=\"state.imageButtonRight\"\n\t\t\tdata-wp-style--top=\"state.imageButtonTop\"\n\t\t>\n\t\t\t<svg xmlns=\"http:\/\/www.w3.org\/2000\/svg\" width=\"12\" height=\"12\" fill=\"none\" viewBox=\"0 0 12 12\">\n\t\t\t\t<path fill=\"#fff\" d=\"M2 0a2 2 0 0 0-2 2v2h1.5V2a.5.5 0 0 1 .5-.5h2V0H2Zm2 10.5H2a.5.5 0 0 1-.5-.5V8H0v2a2 2 0 0 0 2 2h2v-1.5ZM8 12v-1.5h2a.5.5 0 0 0 .5-.5V8H12v2a2 2 0 0 1-2 2H8Zm2-12a2 2 0 0 1 2 2v2h-1.5V2a.5.5 0 0 0-.5-.5H8V0h2Z\" \/>\n\t\t\t<\/svg>\n\t\t<\/button><\/figure>\n\n\n\n<figure data-wp-context=\"{&quot;imageId&quot;:&quot;69daca0b4bec5&quot;}\" data-wp-interactive=\"core\/image\" data-wp-key=\"69daca0b4bec5\" class=\"wp-block-image size-large wp-lightbox-container\"><img loading=\"lazy\" decoding=\"async\" width=\"768\" height=\"1024\" data-wp-class--hide=\"state.isContentHidden\" data-wp-class--show=\"state.isContentVisible\" data-wp-init=\"callbacks.setButtonStyles\" data-wp-on--click=\"actions.showLightbox\" data-wp-on--load=\"callbacks.setButtonStyles\" data-wp-on-window--resize=\"callbacks.setButtonStyles\" data-id=\"1541\" src=\"https:\/\/www.muzeum.klodzko.pl\/n\/wp-content\/uploads\/2025\/07\/Marianna-05-3-768x1024.jpg\" alt=\"\" class=\"wp-image-1541\" srcset=\"https:\/\/www.muzeum.klodzko.pl\/n\/wp-content\/uploads\/2025\/07\/Marianna-05-3-768x1024.jpg 768w, https:\/\/www.muzeum.klodzko.pl\/n\/wp-content\/uploads\/2025\/07\/Marianna-05-3-225x300.jpg 225w, https:\/\/www.muzeum.klodzko.pl\/n\/wp-content\/uploads\/2025\/07\/Marianna-05-3-1152x1536.jpg 1152w, https:\/\/www.muzeum.klodzko.pl\/n\/wp-content\/uploads\/2025\/07\/Marianna-05-3-1536x2048.jpg 1536w, https:\/\/www.muzeum.klodzko.pl\/n\/wp-content\/uploads\/2025\/07\/Marianna-05-3.jpg 1594w\" sizes=\"auto, (max-width: 768px) 100vw, 768px\" \/><button\n\t\t\tclass=\"lightbox-trigger\"\n\t\t\ttype=\"button\"\n\t\t\taria-haspopup=\"dialog\"\n\t\t\taria-label=\"Powi\u0119ksz\"\n\t\t\tdata-wp-init=\"callbacks.initTriggerButton\"\n\t\t\tdata-wp-on--click=\"actions.showLightbox\"\n\t\t\tdata-wp-style--right=\"state.imageButtonRight\"\n\t\t\tdata-wp-style--top=\"state.imageButtonTop\"\n\t\t>\n\t\t\t<svg xmlns=\"http:\/\/www.w3.org\/2000\/svg\" width=\"12\" height=\"12\" fill=\"none\" viewBox=\"0 0 12 12\">\n\t\t\t\t<path fill=\"#fff\" d=\"M2 0a2 2 0 0 0-2 2v2h1.5V2a.5.5 0 0 1 .5-.5h2V0H2Zm2 10.5H2a.5.5 0 0 1-.5-.5V8H0v2a2 2 0 0 0 2 2h2v-1.5ZM8 12v-1.5h2a.5.5 0 0 0 .5-.5V8H12v2a2 2 0 0 1-2 2H8Zm2-12a2 2 0 0 1 2 2v2h-1.5V2a.5.5 0 0 0-.5-.5H8V0h2Z\" \/>\n\t\t\t<\/svg>\n\t\t<\/button><\/figure>\n\n\n\n<figure data-wp-context=\"{&quot;imageId&quot;:&quot;69daca0b4c1f0&quot;}\" data-wp-interactive=\"core\/image\" data-wp-key=\"69daca0b4c1f0\" class=\"wp-block-image size-large wp-lightbox-container\"><img loading=\"lazy\" decoding=\"async\" width=\"768\" height=\"1024\" data-wp-class--hide=\"state.isContentHidden\" data-wp-class--show=\"state.isContentVisible\" data-wp-init=\"callbacks.setButtonStyles\" data-wp-on--click=\"actions.showLightbox\" data-wp-on--load=\"callbacks.setButtonStyles\" data-wp-on-window--resize=\"callbacks.setButtonStyles\" data-id=\"1540\" src=\"https:\/\/www.muzeum.klodzko.pl\/n\/wp-content\/uploads\/2025\/07\/Marianna-06-3-768x1024.jpg\" alt=\"\" class=\"wp-image-1540\" srcset=\"https:\/\/www.muzeum.klodzko.pl\/n\/wp-content\/uploads\/2025\/07\/Marianna-06-3-768x1024.jpg 768w, https:\/\/www.muzeum.klodzko.pl\/n\/wp-content\/uploads\/2025\/07\/Marianna-06-3-225x300.jpg 225w, https:\/\/www.muzeum.klodzko.pl\/n\/wp-content\/uploads\/2025\/07\/Marianna-06-3-1152x1536.jpg 1152w, https:\/\/www.muzeum.klodzko.pl\/n\/wp-content\/uploads\/2025\/07\/Marianna-06-3.jpg 1350w\" sizes=\"auto, (max-width: 768px) 100vw, 768px\" \/><button\n\t\t\tclass=\"lightbox-trigger\"\n\t\t\ttype=\"button\"\n\t\t\taria-haspopup=\"dialog\"\n\t\t\taria-label=\"Powi\u0119ksz\"\n\t\t\tdata-wp-init=\"callbacks.initTriggerButton\"\n\t\t\tdata-wp-on--click=\"actions.showLightbox\"\n\t\t\tdata-wp-style--right=\"state.imageButtonRight\"\n\t\t\tdata-wp-style--top=\"state.imageButtonTop\"\n\t\t>\n\t\t\t<svg xmlns=\"http:\/\/www.w3.org\/2000\/svg\" width=\"12\" height=\"12\" fill=\"none\" viewBox=\"0 0 12 12\">\n\t\t\t\t<path fill=\"#fff\" d=\"M2 0a2 2 0 0 0-2 2v2h1.5V2a.5.5 0 0 1 .5-.5h2V0H2Zm2 10.5H2a.5.5 0 0 1-.5-.5V8H0v2a2 2 0 0 0 2 2h2v-1.5ZM8 12v-1.5h2a.5.5 0 0 0 .5-.5V8H12v2a2 2 0 0 1-2 2H8Zm2-12a2 2 0 0 1 2 2v2h-1.5V2a.5.5 0 0 0-.5-.5H8V0h2Z\" \/>\n\t\t\t<\/svg>\n\t\t<\/button><\/figure>\n<\/figure>\n\n\n\n<p><\/p>\n","protected":false},"excerpt":{"rendered":"<p>Marianna Ora\u0144ska a Ziemia K\u0142odzka Wystawa planszowa opowiadaj\u0105ca o \u017cyciu i dzia\u0142alno\u015bci Kr\u00f3lewny . Marianna Ora\u0144ska, a dok\u0142adniej Wilhelmina Fryderyka Ludwika Charlotta z Oranje-Nassau. Urodzi\u0142a si\u0119 9 maja 1810 r. w Berlinie, by\u0142a c\u00f3rk\u0105 kr\u00f3la Niderland\u00f3w Wilhelma I (od 1815 r.) i jego pierwszej \u017cony, pruskiej kr\u00f3lewny Fryderyki Luizy Wilhelminy z domu Hohenzollern. By\u0142a jedn\u0105&hellip;&nbsp;<a href=\"https:\/\/www.muzeum.klodzko.pl\/n\/marianna-oranska-a-ziemia-klodzka\/\" rel=\"bookmark\">Dowiedz si\u0119 wi\u0119cej &raquo;<span class=\"screen-reader-text\">Marianna Ora\u0144ska a Ziemia K\u0142odzka<\/span><\/a><\/p>\n","protected":false},"author":3,"featured_media":1509,"parent":0,"menu_order":0,"comment_status":"closed","ping_status":"closed","template":"","meta":{"neve_meta_sidebar":"","neve_meta_container":"","neve_meta_enable_content_width":"","neve_meta_content_width":0,"neve_meta_title_alignment":"","neve_meta_author_avatar":"","neve_post_elements_order":"","neve_meta_disable_header":"","neve_meta_disable_footer":"","neve_meta_disable_title":"","footnotes":""},"class_list":["post-1508","page","type-page","status-publish","has-post-thumbnail","hentry"],"_links":{"self":[{"href":"https:\/\/www.muzeum.klodzko.pl\/n\/wp-json\/wp\/v2\/pages\/1508","targetHints":{"allow":["GET"]}}],"collection":[{"href":"https:\/\/www.muzeum.klodzko.pl\/n\/wp-json\/wp\/v2\/pages"}],"about":[{"href":"https:\/\/www.muzeum.klodzko.pl\/n\/wp-json\/wp\/v2\/types\/page"}],"author":[{"embeddable":true,"href":"https:\/\/www.muzeum.klodzko.pl\/n\/wp-json\/wp\/v2\/users\/3"}],"replies":[{"embeddable":true,"href":"https:\/\/www.muzeum.klodzko.pl\/n\/wp-json\/wp\/v2\/comments?post=1508"}],"version-history":[{"count":11,"href":"https:\/\/www.muzeum.klodzko.pl\/n\/wp-json\/wp\/v2\/pages\/1508\/revisions"}],"predecessor-version":[{"id":1579,"href":"https:\/\/www.muzeum.klodzko.pl\/n\/wp-json\/wp\/v2\/pages\/1508\/revisions\/1579"}],"wp:featuredmedia":[{"embeddable":true,"href":"https:\/\/www.muzeum.klodzko.pl\/n\/wp-json\/wp\/v2\/media\/1509"}],"wp:attachment":[{"href":"https:\/\/www.muzeum.klodzko.pl\/n\/wp-json\/wp\/v2\/media?parent=1508"}],"curies":[{"name":"wp","href":"https:\/\/api.w.org\/{rel}","templated":true}]}}