{"id":1553,"date":"2025-07-03T14:05:40","date_gmt":"2025-07-03T12:05:40","guid":{"rendered":"https:\/\/www.muzeum.klodzko.pl\/n\/?page_id=1553"},"modified":"2025-07-03T15:16:56","modified_gmt":"2025-07-03T13:16:56","slug":"muzykujace-anioly","status":"publish","type":"page","link":"https:\/\/www.muzeum.klodzko.pl\/n\/muzykujace-anioly\/","title":{"rendered":"Muzykuj\u0105ce anio\u0142y"},"content":{"rendered":"\n<p>Wystawa planszowa po\u015bwi\u0119cona tw\u00f3rczo\u015bci rze\u017abiarskiej Michaela Klahra Starszego. Na ekspozycji mo\u017cna zobaczy\u0107 fotografie <strong><em>O\u0142tarza z muzykuj\u0105cymi anio\u0142ami<\/em><\/strong>  b\u0119d\u0105cego pierwotne wyposa\u017ceniem krosnowickiej kaplicy pa\u0142acowej oraz <strong><em>Prospektu organowego w ko\u015bciele Wniebowzi\u0119cia NMP<\/em><\/strong>  w K\u0142odzku.<br><br><br><strong>Micha\u0142 Klahr Starszy, <em>O\u0142tarz z muzykuj\u0105cymi anio\u0142ami<\/em><\/strong> <br>drewno niepolichromowane, rze\u017abienie, wys. 532 cm; szer. 314 cm; g\u0142. 180 cm <br><br>Najokazalszy zabytek znajduj\u0105cy si\u0119 w kaplicy pw. \u015bw. Micha\u0142a w Zamku Pieskowa Ska\u0142a &#8211; oddziale Zamku Kr\u00f3lewskiego na Wawelu. Jego zasadniczym elementem jest bogata kompozycja rze\u017abiarska, przedstawiaj\u0105ca muzykuj\u0105ce anio\u0142y wraz z centralnie usytuowan\u0105, utworzon\u0105 z ob\u0142ok\u00f3w i promieni glori\u0105. Ca\u0142o\u015b\u0107 zwie\u0144czona jest Tr\u00f3jc\u0105 \u015awi\u0119t\u0105 w otoczeniu g\u0142\u00f3wek putt i k\u0142\u0119b\u00f3w chmur. <br><br>Dzi\u0119ki odnalezieniu w 2021 roku archiwalnego zdj\u0119cia, o\u0142tarz zidentyfikowano jako pochodz\u0105cy z Krosnowic. Stanowi\u0142 pierwotne wyposa\u017cenie krosnowickiej kaplicy pa\u0142acowej (1729-1730), sk\u0105d w 1954 roku lub nied\u0142ugo p\u00f3\u017aniej, przewieziono go na Wawel. Zrekonstruowana historia i analiza wskazuj\u0105 na to, \u017ce powsta\u0142 ok. 1725 roku i nale\u017cy go przypisa\u0107 Micha\u0142owi Klahrowi Starszemu (1693-1742), wybitnemu barokowemu rze\u017abiarzowi dzia\u0142aj\u0105cemu na Ziemi K\u0142odzkiej. Artysta ten \u0142\u0105czy\u0142 wp\u0142ywy sztuki praskiej i lokalnych o\u015brodk\u00f3w, przez co stworzy\u0142 w\u0142asn\u0105, oryginaln\u0105 form\u0119. Zwi\u0105zki Micha\u0142a Klahra Starszego z Krosnowicami s\u0105 niezwykle trwa\u0142e, jego autorstwa s\u0105 r\u00f3wnie\u017c dwa o\u0142tarze boczne znajduj\u0105ce si\u0119 w ko\u015bciele parafialnym: o\u0142tarz Tr\u00f3jcy \u015aw. i \u015bw. Wawrzy\u0144ca.<br><br><em>Joanna S\u0119dziwy, kustosz, kurator zbior\u00f3w rze\u017aby Zamek Kr\u00f3lewski na Wawelu<\/em><\/p>\n\n\n\n<p>Foto: Tomasz \u015aliwi\u0144ski, 2024 r., w\u0142asno\u015b\u0107: Zamek Kr\u00f3lewski na Wawelu &#8211; Pa\u0144stwowe Zbiory Sztuki  <\/p>\n\n\n\n<div class=\"wp-block-group is-vertical is-layout-flex wp-container-core-group-is-layout-8cf370e7 wp-block-group-is-layout-flex\">\n<figure class=\"wp-block-gallery has-nested-images columns-default is-cropped wp-block-gallery-1 is-layout-flex wp-block-gallery-is-layout-flex\"><div class=\"wp-block-image\">\n<figure data-wp-context=\"{&quot;imageId&quot;:&quot;69dacdd99799d&quot;}\" data-wp-interactive=\"core\/image\" data-wp-key=\"69dacdd99799d\" class=\"alignleft size-large wp-lightbox-container\"><img loading=\"lazy\" decoding=\"async\" width=\"1024\" height=\"623\" data-wp-class--hide=\"state.isContentHidden\" data-wp-class--show=\"state.isContentVisible\" data-wp-init=\"callbacks.setButtonStyles\" data-wp-on--click=\"actions.showLightbox\" data-wp-on--load=\"callbacks.setButtonStyles\" data-wp-on-window--resize=\"callbacks.setButtonStyles\" data-id=\"1562\" src=\"https:\/\/www.muzeum.klodzko.pl\/n\/wp-content\/uploads\/2025\/07\/Krosnowice-01m-1024x623.jpg\" alt=\"\" class=\"wp-image-1562\" srcset=\"https:\/\/www.muzeum.klodzko.pl\/n\/wp-content\/uploads\/2025\/07\/Krosnowice-01m-1024x623.jpg 1024w, https:\/\/www.muzeum.klodzko.pl\/n\/wp-content\/uploads\/2025\/07\/Krosnowice-01m-300x182.jpg 300w, https:\/\/www.muzeum.klodzko.pl\/n\/wp-content\/uploads\/2025\/07\/Krosnowice-01m-768x467.jpg 768w, https:\/\/www.muzeum.klodzko.pl\/n\/wp-content\/uploads\/2025\/07\/Krosnowice-01m-1536x934.jpg 1536w, https:\/\/www.muzeum.klodzko.pl\/n\/wp-content\/uploads\/2025\/07\/Krosnowice-01m-2048x1245.jpg 2048w\" sizes=\"auto, (max-width: 1024px) 100vw, 1024px\" \/><button\n\t\t\tclass=\"lightbox-trigger\"\n\t\t\ttype=\"button\"\n\t\t\taria-haspopup=\"dialog\"\n\t\t\taria-label=\"Powi\u0119ksz\"\n\t\t\tdata-wp-init=\"callbacks.initTriggerButton\"\n\t\t\tdata-wp-on--click=\"actions.showLightbox\"\n\t\t\tdata-wp-style--right=\"state.imageButtonRight\"\n\t\t\tdata-wp-style--top=\"state.imageButtonTop\"\n\t\t>\n\t\t\t<svg xmlns=\"http:\/\/www.w3.org\/2000\/svg\" width=\"12\" height=\"12\" fill=\"none\" viewBox=\"0 0 12 12\">\n\t\t\t\t<path fill=\"#fff\" d=\"M2 0a2 2 0 0 0-2 2v2h1.5V2a.5.5 0 0 1 .5-.5h2V0H2Zm2 10.5H2a.5.5 0 0 1-.5-.5V8H0v2a2 2 0 0 0 2 2h2v-1.5ZM8 12v-1.5h2a.5.5 0 0 0 .5-.5V8H12v2a2 2 0 0 1-2 2H8Zm2-12a2 2 0 0 1 2 2v2h-1.5V2a.5.5 0 0 0-.5-.5H8V0h2Z\" \/>\n\t\t\t<\/svg>\n\t\t<\/button><\/figure>\n<\/div>\n\n<div class=\"wp-block-image\">\n<figure data-wp-context=\"{&quot;imageId&quot;:&quot;69dacdd997e83&quot;}\" data-wp-interactive=\"core\/image\" data-wp-key=\"69dacdd997e83\" class=\"alignleft size-large wp-lightbox-container\"><img loading=\"lazy\" decoding=\"async\" width=\"767\" height=\"1024\" data-wp-class--hide=\"state.isContentHidden\" data-wp-class--show=\"state.isContentVisible\" data-wp-init=\"callbacks.setButtonStyles\" data-wp-on--click=\"actions.showLightbox\" data-wp-on--load=\"callbacks.setButtonStyles\" data-wp-on-window--resize=\"callbacks.setButtonStyles\" data-id=\"1564\" src=\"https:\/\/www.muzeum.klodzko.pl\/n\/wp-content\/uploads\/2025\/07\/Krosnowice-03m-767x1024.jpg\" alt=\"\" class=\"wp-image-1564\" srcset=\"https:\/\/www.muzeum.klodzko.pl\/n\/wp-content\/uploads\/2025\/07\/Krosnowice-03m-767x1024.jpg 767w, https:\/\/www.muzeum.klodzko.pl\/n\/wp-content\/uploads\/2025\/07\/Krosnowice-03m-225x300.jpg 225w, https:\/\/www.muzeum.klodzko.pl\/n\/wp-content\/uploads\/2025\/07\/Krosnowice-03m-768x1025.jpg 768w, https:\/\/www.muzeum.klodzko.pl\/n\/wp-content\/uploads\/2025\/07\/Krosnowice-03m-1151x1536.jpg 1151w, https:\/\/www.muzeum.klodzko.pl\/n\/wp-content\/uploads\/2025\/07\/Krosnowice-03m.jpg 1349w\" sizes=\"auto, (max-width: 767px) 100vw, 767px\" \/><button\n\t\t\tclass=\"lightbox-trigger\"\n\t\t\ttype=\"button\"\n\t\t\taria-haspopup=\"dialog\"\n\t\t\taria-label=\"Powi\u0119ksz\"\n\t\t\tdata-wp-init=\"callbacks.initTriggerButton\"\n\t\t\tdata-wp-on--click=\"actions.showLightbox\"\n\t\t\tdata-wp-style--right=\"state.imageButtonRight\"\n\t\t\tdata-wp-style--top=\"state.imageButtonTop\"\n\t\t>\n\t\t\t<svg xmlns=\"http:\/\/www.w3.org\/2000\/svg\" width=\"12\" height=\"12\" fill=\"none\" viewBox=\"0 0 12 12\">\n\t\t\t\t<path fill=\"#fff\" d=\"M2 0a2 2 0 0 0-2 2v2h1.5V2a.5.5 0 0 1 .5-.5h2V0H2Zm2 10.5H2a.5.5 0 0 1-.5-.5V8H0v2a2 2 0 0 0 2 2h2v-1.5ZM8 12v-1.5h2a.5.5 0 0 0 .5-.5V8H12v2a2 2 0 0 1-2 2H8Zm2-12a2 2 0 0 1 2 2v2h-1.5V2a.5.5 0 0 0-.5-.5H8V0h2Z\" \/>\n\t\t\t<\/svg>\n\t\t<\/button><\/figure>\n<\/div>\n\n<div class=\"wp-block-image\">\n<figure data-wp-context=\"{&quot;imageId&quot;:&quot;69dacdd99831d&quot;}\" data-wp-interactive=\"core\/image\" data-wp-key=\"69dacdd99831d\" class=\"alignleft size-large wp-lightbox-container\"><img loading=\"lazy\" decoding=\"async\" width=\"1024\" height=\"717\" data-wp-class--hide=\"state.isContentHidden\" data-wp-class--show=\"state.isContentVisible\" data-wp-init=\"callbacks.setButtonStyles\" data-wp-on--click=\"actions.showLightbox\" data-wp-on--load=\"callbacks.setButtonStyles\" data-wp-on-window--resize=\"callbacks.setButtonStyles\" data-id=\"1563\" src=\"https:\/\/www.muzeum.klodzko.pl\/n\/wp-content\/uploads\/2025\/07\/Krosnowice-02-strona-1024x717.jpg\" alt=\"\" class=\"wp-image-1563\" srcset=\"https:\/\/www.muzeum.klodzko.pl\/n\/wp-content\/uploads\/2025\/07\/Krosnowice-02-strona-1024x717.jpg 1024w, https:\/\/www.muzeum.klodzko.pl\/n\/wp-content\/uploads\/2025\/07\/Krosnowice-02-strona-300x210.jpg 300w, https:\/\/www.muzeum.klodzko.pl\/n\/wp-content\/uploads\/2025\/07\/Krosnowice-02-strona-768x538.jpg 768w, https:\/\/www.muzeum.klodzko.pl\/n\/wp-content\/uploads\/2025\/07\/Krosnowice-02-strona-1536x1076.jpg 1536w, https:\/\/www.muzeum.klodzko.pl\/n\/wp-content\/uploads\/2025\/07\/Krosnowice-02-strona.jpg 1800w\" sizes=\"auto, (max-width: 1024px) 100vw, 1024px\" \/><button\n\t\t\tclass=\"lightbox-trigger\"\n\t\t\ttype=\"button\"\n\t\t\taria-haspopup=\"dialog\"\n\t\t\taria-label=\"Powi\u0119ksz\"\n\t\t\tdata-wp-init=\"callbacks.initTriggerButton\"\n\t\t\tdata-wp-on--click=\"actions.showLightbox\"\n\t\t\tdata-wp-style--right=\"state.imageButtonRight\"\n\t\t\tdata-wp-style--top=\"state.imageButtonTop\"\n\t\t>\n\t\t\t<svg xmlns=\"http:\/\/www.w3.org\/2000\/svg\" width=\"12\" height=\"12\" fill=\"none\" viewBox=\"0 0 12 12\">\n\t\t\t\t<path fill=\"#fff\" d=\"M2 0a2 2 0 0 0-2 2v2h1.5V2a.5.5 0 0 1 .5-.5h2V0H2Zm2 10.5H2a.5.5 0 0 1-.5-.5V8H0v2a2 2 0 0 0 2 2h2v-1.5ZM8 12v-1.5h2a.5.5 0 0 0 .5-.5V8H12v2a2 2 0 0 1-2 2H8Zm2-12a2 2 0 0 1 2 2v2h-1.5V2a.5.5 0 0 0-.5-.5H8V0h2Z\" \/>\n\t\t\t<\/svg>\n\t\t<\/button><\/figure>\n<\/div><\/figure>\n<\/div>\n\n\n\n<p><\/p>\n\n\n\n<p><\/p>\n\n\n\n<p><strong>Micha\u0142 Klahr Starszy, <em>Prospekt organowy w ko\u015bciele Wniebowzi\u0119cia NMP<\/em><\/strong>  w K\u0142odzku<br>datowany na lata 1722-1724, drewno lipowe, rze\u017aba pe\u0142noplastyczna, zaprawa kredowo-klejowa, warstwy malarskie, polichromia: bia\u0142a warstwa malarska, detale stroju i harfy z\u0142ote. Dekoracja: osiem figur, dwadzie\u015bcia sze\u015b\u0107 putt, dwana\u015bcie g\u0142\u00f3wek anielskich oraz osiem kapiteli. <br><br>W 1725 r. ko\u015bci\u00f3\u0142 zosta\u0142 wyposa\u017cony w nowe organy zbudowane przez organmistrza Antoniego Streita, zast\u0119puj\u0105c tym samym wcze\u015bniejsze dzie\u0142o jezuity Adama Tilla z 1644 r. Szafa organowa zosta\u0142a wykonana przez miejskiego stolarza Thomasa Frantza Bergera. Dekoracj\u0119 rze\u017abiarsk\u0105 wykona\u0142 Micha\u0142 Klahr Starszy (sygnatura,,M.K. 1723&#8243; na podstawie violi da gamba), a za z\u0142ocenia malarz Samuel Joseph Schwerck.  <br><br>Centraln\u0105 cz\u0119\u015b\u0107 umieszczonego od zachodu dwudzielnego prospektu organowego stanowi gotyckie okno, od kt\u00f3rego kulisowo przechodz\u0105 na \u015bciany nawy g\u0142\u00f3wnej rytmicznie wysuwaj\u0105ce i cofaj\u0105ce si\u0119 rz\u0119dy piszcza\u0142ek, ustawione na wysokim cokole. Rozcz\u0142onkowano je spiralnymi i prostymi kolumnami kompozytowymi, ustawionymi na d\u017awiganym przez putta profilowanym gzymsie i podtrzymuj\u0105cymi odcinki gierowanego belkowania. Skrajne wie\u017ce basowe ujmuj\u0105 dwa anio\u0142y kariatydy.  <br><br>Zwie\u0144czenie instrumentu zdobi bogata dekoracja figuralna, na kt\u00f3r\u0105 sk\u0142adaj\u0105 si\u0119 patronowie muzyki ko\u015bcielnej &#8211; kr\u00f3l Dawid z harf\u0105 i \u015bw. Cecylia z organami &#8211; oraz anio\u0142owie graj\u0105cy na rozmaitych instrumentach. Po stronie po\u0142udniowej umieszczono g\u0142\u00f3wnie instrumenty d\u0119te i blaszane, po stronie p\u00f3\u0142nocnej strunowe. Ca\u0142o\u015b\u0107 dope\u0142niaj\u0105 liczne putta i g\u0142\u00f3wki anielskie. Rze\u017abie figuralnej towarzyszy bogata ornamentyka ro\u015blinna. Wszystkie rze\u017aby tworz\u0105 popularny w epoce baroku motyw niebia\u0144skiej orkiestry, symbolicznego przedstawienia harmonii rz\u0105dz\u0105cej w Niebie, niebia\u0144skiej liturgii i \u015bpiewu na cze\u015b\u0107 Boga. Organy uleg\u0142y uszkodzeniu podczas burzy w roku 1740. Podczas naprawy (ok. 1776 r.) dokonano kilku przer\u00f3bek, zmieniaj\u0105c uk\u0142ad dekoracji rze\u017abiarskiej, og\u00f3lna struktura prospektu nie uleg\u0142a zmianie. <br><br>Obecne organy w ko\u015bciele ojc\u00f3w jezuit\u00f3w w K\u0142odzku wybudowa\u0142a \u015bwidnicka firma Schlag und S\u00f6hne w 1876 r. <br><br><em>Klaudia Adamczyk, <\/em><br><br>Foto: OSP K\u0142odzko, 2025 r. <\/p>\n\n\n\n<figure class=\"wp-block-gallery has-nested-images columns-default is-cropped wp-block-gallery-2 is-layout-flex wp-block-gallery-is-layout-flex\"><div class=\"wp-block-image\">\n<figure data-wp-context=\"{&quot;imageId&quot;:&quot;69dacdd998d97&quot;}\" data-wp-interactive=\"core\/image\" data-wp-key=\"69dacdd998d97\" class=\"alignleft size-large wp-lightbox-container\"><img loading=\"lazy\" decoding=\"async\" width=\"1024\" height=\"546\" data-wp-class--hide=\"state.isContentHidden\" data-wp-class--show=\"state.isContentVisible\" data-wp-init=\"callbacks.setButtonStyles\" data-wp-on--click=\"actions.showLightbox\" data-wp-on--load=\"callbacks.setButtonStyles\" data-wp-on-window--resize=\"callbacks.setButtonStyles\" data-id=\"1565\" src=\"https:\/\/www.muzeum.klodzko.pl\/n\/wp-content\/uploads\/2025\/07\/Klodzko-01m-1024x546.jpg\" alt=\"\" class=\"wp-image-1565\" srcset=\"https:\/\/www.muzeum.klodzko.pl\/n\/wp-content\/uploads\/2025\/07\/Klodzko-01m-1024x546.jpg 1024w, https:\/\/www.muzeum.klodzko.pl\/n\/wp-content\/uploads\/2025\/07\/Klodzko-01m-300x160.jpg 300w, https:\/\/www.muzeum.klodzko.pl\/n\/wp-content\/uploads\/2025\/07\/Klodzko-01m-768x409.jpg 768w, https:\/\/www.muzeum.klodzko.pl\/n\/wp-content\/uploads\/2025\/07\/Klodzko-01m-1536x818.jpg 1536w, https:\/\/www.muzeum.klodzko.pl\/n\/wp-content\/uploads\/2025\/07\/Klodzko-01m.jpg 1800w\" sizes=\"auto, (max-width: 1024px) 100vw, 1024px\" \/><button\n\t\t\tclass=\"lightbox-trigger\"\n\t\t\ttype=\"button\"\n\t\t\taria-haspopup=\"dialog\"\n\t\t\taria-label=\"Powi\u0119ksz\"\n\t\t\tdata-wp-init=\"callbacks.initTriggerButton\"\n\t\t\tdata-wp-on--click=\"actions.showLightbox\"\n\t\t\tdata-wp-style--right=\"state.imageButtonRight\"\n\t\t\tdata-wp-style--top=\"state.imageButtonTop\"\n\t\t>\n\t\t\t<svg xmlns=\"http:\/\/www.w3.org\/2000\/svg\" width=\"12\" height=\"12\" fill=\"none\" viewBox=\"0 0 12 12\">\n\t\t\t\t<path fill=\"#fff\" d=\"M2 0a2 2 0 0 0-2 2v2h1.5V2a.5.5 0 0 1 .5-.5h2V0H2Zm2 10.5H2a.5.5 0 0 1-.5-.5V8H0v2a2 2 0 0 0 2 2h2v-1.5ZM8 12v-1.5h2a.5.5 0 0 0 .5-.5V8H12v2a2 2 0 0 1-2 2H8Zm2-12a2 2 0 0 1 2 2v2h-1.5V2a.5.5 0 0 0-.5-.5H8V0h2Z\" \/>\n\t\t\t<\/svg>\n\t\t<\/button><\/figure>\n<\/div>\n\n\n<figure data-wp-context=\"{&quot;imageId&quot;:&quot;69dacdd9991fb&quot;}\" data-wp-interactive=\"core\/image\" data-wp-key=\"69dacdd9991fb\" class=\"wp-block-image size-large wp-lightbox-container\"><img loading=\"lazy\" decoding=\"async\" width=\"711\" height=\"1024\" data-wp-class--hide=\"state.isContentHidden\" data-wp-class--show=\"state.isContentVisible\" data-wp-init=\"callbacks.setButtonStyles\" data-wp-on--click=\"actions.showLightbox\" data-wp-on--load=\"callbacks.setButtonStyles\" data-wp-on-window--resize=\"callbacks.setButtonStyles\" data-id=\"1566\" src=\"https:\/\/www.muzeum.klodzko.pl\/n\/wp-content\/uploads\/2025\/07\/Klodzko-02m-711x1024.jpg\" alt=\"\" class=\"wp-image-1566\" srcset=\"https:\/\/www.muzeum.klodzko.pl\/n\/wp-content\/uploads\/2025\/07\/Klodzko-02m-711x1024.jpg 711w, https:\/\/www.muzeum.klodzko.pl\/n\/wp-content\/uploads\/2025\/07\/Klodzko-02m-208x300.jpg 208w, https:\/\/www.muzeum.klodzko.pl\/n\/wp-content\/uploads\/2025\/07\/Klodzko-02m-768x1107.jpg 768w, https:\/\/www.muzeum.klodzko.pl\/n\/wp-content\/uploads\/2025\/07\/Klodzko-02m-1066x1536.jpg 1066w, https:\/\/www.muzeum.klodzko.pl\/n\/wp-content\/uploads\/2025\/07\/Klodzko-02m.jpg 1249w\" sizes=\"auto, (max-width: 711px) 100vw, 711px\" \/><button\n\t\t\tclass=\"lightbox-trigger\"\n\t\t\ttype=\"button\"\n\t\t\taria-haspopup=\"dialog\"\n\t\t\taria-label=\"Powi\u0119ksz\"\n\t\t\tdata-wp-init=\"callbacks.initTriggerButton\"\n\t\t\tdata-wp-on--click=\"actions.showLightbox\"\n\t\t\tdata-wp-style--right=\"state.imageButtonRight\"\n\t\t\tdata-wp-style--top=\"state.imageButtonTop\"\n\t\t>\n\t\t\t<svg xmlns=\"http:\/\/www.w3.org\/2000\/svg\" width=\"12\" height=\"12\" fill=\"none\" viewBox=\"0 0 12 12\">\n\t\t\t\t<path fill=\"#fff\" d=\"M2 0a2 2 0 0 0-2 2v2h1.5V2a.5.5 0 0 1 .5-.5h2V0H2Zm2 10.5H2a.5.5 0 0 1-.5-.5V8H0v2a2 2 0 0 0 2 2h2v-1.5ZM8 12v-1.5h2a.5.5 0 0 0 .5-.5V8H12v2a2 2 0 0 1-2 2H8Zm2-12a2 2 0 0 1 2 2v2h-1.5V2a.5.5 0 0 0-.5-.5H8V0h2Z\" \/>\n\t\t\t<\/svg>\n\t\t<\/button><\/figure>\n\n\n\n<figure data-wp-context=\"{&quot;imageId&quot;:&quot;69dacdd999618&quot;}\" data-wp-interactive=\"core\/image\" data-wp-key=\"69dacdd999618\" class=\"wp-block-image size-large wp-lightbox-container\"><img loading=\"lazy\" decoding=\"async\" width=\"657\" height=\"1024\" data-wp-class--hide=\"state.isContentHidden\" data-wp-class--show=\"state.isContentVisible\" data-wp-init=\"callbacks.setButtonStyles\" data-wp-on--click=\"actions.showLightbox\" data-wp-on--load=\"callbacks.setButtonStyles\" data-wp-on-window--resize=\"callbacks.setButtonStyles\" data-id=\"1567\" src=\"https:\/\/www.muzeum.klodzko.pl\/n\/wp-content\/uploads\/2025\/07\/Klodzko-03m-657x1024.jpg\" alt=\"\" class=\"wp-image-1567\" srcset=\"https:\/\/www.muzeum.klodzko.pl\/n\/wp-content\/uploads\/2025\/07\/Klodzko-03m-657x1024.jpg 657w, https:\/\/www.muzeum.klodzko.pl\/n\/wp-content\/uploads\/2025\/07\/Klodzko-03m-193x300.jpg 193w, https:\/\/www.muzeum.klodzko.pl\/n\/wp-content\/uploads\/2025\/07\/Klodzko-03m-768x1197.jpg 768w, https:\/\/www.muzeum.klodzko.pl\/n\/wp-content\/uploads\/2025\/07\/Klodzko-03m-986x1536.jpg 986w, https:\/\/www.muzeum.klodzko.pl\/n\/wp-content\/uploads\/2025\/07\/Klodzko-03m.jpg 1155w\" sizes=\"auto, (max-width: 657px) 100vw, 657px\" \/><button\n\t\t\tclass=\"lightbox-trigger\"\n\t\t\ttype=\"button\"\n\t\t\taria-haspopup=\"dialog\"\n\t\t\taria-label=\"Powi\u0119ksz\"\n\t\t\tdata-wp-init=\"callbacks.initTriggerButton\"\n\t\t\tdata-wp-on--click=\"actions.showLightbox\"\n\t\t\tdata-wp-style--right=\"state.imageButtonRight\"\n\t\t\tdata-wp-style--top=\"state.imageButtonTop\"\n\t\t>\n\t\t\t<svg xmlns=\"http:\/\/www.w3.org\/2000\/svg\" width=\"12\" height=\"12\" fill=\"none\" viewBox=\"0 0 12 12\">\n\t\t\t\t<path fill=\"#fff\" d=\"M2 0a2 2 0 0 0-2 2v2h1.5V2a.5.5 0 0 1 .5-.5h2V0H2Zm2 10.5H2a.5.5 0 0 1-.5-.5V8H0v2a2 2 0 0 0 2 2h2v-1.5ZM8 12v-1.5h2a.5.5 0 0 0 .5-.5V8H12v2a2 2 0 0 1-2 2H8Zm2-12a2 2 0 0 1 2 2v2h-1.5V2a.5.5 0 0 0-.5-.5H8V0h2Z\" \/>\n\t\t\t<\/svg>\n\t\t<\/button><\/figure>\n<\/figure>\n\n\n\n<p><\/p>\n","protected":false},"excerpt":{"rendered":"<p>Wystawa planszowa po\u015bwi\u0119cona tw\u00f3rczo\u015bci rze\u017abiarskiej Michaela Klahra Starszego. Na ekspozycji mo\u017cna zobaczy\u0107 fotografie O\u0142tarza z muzykuj\u0105cymi anio\u0142ami b\u0119d\u0105cego pierwotne wyposa\u017ceniem krosnowickiej kaplicy pa\u0142acowej oraz Prospektu organowego w ko\u015bciele Wniebowzi\u0119cia NMP w K\u0142odzku. Micha\u0142 Klahr Starszy, O\u0142tarz z muzykuj\u0105cymi anio\u0142ami drewno niepolichromowane, rze\u017abienie, wys. 532 cm; szer. 314 cm; g\u0142. 180 cm Najokazalszy zabytek znajduj\u0105cy si\u0119&hellip;&nbsp;<a href=\"https:\/\/www.muzeum.klodzko.pl\/n\/muzykujace-anioly\/\" rel=\"bookmark\">Dowiedz si\u0119 wi\u0119cej &raquo;<span class=\"screen-reader-text\">Muzykuj\u0105ce anio\u0142y<\/span><\/a><\/p>\n","protected":false},"author":3,"featured_media":1562,"parent":0,"menu_order":0,"comment_status":"closed","ping_status":"closed","template":"","meta":{"neve_meta_sidebar":"","neve_meta_container":"","neve_meta_enable_content_width":"","neve_meta_content_width":0,"neve_meta_title_alignment":"","neve_meta_author_avatar":"","neve_post_elements_order":"","neve_meta_disable_header":"","neve_meta_disable_footer":"","neve_meta_disable_title":"","footnotes":""},"class_list":["post-1553","page","type-page","status-publish","has-post-thumbnail","hentry"],"_links":{"self":[{"href":"https:\/\/www.muzeum.klodzko.pl\/n\/wp-json\/wp\/v2\/pages\/1553","targetHints":{"allow":["GET"]}}],"collection":[{"href":"https:\/\/www.muzeum.klodzko.pl\/n\/wp-json\/wp\/v2\/pages"}],"about":[{"href":"https:\/\/www.muzeum.klodzko.pl\/n\/wp-json\/wp\/v2\/types\/page"}],"author":[{"embeddable":true,"href":"https:\/\/www.muzeum.klodzko.pl\/n\/wp-json\/wp\/v2\/users\/3"}],"replies":[{"embeddable":true,"href":"https:\/\/www.muzeum.klodzko.pl\/n\/wp-json\/wp\/v2\/comments?post=1553"}],"version-history":[{"count":9,"href":"https:\/\/www.muzeum.klodzko.pl\/n\/wp-json\/wp\/v2\/pages\/1553\/revisions"}],"predecessor-version":[{"id":1578,"href":"https:\/\/www.muzeum.klodzko.pl\/n\/wp-json\/wp\/v2\/pages\/1553\/revisions\/1578"}],"wp:featuredmedia":[{"embeddable":true,"href":"https:\/\/www.muzeum.klodzko.pl\/n\/wp-json\/wp\/v2\/media\/1562"}],"wp:attachment":[{"href":"https:\/\/www.muzeum.klodzko.pl\/n\/wp-json\/wp\/v2\/media?parent=1553"}],"curies":[{"name":"wp","href":"https:\/\/api.w.org\/{rel}","templated":true}]}}