{"id":1671,"date":"2025-07-29T11:54:42","date_gmt":"2025-07-29T09:54:42","guid":{"rendered":"https:\/\/www.muzeum.klodzko.pl\/n\/?page_id=1671"},"modified":"2026-04-21T10:50:30","modified_gmt":"2026-04-21T08:50:30","slug":"zdjecia-wydarzen","status":"publish","type":"page","link":"https:\/\/www.muzeum.klodzko.pl\/n\/zdjecia-wydarzen\/","title":{"rendered":"Zdj\u0119cia z wydarze\u0144"},"content":{"rendered":"\n<p>.<\/p>\n\n\n\n<figure class=\"wp-block-image size-large\"><img loading=\"lazy\" decoding=\"async\" width=\"1024\" height=\"189\" src=\"https:\/\/www.muzeum.klodzko.pl\/n\/wp-content\/uploads\/2026\/01\/2026-belka-1024x189.jpg\" alt=\"\" class=\"wp-image-3298\" srcset=\"https:\/\/www.muzeum.klodzko.pl\/n\/wp-content\/uploads\/2026\/01\/2026-belka-1024x189.jpg 1024w, https:\/\/www.muzeum.klodzko.pl\/n\/wp-content\/uploads\/2026\/01\/2026-belka-300x55.jpg 300w, https:\/\/www.muzeum.klodzko.pl\/n\/wp-content\/uploads\/2026\/01\/2026-belka-150x28.jpg 150w, https:\/\/www.muzeum.klodzko.pl\/n\/wp-content\/uploads\/2026\/01\/2026-belka-768x142.jpg 768w, https:\/\/www.muzeum.klodzko.pl\/n\/wp-content\/uploads\/2026\/01\/2026-belka-1536x283.jpg 1536w, https:\/\/www.muzeum.klodzko.pl\/n\/wp-content\/uploads\/2026\/01\/2026-belka-2048x378.jpg 2048w\" sizes=\"auto, (max-width: 1024px) 100vw, 1024px\" \/><\/figure>\n\n\n\n<ul class=\"wp-block-list\">\n<li>.<\/li>\n\n\n\n<li><a href=\"https:\/\/www.muzeum.klodzko.pl\/n\/prelekcja-anety-marek-swiety-jan-nepomucen-jego-kult-i-zwiazki-z-ziemia-klodzka-17-kwietnia-2026\/\" target=\"_blank\" rel=\"noreferrer noopener\">Prelekcja <strong>Anety Marek<\/strong> \u2013<strong><em> \u015awi\u0119ty Jan Nepomucen, jego kult i zwi\u0105zki z ziemi\u0105 k\u0142odzk\u0105<\/em><\/strong> \u2013 17 kwietnia 2026<\/a><\/li>\n\n\n\n<li><a href=\"https:\/\/www.facebook.com\/share\/r\/1Edq4Q4j1M\/\" data-type=\"link\" data-id=\"https:\/\/www.facebook.com\/share\/r\/1Edq4Q4j1M\/\" target=\"_blank\" rel=\"noreferrer noopener\"><strong><em>Woda Zwierciad\u0142em Nieba<\/em><\/strong> &#8211; <strong>Dariusz Kaca<\/strong> i <strong>Agata Nowak<\/strong>  &#8211; relacja K\u0142odzko Land<\/a><\/li>\n\n\n\n<li><a href=\"https:\/\/www.muzeum.klodzko.pl\/n\/z-klodzka-do-gwiazd-gitariada-8-kwietnia-2026\/\" data-type=\"link\" data-id=\"https:\/\/www.muzeum.klodzko.pl\/n\/z-klodzka-do-gwiazd-gitariada-8-kwietnia-2026\/\" target=\"_blank\" rel=\"noreferrer noopener\"><strong><em>Z K\u0142odzka do gwiazd <\/em>\u2013 GITARIADA <\/strong>\u2013 8 kwietnia 2026<\/a><\/li>\n\n\n\n<li><a href=\"https:\/\/www.muzeum.klodzko.pl\/n\/kapliczki-krzyze-figury-w-krajobrazie-ziemi-klodzkiej-spotkanie-z-aneta-marek-27-marca-2026\/\" data-type=\"link\" data-id=\"https:\/\/www.muzeum.klodzko.pl\/n\/kapliczki-krzyze-figury-w-krajobrazie-ziemi-klodzkiej-spotkanie-z-aneta-marek-27-marca-2026\/\" target=\"_blank\" rel=\"noreferrer noopener\"><strong><em>Kapliczki, krzy\u017ce, figury w krajobrazie Ziemi K\u0142odzkiej<\/em><\/strong> \u2013 spotkanie z <strong>Anet\u0105 Marek<\/strong> \u2013 27 marca 2026<\/a><\/li>\n\n\n\n<li><a href=\"https:\/\/tvklodzka.pl\/kapliczki-krzyze-figury-w-krajobrazie-ziemi-klodzkiej\/\" data-type=\"link\" data-id=\"https:\/\/tvklodzka.pl\/kapliczki-krzyze-figury-w-krajobrazie-ziemi-klodzkiej\/\" target=\"_blank\" rel=\"noreferrer noopener\"><strong><em>Kapliczki, krzy\u017ce, figury w krajobrazie ziemi k\u0142odzkiej <\/em><\/strong>&#8211; Relacja Telewizji K\u0142odzkiej<\/a><\/li>\n\n\n\n<li><a href=\"https:\/\/tvklodzka.pl\/woda-zwierciadlem-nieba-wystawa-w-muzeum-ziemi-klodzkiej\/\" data-type=\"link\" data-id=\"https:\/\/tvklodzka.pl\/woda-zwierciadlem-nieba-wystawa-w-muzeum-ziemi-klodzkiej\/\" target=\"_blank\" rel=\"noreferrer noopener\"><strong><em>Woda Zwierciad\u0142em Nieba<\/em><\/strong> \u2013 relacja Telewizji K\u0142odzkiej <\/a><\/li>\n\n\n\n<li><a href=\"https:\/\/www.muzeum.klodzko.pl\/n\/%f0%9d%97%aa%f0%9d%97%a2%f0%9d%97%97%f0%9d%97%94-%f0%9d%97%ad%f0%9d%97%aa%f0%9d%97%9c%f0%9d%97%98%f0%9d%97%a5%f0%9d%97%96%f0%9d%97%9c%f0%9d%97%94%f0%9d%97%97l%f0%9d%97%98%f0%9d%97%a0-%f0%9d%97%a1\/\" data-type=\"link\" data-id=\"https:\/\/www.muzeum.klodzko.pl\/n\/%f0%9d%97%aa%f0%9d%97%a2%f0%9d%97%97%f0%9d%97%94-%f0%9d%97%ad%f0%9d%97%aa%f0%9d%97%9c%f0%9d%97%98%f0%9d%97%a5%f0%9d%97%96%f0%9d%97%9c%f0%9d%97%94%f0%9d%97%97l%f0%9d%97%98%f0%9d%97%a0-%f0%9d%97%a1\/\" target=\"_blank\" rel=\"noreferrer noopener\"><em><strong>Woda Zwierciad\u0142em Nieba<\/strong><\/em> \u2013 14 marca 2026 \u2013 relacja fotograficzna z wernisa\u017cu wystawy<\/a><\/li>\n\n\n\n<li><a href=\"https:\/\/www.muzeum.klodzko.pl\/n\/finisaz-wystawy-ptaki-niebieskie-i-koncert-fortepianowy-na-4-rece-1-marca-2026\/\" data-type=\"link\" data-id=\"https:\/\/www.muzeum.klodzko.pl\/n\/finisaz-wystawy-ptaki-niebieskie-i-koncert-fortepianowy-na-4-rece-1-marca-2026\/\" target=\"_blank\" rel=\"noreferrer noopener\">Finisa\u017c wystawy <strong><em>Ptaki Niebieskie<\/em><\/strong> i koncert fortepianowy na 4 r\u0119ce \u2013 1 marca 2026<\/a><\/li>\n\n\n\n<li><a href=\"https:\/\/www.tvsudecka.pl\/artykul\/30973,niedzielny-wieczor-artystyczny-w-muzeum-ziemi-klodzkiej\" data-type=\"link\" data-id=\"https:\/\/www.tvsudecka.pl\/artykul\/30973,niedzielny-wieczor-artystyczny-w-muzeum-ziemi-klodzkiej\" target=\"_blank\" rel=\"noreferrer noopener\">Relacja Telewizji Sudeckiej &#8211; Niedzielny wiecz\u00f3r artystyczny &#8211; 1 marca 2026<\/a><\/li>\n\n\n\n<li><a href=\"https:\/\/www.muzeum.klodzko.pl\/n\/cultural-carnival-25-lutego-2025\/\" data-type=\"link\" data-id=\"https:\/\/www.muzeum.klodzko.pl\/n\/cultural-carnival-25-lutego-2025\/\" target=\"_blank\" rel=\"noreferrer noopener\"><strong><em>Cultural Carnival <\/em><\/strong>\u2013 Spotkanie z Wolontariuszami &#8211; 25 lutego 2025<\/a><\/li>\n\n\n\n<li><a href=\"https:\/\/www.muzeum.klodzko.pl\/n\/o-sole-mio-od-granady-do-sorrento-koncert-walentynkowy-15-lutego-2026\/\" data-type=\"link\" data-id=\"https:\/\/www.muzeum.klodzko.pl\/n\/o-sole-mio-od-granady-do-sorrento-koncert-walentynkowy-15-lutego-2026\/\" target=\"_blank\" rel=\"noreferrer noopener\"><strong><em>O sole mio \u2013 Od Granady do Sorrento<\/em><\/strong> &#8211; Koncert Walentynkowy &#8211; 15 lutego 2026<\/a><\/li>\n\n\n\n<li><a href=\"https:\/\/www.muzeum.klodzko.pl\/n\/palcami-na-szkle-malowane-12-lutego-2026-ferie\/\" data-type=\"post\" data-id=\"3664\" target=\"_blank\" rel=\"noreferrer noopener\"><strong><em>Palcami na szkle malowane<\/em><\/strong> \u201312 lutego 2026 \u2013 Ferie w Muzeum<\/a> <\/li>\n\n\n\n<li><a href=\"https:\/\/www.muzeum.klodzko.pl\/n\/ferie-10-lutego-2026\/\" data-type=\"link\" data-id=\"https:\/\/www.muzeum.klodzko.pl\/n\/ferie-10-lutego-2026\/\" target=\"_blank\" rel=\"noreferrer noopener\"><strong><em>W glinie i plastelinie \u2013 ptaszki, baranki, wo\u0142ki i osio\u0142ki<\/em><\/strong> &#8211; 10 lutego 2026 &#8211; Ferie w Muzeum<\/a><\/li>\n\n\n\n<li><a href=\"https:\/\/www.muzeum.klodzko.pl\/n\/klodzko-nie-miesci-sie-w-ramach-5-lutego-2026-ferie-w-muzeum\/\" data-type=\"link\" data-id=\"https:\/\/www.muzeum.klodzko.pl\/n\/klodzko-nie-miesci-sie-w-ramach-5-lutego-2026-ferie-w-muzeum\/\" target=\"_blank\" rel=\"noreferrer noopener\"><strong><em>K\u0142odzko nie mie\u015bci si\u0119 w ramach<\/em><\/strong> \u2013 5 lutego 2026 \u2013 Ferie w Muzeum<\/a><\/li>\n\n\n\n<li><a href=\"https:\/\/www.muzeum.klodzko.pl\/n\/franz-wagner-klodzki-rzezbiarz-1887-1942-wystawa-w-pasazu-galerii-twierdza-klodzko\/\" data-type=\"link\" data-id=\"https:\/\/www.muzeum.klodzko.pl\/n\/franz-wagner-klodzki-rzezbiarz-1887-1942-wystawa-w-pasazu-galerii-twierdza-klodzko\/\" target=\"_blank\" rel=\"noreferrer noopener\"><strong><em>Franz Wagner \u2013 k\u0142odzki rze\u017abiarz (1887-1942<\/em><\/strong>) \u2013 otwarcie wystawy w pasa\u017cu Galerii Twierdza K\u0142odzko &#8211; relacja fotograficzna <\/a><\/li>\n\n\n\n<li><a href=\"https:\/\/tvklodzka.pl\/wystawa-fotografii-prac-franza-wagnera\/\" data-type=\"link\" data-id=\"https:\/\/tvklodzka.pl\/wystawa-fotografii-prac-franza-wagnera\/\" target=\"_blank\" rel=\"noreferrer noopener\"><strong><em>Franz Wagner \u2013 k\u0142odzki rze\u017abiarz (1887-1942)<\/em><\/strong> \u2013 wystawa w pasa\u017cu Galerii Twierdza K\u0142odzko &#8211; relacja Telewizji K\u0142odzkiej<\/a><\/li>\n<\/ul>\n\n\n\n<p><\/p>\n\n\n\n<figure class=\"wp-block-image size-large\"><img loading=\"lazy\" decoding=\"async\" width=\"1024\" height=\"189\" src=\"https:\/\/www.muzeum.klodzko.pl\/n\/wp-content\/uploads\/2026\/01\/2025-belka-1024x189.jpg\" alt=\"\" class=\"wp-image-3299\" srcset=\"https:\/\/www.muzeum.klodzko.pl\/n\/wp-content\/uploads\/2026\/01\/2025-belka-1024x189.jpg 1024w, https:\/\/www.muzeum.klodzko.pl\/n\/wp-content\/uploads\/2026\/01\/2025-belka-300x55.jpg 300w, https:\/\/www.muzeum.klodzko.pl\/n\/wp-content\/uploads\/2026\/01\/2025-belka-150x28.jpg 150w, https:\/\/www.muzeum.klodzko.pl\/n\/wp-content\/uploads\/2026\/01\/2025-belka-768x142.jpg 768w, https:\/\/www.muzeum.klodzko.pl\/n\/wp-content\/uploads\/2026\/01\/2025-belka-1536x283.jpg 1536w, https:\/\/www.muzeum.klodzko.pl\/n\/wp-content\/uploads\/2026\/01\/2025-belka-2048x378.jpg 2048w\" sizes=\"auto, (max-width: 1024px) 100vw, 1024px\" \/><\/figure>\n\n\n\n<ul class=\"wp-block-list\">\n<li><a href=\"https:\/\/www.muzeum.klodzko.pl\/n\/wernisaz-wystawy-krzysztof-okon-ptaki-niebieskie\/\" target=\"_blank\" rel=\"noreferrer noopener\">Wernisa\u017c wystawy \u2013 <strong>Krzysztof Oko\u0144 \u2013 Ptaki Niebieskie <\/strong>&#8211; 20 grudnia 2025 &#8211; fotorelacja<\/a><\/li>\n\n\n\n<li><a href=\"https:\/\/www.muzeum.klodzko.pl\/n\/spotkanie-autorskie-z-boguslawem-michnikiem-fotorelacja\/\" data-type=\"link\" data-id=\"https:\/\/www.muzeum.klodzko.pl\/n\/spotkanie-autorskie-z-boguslawem-michnikiem-fotorelacja\/\" target=\"_blank\" rel=\"noreferrer noopener\">Spotkanie autorskie z<strong> Bogus\u0142awem Michnikiem<\/strong> \u2013 18 grudnia 2025 &#8211; fotorelacja<\/a> <\/li>\n\n\n\n<li><a href=\"https:\/\/www.muzeum.klodzko.pl\/n\/spotkanie-autorskie-z-boguslawem-michnikiem-18-grudnia-2025-relacja-telewizji-klodzkiej\/\" target=\"_blank\" rel=\"noreferrer noopener\">Spotkanie autorskie z <strong>Bogus\u0142awem Michnikiem<\/strong> \u2013 18 grudnia 2025 \u2013 relacja Telewizji K\u0142odzkiej<\/a><\/li>\n\n\n\n<li><a href=\"https:\/\/www.muzeum.klodzko.pl\/n\/dolnoslaski-festiwal-muzyczny-23-listopada-2025-fotorelacja\/\" data-type=\"link\" data-id=\"https:\/\/www.muzeum.klodzko.pl\/n\/dolnoslaski-festiwal-muzyczny-23-listopada-2025-fotorelacja\/\" target=\"_blank\" rel=\"noreferrer noopener\"><strong><em>Dolno\u015bl\u0105ski Festiwal Muzyczny<\/em><\/strong> \u2013 23 listopada 2025 \u2013 fotorelacja<\/a><\/li>\n\n\n\n<li><a href=\"https:\/\/www.muzeum.klodzko.pl\/n\/dolnoslaski-festiwal-muzyczny-8-listopada-2025\/\" data-type=\"link\" data-id=\"https:\/\/www.muzeum.klodzko.pl\/n\/dolnoslaski-festiwal-muzyczny-8-listopada-2025\/\" target=\"_blank\" rel=\"noreferrer noopener\"><strong><em>XIII Dolno\u015bl\u0105ski Festiwal Muzyczny<\/em><\/strong> &#8211; 8 listopada 2025 &#8211; fotorelacja<\/a><\/li>\n\n\n\n<li><a href=\"https:\/\/www.muzeum.klodzko.pl\/n\/111-lat-naszego-steinwaya-2\/\" data-type=\"link\" data-id=\"https:\/\/www.muzeum.klodzko.pl\/n\/111-lat-naszego-steinwaya-2\/\" target=\"_blank\" rel=\"noreferrer noopener\"><strong><em>111 lat naszego Steinwaya! <\/em><\/strong>&#8211; koncert &#8211; 26 pa\u017adziernika 2025<\/a><\/li>\n\n\n\n<li><a href=\"https:\/\/www.muzeum.klodzko.pl\/n\/robert-stando-kadry-z-zycia-otwarcie-wystawy-i-koncert\/\" data-type=\"link\" data-id=\"https:\/\/www.muzeum.klodzko.pl\/n\/robert-stando-kadry-z-zycia-otwarcie-wystawy-i-koncert\/\" target=\"_blank\" rel=\"noreferrer noopener\"><strong><em>Robert Stando. Kadry z \u017cycia<\/em><\/strong> \u2013 otwarcie wystawy i koncert &#8211; 17 pa\u017adziernika 2025<\/a><\/li>\n\n\n\n<li><a href=\"https:\/\/www.muzeum.klodzko.pl\/n\/12-pazdziernika-2025-fotorelacja-xiii-dolnoslaski-festiwal-muzyczny\/\" data-type=\"link\" data-id=\"https:\/\/www.muzeum.klodzko.pl\/n\/12-pazdziernika-2025-fotorelacja-xiii-dolnoslaski-festiwal-muzyczny\/\" target=\"_blank\" rel=\"noreferrer noopener\"><strong><em> XIII Dolno\u015bl\u0105ski Festiwal Muzyczny<\/em><\/strong> &#8211; 12 pa\u017adziernika 2025 \u2013 fotorelacja <\/a><\/li>\n\n\n\n<li><a href=\"https:\/\/www.muzeum.klodzko.pl\/n\/wydarzenie-muzealne-roku-wojewodztwa-dolnoslaskiego-2024\/\" data-type=\"link\" data-id=\"https:\/\/www.muzeum.klodzko.pl\/n\/wydarzenie-muzealne-roku-wojewodztwa-dolnoslaskiego-2024\/\" target=\"_blank\" rel=\"noreferrer noopener\"><strong>I nagroda<\/strong> w kategorii \u201eWystawy regionalne\u201d w Konkursie na <strong>Wydarzenie Muzealne Roku Wojew\u00f3dztwa Dolno\u015bl\u0105skiego 2024<\/strong> &#8211;<strong><em> Franz Wagner (1887-1942) \u2013 k\u0142odzki rze\u017abiarz<\/em><\/strong><\/a><\/li>\n\n\n\n<li><a href=\"https:\/\/www.muzeum.klodzko.pl\/n\/architektoniczne-dziedzictwo-andreasa-ernsta-edd-2025\/\" data-type=\"link\" data-id=\"https:\/\/www.muzeum.klodzko.pl\/n\/architektoniczne-dziedzictwo-andreasa-ernsta-edd-2025\/\" target=\"_blank\" rel=\"noreferrer noopener\"><strong><em>Architektoniczne dziedzictwo Andreasa Ernsta <\/em><\/strong>\u2013 <strong>EDD 2025<\/strong> &#8211; spacer z <strong>Joann\u0105 Jakubowicz<\/strong> &#8211; 20 wrze\u015bnia 2025<\/a><\/li>\n\n\n\n<li><a href=\"https:\/\/www.muzeum.klodzko.pl\/n\/mlodi-dolnoslaski-festiwal-muzyczny-10-wrzesnia-2025-fotorelacja\/\" data-type=\"link\" data-id=\"https:\/\/www.muzeum.klodzko.pl\/n\/mlodi-dolnoslaski-festiwal-muzyczny-10-wrzesnia-2025-fotorelacja\/\" target=\"_blank\" rel=\"noreferrer noopener\"><strong>M\u0142ody Dolno\u015bl\u0105ski Festiwal Muzyczny <\/strong>\u2013 10 wrze\u015bnia 2025 \u2013 fotorelacja<\/a><\/li>\n\n\n\n<li><a href=\"https:\/\/www.muzeum.klodzko.pl\/n\/miedzynarodowy-festiwal-muzyki-kameralnej-i-organowej-ziemi-klodzkiej-17-sierpnia-2025\/\" data-type=\"link\" data-id=\"https:\/\/www.muzeum.klodzko.pl\/n\/miedzynarodowy-festiwal-muzyki-kameralnej-i-organowej-ziemi-klodzkiej-17-sierpnia-2025\/\" target=\"_blank\" rel=\"noreferrer noopener\"><strong>Mi\u0119dzynarodowy Festiwal Muzyki Kameralnej i Organowej Ziemi K\u0142odzkiej <\/strong>\u2013 17 sierpnia 2025<\/a><\/li>\n\n\n\n<li><a href=\"https:\/\/www.muzeum.klodzko.pl\/n\/targi-staroci-9-10-sierpnia-2025\/\" data-type=\"post\" data-id=\"1957\" target=\"_blank\" rel=\"noreferrer noopener\"><strong>Targi Staroci<\/strong> 9-10 sierpnia 2025<\/a><\/li>\n\n\n\n<li><a href=\"https:\/\/www.muzeum.klodzko.pl\/n\/nocne-zwiedzanie-miasta-z-dreszczykiem\/\" data-type=\"post\" data-id=\"1851\" target=\"_blank\" rel=\"noreferrer noopener\">NOCNE ZWIEDZANIE MIASTA Z DRESZCZYKIEM &#8211; <strong>Pod wod\u0105. Pow\u00f3d\u017a w K\u0142odzku w 1938 roku<\/strong> &#8211; 8 sierpnia 2025<\/a><\/li>\n\n\n\n<li><a href=\"https:\/\/www.muzeum.klodzko.pl\/n\/vasylisa-danylevska-wieczor-muzyki-kameralnej\/\" data-type=\"link\" data-id=\"https:\/\/www.muzeum.klodzko.pl\/n\/vasylisa-danylevska-wieczor-muzyki-kameralnej\/\" target=\"_blank\" rel=\"noreferrer noopener\"><strong><em>Vasylisa Danylevska \u2013 Wiecz\u00f3r muzyki kameralnej<\/em><\/strong> &#8211; 23 lipca 2025 &#8211; fotorelacja <\/a><\/li>\n\n\n\n<li><a href=\"https:\/\/www.muzeum.klodzko.pl\/n\/oltarz-z-muzykujacymi-aniolami-13-czerwca-2025-wyklad-i-koncert\/\" data-type=\"link\" data-id=\"https:\/\/www.muzeum.klodzko.pl\/n\/oltarz-z-muzykujacymi-aniolami-13-czerwca-2025-wyklad-i-koncert\/\" target=\"_blank\" rel=\"noreferrer noopener\"><strong><em>O\u0142tarz z muzykuj\u0105cymi anio\u0142ami<\/em><\/strong> \u2013 13 czerwca 2025 -wyk\u0142ad i koncert<\/a><\/li>\n\n\n\n<li><a href=\"https:\/\/www.muzeum.klodzko.pl\/n\/v-fiesta-flamenco-7-czerwca-2025\/\" data-type=\"link\" data-id=\"https:\/\/www.muzeum.klodzko.pl\/n\/v-fiesta-flamenco-7-czerwca-2025\/\" target=\"_blank\" rel=\"noreferrer noopener\"><strong><em>V FIESTA FLAMENCO<\/em><\/strong> \u2013 7 czerwca 2025<\/a><\/li>\n\n\n\n<li><a href=\"https:\/\/www.muzeum.klodzko.pl\/n\/targi-staroci-maj-2025\/\" data-type=\"link\" data-id=\"https:\/\/www.muzeum.klodzko.pl\/n\/targi-staroci-maj-2025\/\" target=\"_blank\" rel=\"noreferrer noopener\"><strong>Targi Staroci <\/strong>\u2013 maj 2025<\/a><\/li>\n\n\n\n<li><a href=\"https:\/\/www.muzeum.klodzko.pl\/n\/targi-staroci-sierpien-2025\/\" data-type=\"link\" data-id=\"https:\/\/www.muzeum.klodzko.pl\/n\/targi-staroci-sierpien-2025\/\" target=\"_blank\" rel=\"noreferrer noopener\"><strong>Spotkanie autorskie z Sylwi\u0105 Winnik<\/strong> \u2013 9 maja 2025<\/a><\/li>\n\n\n\n<li><a href=\"https:\/\/www.muzeum.klodzko.pl\/n\/natura-piekna-3-kwietnia-2025\/\" data-type=\"link\" data-id=\"https:\/\/www.muzeum.klodzko.pl\/n\/natura-piekna-3-kwietnia-2025\/\" target=\"_blank\" rel=\"noreferrer noopener\"><strong>Natura Pi\u0119kna<\/strong> &#8211; Prelekcja Tomasza Gmerka i Joanny Stoklasek-Michalak  &#8211; 3 kwietnia 2025<\/a><\/li>\n<\/ul>\n\n\n\n<p><\/p>\n\n\n\n<figure class=\"wp-block-image size-large\"><img loading=\"lazy\" decoding=\"async\" width=\"1024\" height=\"189\" src=\"https:\/\/www.muzeum.klodzko.pl\/n\/wp-content\/uploads\/2026\/01\/2024-belka-1024x189.jpg\" alt=\"\" class=\"wp-image-3303\" srcset=\"https:\/\/www.muzeum.klodzko.pl\/n\/wp-content\/uploads\/2026\/01\/2024-belka-1024x189.jpg 1024w, https:\/\/www.muzeum.klodzko.pl\/n\/wp-content\/uploads\/2026\/01\/2024-belka-300x55.jpg 300w, https:\/\/www.muzeum.klodzko.pl\/n\/wp-content\/uploads\/2026\/01\/2024-belka-150x28.jpg 150w, https:\/\/www.muzeum.klodzko.pl\/n\/wp-content\/uploads\/2026\/01\/2024-belka-768x142.jpg 768w, https:\/\/www.muzeum.klodzko.pl\/n\/wp-content\/uploads\/2026\/01\/2024-belka-1536x283.jpg 1536w, https:\/\/www.muzeum.klodzko.pl\/n\/wp-content\/uploads\/2026\/01\/2024-belka-2048x378.jpg 2048w\" sizes=\"auto, (max-width: 1024px) 100vw, 1024px\" \/><\/figure>\n\n\n\n<ul class=\"wp-block-list\">\n<li><a href=\"https:\/\/www.muzeum.klodzko.pl\/n\/kolekcjonowanie-to-kwestia-pogladu-dawne-mapy-i-weduty-ze-zbiorow-manfreda-spaty\/\" data-type=\"link\" data-id=\"https:\/\/www.muzeum.klodzko.pl\/n\/kolekcjonowanie-to-kwestia-pogladu-dawne-mapy-i-weduty-ze-zbiorow-manfreda-spaty\/\" target=\"_blank\" rel=\"noreferrer noopener\"><strong><em>Kolekcjonowanie to kwestia (p)ogl\u0105du. Dawne mapy i weduty ze zbior\u00f3w Manfreda Spaty<\/em><\/strong>. \u2013 14 grudnia 2024 \u2013 marzec 2025<\/a><\/li>\n<\/ul>\n\n\n\n<p><br><br><\/p>\n","protected":false},"excerpt":{"rendered":"<p>.<\/p>\n","protected":false},"author":3,"featured_media":1233,"parent":0,"menu_order":0,"comment_status":"closed","ping_status":"closed","template":"","meta":{"neve_meta_sidebar":"","neve_meta_container":"","neve_meta_enable_content_width":"","neve_meta_content_width":0,"neve_meta_title_alignment":"","neve_meta_author_avatar":"","neve_post_elements_order":"","neve_meta_disable_header":"","neve_meta_disable_footer":"","neve_meta_disable_title":"","footnotes":""},"class_list":["post-1671","page","type-page","status-publish","has-post-thumbnail","hentry"],"_links":{"self":[{"href":"https:\/\/www.muzeum.klodzko.pl\/n\/wp-json\/wp\/v2\/pages\/1671","targetHints":{"allow":["GET"]}}],"collection":[{"href":"https:\/\/www.muzeum.klodzko.pl\/n\/wp-json\/wp\/v2\/pages"}],"about":[{"href":"https:\/\/www.muzeum.klodzko.pl\/n\/wp-json\/wp\/v2\/types\/page"}],"author":[{"embeddable":true,"href":"https:\/\/www.muzeum.klodzko.pl\/n\/wp-json\/wp\/v2\/users\/3"}],"replies":[{"embeddable":true,"href":"https:\/\/www.muzeum.klodzko.pl\/n\/wp-json\/wp\/v2\/comments?post=1671"}],"version-history":[{"count":60,"href":"https:\/\/www.muzeum.klodzko.pl\/n\/wp-json\/wp\/v2\/pages\/1671\/revisions"}],"predecessor-version":[{"id":4342,"href":"https:\/\/www.muzeum.klodzko.pl\/n\/wp-json\/wp\/v2\/pages\/1671\/revisions\/4342"}],"wp:featuredmedia":[{"embeddable":true,"href":"https:\/\/www.muzeum.klodzko.pl\/n\/wp-json\/wp\/v2\/media\/1233"}],"wp:attachment":[{"href":"https:\/\/www.muzeum.klodzko.pl\/n\/wp-json\/wp\/v2\/media?parent=1671"}],"curies":[{"name":"wp","href":"https:\/\/api.w.org\/{rel}","templated":true}]}}