{"id":1693,"date":"2025-07-29T12:57:11","date_gmt":"2025-07-29T10:57:11","guid":{"rendered":"https:\/\/www.muzeum.klodzko.pl\/n\/?page_id=1693"},"modified":"2025-07-29T13:59:53","modified_gmt":"2025-07-29T11:59:53","slug":"wystawy","status":"publish","type":"page","link":"https:\/\/www.muzeum.klodzko.pl\/n\/wystawy\/","title":{"rendered":"Wystawy"},"content":{"rendered":"\n<figure class=\"wp-block-image size-large\"><img loading=\"lazy\" decoding=\"async\" width=\"1024\" height=\"124\" src=\"https:\/\/www.muzeum.klodzko.pl\/n\/wp-content\/uploads\/2025\/07\/wystawy-stale-1024x124.jpg\" alt=\"\" class=\"wp-image-1731\" srcset=\"https:\/\/www.muzeum.klodzko.pl\/n\/wp-content\/uploads\/2025\/07\/wystawy-stale-1024x124.jpg 1024w, https:\/\/www.muzeum.klodzko.pl\/n\/wp-content\/uploads\/2025\/07\/wystawy-stale-300x36.jpg 300w, https:\/\/www.muzeum.klodzko.pl\/n\/wp-content\/uploads\/2025\/07\/wystawy-stale-768x93.jpg 768w, https:\/\/www.muzeum.klodzko.pl\/n\/wp-content\/uploads\/2025\/07\/wystawy-stale-1536x186.jpg 1536w, https:\/\/www.muzeum.klodzko.pl\/n\/wp-content\/uploads\/2025\/07\/wystawy-stale-2048x248.jpg 2048w\" sizes=\"auto, (max-width: 1024px) 100vw, 1024px\" \/><\/figure>\n\n\n\n<p><\/p>\n\n\n\n<ul class=\"wp-block-list\">\n<li><a href=\"https:\/\/www.muzeum.klodzko.pl\/n\/z-dziejow-klodzka\/\" target=\"_blank\" rel=\"noreferrer noopener\"><strong>Z dziej\u00f3w K\u0142odzka<\/strong><\/a>  <\/li>\n<\/ul>\n\n\n\n<ul class=\"wp-block-list\">\n<li><strong><a href=\"https:\/\/www.muzeum.klodzko.pl\/n\/wystawa-stala-kruche-piekno\/\">Kruche Pi\u0119kno<\/a><br>Szk\u0142o k\u0142odzkie z 2 po\u0142owy XX wieku. Kolekcja Muzeum Ziemi K\u0142odzkiej w K\u0142odzku<\/strong><\/li>\n<\/ul>\n\n\n\n<ul class=\"wp-block-list\">\n<li><strong><a href=\"https:\/\/www.muzeum.klodzko.pl\/n\/wystawa-stala-oczy-czasu\/\" target=\"_blank\" rel=\"noreferrer noopener\">Oczy czasu<\/a><br>Zegary mechaniczne popularne na \u015al\u0105sku w XIX i w I po\u0142. XX wieku w zbiorach Muzeum Ziemi K\u0142odzkiej<\/strong><\/li>\n<\/ul>\n\n\n\n<figure class=\"wp-block-image size-large\"><img loading=\"lazy\" decoding=\"async\" width=\"1024\" height=\"124\" src=\"https:\/\/www.muzeum.klodzko.pl\/n\/wp-content\/uploads\/2025\/07\/wystawy-czasowe-1024x124.jpg\" alt=\"\" class=\"wp-image-1733\" srcset=\"https:\/\/www.muzeum.klodzko.pl\/n\/wp-content\/uploads\/2025\/07\/wystawy-czasowe-1024x124.jpg 1024w, https:\/\/www.muzeum.klodzko.pl\/n\/wp-content\/uploads\/2025\/07\/wystawy-czasowe-300x36.jpg 300w, https:\/\/www.muzeum.klodzko.pl\/n\/wp-content\/uploads\/2025\/07\/wystawy-czasowe-768x93.jpg 768w, https:\/\/www.muzeum.klodzko.pl\/n\/wp-content\/uploads\/2025\/07\/wystawy-czasowe-1536x186.jpg 1536w, https:\/\/www.muzeum.klodzko.pl\/n\/wp-content\/uploads\/2025\/07\/wystawy-czasowe-2048x248.jpg 2048w\" sizes=\"auto, (max-width: 1024px) 100vw, 1024px\" \/><\/figure>\n\n\n\n<ul class=\"wp-block-list\">\n<li><strong><em> <a href=\"https:\/\/www.muzeum.klodzko.pl\/n\/wp-admin\/post.php?post=1694&amp;action=edit\" data-type=\"link\" data-id=\"https:\/\/www.muzeum.klodzko.pl\/n\/wp-admin\/post.php?post=1694&amp;action=edit\" target=\"_blank\" rel=\"noreferrer noopener\">Sub triplici celebritate festivanda<\/a> &#8211;<\/em><\/strong> 16 maja &#8211; 31 sierpnia 2025<\/li>\n<\/ul>\n\n\n\n<ul class=\"wp-block-list\">\n<li><strong><em><a href=\"https:\/\/www.muzeum.klodzko.pl\/n\/muzykujace-anioly\/\" target=\"_blank\" rel=\"noreferrer noopener\">Muzykuj\u0105ce anio\u0142y<\/a> <\/em><\/strong>&#8211;  od 13 czerwca 2025, trwa nadal<\/li>\n<\/ul>\n\n\n\n<ul class=\"wp-block-list\">\n<li><strong><a href=\"https:\/\/www.muzeum.klodzko.pl\/n\/marianna-oranska-a-ziemia-klodzka\/\" target=\"_blank\" rel=\"noreferrer noopener\"><em>Marianna Ora\u0144ska a Ziemia K\u0142odzka<\/em><\/a><\/strong> &#8211; od 9 maja 2025, trwa nadal<\/li>\n<\/ul>\n\n\n\n<ul class=\"wp-block-list\">\n<li><a href=\"https:\/\/www.muzeum.klodzko.pl\/n\/kolekcjonowanie-to-kwestia-pogladu-dawne-mapy-i-weduty-ze-zbiorow-manfreda-spaty\/\" data-type=\"post\" data-id=\"1735\" target=\"_blank\" rel=\"noreferrer noopener\"><strong><em>Kolekcjonowanie to kwestia (p)ogl\u0105du. Dawne mapy i weduty ze zbior\u00f3w Manfreda Spaty<\/em><\/strong><\/a> &#8211; 14 grudnia  2024 \u2013 marzec 2025<\/li>\n<\/ul>\n","protected":false},"excerpt":{"rendered":"","protected":false},"author":3,"featured_media":1718,"parent":0,"menu_order":0,"comment_status":"closed","ping_status":"closed","template":"","meta":{"neve_meta_sidebar":"","neve_meta_container":"","neve_meta_enable_content_width":"","neve_meta_content_width":0,"neve_meta_title_alignment":"","neve_meta_author_avatar":"","neve_post_elements_order":"","neve_meta_disable_header":"","neve_meta_disable_footer":"","neve_meta_disable_title":"","footnotes":""},"class_list":["post-1693","page","type-page","status-publish","has-post-thumbnail","hentry"],"_links":{"self":[{"href":"https:\/\/www.muzeum.klodzko.pl\/n\/wp-json\/wp\/v2\/pages\/1693","targetHints":{"allow":["GET"]}}],"collection":[{"href":"https:\/\/www.muzeum.klodzko.pl\/n\/wp-json\/wp\/v2\/pages"}],"about":[{"href":"https:\/\/www.muzeum.klodzko.pl\/n\/wp-json\/wp\/v2\/types\/page"}],"author":[{"embeddable":true,"href":"https:\/\/www.muzeum.klodzko.pl\/n\/wp-json\/wp\/v2\/users\/3"}],"replies":[{"embeddable":true,"href":"https:\/\/www.muzeum.klodzko.pl\/n\/wp-json\/wp\/v2\/comments?post=1693"}],"version-history":[{"count":6,"href":"https:\/\/www.muzeum.klodzko.pl\/n\/wp-json\/wp\/v2\/pages\/1693\/revisions"}],"predecessor-version":[{"id":1791,"href":"https:\/\/www.muzeum.klodzko.pl\/n\/wp-json\/wp\/v2\/pages\/1693\/revisions\/1791"}],"wp:featuredmedia":[{"embeddable":true,"href":"https:\/\/www.muzeum.klodzko.pl\/n\/wp-json\/wp\/v2\/media\/1718"}],"wp:attachment":[{"href":"https:\/\/www.muzeum.klodzko.pl\/n\/wp-json\/wp\/v2\/media?parent=1693"}],"curies":[{"name":"wp","href":"https:\/\/api.w.org\/{rel}","templated":true}]}}