{"id":2637,"date":"2025-10-29T13:08:50","date_gmt":"2025-10-29T12:08:50","guid":{"rendered":"https:\/\/www.muzeum.klodzko.pl\/n\/?page_id=2637"},"modified":"2026-01-21T10:06:04","modified_gmt":"2026-01-21T09:06:04","slug":"wystawy-2","status":"publish","type":"page","link":"https:\/\/www.muzeum.klodzko.pl\/n\/wystawy-2\/","title":{"rendered":"Wystawy"},"content":{"rendered":"\n<h4 class=\"wp-block-heading has-text-align-left\">\u259d <a href=\"https:\/\/www.muzeum.klodzko.pl\/n\/stale\/\" data-type=\"link\" data-id=\"https:\/\/www.muzeum.klodzko.pl\/n\/stale\/\" target=\"_blank\" rel=\"noreferrer noopener\"><strong>Wystawy sta\u0142e<\/strong><\/a><\/h4>\n\n\n\n<div class=\"wp-block-media-text is-stacked-on-mobile\"><figure class=\"wp-block-media-text__media\"><img loading=\"lazy\" decoding=\"async\" width=\"1024\" height=\"683\" src=\"https:\/\/www.muzeum.klodzko.pl\/n\/wp-content\/uploads\/2025\/07\/DSC2482-1024x683.jpg\" alt=\"\" class=\"wp-image-1502 size-full\" srcset=\"https:\/\/www.muzeum.klodzko.pl\/n\/wp-content\/uploads\/2025\/07\/DSC2482-1024x683.jpg 1024w, https:\/\/www.muzeum.klodzko.pl\/n\/wp-content\/uploads\/2025\/07\/DSC2482-300x200.jpg 300w, https:\/\/www.muzeum.klodzko.pl\/n\/wp-content\/uploads\/2025\/07\/DSC2482-768x512.jpg 768w, https:\/\/www.muzeum.klodzko.pl\/n\/wp-content\/uploads\/2025\/07\/DSC2482-930x620.jpg 930w, https:\/\/www.muzeum.klodzko.pl\/n\/wp-content\/uploads\/2025\/07\/DSC2482.jpg 1200w\" sizes=\"auto, (max-width: 1024px) 100vw, 1024px\" \/><\/figure><div class=\"wp-block-media-text__content\">\n<p><a href=\"https:\/\/www.muzeum.klodzko.pl\/n\/z-dziejow-klodzka\/\" target=\"_blank\" rel=\"noreferrer noopener\"><strong>Z dziej\u00f3w K\u0142odzka<\/strong><\/a><\/p>\n<\/div><\/div>\n\n\n\n<p><\/p>\n\n\n\n<div class=\"wp-block-media-text is-stacked-on-mobile\"><figure class=\"wp-block-media-text__media\"><img decoding=\"async\" src=\"https:\/\/www.muzeum.klodzko.pl\/n\/wp-content\/uploads\/2025\/07\/DSC9702-1024x683.jpg\" alt=\"\"\/><\/figure><div class=\"wp-block-media-text__content\">\n<p><strong><a href=\"https:\/\/www.muzeum.klodzko.pl\/n\/wystawa-stala-kruche-piekno\/\">Kruche Pi\u0119kno<\/a><br>Szk\u0142o k\u0142odzkie z 2 po\u0142owy XX wieku. <\/strong><br><strong>Kolekcja Muzeum Ziemi K\u0142odzkiej w K\u0142odzku<\/strong><\/p>\n<\/div><\/div>\n\n\n\n<p class=\"has-text-align-left\"><\/p>\n\n\n\n<div class=\"wp-block-media-text is-stacked-on-mobile\"><figure class=\"wp-block-media-text__media\"><img decoding=\"async\" src=\"https:\/\/www.muzeum.klodzko.pl\/n\/wp-content\/uploads\/2025\/07\/zegary-dziewczyna-kwadrat--1024x1020.jpg\" alt=\"\"\/><\/figure><div class=\"wp-block-media-text__content\">\n<p><strong><a href=\"https:\/\/www.muzeum.klodzko.pl\/n\/wystawa-stala-oczy-czasu\/\" target=\"_blank\" rel=\"noreferrer noopener\">Oczy czasu<\/a><br>Zegary mechaniczne popularne na \u015al\u0105sku w XIX i w I po\u0142. XX wieku w zbiorach Muzeum Ziemi K\u0142odzkiej<\/strong><\/p>\n<\/div><\/div>\n\n\n\n<p id=\"block-309b4f24-22fc-4b0a-9116-97710b1112f8\"><\/p>\n\n\n\n<h4 class=\"wp-block-heading has-text-align-left\">\u259d <a href=\"https:\/\/www.muzeum.klodzko.pl\/n\/czasowe\/\" data-type=\"link\" data-id=\"https:\/\/www.muzeum.klodzko.pl\/n\/czasowe\/\" target=\"_blank\" rel=\"noreferrer noopener\"><strong>Wystawy czasowe<\/strong><\/a> <\/h4>\n\n\n\n<div class=\"wp-block-media-text is-stacked-on-mobile\"><figure class=\"wp-block-media-text__media\"><img loading=\"lazy\" decoding=\"async\" width=\"931\" height=\"1024\" src=\"https:\/\/www.muzeum.klodzko.pl\/n\/wp-content\/uploads\/2026\/01\/Ptaki-Niebieskie_DSC4429-931x1024.jpg\" alt=\"\" class=\"wp-image-3318 size-full\" srcset=\"https:\/\/www.muzeum.klodzko.pl\/n\/wp-content\/uploads\/2026\/01\/Ptaki-Niebieskie_DSC4429-931x1024.jpg 931w, https:\/\/www.muzeum.klodzko.pl\/n\/wp-content\/uploads\/2026\/01\/Ptaki-Niebieskie_DSC4429-273x300.jpg 273w, https:\/\/www.muzeum.klodzko.pl\/n\/wp-content\/uploads\/2026\/01\/Ptaki-Niebieskie_DSC4429-136x150.jpg 136w, https:\/\/www.muzeum.klodzko.pl\/n\/wp-content\/uploads\/2026\/01\/Ptaki-Niebieskie_DSC4429-768x845.jpg 768w, https:\/\/www.muzeum.klodzko.pl\/n\/wp-content\/uploads\/2026\/01\/Ptaki-Niebieskie_DSC4429-1396x1536.jpg 1396w, https:\/\/www.muzeum.klodzko.pl\/n\/wp-content\/uploads\/2026\/01\/Ptaki-Niebieskie_DSC4429.jpg 1636w\" sizes=\"auto, (max-width: 931px) 100vw, 931px\" \/><\/figure><div class=\"wp-block-media-text__content\">\n<p><a href=\"https:\/\/www.muzeum.klodzko.pl\/n\/wernisaz-wystawy-krzysztof-okon-ptaki-niebieskie\/\" target=\"_blank\" rel=\"noreferrer noopener\"><strong><a href=\"https:\/\/www.muzeum.klodzko.pl\/n\/czasowe\/krzysztof-okon-i-ptaki-niebieskie-i-malarstwo-i-rzezba\/\" target=\"_blank\" rel=\"noreferrer noopener\">Krzysztof Oko\u0144 I Ptaki Niebieskie I Malarstwo I Rze\u017aba<\/a> <\/strong>&#8211; 20 grudnia 2025 &#8211; 1 marca 2026<\/a><\/p>\n<\/div><\/div>\n\n\n\n<p><\/p>\n\n\n\n<p><\/p>\n\n\n\n<h4 class=\"wp-block-heading has-text-align-left\">\u259d    <a href=\"http:\/\/www.muzeum.klodzko.pl\/n\/minione\/\" data-type=\"link\" data-id=\"www.muzeum.klodzko.pl\/n\/minione\/\" target=\"_blank\" rel=\"noreferrer noopener\"><strong>Wystawy minione<\/strong><\/a><\/h4>\n\n\n\n<div class=\"wp-block-media-text is-stacked-on-mobile\"><figure class=\"wp-block-media-text__media\"><img decoding=\"async\" src=\"https:\/\/www.muzeum.klodzko.pl\/n\/wp-content\/uploads\/2026\/01\/IWagner-MG20260110153913-1024x768.jpg\" alt=\"\"\/><\/figure><div class=\"wp-block-media-text__content\">\n<p><a href=\"https:\/\/www.muzeum.klodzko.pl\/n\/franz-wagner-klodzki-rzezbiarz-1887-1942-wystawa-w-pasazu-galerii-twierdza-klodzko\/\"><strong><em>Franz Wagner \u2013 k\u0142odzki rze\u017abiarz (1887-1942)<\/em><\/strong> \u2013 wystawa w pasa\u017cu Galerii Twierdza K\u0142odzko<\/a> <\/p>\n\n\n\n<p><a href=\"https:\/\/tvklodzka.pl\/wystawa-fotografii-prac-franza-wagnera\/\" target=\"_blank\" rel=\"noreferrer noopener\">Relacja Telewizji K\u0142odzkiej<\/a><\/p>\n<\/div><\/div>\n","protected":false},"excerpt":{"rendered":"<p>\u259d Wystawy sta\u0142e Z dziej\u00f3w K\u0142odzka Kruche Pi\u0119knoSzk\u0142o k\u0142odzkie z 2 po\u0142owy XX wieku. Kolekcja Muzeum Ziemi K\u0142odzkiej w K\u0142odzku Oczy czasuZegary mechaniczne popularne na \u015al\u0105sku w XIX i w I po\u0142. XX wieku w zbiorach Muzeum Ziemi K\u0142odzkiej \u259d Wystawy czasowe Krzysztof Oko\u0144 I Ptaki Niebieskie I Malarstwo I Rze\u017aba &#8211; 20 grudnia 2025&hellip;&nbsp;<a href=\"https:\/\/www.muzeum.klodzko.pl\/n\/wystawy-2\/\" rel=\"bookmark\">Dowiedz si\u0119 wi\u0119cej &raquo;<span class=\"screen-reader-text\">Wystawy<\/span><\/a><\/p>\n","protected":false},"author":3,"featured_media":1713,"parent":0,"menu_order":0,"comment_status":"closed","ping_status":"closed","template":"","meta":{"neve_meta_sidebar":"","neve_meta_container":"","neve_meta_enable_content_width":"","neve_meta_content_width":0,"neve_meta_title_alignment":"","neve_meta_author_avatar":"","neve_post_elements_order":"","neve_meta_disable_header":"","neve_meta_disable_footer":"","neve_meta_disable_title":"","footnotes":""},"class_list":["post-2637","page","type-page","status-publish","has-post-thumbnail","hentry"],"_links":{"self":[{"href":"https:\/\/www.muzeum.klodzko.pl\/n\/wp-json\/wp\/v2\/pages\/2637","targetHints":{"allow":["GET"]}}],"collection":[{"href":"https:\/\/www.muzeum.klodzko.pl\/n\/wp-json\/wp\/v2\/pages"}],"about":[{"href":"https:\/\/www.muzeum.klodzko.pl\/n\/wp-json\/wp\/v2\/types\/page"}],"author":[{"embeddable":true,"href":"https:\/\/www.muzeum.klodzko.pl\/n\/wp-json\/wp\/v2\/users\/3"}],"replies":[{"embeddable":true,"href":"https:\/\/www.muzeum.klodzko.pl\/n\/wp-json\/wp\/v2\/comments?post=2637"}],"version-history":[{"count":13,"href":"https:\/\/www.muzeum.klodzko.pl\/n\/wp-json\/wp\/v2\/pages\/2637\/revisions"}],"predecessor-version":[{"id":3413,"href":"https:\/\/www.muzeum.klodzko.pl\/n\/wp-json\/wp\/v2\/pages\/2637\/revisions\/3413"}],"wp:featuredmedia":[{"embeddable":true,"href":"https:\/\/www.muzeum.klodzko.pl\/n\/wp-json\/wp\/v2\/media\/1713"}],"wp:attachment":[{"href":"https:\/\/www.muzeum.klodzko.pl\/n\/wp-json\/wp\/v2\/media?parent=2637"}],"curies":[{"name":"wp","href":"https:\/\/api.w.org\/{rel}","templated":true}]}}