{"id":292,"date":"2025-08-12T10:12:26","date_gmt":"2025-08-12T08:12:26","guid":{"rendered":"https:\/\/www.muzeum.klodzko.pl\/n\/?page_id=292"},"modified":"2025-08-12T10:13:46","modified_gmt":"2025-08-12T08:13:46","slug":"akcja-konserwacja","status":"publish","type":"page","link":"https:\/\/www.muzeum.klodzko.pl\/n\/akcja-konserwacja\/","title":{"rendered":"Akcja \u2013 konserwacja"},"content":{"rendered":"\n<p>Zabawa we wn\u0119trzach muzealnych, w kt\u00f3rej grupa m\u0142odych detektyw\u00f3w dokonuje fascynuj\u0105cych odkry\u0107 zg\u0142\u0119biaj\u0105c wiedz\u0119 dotycz\u0105c\u0105 sposob\u00f3w ratowania zabytk\u00f3w.<br>Wst\u0119p \u2013 <strong>30 z\u0142<\/strong>. <br>Czas trwania: 60 \u2013 120 minut.<\/p>\n\n\n\n<figure class=\"wp-block-image size-large is-resized\"><img loading=\"lazy\" decoding=\"async\" width=\"754\" height=\"1024\" src=\"https:\/\/www.muzeum.klodzko.pl\/n\/wp-content\/uploads\/2025\/08\/327308938_881711909747274_5573792410507383999_n-1131x1536-1-754x1024.jpg\" alt=\"\" class=\"wp-image-1995\" style=\"width:399px;height:auto\" srcset=\"https:\/\/www.muzeum.klodzko.pl\/n\/wp-content\/uploads\/2025\/08\/327308938_881711909747274_5573792410507383999_n-1131x1536-1-754x1024.jpg 754w, https:\/\/www.muzeum.klodzko.pl\/n\/wp-content\/uploads\/2025\/08\/327308938_881711909747274_5573792410507383999_n-1131x1536-1-221x300.jpg 221w, https:\/\/www.muzeum.klodzko.pl\/n\/wp-content\/uploads\/2025\/08\/327308938_881711909747274_5573792410507383999_n-1131x1536-1-768x1043.jpg 768w, https:\/\/www.muzeum.klodzko.pl\/n\/wp-content\/uploads\/2025\/08\/327308938_881711909747274_5573792410507383999_n-1131x1536-1.jpg 1131w\" sizes=\"auto, (max-width: 754px) 100vw, 754px\" \/><\/figure>\n","protected":false},"excerpt":{"rendered":"<p>Zabawa we wn\u0119trzach muzealnych, w kt\u00f3rej grupa m\u0142odych detektyw\u00f3w dokonuje fascynuj\u0105cych odkry\u0107 zg\u0142\u0119biaj\u0105c wiedz\u0119 dotycz\u0105c\u0105 sposob\u00f3w ratowania zabytk\u00f3w.Wst\u0119p \u2013 30 z\u0142. Czas trwania: 60 \u2013 120 minut.<\/p>\n","protected":false},"author":3,"featured_media":1995,"parent":0,"menu_order":0,"comment_status":"closed","ping_status":"closed","template":"","meta":{"neve_meta_sidebar":"","neve_meta_container":"","neve_meta_enable_content_width":"","neve_meta_content_width":0,"neve_meta_title_alignment":"","neve_meta_author_avatar":"","neve_post_elements_order":"","neve_meta_disable_header":"","neve_meta_disable_footer":"","neve_meta_disable_title":"","footnotes":""},"class_list":["post-292","page","type-page","status-publish","has-post-thumbnail","hentry"],"_links":{"self":[{"href":"https:\/\/www.muzeum.klodzko.pl\/n\/wp-json\/wp\/v2\/pages\/292","targetHints":{"allow":["GET"]}}],"collection":[{"href":"https:\/\/www.muzeum.klodzko.pl\/n\/wp-json\/wp\/v2\/pages"}],"about":[{"href":"https:\/\/www.muzeum.klodzko.pl\/n\/wp-json\/wp\/v2\/types\/page"}],"author":[{"embeddable":true,"href":"https:\/\/www.muzeum.klodzko.pl\/n\/wp-json\/wp\/v2\/users\/3"}],"replies":[{"embeddable":true,"href":"https:\/\/www.muzeum.klodzko.pl\/n\/wp-json\/wp\/v2\/comments?post=292"}],"version-history":[{"count":1,"href":"https:\/\/www.muzeum.klodzko.pl\/n\/wp-json\/wp\/v2\/pages\/292\/revisions"}],"predecessor-version":[{"id":1996,"href":"https:\/\/www.muzeum.klodzko.pl\/n\/wp-json\/wp\/v2\/pages\/292\/revisions\/1996"}],"wp:featuredmedia":[{"embeddable":true,"href":"https:\/\/www.muzeum.klodzko.pl\/n\/wp-json\/wp\/v2\/media\/1995"}],"wp:attachment":[{"href":"https:\/\/www.muzeum.klodzko.pl\/n\/wp-json\/wp\/v2\/media?parent=292"}],"curies":[{"name":"wp","href":"https:\/\/api.w.org\/{rel}","templated":true}]}}