{"id":310,"date":"2025-02-18T13:42:53","date_gmt":"2025-02-18T12:42:53","guid":{"rendered":"https:\/\/www.muzeum.klodzko.pl\/n\/?page_id=310"},"modified":"2025-02-18T13:57:43","modified_gmt":"2025-02-18T12:57:43","slug":"nasza-misja","status":"publish","type":"page","link":"https:\/\/www.muzeum.klodzko.pl\/n\/nasza-misja\/","title":{"rendered":"Nasza Misja"},"content":{"rendered":"\n<p>Misj\u0105 naszego Muzeum jest ochrona materialnego i duchowego dziedzictwa kulturowego ziemi k\u0142odzkiej. W tym celu wdra\u017camy wieloletni program tworzenia k\u0142odzkiej kolekcji regionalnej, b\u0119d\u0105cej dokumentacj\u0105 i \u015bwiadectwem miejscowej kultury. Dzi\u0119ki realizowanemu od wielu lat programowi edukacji regionalnej, poprzez liczne wystawy i wydarzenia edukacyjne, kszta\u0142tujemy wra\u017cliwo\u015b\u0107 dzieci i m\u0142odzie\u017cy na miejscow\u0105 spu\u015bcizn\u0119 kulturow\u0105 i wypracowujemy postawy s\u0142u\u017c\u0105ce ochronie i zachowaniu dziedzictwa. Pragniemy r\ufeff\u00f3\ufeffwnie\u017c dzia\u0142a\u0107 jako instytucja aktywizuj\u0105ca \u017cycie kulturalno-artystyczne mieszka\u0144c\ufeff\u00f3\ufeffw K\u0142odzka i ziemi k\u0142odzkiej.\ufeff<br>\ufeff \ufeff\ufeffMuzeum w K\u0142odzku jest instytucj\u0105 wpisan\u0105 do Pa\u0144stwowego Rejestru Muze\ufeff\u00f3\ufeffw i realizuje wszystkie zadania zapisane w obowi\u0105zuj\u0105cej \ufeff\ufeffUstawie o muzeach\ufeff\ufeff poprzez gromadzenie, przechowywanie, konserwacj\u0119 i udost\u0119pnianie d\ufeff\u00f3\ufeffbr kultury zwi\u0105zanych z histori\u0105, histori\u0105 kultury materialnej i sztuk\u0105. Organizuje wystawy, prowadzi badania naukowe oraz dzia\u0142alno\u015b\u0107 o\u015bwiatow\u0105, udost\u0119pnia swoje zbiory do cel\ufeff\u00f3\ufeffw badawczych, wsp\ufeff\u00f3\ufeff\u0142pracuje z krajowymi i zagranicznymi o\u015brodkami naukowo-badawczymi, o\u015bwiatowymi i stowarzyszeniami tw\ufeff\u00f3\ufeffrczymi.<\/p>\n","protected":false},"excerpt":{"rendered":"<p>Misj\u0105 naszego Muzeum jest ochrona materialnego i duchowego dziedzictwa kulturowego ziemi k\u0142odzkiej. W tym celu wdra\u017camy wieloletni program tworzenia k\u0142odzkiej kolekcji regionalnej, b\u0119d\u0105cej dokumentacj\u0105 i \u015bwiadectwem miejscowej kultury. Dzi\u0119ki realizowanemu od wielu lat programowi edukacji regionalnej, poprzez liczne wystawy i wydarzenia edukacyjne, kszta\u0142tujemy wra\u017cliwo\u015b\u0107 dzieci i m\u0142odzie\u017cy na miejscow\u0105 spu\u015bcizn\u0119 kulturow\u0105 i wypracowujemy postawy s\u0142u\u017c\u0105ce&hellip;&nbsp;<a href=\"https:\/\/www.muzeum.klodzko.pl\/n\/nasza-misja\/\" rel=\"bookmark\">Dowiedz si\u0119 wi\u0119cej &raquo;<span class=\"screen-reader-text\">Nasza Misja<\/span><\/a><\/p>\n","protected":false},"author":2,"featured_media":231,"parent":0,"menu_order":0,"comment_status":"closed","ping_status":"closed","template":"","meta":{"neve_meta_sidebar":"","neve_meta_container":"","neve_meta_enable_content_width":"","neve_meta_content_width":0,"neve_meta_title_alignment":"","neve_meta_author_avatar":"","neve_post_elements_order":"","neve_meta_disable_header":"","neve_meta_disable_footer":"","neve_meta_disable_title":"","footnotes":""},"class_list":["post-310","page","type-page","status-publish","has-post-thumbnail","hentry"],"_links":{"self":[{"href":"https:\/\/www.muzeum.klodzko.pl\/n\/wp-json\/wp\/v2\/pages\/310","targetHints":{"allow":["GET"]}}],"collection":[{"href":"https:\/\/www.muzeum.klodzko.pl\/n\/wp-json\/wp\/v2\/pages"}],"about":[{"href":"https:\/\/www.muzeum.klodzko.pl\/n\/wp-json\/wp\/v2\/types\/page"}],"author":[{"embeddable":true,"href":"https:\/\/www.muzeum.klodzko.pl\/n\/wp-json\/wp\/v2\/users\/2"}],"replies":[{"embeddable":true,"href":"https:\/\/www.muzeum.klodzko.pl\/n\/wp-json\/wp\/v2\/comments?post=310"}],"version-history":[{"count":2,"href":"https:\/\/www.muzeum.klodzko.pl\/n\/wp-json\/wp\/v2\/pages\/310\/revisions"}],"predecessor-version":[{"id":319,"href":"https:\/\/www.muzeum.klodzko.pl\/n\/wp-json\/wp\/v2\/pages\/310\/revisions\/319"}],"wp:featuredmedia":[{"embeddable":true,"href":"https:\/\/www.muzeum.klodzko.pl\/n\/wp-json\/wp\/v2\/media\/231"}],"wp:attachment":[{"href":"https:\/\/www.muzeum.klodzko.pl\/n\/wp-json\/wp\/v2\/media?parent=310"}],"curies":[{"name":"wp","href":"https:\/\/api.w.org\/{rel}","templated":true}]}}