{"id":487,"date":"2025-03-25T13:28:12","date_gmt":"2025-03-25T12:28:12","guid":{"rendered":"https:\/\/www.muzeum.klodzko.pl\/n\/?page_id=487"},"modified":"2026-04-28T09:18:35","modified_gmt":"2026-04-28T07:18:35","slug":"informacje","status":"publish","type":"page","link":"https:\/\/www.muzeum.klodzko.pl\/n\/informacje\/","title":{"rendered":"Informacje"},"content":{"rendered":"\n<figure class=\"wp-block-image\"><a href=\"https:\/\/www.muzeum.klodzko.pl\/n\/majowka-w-muzeum\/\"><img decoding=\"async\" src=\"https:\/\/www.muzeum.klodzko.pl\/n\/wp-content\/uploads\/2026\/04\/Anioly-z-arkad-1024x478.jpg\" alt=\"\"\/><\/a><\/figure>\n\n\n\n<p><a href=\"https:\/\/www.muzeum.klodzko.pl\/n\/majowka-w-muzeum\/\">Maj\u00f3wka w Muzeum<\/a>  <br>Zapraszamy do Muzeum! B\u0119dziemy dla Pa\u0144stwa otwarci 1, 2 i 3 maja 2026 w godzinach: 11.00-17.00. Polecamy wystawy sta\u0142e i czasowe: \u25cf Wystawa czasowa: Woda zwierciad\u0142em nieba \u2013 Dariusz Kaca\u2026\u00a0<a href=\"https:\/\/www.muzeum.klodzko.pl\/n\/majowka-w-muzeum\/\">Dowiedz si\u0119 wi\u0119cej \u00bb<\/a><\/p>\n\n\n\n<p><\/p>\n\n\n\n<figure class=\"wp-block-image\"><a href=\"https:\/\/www.muzeum.klodzko.pl\/n\/odszedl-stanislaw-sacha-stawiarski\/\"><img decoding=\"async\" src=\"https:\/\/www.muzeum.klodzko.pl\/n\/wp-content\/uploads\/2026\/04\/DSC2223-1024x768.jpg\" alt=\"\"\/><\/a><\/figure>\n\n\n\n<p><a href=\"https:\/\/www.muzeum.klodzko.pl\/n\/odszedl-stanislaw-sacha-stawiarski\/\">Odszed\u0142 Stanis\u0142aw Sacha Stawiarski<\/a> <br>STANIS\u0141AW SACHA STAWIARSKI (1941-2026) Urodzony w 1941 roku w \u015aladowie (powiat miechowski). Edukacj\u0119 artystyczn\u0105 rozpocz\u0105\u0142 w Pa\u0144stwowym Liceum Sztuk Plastycznych w Krakowie, gdzie w 1962 z\u0142o\u017cy\u0142 egzamin maturalny. Studiowa\u0142 w\u2026&nbsp;<a href=\"https:\/\/www.muzeum.klodzko.pl\/n\/odszedl-stanislaw-sacha-stawiarski\/\">Dowiedz si\u0119 wi\u0119cej \u00bb<\/a><\/p>\n\n\n\n<p><\/p>\n\n\n\n<figure class=\"wp-block-image\"><a href=\"https:\/\/www.muzeum.klodzko.pl\/n\/godziny-otwarcia-muzeum-2\/\"><img decoding=\"async\" src=\"https:\/\/www.muzeum.klodzko.pl\/n\/wp-content\/uploads\/2026\/03\/Wielkanoc-2026-na-strone-godziny-otwarcaia-1024x317.jpg\" alt=\"\"\/><\/a><\/figure>\n\n\n\n<p><a href=\"https:\/\/www.muzeum.klodzko.pl\/n\/godziny-otwarcia-muzeum-2\/\">Godziny otwarcia Muzeum<\/a> <br>Informujemy, \u017ce nasze Muzeum w Wielk\u0105 Sobot\u0119 4 kwietnia 2026 b\u0119dzie czynne do godziny 14.00, a w czasie \u015awi\u0105t Wielkanocnych 5 i 6 kwietnia 2026 b\u0119dzie zamkni\u0119te&#8230;.<\/p>\n\n\n\n<p><\/p>\n\n\n\n<figure class=\"wp-block-image is-resized\"><a href=\"https:\/\/www.muzeum.klodzko.pl\/n\/wazna-wiadomosc\/\"><img decoding=\"async\" src=\"https:\/\/www.muzeum.klodzko.pl\/n\/wp-content\/uploads\/2025\/12\/Wazna-informacja2-1024x321.jpg\" alt=\"\" style=\"aspect-ratio:3.189933409395063;width:676px;height:auto\"\/><\/a><\/figure>\n\n\n\n<p><a href=\"https:\/\/www.muzeum.klodzko.pl\/n\/wazna-wiadomosc\/\" target=\"_blank\" rel=\"noreferrer noopener\">Wa\u017cna Informacja<\/a> &#8211; Muzeum w czasie \u015awi\u0105t nieczynne dla Zwiedzaj\u0105cych<br><br><\/p>\n\n\n\n<figure class=\"wp-block-image size-large is-resized\"><img loading=\"lazy\" decoding=\"async\" width=\"1024\" height=\"365\" src=\"https:\/\/www.muzeum.klodzko.pl\/n\/wp-content\/uploads\/2025\/03\/obraz-1024x365.png\" alt=\"\" class=\"wp-image-479\" style=\"width:682px;height:auto\" srcset=\"https:\/\/www.muzeum.klodzko.pl\/n\/wp-content\/uploads\/2025\/03\/obraz-1024x365.png 1024w, https:\/\/www.muzeum.klodzko.pl\/n\/wp-content\/uploads\/2025\/03\/obraz-300x107.png 300w, https:\/\/www.muzeum.klodzko.pl\/n\/wp-content\/uploads\/2025\/03\/obraz-768x274.png 768w, https:\/\/www.muzeum.klodzko.pl\/n\/wp-content\/uploads\/2025\/03\/obraz-1536x548.png 1536w, https:\/\/www.muzeum.klodzko.pl\/n\/wp-content\/uploads\/2025\/03\/obraz.png 1888w\" sizes=\"auto, (max-width: 1024px) 100vw, 1024px\" \/><\/figure>\n\n\n\n<p><a href=\"https:\/\/www.schlesisches-museum.de\/pl\/wystawy\/wystawa-specjalna-franz-wagner-2\" target=\"_blank\" rel=\"noreferrer noopener\">Franz Wagner (1887\u20131942), k\u0142odzki rze\u017abiarz <\/a> w Muzeum \u015al\u0105skim w G\u00f6rlitz od 9.11.2024 do 16.03.2025<\/p>\n","protected":false},"excerpt":{"rendered":"<p>Maj\u00f3wka w Muzeum Zapraszamy do Muzeum! B\u0119dziemy dla Pa\u0144stwa otwarci 1, 2 i 3 maja 2026 w godzinach: 11.00-17.00. Polecamy wystawy sta\u0142e i czasowe: \u25cf Wystawa czasowa: Woda zwierciad\u0142em nieba \u2013 Dariusz Kaca\u2026\u00a0Dowiedz si\u0119 wi\u0119cej \u00bb Odszed\u0142 Stanis\u0142aw Sacha Stawiarski STANIS\u0141AW SACHA STAWIARSKI (1941-2026) Urodzony w 1941 roku w \u015aladowie (powiat miechowski). Edukacj\u0119 artystyczn\u0105 rozpocz\u0105\u0142&hellip;&nbsp;<a href=\"https:\/\/www.muzeum.klodzko.pl\/n\/informacje\/\" rel=\"bookmark\">Dowiedz si\u0119 wi\u0119cej &raquo;<span class=\"screen-reader-text\">Informacje<\/span><\/a><\/p>\n","protected":false},"author":3,"featured_media":497,"parent":0,"menu_order":0,"comment_status":"closed","ping_status":"closed","template":"","meta":{"neve_meta_sidebar":"","neve_meta_container":"","neve_meta_enable_content_width":"","neve_meta_content_width":0,"neve_meta_title_alignment":"","neve_meta_author_avatar":"","neve_post_elements_order":"","neve_meta_disable_header":"","neve_meta_disable_footer":"","neve_meta_disable_title":"","footnotes":""},"class_list":["post-487","page","type-page","status-publish","has-post-thumbnail","hentry"],"_links":{"self":[{"href":"https:\/\/www.muzeum.klodzko.pl\/n\/wp-json\/wp\/v2\/pages\/487","targetHints":{"allow":["GET"]}}],"collection":[{"href":"https:\/\/www.muzeum.klodzko.pl\/n\/wp-json\/wp\/v2\/pages"}],"about":[{"href":"https:\/\/www.muzeum.klodzko.pl\/n\/wp-json\/wp\/v2\/types\/page"}],"author":[{"embeddable":true,"href":"https:\/\/www.muzeum.klodzko.pl\/n\/wp-json\/wp\/v2\/users\/3"}],"replies":[{"embeddable":true,"href":"https:\/\/www.muzeum.klodzko.pl\/n\/wp-json\/wp\/v2\/comments?post=487"}],"version-history":[{"count":7,"href":"https:\/\/www.muzeum.klodzko.pl\/n\/wp-json\/wp\/v2\/pages\/487\/revisions"}],"predecessor-version":[{"id":4398,"href":"https:\/\/www.muzeum.klodzko.pl\/n\/wp-json\/wp\/v2\/pages\/487\/revisions\/4398"}],"wp:featuredmedia":[{"embeddable":true,"href":"https:\/\/www.muzeum.klodzko.pl\/n\/wp-json\/wp\/v2\/media\/497"}],"wp:attachment":[{"href":"https:\/\/www.muzeum.klodzko.pl\/n\/wp-json\/wp\/v2\/media?parent=487"}],"curies":[{"name":"wp","href":"https:\/\/api.w.org\/{rel}","templated":true}]}}