{"id":604,"date":"2025-03-26T15:27:28","date_gmt":"2025-03-26T14:27:28","guid":{"rendered":"https:\/\/www.muzeum.klodzko.pl\/n\/?page_id=604"},"modified":"2025-04-08T13:31:28","modified_gmt":"2025-04-08T11:31:28","slug":"andreas-ernst-1861-1929-klodzki-architekt-ein-glatzer-architekt","status":"publish","type":"page","link":"https:\/\/www.muzeum.klodzko.pl\/n\/andreas-ernst-1861-1929-klodzki-architekt-ein-glatzer-architekt\/","title":{"rendered":"Andreas Ernst (1861-1929) k\u0142odzki architekt\/ein Glatzer Architekt."},"content":{"rendered":"\n<p><strong><em>Andreas Ernst (1861-1929) k\u0142odzki architekt\/ein Glatzer Architekt<\/em>. <\/strong> <br><br><strong>Autor: Joanna Jakubowicz, K\u0142odzko 2019, s. 148, 21\u00d727,7 cm<\/strong>, <br><br>cena: 50 z\u0142<\/p>\n\n\n\n<p><strong><em>Andreas Ernst (1861-1929) k\u0142odzki architekt<\/em><\/strong> to pierwsza na rynku wydawniczym monografia po\u015bwi\u0119cona \u017cyciu i tw\u00f3rczo\u015bci architekta Andreasa Ernsta (1861-1929). Dwuj\u0119zyczna, polsko-niemiecka, pozycja jest pr\u00f3b\u0105 podsumowania dorobku znakomitego architekta \u2013 Andreasa Ernsta, kt\u00f3rego dzie\u0142a w du\u017cej mierze wp\u0142yn\u0119\u0142y na dzisiejszy wizerunek K\u0142odzka, a tak\u017ce Polanicy-Zdroju. <br><br>SPIS TRE\u015aCI<br>\u25cf  Od redakcji\/Vorwort  <br>\u25cf  Wst\u0119p\/Einf\u00fcrung <br>\u25cf  \u017bycie i dzia\u0142alno\u015bc Andeasa Ernsta\/Leben und T\u00e4tigkeit von Andreas Ernst <br>\u25cf  Firma A. Ernst <br>\u25cf  Cechy stylowe architektury Andreasa Ernsta\/Merkmale der Baukunst von Andreas Ernst <br>\u25cf  Najwa\u017cniejsze realizacje budowlane Andreasa Ernsta na terenie K\u0142odzka\/Die wichtigsten Bauwerke von Andreas Ernst in Glatz: wille\/Die Villen, realizacje budowane na terenie przedmie\u015bcia po\u0142udniowego\/Bauwerke in der S\u00fcdlichen Vorstadt, ulica Stefana Okrzei\/Stefana-Okrzei-Stra\u00dfe (Friedrichsstra\u00dfe), realizacje budowane na terenie przedmie\u015bcia wschodniego\/Bauwerke in der \u00f6stlicheen Vorstadt, ulica \u0141u\u017cycka\/\u0141u\u017cycka-Stra\u00dfe (Zimmerstra\u00dfe), ogrodnictwo\/G\u00e4rtnerei, grobowiec\/Ruhest\u00e4tte <br>\u25cf  Klatki schodowe k\u0142odzkich kamienic\/Treppenh\u00e4user in Glatz <br>\u25cf  Chronologiczne zestawienie k\u0142odzkich realizacji Andreasa Ernsta (projekty, budowy, przebudowy)\/Chronologisches Register der Bauwerke von Andreas Ernst in Glatz (Projekte, Bau und Umbau) <br>\u25cf  Projekty\/Entw\u00fcrfe <br>\u25cf  Wystawa ANDREAS ERNST (1861-1929) \u2013 K\u0141ODZKI ARCHITEKT\/Ausstellung (ANDREAS ERNST (1861-1929) \u2013 EIN GLATZER ARCHITEKT <br><br>Tekst: Joanna Jakubowicz. Koncepcja, redakcja i korekta: Irena Klimaszewska. Fotografie: Tomasz Gmerek. T\u0142umaczenie: Jolanta Szafarz. Konsultacje j\u0119zykowe i korekta wersji niemieckiej: Agnieszka Bormann. Projekt ok\u0142adki: Malwina Karp. Opracowanie graficzne, sk\u0142ad: Robert Bartlewski: Muzeum Ziemi K\u0142odzkiej, 2019 <br><br>Projekty, plany i szkice zamieszczone w publikacji pochodz\u0105 ze zbior\u00f3w Archiwum Pa\u0144stwowego we Wroc\u0142awiu. <br><br>Fotografie zamieszczone w publikacji pochodz\u0105 ze zbior\u00f3w Towarzystwa Mi\u0142o\u015bnik\u00f3w K\u0142odzka, Muzeum Filumenistycznego w Bystrzycy K\u0142odzkiej, Muzeum Ziemi K\u0142odzkiej w K\u0142odzku <br><br>ISBN 978-83-950160-2-8 <br><br>Partner: Schlesisches Museum zu Goerlitz <br><br>Publikacj\u0119 wydano z finansowym wsparciem Fundacji Wsp\u00f3\u0142pracy Polsko-Niemieckiej.<\/p>\n\n\n\n<figure class=\"wp-block-image\"><img loading=\"lazy\" decoding=\"async\" width=\"300\" height=\"151\" src=\"https:\/\/www.muzeum.klodzko.pl\/n\/wp-content\/uploads\/2025\/03\/FWPN_rgb.thumbnail.png\" alt=\"\" class=\"wp-image-579\"\/><\/figure>\n\n\n\n<figure class=\"wp-block-image size-full\"><img loading=\"lazy\" decoding=\"async\" width=\"338\" height=\"445\" src=\"https:\/\/www.muzeum.klodzko.pl\/n\/wp-content\/uploads\/2025\/03\/2021-04-14.jpg\" alt=\"\" class=\"wp-image-607\" srcset=\"https:\/\/www.muzeum.klodzko.pl\/n\/wp-content\/uploads\/2025\/03\/2021-04-14.jpg 338w, https:\/\/www.muzeum.klodzko.pl\/n\/wp-content\/uploads\/2025\/03\/2021-04-14-228x300.jpg 228w\" sizes=\"auto, (max-width: 338px) 100vw, 338px\" \/><\/figure>\n","protected":false},"excerpt":{"rendered":"<p>Andreas Ernst (1861-1929) k\u0142odzki architekt\/ein Glatzer Architekt. Autor: Joanna Jakubowicz, K\u0142odzko 2019, s. 148, 21\u00d727,7 cm, cena: 50 z\u0142 Andreas Ernst (1861-1929) k\u0142odzki architekt to pierwsza na rynku wydawniczym monografia po\u015bwi\u0119cona \u017cyciu i tw\u00f3rczo\u015bci architekta Andreasa Ernsta (1861-1929). Dwuj\u0119zyczna, polsko-niemiecka, pozycja jest pr\u00f3b\u0105 podsumowania dorobku znakomitego architekta \u2013 Andreasa Ernsta, kt\u00f3rego dzie\u0142a w du\u017cej mierze&hellip;&nbsp;<a href=\"https:\/\/www.muzeum.klodzko.pl\/n\/andreas-ernst-1861-1929-klodzki-architekt-ein-glatzer-architekt\/\" rel=\"bookmark\">Dowiedz si\u0119 wi\u0119cej &raquo;<span class=\"screen-reader-text\">Andreas Ernst (1861-1929) k\u0142odzki architekt\/ein Glatzer Architekt.<\/span><\/a><\/p>\n","protected":false},"author":3,"featured_media":606,"parent":0,"menu_order":0,"comment_status":"closed","ping_status":"closed","template":"","meta":{"neve_meta_sidebar":"","neve_meta_container":"","neve_meta_enable_content_width":"","neve_meta_content_width":0,"neve_meta_title_alignment":"","neve_meta_author_avatar":"","neve_post_elements_order":"","neve_meta_disable_header":"","neve_meta_disable_footer":"","neve_meta_disable_title":"","footnotes":""},"class_list":["post-604","page","type-page","status-publish","has-post-thumbnail","hentry"],"_links":{"self":[{"href":"https:\/\/www.muzeum.klodzko.pl\/n\/wp-json\/wp\/v2\/pages\/604","targetHints":{"allow":["GET"]}}],"collection":[{"href":"https:\/\/www.muzeum.klodzko.pl\/n\/wp-json\/wp\/v2\/pages"}],"about":[{"href":"https:\/\/www.muzeum.klodzko.pl\/n\/wp-json\/wp\/v2\/types\/page"}],"author":[{"embeddable":true,"href":"https:\/\/www.muzeum.klodzko.pl\/n\/wp-json\/wp\/v2\/users\/3"}],"replies":[{"embeddable":true,"href":"https:\/\/www.muzeum.klodzko.pl\/n\/wp-json\/wp\/v2\/comments?post=604"}],"version-history":[{"count":4,"href":"https:\/\/www.muzeum.klodzko.pl\/n\/wp-json\/wp\/v2\/pages\/604\/revisions"}],"predecessor-version":[{"id":1016,"href":"https:\/\/www.muzeum.klodzko.pl\/n\/wp-json\/wp\/v2\/pages\/604\/revisions\/1016"}],"wp:featuredmedia":[{"embeddable":true,"href":"https:\/\/www.muzeum.klodzko.pl\/n\/wp-json\/wp\/v2\/media\/606"}],"wp:attachment":[{"href":"https:\/\/www.muzeum.klodzko.pl\/n\/wp-json\/wp\/v2\/media?parent=604"}],"curies":[{"name":"wp","href":"https:\/\/api.w.org\/{rel}","templated":true}]}}