{"id":609,"date":"2025-03-27T09:00:25","date_gmt":"2025-03-27T08:00:25","guid":{"rendered":"https:\/\/www.muzeum.klodzko.pl\/n\/?page_id=609"},"modified":"2025-04-14T10:16:58","modified_gmt":"2025-04-14T08:16:58","slug":"atrakcje-turystyczne-ziemi-klodzkiej-na-dawnej-karcie-pocztowej","status":"publish","type":"page","link":"https:\/\/www.muzeum.klodzko.pl\/n\/atrakcje-turystyczne-ziemi-klodzkiej-na-dawnej-karcie-pocztowej\/","title":{"rendered":"Atrakcje Turystyczne Ziemi K\u0142odzkiej na dawnej karcie pocztowej"},"content":{"rendered":"\n<p><em><strong>Atrakcje Turystyczne Ziemi K\u0142odzkiej na dawnej karcie pocztowej ze zbior\u00f3w Muzeum Ziemi K\u0142odzkie<\/strong><\/em>j<strong>.\/<em>Touristische attraktionen des\u00a0Glatzer Landes auf alten postkarten aus den Sammlungen des Museums des Glatzer Landes<\/em>. <\/strong><br>Autor: <strong>Krystyna Oniszczuk-Awi\u017ce\u0144<\/strong>, K\u0142odzko 2019, s. 100, 21&#215;27,7 cm<br><br>cena: 35 z\u0142<\/p>\n\n\n\n<p>Wydawnictwo to kolejny, trzeci ju\u017c, dwuj\u0119zyczny (polsko-niemiecki) album popularyzuj\u0105cy zbiory filokartystyczne Muzeum Ziemi K\u0142odzkiej. Publikacja dedykowana jest w szczeg\u00f3lno\u015bci pasjonatom turystyki ziemi k\u0142odzkiej. Atrakcje Turystyczne Zimi K\u0142odzkiej na dawnej karcie pocztowej ze zbior\u00f3w Muzeum Ziemi K\u0142odzkiej. Touristische attraktionen des Glatzer Landes auf alten postkarten aus den Sammlungen des Museums des Glatzer Landes. <\/p>\n\n\n\n<figure class=\"wp-block-image size-full\"><img decoding=\"async\" src=\"https:\/\/www.muzeum.klodzko.pl\/n\/wp-content\/uploads\/2025\/03\/2021-04-14-1.jpg\" alt=\"\" class=\"wp-image-614\"\/><\/figure>\n","protected":false},"excerpt":{"rendered":"<p>Atrakcje Turystyczne Ziemi K\u0142odzkiej na dawnej karcie pocztowej ze zbior\u00f3w Muzeum Ziemi K\u0142odzkiej.\/Touristische attraktionen des\u00a0Glatzer Landes auf alten postkarten aus den Sammlungen des Museums des Glatzer Landes. Autor: Krystyna Oniszczuk-Awi\u017ce\u0144, K\u0142odzko 2019, s. 100, 21&#215;27,7 cm cena: 35 z\u0142 Wydawnictwo to kolejny, trzeci ju\u017c, dwuj\u0119zyczny (polsko-niemiecki) album popularyzuj\u0105cy zbiory filokartystyczne Muzeum Ziemi K\u0142odzkiej. Publikacja dedykowana&hellip;&nbsp;<a href=\"https:\/\/www.muzeum.klodzko.pl\/n\/atrakcje-turystyczne-ziemi-klodzkiej-na-dawnej-karcie-pocztowej\/\" rel=\"bookmark\">Dowiedz si\u0119 wi\u0119cej &raquo;<span class=\"screen-reader-text\">Atrakcje Turystyczne Ziemi K\u0142odzkiej na dawnej karcie pocztowej<\/span><\/a><\/p>\n","protected":false},"author":3,"featured_media":636,"parent":0,"menu_order":0,"comment_status":"closed","ping_status":"closed","template":"","meta":{"neve_meta_sidebar":"","neve_meta_container":"","neve_meta_enable_content_width":"","neve_meta_content_width":0,"neve_meta_title_alignment":"","neve_meta_author_avatar":"","neve_post_elements_order":"","neve_meta_disable_header":"","neve_meta_disable_footer":"","neve_meta_disable_title":"","footnotes":""},"class_list":["post-609","page","type-page","status-publish","has-post-thumbnail","hentry"],"_links":{"self":[{"href":"https:\/\/www.muzeum.klodzko.pl\/n\/wp-json\/wp\/v2\/pages\/609","targetHints":{"allow":["GET"]}}],"collection":[{"href":"https:\/\/www.muzeum.klodzko.pl\/n\/wp-json\/wp\/v2\/pages"}],"about":[{"href":"https:\/\/www.muzeum.klodzko.pl\/n\/wp-json\/wp\/v2\/types\/page"}],"author":[{"embeddable":true,"href":"https:\/\/www.muzeum.klodzko.pl\/n\/wp-json\/wp\/v2\/users\/3"}],"replies":[{"embeddable":true,"href":"https:\/\/www.muzeum.klodzko.pl\/n\/wp-json\/wp\/v2\/comments?post=609"}],"version-history":[{"count":6,"href":"https:\/\/www.muzeum.klodzko.pl\/n\/wp-json\/wp\/v2\/pages\/609\/revisions"}],"predecessor-version":[{"id":1057,"href":"https:\/\/www.muzeum.klodzko.pl\/n\/wp-json\/wp\/v2\/pages\/609\/revisions\/1057"}],"wp:featuredmedia":[{"embeddable":true,"href":"https:\/\/www.muzeum.klodzko.pl\/n\/wp-json\/wp\/v2\/media\/636"}],"wp:attachment":[{"href":"https:\/\/www.muzeum.klodzko.pl\/n\/wp-json\/wp\/v2\/media?parent=609"}],"curies":[{"name":"wp","href":"https:\/\/api.w.org\/{rel}","templated":true}]}}