{"id":631,"date":"2025-03-27T09:31:40","date_gmt":"2025-03-27T08:31:40","guid":{"rendered":"https:\/\/www.muzeum.klodzko.pl\/n\/?page_id=631"},"modified":"2025-04-03T12:43:35","modified_gmt":"2025-04-03T10:43:35","slug":"zdroje-ziemi-klodzkiej-na-dawnej-karcie-pocztowej","status":"publish","type":"page","link":"https:\/\/www.muzeum.klodzko.pl\/n\/zdroje-ziemi-klodzkiej-na-dawnej-karcie-pocztowej\/","title":{"rendered":"Zdroje Ziemi K\u0142odzkiej na dawnej karcie pocztowej"},"content":{"rendered":"\n<p><strong><em>Zdroje Ziemi K\u0142odzkiej na dawnej karcie pocztowej ze zbior\u00f3w Muzeum Ziemi K\u0142odzkiej<\/em>. <\/strong><br><strong><em>Kurorte des glatzer landes auf alten postkarten aus den Sammlungen des Museums des Glatzer Landes<\/em>.<\/strong> <br>Autor: Krystyna Oniszczuk-Awi\u017ce\u0144, K\u0142odzko 2016, s. 72, 21\u00d727,7 cm<\/p>\n\n\n\n<p>cena: 35 z\u0142<\/p>\n\n\n\n<p>Wydawnictwo <strong>Zdroje Ziemi K\u0142odzkiej na dawnej karcie pocztowej<\/strong> z<strong>e zbior\u00f3w Muzeum Ziemi K\u0142odzkiej <\/strong>nawi\u0105zuje do prowadzonych od lat dzia\u0142a\u0144 muzealnych, maj\u0105cych na celu popularyzowanie istotnych i najciekawszych dla K\u0142odzczyzny zagadnie\u0144 zwi\u0105zanych z przesz\u0142o\u015bci\u0105, regionaln\u0105 specyfik\u0105 i kultur\u0105. Publikacja prezentuje wybrane widok\u00f3wki przedstawiaj\u0105ce kurorty ziemi k\u0142odzkiej. b\u0119d\u0105ce dokumentacj\u0105 cz\u0119sto ju\u017c nie istniej\u0105cych obiekt\u00f3w oraz ukazuj\u0105ce przemiany jakie dokona\u0142y si\u0119 przez lata. Katalog zawiera widoki pi\u0119ciu uzdrowisk. Zaczynaj\u0105c od najstarszego L\u0105dka, przez Duszniki, Kudow\u0119, D\u0142ugopole i na koniec najm\u0142odszy z kurort\u00f3w \u2013 Polanic\u0119. Wszystko opisane w j\u0119zyku polskim oraz niemieckim.<\/p>\n\n\n\n<figure class=\"wp-block-image size-full is-resized\"><img loading=\"lazy\" decoding=\"async\" width=\"485\" height=\"640\" src=\"https:\/\/www.muzeum.klodzko.pl\/n\/wp-content\/uploads\/2025\/03\/zdroje-ziemi-klodzkiej.jpg\" alt=\"\" class=\"wp-image-632\" style=\"width:402px;height:auto\" srcset=\"https:\/\/www.muzeum.klodzko.pl\/n\/wp-content\/uploads\/2025\/03\/zdroje-ziemi-klodzkiej.jpg 485w, https:\/\/www.muzeum.klodzko.pl\/n\/wp-content\/uploads\/2025\/03\/zdroje-ziemi-klodzkiej-227x300.jpg 227w\" sizes=\"auto, (max-width: 485px) 100vw, 485px\" \/><\/figure>\n","protected":false},"excerpt":{"rendered":"<p>Zdroje Ziemi K\u0142odzkiej na dawnej karcie pocztowej ze zbior\u00f3w Muzeum Ziemi K\u0142odzkiej. Kurorte des glatzer landes auf alten postkarten aus den Sammlungen des Museums des Glatzer Landes. Autor: Krystyna Oniszczuk-Awi\u017ce\u0144, K\u0142odzko 2016, s. 72, 21\u00d727,7 cm cena: 35 z\u0142 Wydawnictwo Zdroje Ziemi K\u0142odzkiej na dawnej karcie pocztowej ze zbior\u00f3w Muzeum Ziemi K\u0142odzkiej nawi\u0105zuje do prowadzonych&hellip;&nbsp;<a href=\"https:\/\/www.muzeum.klodzko.pl\/n\/zdroje-ziemi-klodzkiej-na-dawnej-karcie-pocztowej\/\" rel=\"bookmark\">Dowiedz si\u0119 wi\u0119cej &raquo;<span class=\"screen-reader-text\">Zdroje Ziemi K\u0142odzkiej na dawnej karcie pocztowej<\/span><\/a><\/p>\n","protected":false},"author":3,"featured_media":634,"parent":0,"menu_order":0,"comment_status":"closed","ping_status":"closed","template":"","meta":{"neve_meta_sidebar":"","neve_meta_container":"","neve_meta_enable_content_width":"","neve_meta_content_width":0,"neve_meta_title_alignment":"","neve_meta_author_avatar":"","neve_post_elements_order":"","neve_meta_disable_header":"","neve_meta_disable_footer":"","neve_meta_disable_title":"","footnotes":""},"class_list":["post-631","page","type-page","status-publish","has-post-thumbnail","hentry"],"_links":{"self":[{"href":"https:\/\/www.muzeum.klodzko.pl\/n\/wp-json\/wp\/v2\/pages\/631","targetHints":{"allow":["GET"]}}],"collection":[{"href":"https:\/\/www.muzeum.klodzko.pl\/n\/wp-json\/wp\/v2\/pages"}],"about":[{"href":"https:\/\/www.muzeum.klodzko.pl\/n\/wp-json\/wp\/v2\/types\/page"}],"author":[{"embeddable":true,"href":"https:\/\/www.muzeum.klodzko.pl\/n\/wp-json\/wp\/v2\/users\/3"}],"replies":[{"embeddable":true,"href":"https:\/\/www.muzeum.klodzko.pl\/n\/wp-json\/wp\/v2\/comments?post=631"}],"version-history":[{"count":3,"href":"https:\/\/www.muzeum.klodzko.pl\/n\/wp-json\/wp\/v2\/pages\/631\/revisions"}],"predecessor-version":[{"id":900,"href":"https:\/\/www.muzeum.klodzko.pl\/n\/wp-json\/wp\/v2\/pages\/631\/revisions\/900"}],"wp:featuredmedia":[{"embeddable":true,"href":"https:\/\/www.muzeum.klodzko.pl\/n\/wp-json\/wp\/v2\/media\/634"}],"wp:attachment":[{"href":"https:\/\/www.muzeum.klodzko.pl\/n\/wp-json\/wp\/v2\/media?parent=631"}],"curies":[{"name":"wp","href":"https:\/\/api.w.org\/{rel}","templated":true}]}}