{"id":73,"date":"2025-01-08T17:32:17","date_gmt":"2025-01-08T16:32:17","guid":{"rendered":"https:\/\/www.muzeum.klodzko.pl\/n\/?page_id=73"},"modified":"2025-02-11T10:57:38","modified_gmt":"2025-02-11T09:57:38","slug":"historia","status":"publish","type":"page","link":"https:\/\/www.muzeum.klodzko.pl\/n\/historia\/","title":{"rendered":"Historia"},"content":{"rendered":"\n<p>Muzeum Ziemi K\u0142odzkiej zosta\u0142o oficjalnie otwarte 1 maja 1963 roku. Plac\u00f3wka od ponad 60 lat gromadzi i piel\u0119gnuje spu\u015bcizn\u0119 kulturaln\u0105 Ziemi K\u0142odzkiej, obszaru kt\u00f3ry zachwyca pod wzgl\u0119dem geograficzno-krajobrazowym, za\u015b jego dzieje, zawirowania polityczne, etniczne i kulturowe \u2013 czyni\u0105 ze\u0144 niezwykle interesuj\u0105ce pole bada\u0144 i zbieractwa muzealnego.<\/p>\n\n\n\n<p>Misj\u0105 muzeum jest ochrona materialnego i duchowego dziedzictwa kulturowego Ziemi K\u0142odzkiej. Muzeum wype\u0142nia j\u0105 poprzez gromadzenie, przechowywanie, konserwacj\u0119 i udost\u0119pnianie d\u00f3br kultury zwi\u0105zanych z histori\u0105, historii kultury materialnej i sztuki regionu Ziemi K\u0142odzkiej . Muzeum prowadzi badania naukowe oraz dzia\u0142alno\u015b\u0107 o\u015bwiatow\u0105 oraz dzia\u0142a jako bodziec aktywizuj\u0105cy \u017cycie kulturalno-artystyczne mieszka\u0144c\u00f3w K\u0142odzka i regionu.<\/p>\n\n\n\n<p>Muzeum mie\u015bci si\u0119 w barokowym budynku d. konwiktu jezuickiego z XVII\/XVIII w. Na dziedzi\u0144cu lapidarium. Zbiory: wyroby cynowe konwisarzy k\u0142odzkich i \u015bl\u0105skich, zegary popularne na \u015al\u0105sku z k. XIX i pocz. XX w., k\u0142odzkie wsp\u00f3\u0142czesne szk\u0142o unikatowe, stylowe wn\u0119trza.<\/p>\n\n\n\n<p>Ekspozycje muzealne mo\u017cna zwiedza\u0107 indywidualnie lub z przewodnikiem. Oferujemy r\u00f3wnie\u017c spotkania i prelekcje muzealne na tematy zwi\u0105zane z histori\u0105, kultur\u0105 i zabytkami miasta oraz regionu.<\/p>\n\n\n\n<p>W sta\u0142ej sprzeda\u017cy w kasie Muzeum znajduj\u0105 si\u0119 informatory i katalogi muzealne oraz szeroki wyb\u00f3r r\u00f3\u017cnorodnych publikacji dotycz\u0105cych historii, zabytk\u00f3w i walor\u00f3w turystycznych Ziemi K\u0142odzkiej, w tym r\u00f3wnie\u017c przewodniki, mapy i plany turystyczne Kotliny K\u0142odzkiej i Sudet\u00f3w. <\/p>\n\n\n\n<figure class=\"wp-block-image size-large\"><img loading=\"lazy\" decoding=\"async\" width=\"1024\" height=\"768\" src=\"https:\/\/www.muzeum.klodzko.pl\/n\/wp-content\/uploads\/2025\/01\/IMG_20201120_120556-muzeum-1024x768.jpg\" alt=\"\" class=\"wp-image-263\" srcset=\"https:\/\/www.muzeum.klodzko.pl\/n\/wp-content\/uploads\/2025\/01\/IMG_20201120_120556-muzeum-1024x768.jpg 1024w, https:\/\/www.muzeum.klodzko.pl\/n\/wp-content\/uploads\/2025\/01\/IMG_20201120_120556-muzeum-300x225.jpg 300w, https:\/\/www.muzeum.klodzko.pl\/n\/wp-content\/uploads\/2025\/01\/IMG_20201120_120556-muzeum-768x576.jpg 768w, https:\/\/www.muzeum.klodzko.pl\/n\/wp-content\/uploads\/2025\/01\/IMG_20201120_120556-muzeum-1536x1152.jpg 1536w, https:\/\/www.muzeum.klodzko.pl\/n\/wp-content\/uploads\/2025\/01\/IMG_20201120_120556-muzeum.jpg 1920w\" sizes=\"auto, (max-width: 1024px) 100vw, 1024px\" \/><\/figure>\n\n\n\n<p><\/p>\n","protected":false},"excerpt":{"rendered":"<p>Muzeum Ziemi K\u0142odzkiej zosta\u0142o oficjalnie otwarte 1 maja 1963 roku. Plac\u00f3wka od ponad 60 lat gromadzi i piel\u0119gnuje spu\u015bcizn\u0119 kulturaln\u0105 Ziemi K\u0142odzkiej, obszaru kt\u00f3ry zachwyca pod wzgl\u0119dem geograficzno-krajobrazowym, za\u015b jego dzieje, zawirowania polityczne, etniczne i kulturowe \u2013 czyni\u0105 ze\u0144 niezwykle interesuj\u0105ce pole bada\u0144 i zbieractwa muzealnego. Misj\u0105 muzeum jest ochrona materialnego i duchowego dziedzictwa kulturowego&hellip;&nbsp;<a href=\"https:\/\/www.muzeum.klodzko.pl\/n\/historia\/\" rel=\"bookmark\">Dowiedz si\u0119 wi\u0119cej &raquo;<span class=\"screen-reader-text\">Historia<\/span><\/a><\/p>\n","protected":false},"author":1,"featured_media":72,"parent":0,"menu_order":0,"comment_status":"closed","ping_status":"closed","template":"","meta":{"neve_meta_sidebar":"","neve_meta_container":"","neve_meta_enable_content_width":"","neve_meta_content_width":0,"neve_meta_title_alignment":"","neve_meta_author_avatar":"","neve_post_elements_order":"","neve_meta_disable_header":"","neve_meta_disable_footer":"","neve_meta_disable_title":"","footnotes":""},"class_list":["post-73","page","type-page","status-publish","has-post-thumbnail","hentry"],"_links":{"self":[{"href":"https:\/\/www.muzeum.klodzko.pl\/n\/wp-json\/wp\/v2\/pages\/73","targetHints":{"allow":["GET"]}}],"collection":[{"href":"https:\/\/www.muzeum.klodzko.pl\/n\/wp-json\/wp\/v2\/pages"}],"about":[{"href":"https:\/\/www.muzeum.klodzko.pl\/n\/wp-json\/wp\/v2\/types\/page"}],"author":[{"embeddable":true,"href":"https:\/\/www.muzeum.klodzko.pl\/n\/wp-json\/wp\/v2\/users\/1"}],"replies":[{"embeddable":true,"href":"https:\/\/www.muzeum.klodzko.pl\/n\/wp-json\/wp\/v2\/comments?post=73"}],"version-history":[{"count":3,"href":"https:\/\/www.muzeum.klodzko.pl\/n\/wp-json\/wp\/v2\/pages\/73\/revisions"}],"predecessor-version":[{"id":277,"href":"https:\/\/www.muzeum.klodzko.pl\/n\/wp-json\/wp\/v2\/pages\/73\/revisions\/277"}],"wp:featuredmedia":[{"embeddable":true,"href":"https:\/\/www.muzeum.klodzko.pl\/n\/wp-json\/wp\/v2\/media\/72"}],"wp:attachment":[{"href":"https:\/\/www.muzeum.klodzko.pl\/n\/wp-json\/wp\/v2\/media?parent=73"}],"curies":[{"name":"wp","href":"https:\/\/api.w.org\/{rel}","templated":true}]}}