{"id":742,"date":"2025-04-02T08:53:38","date_gmt":"2025-04-02T06:53:38","guid":{"rendered":"https:\/\/www.muzeum.klodzko.pl\/n\/?page_id=742"},"modified":"2025-04-03T14:55:41","modified_gmt":"2025-04-03T12:55:41","slug":"przewodnik-po-zbiorach-muzeum-ziemi-klodzkiej","status":"publish","type":"page","link":"https:\/\/www.muzeum.klodzko.pl\/n\/nasze-publikacje-2\/przewodnik-po-zbiorach-muzeum-ziemi-klodzkiej\/","title":{"rendered":"Przewodnik po zbiorach Muzeum Ziemi K\u0142odzkiej."},"content":{"rendered":"\n<p><strong><em>Przewodnik po zbiorach Muzeum Ziemi K\u0142odzkiej<\/em><\/strong>. <\/p>\n\n\n\n<p>Red. <strong>Krystyna Oniszczuk-Awi\u017ce\u0144, Renata Ku\u017ami\u0144ska<\/strong>. <br>K\u0142odzko 2008, ss. 120, 21&#215;21 cm.<\/p>\n\n\n\n<p>Nak\u0142ad wyczerpany<\/p>\n\n\n\n<p>Bogato ilustrowana publikacja wydana z okazji 45-lecia Muzeum prezentuje poszczeg\u00f3lne kolekcje i najciekawsze obiekty pozyskane w latach dzia\u0142alno\u015bci plac\u00f3wki. Przedstawiono kr\u00f3tk\u0105 charakterystyk\u0119 zbior\u00f3w Dzia\u0142\u00f3w Sztuki, Historycznego, Ewidencji Zabytk\u00f3w, Geologiczno-Geograficznego i Biblioteki Naukowej, a wi\u0119c wszystkie muzealne kolekcje z zakresu historii, archeologii, etnografii, sztuki, numizmatyki, pi\u015bmiennictwa i rzemios\u0142a. <\/p>\n","protected":false},"excerpt":{"rendered":"<p>Przewodnik po zbiorach Muzeum Ziemi K\u0142odzkiej. Red. Krystyna Oniszczuk-Awi\u017ce\u0144, Renata Ku\u017ami\u0144ska. K\u0142odzko 2008, ss. 120, 21&#215;21 cm. Nak\u0142ad wyczerpany Bogato ilustrowana publikacja wydana z okazji 45-lecia Muzeum prezentuje poszczeg\u00f3lne kolekcje i najciekawsze obiekty pozyskane w latach dzia\u0142alno\u015bci plac\u00f3wki. Przedstawiono kr\u00f3tk\u0105 charakterystyk\u0119 zbior\u00f3w Dzia\u0142\u00f3w Sztuki, Historycznego, Ewidencji Zabytk\u00f3w, Geologiczno-Geograficznego i Biblioteki Naukowej, a wi\u0119c wszystkie muzealne&hellip;&nbsp;<a href=\"https:\/\/www.muzeum.klodzko.pl\/n\/nasze-publikacje-2\/przewodnik-po-zbiorach-muzeum-ziemi-klodzkiej\/\" rel=\"bookmark\">Dowiedz si\u0119 wi\u0119cej &raquo;<span class=\"screen-reader-text\">Przewodnik po zbiorach Muzeum Ziemi K\u0142odzkiej.<\/span><\/a><\/p>\n","protected":false},"author":3,"featured_media":933,"parent":655,"menu_order":0,"comment_status":"closed","ping_status":"closed","template":"","meta":{"neve_meta_sidebar":"","neve_meta_container":"","neve_meta_enable_content_width":"","neve_meta_content_width":0,"neve_meta_title_alignment":"","neve_meta_author_avatar":"","neve_post_elements_order":"","neve_meta_disable_header":"","neve_meta_disable_footer":"","neve_meta_disable_title":"","footnotes":""},"class_list":["post-742","page","type-page","status-publish","has-post-thumbnail","hentry"],"_links":{"self":[{"href":"https:\/\/www.muzeum.klodzko.pl\/n\/wp-json\/wp\/v2\/pages\/742","targetHints":{"allow":["GET"]}}],"collection":[{"href":"https:\/\/www.muzeum.klodzko.pl\/n\/wp-json\/wp\/v2\/pages"}],"about":[{"href":"https:\/\/www.muzeum.klodzko.pl\/n\/wp-json\/wp\/v2\/types\/page"}],"author":[{"embeddable":true,"href":"https:\/\/www.muzeum.klodzko.pl\/n\/wp-json\/wp\/v2\/users\/3"}],"replies":[{"embeddable":true,"href":"https:\/\/www.muzeum.klodzko.pl\/n\/wp-json\/wp\/v2\/comments?post=742"}],"version-history":[{"count":3,"href":"https:\/\/www.muzeum.klodzko.pl\/n\/wp-json\/wp\/v2\/pages\/742\/revisions"}],"predecessor-version":[{"id":967,"href":"https:\/\/www.muzeum.klodzko.pl\/n\/wp-json\/wp\/v2\/pages\/742\/revisions\/967"}],"up":[{"embeddable":true,"href":"https:\/\/www.muzeum.klodzko.pl\/n\/wp-json\/wp\/v2\/pages\/655"}],"wp:featuredmedia":[{"embeddable":true,"href":"https:\/\/www.muzeum.klodzko.pl\/n\/wp-json\/wp\/v2\/media\/933"}],"wp:attachment":[{"href":"https:\/\/www.muzeum.klodzko.pl\/n\/wp-json\/wp\/v2\/media?parent=742"}],"curies":[{"name":"wp","href":"https:\/\/api.w.org\/{rel}","templated":true}]}}