{"id":751,"date":"2025-04-02T09:02:29","date_gmt":"2025-04-02T07:02:29","guid":{"rendered":"https:\/\/www.muzeum.klodzko.pl\/n\/?page_id=751"},"modified":"2025-04-14T10:18:00","modified_gmt":"2025-04-14T08:18:00","slug":"klodzko-na-dawnej-karcie-pocztowej","status":"publish","type":"page","link":"https:\/\/www.muzeum.klodzko.pl\/n\/nasze-publikacje-2\/klodzko-na-dawnej-karcie-pocztowej\/","title":{"rendered":"K\u0142odzko na dawnej karcie pocztowej"},"content":{"rendered":"\n<p><strong><em>K\u0142odzko na dawnej karcie pocztowej ze zbior\u00f3w Muzeum Ziemi K\u0142odzkiej.\/Glatz in alten Postkarten aus den best\u00e4nden des Museums des Glatzer Landes<\/em><\/strong>. <br>Wyb\u00f3r materia\u0142\u00f3w i tekst: <strong>Krystyna Oniszczuk-Awi\u017ce\u0144<\/strong>. T\u0142umaczenie: <strong>Ma\u0142gorzata Ziemacka<\/strong>. Fotografie: <strong>Tomasz Gmerek<\/strong>. Opracowanie graficzne, \u0142amanie i druk: <strong>Webbart \u2013 Robert Bartlewski<\/strong>. K\u0142odzko 2010, ss. 71, 21&#215;30 cm.<br><br>cena: 35 z\u0142<\/p>\n\n\n\n<p>Album prezentuje 82 karty pocztowe pochodz\u0105ce ze zbior\u00f3w k\u0142odzkiego muzeum. Widok\u00f3wki, opatrzone obszernymi komentarzami w j\u0119zyku polskim i niemieckim, umo\u017cliwiaj\u0105 analiz\u0119 rozwoju miasta i zachodz\u0105cych przemian od ko\u0144ca XIX do po\u0142owy XX w., poznanie obiekt\u00f3w i miejsc ju\u017c nieistniej\u0105cych, jak i tych, kt\u00f3re zachowa\u0142y si\u0119 do naszych czas\u00f3w.<\/p>\n\n\n\n<figure class=\"wp-block-image size-full\"><img loading=\"lazy\" decoding=\"async\" width=\"339\" height=\"445\" src=\"https:\/\/www.muzeum.klodzko.pl\/n\/wp-content\/uploads\/2025\/04\/2021-04-21-7.jpg\" alt=\"\" class=\"wp-image-753\" srcset=\"https:\/\/www.muzeum.klodzko.pl\/n\/wp-content\/uploads\/2025\/04\/2021-04-21-7.jpg 339w, https:\/\/www.muzeum.klodzko.pl\/n\/wp-content\/uploads\/2025\/04\/2021-04-21-7-229x300.jpg 229w\" sizes=\"auto, (max-width: 339px) 100vw, 339px\" \/><\/figure>\n","protected":false},"excerpt":{"rendered":"<p>K\u0142odzko na dawnej karcie pocztowej ze zbior\u00f3w Muzeum Ziemi K\u0142odzkiej.\/Glatz in alten Postkarten aus den best\u00e4nden des Museums des Glatzer Landes. Wyb\u00f3r materia\u0142\u00f3w i tekst: Krystyna Oniszczuk-Awi\u017ce\u0144. T\u0142umaczenie: Ma\u0142gorzata Ziemacka. Fotografie: Tomasz Gmerek. Opracowanie graficzne, \u0142amanie i druk: Webbart \u2013 Robert Bartlewski. K\u0142odzko 2010, ss. 71, 21&#215;30 cm. cena: 35 z\u0142 Album prezentuje 82 karty&hellip;&nbsp;<a href=\"https:\/\/www.muzeum.klodzko.pl\/n\/nasze-publikacje-2\/klodzko-na-dawnej-karcie-pocztowej\/\" rel=\"bookmark\">Dowiedz si\u0119 wi\u0119cej &raquo;<span class=\"screen-reader-text\">K\u0142odzko na dawnej karcie pocztowej<\/span><\/a><\/p>\n","protected":false},"author":3,"featured_media":898,"parent":655,"menu_order":0,"comment_status":"closed","ping_status":"closed","template":"","meta":{"neve_meta_sidebar":"","neve_meta_container":"","neve_meta_enable_content_width":"","neve_meta_content_width":0,"neve_meta_title_alignment":"","neve_meta_author_avatar":"","neve_post_elements_order":"","neve_meta_disable_header":"","neve_meta_disable_footer":"","neve_meta_disable_title":"","footnotes":""},"class_list":["post-751","page","type-page","status-publish","has-post-thumbnail","hentry"],"_links":{"self":[{"href":"https:\/\/www.muzeum.klodzko.pl\/n\/wp-json\/wp\/v2\/pages\/751","targetHints":{"allow":["GET"]}}],"collection":[{"href":"https:\/\/www.muzeum.klodzko.pl\/n\/wp-json\/wp\/v2\/pages"}],"about":[{"href":"https:\/\/www.muzeum.klodzko.pl\/n\/wp-json\/wp\/v2\/types\/page"}],"author":[{"embeddable":true,"href":"https:\/\/www.muzeum.klodzko.pl\/n\/wp-json\/wp\/v2\/users\/3"}],"replies":[{"embeddable":true,"href":"https:\/\/www.muzeum.klodzko.pl\/n\/wp-json\/wp\/v2\/comments?post=751"}],"version-history":[{"count":3,"href":"https:\/\/www.muzeum.klodzko.pl\/n\/wp-json\/wp\/v2\/pages\/751\/revisions"}],"predecessor-version":[{"id":1058,"href":"https:\/\/www.muzeum.klodzko.pl\/n\/wp-json\/wp\/v2\/pages\/751\/revisions\/1058"}],"up":[{"embeddable":true,"href":"https:\/\/www.muzeum.klodzko.pl\/n\/wp-json\/wp\/v2\/pages\/655"}],"wp:featuredmedia":[{"embeddable":true,"href":"https:\/\/www.muzeum.klodzko.pl\/n\/wp-json\/wp\/v2\/media\/898"}],"wp:attachment":[{"href":"https:\/\/www.muzeum.klodzko.pl\/n\/wp-json\/wp\/v2\/media?parent=751"}],"curies":[{"name":"wp","href":"https:\/\/api.w.org\/{rel}","templated":true}]}}