{"id":76,"date":"2025-01-08T17:38:18","date_gmt":"2025-01-08T16:38:18","guid":{"rendered":"https:\/\/www.muzeum.klodzko.pl\/n\/?page_id=76"},"modified":"2025-09-03T16:12:32","modified_gmt":"2025-09-03T14:12:32","slug":"wystawa-stala-oczy-czasu","status":"publish","type":"page","link":"https:\/\/www.muzeum.klodzko.pl\/n\/wystawa-stala-oczy-czasu\/","title":{"rendered":"Oczy czasu"},"content":{"rendered":"\n<h4 class=\"wp-block-heading\"><strong>Oczy czasu<br><\/strong>Zegary mechaniczne popularne na \u015al\u0105sku w XIX i w I po\u0142. XX wieku w zbiorach Muzeum Ziemi K\u0142odzkiej<\/h4>\n\n\n\n<p>Celem wystawy jest zaprezentowanie ostatniego, fabrycznego i masowego okresu produkcji zegara mechanicznego. Na wystawie zgromadzono kilkaset zegar\u00f3w, w tym wyroby dw\u00f3ch najwi\u0119kszych fabryk dolno\u015bl\u0105skich XIX i XX: Gustawa Beckera w \u015awiebodzicach i braci Eppner\u00f3w w Srebrnej G\u00f3rze.<\/p>\n\n\n\n<p>Najliczniejsz\u0105 grup\u0119, stanowi\u0105c\u0105 blisko po\u0142ow\u0119 kolekcji tworz\u0105 zegary typu szwarcwaldzkiego z po\u0142owy XIX i pocz. XX w. Wszystkie one posiadaj\u0105 bardzo proste mechanizmy, zamkni\u0119te w drewnianej skrzynce, r\u00f3\u017cni\u0105 si\u0119 jedynie dekoracjami \u015bcianek przednich. Dlatego wed\u0142ug tych dekoracji podzielone zosta\u0142y na kilka typ\u00f3w: kuchenne, krajobrazowe, ikonowe. Spor\u0105 grup\u0119 tworz\u0105 zegary \u015bcienne szafkowe i p\u00f3\u0142szafki. Od bardzo skromnych, prostych do bogato dekorowanych z kurantami wybijaj\u0105cymi godziny i kwadranse. Kolejne du\u017ce grupy stanowi\u0105 zegary sto\u0142owe, gabinetowe oraz kominkowe.<\/p>\n\n\n\n<figure class=\"wp-block-gallery has-nested-images columns-default is-cropped wp-block-gallery-1 is-layout-flex wp-block-gallery-is-layout-flex\">\n<figure class=\"wp-block-image size-large\"><img loading=\"lazy\" decoding=\"async\" width=\"1024\" height=\"812\" data-id=\"207\" src=\"https:\/\/www.muzeum.klodzko.pl\/n\/wp-content\/uploads\/2025\/01\/zegary-sala-3-1024x812.jpg\" alt=\"\" class=\"wp-image-207\" srcset=\"https:\/\/www.muzeum.klodzko.pl\/n\/wp-content\/uploads\/2025\/01\/zegary-sala-3-1024x812.jpg 1024w, https:\/\/www.muzeum.klodzko.pl\/n\/wp-content\/uploads\/2025\/01\/zegary-sala-3-300x238.jpg 300w, https:\/\/www.muzeum.klodzko.pl\/n\/wp-content\/uploads\/2025\/01\/zegary-sala-3-768x609.jpg 768w, https:\/\/www.muzeum.klodzko.pl\/n\/wp-content\/uploads\/2025\/01\/zegary-sala-3-1536x1217.jpg 1536w, https:\/\/www.muzeum.klodzko.pl\/n\/wp-content\/uploads\/2025\/01\/zegary-sala-3.jpg 1900w\" sizes=\"auto, (max-width: 1024px) 100vw, 1024px\" \/><\/figure>\n\n\n\n<figure class=\"wp-block-image size-large\"><img loading=\"lazy\" decoding=\"async\" width=\"1024\" height=\"771\" data-id=\"205\" src=\"https:\/\/www.muzeum.klodzko.pl\/n\/wp-content\/uploads\/2025\/01\/Oczy-czasu-zegary-dziewczyna--1024x771.jpg\" alt=\"\" class=\"wp-image-205\" srcset=\"https:\/\/www.muzeum.klodzko.pl\/n\/wp-content\/uploads\/2025\/01\/Oczy-czasu-zegary-dziewczyna--1024x771.jpg 1024w, https:\/\/www.muzeum.klodzko.pl\/n\/wp-content\/uploads\/2025\/01\/Oczy-czasu-zegary-dziewczyna--300x226.jpg 300w, https:\/\/www.muzeum.klodzko.pl\/n\/wp-content\/uploads\/2025\/01\/Oczy-czasu-zegary-dziewczyna--768x578.jpg 768w, https:\/\/www.muzeum.klodzko.pl\/n\/wp-content\/uploads\/2025\/01\/Oczy-czasu-zegary-dziewczyna--1536x1156.jpg 1536w, https:\/\/www.muzeum.klodzko.pl\/n\/wp-content\/uploads\/2025\/01\/Oczy-czasu-zegary-dziewczyna-.jpg 1900w\" sizes=\"auto, (max-width: 1024px) 100vw, 1024px\" \/><\/figure>\n\n\n\n<figure class=\"wp-block-image size-large\"><img loading=\"lazy\" decoding=\"async\" width=\"1024\" height=\"707\" data-id=\"206\" src=\"https:\/\/www.muzeum.klodzko.pl\/n\/wp-content\/uploads\/2025\/01\/zegary-_1300524-1024x707.jpg\" alt=\"\" class=\"wp-image-206\" srcset=\"https:\/\/www.muzeum.klodzko.pl\/n\/wp-content\/uploads\/2025\/01\/zegary-_1300524-1024x707.jpg 1024w, https:\/\/www.muzeum.klodzko.pl\/n\/wp-content\/uploads\/2025\/01\/zegary-_1300524-300x207.jpg 300w, https:\/\/www.muzeum.klodzko.pl\/n\/wp-content\/uploads\/2025\/01\/zegary-_1300524-768x530.jpg 768w, https:\/\/www.muzeum.klodzko.pl\/n\/wp-content\/uploads\/2025\/01\/zegary-_1300524-1536x1060.jpg 1536w, https:\/\/www.muzeum.klodzko.pl\/n\/wp-content\/uploads\/2025\/01\/zegary-_1300524.jpg 1900w\" sizes=\"auto, (max-width: 1024px) 100vw, 1024px\" \/><\/figure>\n<\/figure>\n\n\n\n<p>W\u015br\u00f3d ciekawostek wykraczaj\u0105cych poza profil kolekcji zobaczy\u0107 mo\u017cna 2 zegary obrazowe z mechanizmami umieszczonymi na malowanych wie\u017cach ko\u015bcielnych i ko\u0142ach m\u0142y\u0144skich. Ciekawostk\u0105 s\u0105 ponadto zegary s\u0142oneczne, stra\u017cnicze, kieszonkowe oraz mechanizmy zegar\u00f3w wie\u017cowych. Niezwykle interesuj\u0105ca jest kolekcja pozytywek, kt\u00f3ra wzbogaca wystaw\u0119.<\/p>\n\n\n\n<p>Wystawa jest godna polecenia zar\u00f3wno za wzgl\u0119du na wdzi\u0119czny materia\u0142 ekspozycyjny, jak te\u017c z powodu swej wymowy: zegar \u2013 czas \u2013 przemijanie.<\/p>\n\n\n\n<p>Wystaw\u0119 mo\u017cna zwiedza\u0107 w nowej, od\u015bwie\u017conej formie od 16 grudnia 2013 r.<\/p>\n\n\n\n<p>Modernizacj\u0119 wystawy dofinansowano ze \u015brodk\u00f3w Ministra Kultury i Dziedzictwa Narodowego.<\/p>\n\n\n\n<figure class=\"wp-block-image size-large\"><img loading=\"lazy\" decoding=\"async\" width=\"1024\" height=\"594\" src=\"https:\/\/www.muzeum.klodzko.pl\/n\/wp-content\/uploads\/2025\/01\/wystawa-oczy-czasu-1024x594.jpg\" alt=\"\" class=\"wp-image-78\" srcset=\"https:\/\/www.muzeum.klodzko.pl\/n\/wp-content\/uploads\/2025\/01\/wystawa-oczy-czasu-1024x594.jpg 1024w, https:\/\/www.muzeum.klodzko.pl\/n\/wp-content\/uploads\/2025\/01\/wystawa-oczy-czasu-300x174.jpg 300w, https:\/\/www.muzeum.klodzko.pl\/n\/wp-content\/uploads\/2025\/01\/wystawa-oczy-czasu-768x445.jpg 768w, https:\/\/www.muzeum.klodzko.pl\/n\/wp-content\/uploads\/2025\/01\/wystawa-oczy-czasu-1536x890.jpg 1536w, https:\/\/www.muzeum.klodzko.pl\/n\/wp-content\/uploads\/2025\/01\/wystawa-oczy-czasu.jpg 1920w\" sizes=\"auto, (max-width: 1024px) 100vw, 1024px\" \/><\/figure>\n","protected":false},"excerpt":{"rendered":"<p>Oczy czasuZegary mechaniczne popularne na \u015al\u0105sku w XIX i w I po\u0142. XX wieku w zbiorach Muzeum Ziemi K\u0142odzkiej Celem wystawy jest zaprezentowanie ostatniego, fabrycznego i masowego okresu produkcji zegara mechanicznego. Na wystawie zgromadzono kilkaset zegar\u00f3w, w tym wyroby dw\u00f3ch najwi\u0119kszych fabryk dolno\u015bl\u0105skich XIX i XX: Gustawa Beckera w \u015awiebodzicach i braci Eppner\u00f3w w Srebrnej&hellip;&nbsp;<a href=\"https:\/\/www.muzeum.klodzko.pl\/n\/wystawa-stala-oczy-czasu\/\" rel=\"bookmark\">Dowiedz si\u0119 wi\u0119cej &raquo;<span class=\"screen-reader-text\">Oczy czasu<\/span><\/a><\/p>\n","protected":false},"author":1,"featured_media":78,"parent":0,"menu_order":0,"comment_status":"closed","ping_status":"closed","template":"","meta":{"neve_meta_sidebar":"","neve_meta_container":"","neve_meta_enable_content_width":"","neve_meta_content_width":0,"neve_meta_title_alignment":"","neve_meta_author_avatar":"","neve_post_elements_order":"","neve_meta_disable_header":"","neve_meta_disable_footer":"","neve_meta_disable_title":"","footnotes":""},"class_list":["post-76","page","type-page","status-publish","has-post-thumbnail","hentry"],"_links":{"self":[{"href":"https:\/\/www.muzeum.klodzko.pl\/n\/wp-json\/wp\/v2\/pages\/76","targetHints":{"allow":["GET"]}}],"collection":[{"href":"https:\/\/www.muzeum.klodzko.pl\/n\/wp-json\/wp\/v2\/pages"}],"about":[{"href":"https:\/\/www.muzeum.klodzko.pl\/n\/wp-json\/wp\/v2\/types\/page"}],"author":[{"embeddable":true,"href":"https:\/\/www.muzeum.klodzko.pl\/n\/wp-json\/wp\/v2\/users\/1"}],"replies":[{"embeddable":true,"href":"https:\/\/www.muzeum.klodzko.pl\/n\/wp-json\/wp\/v2\/comments?post=76"}],"version-history":[{"count":7,"href":"https:\/\/www.muzeum.klodzko.pl\/n\/wp-json\/wp\/v2\/pages\/76\/revisions"}],"predecessor-version":[{"id":2351,"href":"https:\/\/www.muzeum.klodzko.pl\/n\/wp-json\/wp\/v2\/pages\/76\/revisions\/2351"}],"wp:featuredmedia":[{"embeddable":true,"href":"https:\/\/www.muzeum.klodzko.pl\/n\/wp-json\/wp\/v2\/media\/78"}],"wp:attachment":[{"href":"https:\/\/www.muzeum.klodzko.pl\/n\/wp-json\/wp\/v2\/media?parent=76"}],"curies":[{"name":"wp","href":"https:\/\/api.w.org\/{rel}","templated":true}]}}