{"id":766,"date":"2025-04-02T14:23:44","date_gmt":"2025-04-02T12:23:44","guid":{"rendered":"https:\/\/www.muzeum.klodzko.pl\/n\/?page_id=766"},"modified":"2025-04-02T14:23:45","modified_gmt":"2025-04-02T12:23:45","slug":"na-tropach-chochlika-gburka","status":"publish","type":"page","link":"https:\/\/www.muzeum.klodzko.pl\/n\/nasze-publikacje-2\/na-tropach-chochlika-gburka\/","title":{"rendered":"Na tropach chochlika Gburka"},"content":{"rendered":"\n<p><strong><em>Na tropach chochlika Gburka<\/em><\/strong> <br>Autor: <strong>Irena Klimaszewska<\/strong><br>ilustracje :<strong> Malwina Karp<\/strong>, <\/p>\n\n\n\n<p>cena: 15 z\u0142<\/p>\n\n\n\n<p>Wydawnictwo utrzymane w konwencji bajki-przewodnika po wystawie <em>Z dziej\u00f3w K\u0142odzka.<\/em> Publikacja przeznaczona jest dla najm\u0142odszych w wieku 5-10 lat.<br>Ksi\u0105\u017ceczka, to kolejna z cyklu bajek opowiadaj\u0105cych o przygodach skrzat\u00f3w w muzeum. Wydany w roku 2010 przewodnik pt. <em>Jak skrzat Teofil zwiedza\u0142 muzeum w K\u0142odzku <\/em>mia\u0142 za zadanie dostarczy\u0107 dzieciom, w lekkiej i przyjemnej formie, podstawowych wiadomo\u015bci o k\u0142odzkiej plac\u00f3wce i jej zbiorach. Autorka ksi\u0105\u017cki wysz\u0142a bowiem z za\u0142o\u017cenia, \u017ce wizyta w muzeum, zw\u0142aszcza pierwsza, powinna zosta\u0107 zapami\u0119tana jako czas sp\u0119dzony mi\u0142o i zach\u0119ci\u0107 do kolejnych odwiedzin.<\/p>\n\n\n\n<p>\u00a0\u00a0 \u00a0\u00a0 W wydanej publikacji skrzaty, Teo\u015b i Tymoteusz, b\u0119d\u0105 rozwi\u0105zywa\u0107 zagadk\u0119 znikaj\u0105cych, z jednej z wystaw, eksponat\u00f3w. A do tego musz\u0105 jeszcze odnale\u017a\u0107 i uratowa\u0107 chochlika zamieszkuj\u0105cego tajemnicze, pe\u0142ne zakamark\u00f3w, podziemia muzeum w K\u0142odzku. Autorka ksi\u0105\u017cki\u00a0 ma nadziej\u0119, \u017ce w ten spos\u00f3b pobudzi ciekawo\u015b\u0107 dzieci, kt\u00f3re zechc\u0105 przyj\u015b\u0107 do muzeum, by pod\u0105\u017cy\u0107 \u015bladem skrzat\u00f3w i na w\u0142asne oczy zobaczy\u0107 cenne zabytki, kt\u00f3re przetrwa\u0142y do naszych czas\u00f3w. I nic wi\u0119cej nie zdradz\u0119. Musicie po prostu przeczyta\u0107 bajeczk\u0119, kt\u00f3ra zaczyna si\u0119 tak: \u201eGburek oszala\u0142! Coraz cz\u0119\u015bciej straszy\u0142 ludzi zwiedzaj\u0105cych muzealne podziemia, a nocami chodzi\u0142 po muzeum i przestawia\u0142, albo co gorsze chowa\u0142, zgromadzone w salach zabytki. A w ko\u0144cu znikn\u0105\u0142\u201d. Uff, b\u0119dzie si\u0119 dzia\u0142o. <\/p>\n\n\n\n<figure class=\"wp-block-image size-full\"><img loading=\"lazy\" decoding=\"async\" width=\"300\" height=\"300\" src=\"https:\/\/www.muzeum.klodzko.pl\/n\/wp-content\/uploads\/2025\/03\/okladka-przod_0.jpg\" alt=\"\" class=\"wp-image-563\" srcset=\"https:\/\/www.muzeum.klodzko.pl\/n\/wp-content\/uploads\/2025\/03\/okladka-przod_0.jpg 300w, https:\/\/www.muzeum.klodzko.pl\/n\/wp-content\/uploads\/2025\/03\/okladka-przod_0-150x150.jpg 150w\" sizes=\"auto, (max-width: 300px) 100vw, 300px\" \/><\/figure>\n","protected":false},"excerpt":{"rendered":"<p>Na tropach chochlika Gburka Autor: Irena Klimaszewskailustracje : Malwina Karp, cena: 15 z\u0142 Wydawnictwo utrzymane w konwencji bajki-przewodnika po wystawie Z dziej\u00f3w K\u0142odzka. Publikacja przeznaczona jest dla najm\u0142odszych w wieku 5-10 lat.Ksi\u0105\u017ceczka, to kolejna z cyklu bajek opowiadaj\u0105cych o przygodach skrzat\u00f3w w muzeum. Wydany w roku 2010 przewodnik pt. Jak skrzat Teofil zwiedza\u0142 muzeum w&hellip;&nbsp;<a href=\"https:\/\/www.muzeum.klodzko.pl\/n\/nasze-publikacje-2\/na-tropach-chochlika-gburka\/\" rel=\"bookmark\">Dowiedz si\u0119 wi\u0119cej &raquo;<span class=\"screen-reader-text\">Na tropach chochlika Gburka<\/span><\/a><\/p>\n","protected":false},"author":3,"featured_media":785,"parent":655,"menu_order":0,"comment_status":"closed","ping_status":"closed","template":"","meta":{"neve_meta_sidebar":"","neve_meta_container":"","neve_meta_enable_content_width":"","neve_meta_content_width":0,"neve_meta_title_alignment":"","neve_meta_author_avatar":"","neve_post_elements_order":"","neve_meta_disable_header":"","neve_meta_disable_footer":"","neve_meta_disable_title":"","footnotes":""},"class_list":["post-766","page","type-page","status-publish","has-post-thumbnail","hentry"],"_links":{"self":[{"href":"https:\/\/www.muzeum.klodzko.pl\/n\/wp-json\/wp\/v2\/pages\/766","targetHints":{"allow":["GET"]}}],"collection":[{"href":"https:\/\/www.muzeum.klodzko.pl\/n\/wp-json\/wp\/v2\/pages"}],"about":[{"href":"https:\/\/www.muzeum.klodzko.pl\/n\/wp-json\/wp\/v2\/types\/page"}],"author":[{"embeddable":true,"href":"https:\/\/www.muzeum.klodzko.pl\/n\/wp-json\/wp\/v2\/users\/3"}],"replies":[{"embeddable":true,"href":"https:\/\/www.muzeum.klodzko.pl\/n\/wp-json\/wp\/v2\/comments?post=766"}],"version-history":[{"count":1,"href":"https:\/\/www.muzeum.klodzko.pl\/n\/wp-json\/wp\/v2\/pages\/766\/revisions"}],"predecessor-version":[{"id":786,"href":"https:\/\/www.muzeum.klodzko.pl\/n\/wp-json\/wp\/v2\/pages\/766\/revisions\/786"}],"up":[{"embeddable":true,"href":"https:\/\/www.muzeum.klodzko.pl\/n\/wp-json\/wp\/v2\/pages\/655"}],"wp:featuredmedia":[{"embeddable":true,"href":"https:\/\/www.muzeum.klodzko.pl\/n\/wp-json\/wp\/v2\/media\/785"}],"wp:attachment":[{"href":"https:\/\/www.muzeum.klodzko.pl\/n\/wp-json\/wp\/v2\/media?parent=766"}],"curies":[{"name":"wp","href":"https:\/\/api.w.org\/{rel}","templated":true}]}}