{"id":792,"date":"2025-04-02T14:42:55","date_gmt":"2025-04-02T12:42:55","guid":{"rendered":"https:\/\/www.muzeum.klodzko.pl\/n\/?page_id=792"},"modified":"2025-04-02T14:42:55","modified_gmt":"2025-04-02T12:42:55","slug":"zaczelo-sie-w-bad-reinerz","status":"publish","type":"page","link":"https:\/\/www.muzeum.klodzko.pl\/n\/nasze-publikacje-2\/zaczelo-sie-w-bad-reinerz\/","title":{"rendered":"Zacz\u0119\u0142o si\u0119 w Bad Reinerz\u2026"},"content":{"rendered":"\n<p><strong><em>Zacz\u0119\u0142o si\u0119 w Bad Reinerz\u2026 Tradycje muzyczne Dusznik Zdroju<\/em>. <\/strong><br>K\u0142odzko 2005, ss. 160, 97 il., 16x23cm., <\/p>\n\n\n\n<p>cena: 30 z\u0142<\/p>\n\n\n\n<p>Publikacja towarzysz\u0105ca wystawie przygotowanej przez k\u0142odzkie muzeum z okazji jubileuszowego 60. Festiwalu Chopinowskiego w Dusznikach-Zdroju. Na podstawie materia\u0142u ikonograficznego, opatrzonego obszernymi komentarzami w j\u0119zyku polskim, niemieckim i angielskim, ukazana zosta\u0142a historia festiwali i bogata przesz\u0142o\u015b\u0107 muzyczna uzdrowiska.<\/p>\n\n\n\n<p><\/p>\n\n\n\n<p><\/p>\n","protected":false},"excerpt":{"rendered":"<p>Zacz\u0119\u0142o si\u0119 w Bad Reinerz\u2026 Tradycje muzyczne Dusznik Zdroju. K\u0142odzko 2005, ss. 160, 97 il., 16x23cm., cena: 30 z\u0142 Publikacja towarzysz\u0105ca wystawie przygotowanej przez k\u0142odzkie muzeum z okazji jubileuszowego 60. Festiwalu Chopinowskiego w Dusznikach-Zdroju. Na podstawie materia\u0142u ikonograficznego, opatrzonego obszernymi komentarzami w j\u0119zyku polskim, niemieckim i angielskim, ukazana zosta\u0142a historia festiwali i bogata przesz\u0142o\u015b\u0107 muzyczna&hellip;&nbsp;<a href=\"https:\/\/www.muzeum.klodzko.pl\/n\/nasze-publikacje-2\/zaczelo-sie-w-bad-reinerz\/\" rel=\"bookmark\">Dowiedz si\u0119 wi\u0119cej &raquo;<span class=\"screen-reader-text\">Zacz\u0119\u0142o si\u0119 w Bad Reinerz\u2026<\/span><\/a><\/p>\n","protected":false},"author":3,"featured_media":794,"parent":655,"menu_order":0,"comment_status":"closed","ping_status":"closed","template":"","meta":{"neve_meta_sidebar":"","neve_meta_container":"","neve_meta_enable_content_width":"","neve_meta_content_width":0,"neve_meta_title_alignment":"","neve_meta_author_avatar":"","neve_post_elements_order":"","neve_meta_disable_header":"","neve_meta_disable_footer":"","neve_meta_disable_title":"","footnotes":""},"class_list":["post-792","page","type-page","status-publish","has-post-thumbnail","hentry"],"_links":{"self":[{"href":"https:\/\/www.muzeum.klodzko.pl\/n\/wp-json\/wp\/v2\/pages\/792","targetHints":{"allow":["GET"]}}],"collection":[{"href":"https:\/\/www.muzeum.klodzko.pl\/n\/wp-json\/wp\/v2\/pages"}],"about":[{"href":"https:\/\/www.muzeum.klodzko.pl\/n\/wp-json\/wp\/v2\/types\/page"}],"author":[{"embeddable":true,"href":"https:\/\/www.muzeum.klodzko.pl\/n\/wp-json\/wp\/v2\/users\/3"}],"replies":[{"embeddable":true,"href":"https:\/\/www.muzeum.klodzko.pl\/n\/wp-json\/wp\/v2\/comments?post=792"}],"version-history":[{"count":1,"href":"https:\/\/www.muzeum.klodzko.pl\/n\/wp-json\/wp\/v2\/pages\/792\/revisions"}],"predecessor-version":[{"id":795,"href":"https:\/\/www.muzeum.klodzko.pl\/n\/wp-json\/wp\/v2\/pages\/792\/revisions\/795"}],"up":[{"embeddable":true,"href":"https:\/\/www.muzeum.klodzko.pl\/n\/wp-json\/wp\/v2\/pages\/655"}],"wp:featuredmedia":[{"embeddable":true,"href":"https:\/\/www.muzeum.klodzko.pl\/n\/wp-json\/wp\/v2\/media\/794"}],"wp:attachment":[{"href":"https:\/\/www.muzeum.klodzko.pl\/n\/wp-json\/wp\/v2\/media?parent=792"}],"curies":[{"name":"wp","href":"https:\/\/api.w.org\/{rel}","templated":true}]}}