{"id":8,"date":"2024-10-30T15:18:05","date_gmt":"2024-10-30T14:18:05","guid":{"rendered":"https:\/\/localhost\/mzk-new\/?page_id=8"},"modified":"2026-02-11T08:27:32","modified_gmt":"2026-02-11T07:27:32","slug":"strona-glowna","status":"publish","type":"page","link":"https:\/\/www.muzeum.klodzko.pl\/n\/","title":{"rendered":"Zapraszamy"},"content":{"rendered":"\n<h2 class=\"wp-block-heading has-neve-link-hover-color-color has-text-color has-link-color wp-elements-62498c278cbad662acb4822d2a7fce11\">Wydarzenia<\/h2>\n\n\n\n<p><\/p>\n\n\n<ul class=\"wp-block-latest-posts__list has-link-color wp-elements-47aeb44bf4c4f0f0a4d0822d77ecdefd wp-block-latest-posts\"><li><div class=\"wp-block-latest-posts__featured-image\"><a href=\"https:\/\/www.muzeum.klodzko.pl\/n\/koncert-kameralny\/\" aria-label=\"Koncert Kameralny\"><img loading=\"lazy\" decoding=\"async\" width=\"1024\" height=\"317\" src=\"https:\/\/www.muzeum.klodzko.pl\/n\/wp-content\/uploads\/2026\/03\/Koncert-kameralny-1024x317.jpg\" class=\"attachment-large size-large wp-post-image\" alt=\"\" style=\"\" srcset=\"https:\/\/www.muzeum.klodzko.pl\/n\/wp-content\/uploads\/2026\/03\/Koncert-kameralny-1024x317.jpg 1024w, https:\/\/www.muzeum.klodzko.pl\/n\/wp-content\/uploads\/2026\/03\/Koncert-kameralny-300x93.jpg 300w, https:\/\/www.muzeum.klodzko.pl\/n\/wp-content\/uploads\/2026\/03\/Koncert-kameralny-150x46.jpg 150w, https:\/\/www.muzeum.klodzko.pl\/n\/wp-content\/uploads\/2026\/03\/Koncert-kameralny-768x238.jpg 768w, https:\/\/www.muzeum.klodzko.pl\/n\/wp-content\/uploads\/2026\/03\/Koncert-kameralny-1536x476.jpg 1536w, https:\/\/www.muzeum.klodzko.pl\/n\/wp-content\/uploads\/2026\/03\/Koncert-kameralny.jpg 1895w\" sizes=\"auto, (max-width: 1024px) 100vw, 1024px\" \/><\/a><\/div><a class=\"wp-block-latest-posts__post-title\" href=\"https:\/\/www.muzeum.klodzko.pl\/n\/koncert-kameralny\/\">Koncert Kameralny<\/a><div class=\"wp-block-latest-posts__post-excerpt\">Zapraszamy na Koncert Kameralny Robert Bachara &#8211; skrzypce, Viola d\u2019Amore Wioletta Fluda-Tkaczyk &#8211; fortepian 25 kwietnia 2026, o godzinie 17.00 Muzeum Ziemi K\u0142odzkiej w K\u0142odzkuul. Ignacego \u0141ukasiewicza 4 W programie&hellip;&nbsp;<a href=\"https:\/\/www.muzeum.klodzko.pl\/n\/koncert-kameralny\/\" rel=\"bookmark\">Dowiedz si\u0119 wi\u0119cej &raquo;<span class=\"screen-reader-text\">Koncert Kameralny<\/span><\/a><\/div><\/li>\n<li><div class=\"wp-block-latest-posts__featured-image\"><a href=\"https:\/\/www.muzeum.klodzko.pl\/n\/noc-muzeow-2026-jednym-slowem-sztuka\/\" aria-label=\"NOC MUZE\u00d3W 2026 &#8211; Jednym s\u0142owem &#8211; Sztuka\"><img loading=\"lazy\" decoding=\"async\" width=\"1024\" height=\"536\" src=\"https:\/\/www.muzeum.klodzko.pl\/n\/wp-content\/uploads\/2026\/03\/belka-Noc--1024x536.jpg\" class=\"attachment-large size-large wp-post-image\" alt=\"\" style=\"\" srcset=\"https:\/\/www.muzeum.klodzko.pl\/n\/wp-content\/uploads\/2026\/03\/belka-Noc--1024x536.jpg 1024w, https:\/\/www.muzeum.klodzko.pl\/n\/wp-content\/uploads\/2026\/03\/belka-Noc--300x157.jpg 300w, https:\/\/www.muzeum.klodzko.pl\/n\/wp-content\/uploads\/2026\/03\/belka-Noc--150x79.jpg 150w, https:\/\/www.muzeum.klodzko.pl\/n\/wp-content\/uploads\/2026\/03\/belka-Noc--768x402.jpg 768w, https:\/\/www.muzeum.klodzko.pl\/n\/wp-content\/uploads\/2026\/03\/belka-Noc--1536x804.jpg 1536w, https:\/\/www.muzeum.klodzko.pl\/n\/wp-content\/uploads\/2026\/03\/belka-Noc--2048x1072.jpg 2048w\" sizes=\"auto, (max-width: 1024px) 100vw, 1024px\" \/><\/a><\/div><a class=\"wp-block-latest-posts__post-title\" href=\"https:\/\/www.muzeum.klodzko.pl\/n\/noc-muzeow-2026-jednym-slowem-sztuka\/\">NOC MUZE\u00d3W 2026 &#8211; Jednym s\u0142owem &#8211; Sztuka<\/a><div class=\"wp-block-latest-posts__post-excerpt\">Zapraszamy na NOC MUZE\u00d3W pod has\u0142em: Jednym s\u0142owem &#8211; Sztuka 15 maja 2026, 9.00-23.00 Muzeum Ziemi K\u0142odzkiej w K\u0142odzkuul. Ignacego \u0141ukasiewicza 4 Wst\u0119p wolny! W programie: \u25cf Zwiedzanie wystaw sta\u0142ych:&hellip;&nbsp;<a href=\"https:\/\/www.muzeum.klodzko.pl\/n\/noc-muzeow-2026-jednym-slowem-sztuka\/\" rel=\"bookmark\">Dowiedz si\u0119 wi\u0119cej &raquo;<span class=\"screen-reader-text\">NOC MUZE\u00d3W 2026 &#8211; Jednym s\u0142owem &#8211; Sztuka<\/span><\/a><\/div><\/li>\n<li><div class=\"wp-block-latest-posts__featured-image\"><a href=\"https:\/\/www.muzeum.klodzko.pl\/n\/koncert-list-do-matki-23-maja-2026\/\" aria-label=\"Koncert &#8222;List do Matki&#8221; &#8211; 23 maja 2026\"><img loading=\"lazy\" decoding=\"async\" width=\"1024\" height=\"375\" src=\"https:\/\/www.muzeum.klodzko.pl\/n\/wp-content\/uploads\/2026\/04\/wycinek-KLODZKO-DZIEN-MATKI-1024x375.jpg\" class=\"attachment-large size-large wp-post-image\" alt=\"\" style=\"\" srcset=\"https:\/\/www.muzeum.klodzko.pl\/n\/wp-content\/uploads\/2026\/04\/wycinek-KLODZKO-DZIEN-MATKI-1024x375.jpg 1024w, https:\/\/www.muzeum.klodzko.pl\/n\/wp-content\/uploads\/2026\/04\/wycinek-KLODZKO-DZIEN-MATKI-300x110.jpg 300w, https:\/\/www.muzeum.klodzko.pl\/n\/wp-content\/uploads\/2026\/04\/wycinek-KLODZKO-DZIEN-MATKI-150x55.jpg 150w, https:\/\/www.muzeum.klodzko.pl\/n\/wp-content\/uploads\/2026\/04\/wycinek-KLODZKO-DZIEN-MATKI-768x281.jpg 768w, https:\/\/www.muzeum.klodzko.pl\/n\/wp-content\/uploads\/2026\/04\/wycinek-KLODZKO-DZIEN-MATKI-1536x563.jpg 1536w, https:\/\/www.muzeum.klodzko.pl\/n\/wp-content\/uploads\/2026\/04\/wycinek-KLODZKO-DZIEN-MATKI-2048x750.jpg 2048w\" sizes=\"auto, (max-width: 1024px) 100vw, 1024px\" \/><\/a><\/div><a class=\"wp-block-latest-posts__post-title\" href=\"https:\/\/www.muzeum.klodzko.pl\/n\/koncert-list-do-matki-23-maja-2026\/\">Koncert &#8222;List do Matki&#8221; &#8211; 23 maja 2026<\/a><div class=\"wp-block-latest-posts__post-excerpt\">Czytaj wi\u0119cej na: https:\/\/www.kupbilecik.pl\/imprezy\/200684\/K%C5%82odzko\/Koncert+%22List+do+Matki%22\/ Zapraszamy na koncert z okazji Dnia Matki 23 maja 2026 o godz. 17:00 Muzeum Ziemi K\u0142odzkiej w K\u0142odzkuul. Ignacego \u0141ukasiewicza 4 Bilety dost\u0119pne b\u0119d\u0105 na stronie:&hellip;&nbsp;<a href=\"https:\/\/www.muzeum.klodzko.pl\/n\/koncert-list-do-matki-23-maja-2026\/\" rel=\"bookmark\">Dowiedz si\u0119 wi\u0119cej &raquo;<span class=\"screen-reader-text\">Koncert &#8222;List do Matki&#8221; &#8211; 23 maja 2026<\/span><\/a><\/div><\/li>\n<li><div class=\"wp-block-latest-posts__featured-image\"><a href=\"https:\/\/www.muzeum.klodzko.pl\/n\/targi-staroci-30-31-maja-2026\/\" aria-label=\"Targi Staroci &#8211; 30-31 maja 2026\"><img loading=\"lazy\" decoding=\"async\" width=\"1024\" height=\"536\" src=\"https:\/\/www.muzeum.klodzko.pl\/n\/wp-content\/uploads\/2026\/04\/Targi-Staroci-30-31-maja-2026a-1024x536.jpg\" class=\"attachment-large size-large wp-post-image\" alt=\"\" style=\"\" srcset=\"https:\/\/www.muzeum.klodzko.pl\/n\/wp-content\/uploads\/2026\/04\/Targi-Staroci-30-31-maja-2026a-1024x536.jpg 1024w, https:\/\/www.muzeum.klodzko.pl\/n\/wp-content\/uploads\/2026\/04\/Targi-Staroci-30-31-maja-2026a-300x157.jpg 300w, https:\/\/www.muzeum.klodzko.pl\/n\/wp-content\/uploads\/2026\/04\/Targi-Staroci-30-31-maja-2026a-150x79.jpg 150w, https:\/\/www.muzeum.klodzko.pl\/n\/wp-content\/uploads\/2026\/04\/Targi-Staroci-30-31-maja-2026a-768x402.jpg 768w, https:\/\/www.muzeum.klodzko.pl\/n\/wp-content\/uploads\/2026\/04\/Targi-Staroci-30-31-maja-2026a-1536x804.jpg 1536w, https:\/\/www.muzeum.klodzko.pl\/n\/wp-content\/uploads\/2026\/04\/Targi-Staroci-30-31-maja-2026a-2048x1072.jpg 2048w\" sizes=\"auto, (max-width: 1024px) 100vw, 1024px\" \/><\/a><\/div><a class=\"wp-block-latest-posts__post-title\" href=\"https:\/\/www.muzeum.klodzko.pl\/n\/targi-staroci-30-31-maja-2026\/\">Targi Staroci &#8211; 30-31 maja 2026<\/a><div class=\"wp-block-latest-posts__post-excerpt\">Targi Staroci 30 i 31 maja 2026 w godzinach 8:00 \u2013 16:00 zapraszamy mi\u0142o\u015bnik\u00f3w pi\u0119knych rzeczy na spacer wok\u00f3\u0142 Muzeum Ziemi K\u0142odzkiej, pobliskimi ulicami oraz na k\u0142odzki rynek. Na licznych&hellip;&nbsp;<a href=\"https:\/\/www.muzeum.klodzko.pl\/n\/targi-staroci-30-31-maja-2026\/\" rel=\"bookmark\">Dowiedz si\u0119 wi\u0119cej &raquo;<span class=\"screen-reader-text\">Targi Staroci &#8211; 30-31 maja 2026<\/span><\/a><\/div><\/li>\n<li><div class=\"wp-block-latest-posts__featured-image\"><a href=\"https:\/\/www.muzeum.klodzko.pl\/n\/swiety-jan-nepomucen-jego-kult-i-zwiazki-z-ziemia-klodzka\/\" aria-label=\"\u015awi\u0119ty Jan Nepomucen, jego kult i zwi\u0105zki z ziemi\u0105 k\u0142odzk\u0105\"><img loading=\"lazy\" decoding=\"async\" width=\"1024\" height=\"460\" src=\"https:\/\/www.muzeum.klodzko.pl\/n\/wp-content\/uploads\/2026\/04\/Jan-Nepomucen-kadr-1024x460.jpg\" class=\"attachment-large size-large wp-post-image\" alt=\"\" style=\"\" srcset=\"https:\/\/www.muzeum.klodzko.pl\/n\/wp-content\/uploads\/2026\/04\/Jan-Nepomucen-kadr-1024x460.jpg 1024w, https:\/\/www.muzeum.klodzko.pl\/n\/wp-content\/uploads\/2026\/04\/Jan-Nepomucen-kadr-300x135.jpg 300w, https:\/\/www.muzeum.klodzko.pl\/n\/wp-content\/uploads\/2026\/04\/Jan-Nepomucen-kadr-150x67.jpg 150w, https:\/\/www.muzeum.klodzko.pl\/n\/wp-content\/uploads\/2026\/04\/Jan-Nepomucen-kadr-768x345.jpg 768w, https:\/\/www.muzeum.klodzko.pl\/n\/wp-content\/uploads\/2026\/04\/Jan-Nepomucen-kadr-1536x690.jpg 1536w, https:\/\/www.muzeum.klodzko.pl\/n\/wp-content\/uploads\/2026\/04\/Jan-Nepomucen-kadr.jpg 1772w\" sizes=\"auto, (max-width: 1024px) 100vw, 1024px\" \/><\/a><\/div><a class=\"wp-block-latest-posts__post-title\" href=\"https:\/\/www.muzeum.klodzko.pl\/n\/swiety-jan-nepomucen-jego-kult-i-zwiazki-z-ziemia-klodzka\/\">\u015awi\u0119ty Jan Nepomucen, jego kult i zwi\u0105zki z ziemi\u0105 k\u0142odzk\u0105<\/a><div class=\"wp-block-latest-posts__post-excerpt\">Zapraszamy serdecznie na prelekcj\u0119 Anety Marek \u015awi\u0119ty Jan Nepomucen, jego kult i zwi\u0105zki z ziemi\u0105 k\u0142odzk\u0105 17 kwietnia 2026, godzina 17.00 Muzeum Ziemi K\u0142odzkiej w K\u0142odzkuul. Ignacego \u0141ukasiewicza 4 Wst\u0119p&hellip;&nbsp;<a href=\"https:\/\/www.muzeum.klodzko.pl\/n\/swiety-jan-nepomucen-jego-kult-i-zwiazki-z-ziemia-klodzka\/\" rel=\"bookmark\">Dowiedz si\u0119 wi\u0119cej &raquo;<span class=\"screen-reader-text\">\u015awi\u0119ty Jan Nepomucen, jego kult i zwi\u0105zki z ziemi\u0105 k\u0142odzk\u0105<\/span><\/a><\/div><\/li>\n<li><div class=\"wp-block-latest-posts__featured-image\"><a href=\"https:\/\/www.muzeum.klodzko.pl\/n\/gitariada-2026-z-klodzka-do-gwiazd\/\" aria-label=\"Gitariada 2026 &#8211; Z K\u0142odzka do gwiazd\"><img loading=\"lazy\" decoding=\"async\" width=\"1024\" height=\"585\" src=\"https:\/\/www.muzeum.klodzko.pl\/n\/wp-content\/uploads\/2026\/03\/8-kwietnia-1024x585.jpg\" class=\"attachment-large size-large wp-post-image\" alt=\"\" style=\"\" srcset=\"https:\/\/www.muzeum.klodzko.pl\/n\/wp-content\/uploads\/2026\/03\/8-kwietnia-1024x585.jpg 1024w, https:\/\/www.muzeum.klodzko.pl\/n\/wp-content\/uploads\/2026\/03\/8-kwietnia-300x171.jpg 300w, https:\/\/www.muzeum.klodzko.pl\/n\/wp-content\/uploads\/2026\/03\/8-kwietnia-150x86.jpg 150w, https:\/\/www.muzeum.klodzko.pl\/n\/wp-content\/uploads\/2026\/03\/8-kwietnia-768x439.jpg 768w, https:\/\/www.muzeum.klodzko.pl\/n\/wp-content\/uploads\/2026\/03\/8-kwietnia-1536x877.jpg 1536w, https:\/\/www.muzeum.klodzko.pl\/n\/wp-content\/uploads\/2026\/03\/8-kwietnia.jpg 1800w\" sizes=\"auto, (max-width: 1024px) 100vw, 1024px\" \/><\/a><\/div><a class=\"wp-block-latest-posts__post-title\" href=\"https:\/\/www.muzeum.klodzko.pl\/n\/gitariada-2026-z-klodzka-do-gwiazd\/\">Gitariada 2026 &#8211; Z K\u0142odzka do gwiazd<\/a><div class=\"wp-block-latest-posts__post-excerpt\">K\u0142odzki Festiwal Muzyczny Gitariada W dniu 8 kwietnia 2026 r. o godz. 17.00 w sali koncertowej Muzeum Ziemi K\u0142odzkiej odb\u0119dzie si\u0119 festiwalowy koncert pt. &#8222;Z K\u0142odzka do gwiazd&#8221;, na kt\u00f3rym&hellip;&nbsp;<a href=\"https:\/\/www.muzeum.klodzko.pl\/n\/gitariada-2026-z-klodzka-do-gwiazd\/\" rel=\"bookmark\">Dowiedz si\u0119 wi\u0119cej &raquo;<span class=\"screen-reader-text\">Gitariada 2026 &#8211; Z K\u0142odzka do gwiazd<\/span><\/a><\/div><\/li>\n<li><div class=\"wp-block-latest-posts__featured-image\"><a href=\"https:\/\/www.muzeum.klodzko.pl\/n\/godziny-otwarcia-muzeum-2\/\" aria-label=\"Godziny otwarcia Muzeum\"><img loading=\"lazy\" decoding=\"async\" width=\"1024\" height=\"317\" src=\"https:\/\/www.muzeum.klodzko.pl\/n\/wp-content\/uploads\/2026\/03\/Wielkanoc-2026-na-strone-godziny-otwarcaia-1024x317.jpg\" class=\"attachment-large size-large wp-post-image\" alt=\"\" style=\"\" srcset=\"https:\/\/www.muzeum.klodzko.pl\/n\/wp-content\/uploads\/2026\/03\/Wielkanoc-2026-na-strone-godziny-otwarcaia-1024x317.jpg 1024w, https:\/\/www.muzeum.klodzko.pl\/n\/wp-content\/uploads\/2026\/03\/Wielkanoc-2026-na-strone-godziny-otwarcaia-300x93.jpg 300w, https:\/\/www.muzeum.klodzko.pl\/n\/wp-content\/uploads\/2026\/03\/Wielkanoc-2026-na-strone-godziny-otwarcaia-150x46.jpg 150w, https:\/\/www.muzeum.klodzko.pl\/n\/wp-content\/uploads\/2026\/03\/Wielkanoc-2026-na-strone-godziny-otwarcaia-768x238.jpg 768w, https:\/\/www.muzeum.klodzko.pl\/n\/wp-content\/uploads\/2026\/03\/Wielkanoc-2026-na-strone-godziny-otwarcaia-1536x475.jpg 1536w, https:\/\/www.muzeum.klodzko.pl\/n\/wp-content\/uploads\/2026\/03\/Wielkanoc-2026-na-strone-godziny-otwarcaia.jpg 2000w\" sizes=\"auto, (max-width: 1024px) 100vw, 1024px\" \/><\/a><\/div><a class=\"wp-block-latest-posts__post-title\" href=\"https:\/\/www.muzeum.klodzko.pl\/n\/godziny-otwarcia-muzeum-2\/\">Godziny otwarcia Muzeum<\/a><div class=\"wp-block-latest-posts__post-excerpt\">Informujemy, \u017ce nasze Muzeum w Wielki Pi\u0105tek i Wielk\u0105 Sobot\u0119 3 i 4 kwietnia 2026 b\u0119dzie czynne do godziny 14.00, a w czasie \u015awi\u0105t Wielkanocnych 5 i 6 kwietnia 2026&hellip;&nbsp;<a href=\"https:\/\/www.muzeum.klodzko.pl\/n\/godziny-otwarcia-muzeum-2\/\" rel=\"bookmark\">Dowiedz si\u0119 wi\u0119cej &raquo;<span class=\"screen-reader-text\">Godziny otwarcia Muzeum<\/span><\/a><\/div><\/li>\n<li><div class=\"wp-block-latest-posts__featured-image\"><a href=\"https:\/\/www.muzeum.klodzko.pl\/n\/swieta-wielkanocne-2026\/\" aria-label=\"\u015awi\u0119ta Wielkanocne 2026\"><img loading=\"lazy\" decoding=\"async\" width=\"1024\" height=\"317\" src=\"https:\/\/www.muzeum.klodzko.pl\/n\/wp-content\/uploads\/2026\/03\/Wielkanoc-2026-na-strone-1024x317.jpg\" class=\"attachment-large size-large wp-post-image\" alt=\"\" style=\"\" srcset=\"https:\/\/www.muzeum.klodzko.pl\/n\/wp-content\/uploads\/2026\/03\/Wielkanoc-2026-na-strone-1024x317.jpg 1024w, https:\/\/www.muzeum.klodzko.pl\/n\/wp-content\/uploads\/2026\/03\/Wielkanoc-2026-na-strone-300x93.jpg 300w, https:\/\/www.muzeum.klodzko.pl\/n\/wp-content\/uploads\/2026\/03\/Wielkanoc-2026-na-strone-150x46.jpg 150w, https:\/\/www.muzeum.klodzko.pl\/n\/wp-content\/uploads\/2026\/03\/Wielkanoc-2026-na-strone-768x238.jpg 768w, https:\/\/www.muzeum.klodzko.pl\/n\/wp-content\/uploads\/2026\/03\/Wielkanoc-2026-na-strone-1536x475.jpg 1536w, https:\/\/www.muzeum.klodzko.pl\/n\/wp-content\/uploads\/2026\/03\/Wielkanoc-2026-na-strone.jpg 2000w\" sizes=\"auto, (max-width: 1024px) 100vw, 1024px\" \/><\/a><\/div><a class=\"wp-block-latest-posts__post-title\" href=\"https:\/\/www.muzeum.klodzko.pl\/n\/swieta-wielkanocne-2026\/\">\u015awi\u0119ta Wielkanocne 2026<\/a><div class=\"wp-block-latest-posts__post-excerpt\">Z okazji \u015awi\u0105t Wielkanocnych\u00a0 wszelkiego dobra, zdrowia i pokoju duchaoraz radosnego, wiosennego nastroju\u00a0serdecznych spotka\u0144 w gronie najbli\u017cszych \u017cycz\u0105\u00a0Dyrektor i pracownicy Muzeum Ziemi K\u0142odzkiej w K\u0142odzku<\/div><\/li>\n<li><a class=\"wp-block-latest-posts__post-title\" href=\"https:\/\/www.muzeum.klodzko.pl\/n\/4207-2\/\">Przerwa \u015bwi\u0105teczna<\/a><div class=\"wp-block-latest-posts__post-excerpt\">Informujemy, \u017ce Muzeum Ziemi K\u0142odzkiej w K\u0142odzku w Wielki Pi\u0105tek i Wielk\u0105 Sobot\u0119 (3 i 4 kwietnia 2026) b\u0119dzie czynne dla zwiedzaj\u0105cych od godziny 10.00 do 14.00. W czasie \u015awi\u0105t&hellip;&nbsp;<a href=\"https:\/\/www.muzeum.klodzko.pl\/n\/4207-2\/\" rel=\"bookmark\">Dowiedz si\u0119 wi\u0119cej &raquo;<span class=\"screen-reader-text\">Przerwa \u015bwi\u0105teczna<\/span><\/a><\/div><\/li>\n<li><div class=\"wp-block-latest-posts__featured-image\"><a href=\"https:\/\/www.muzeum.klodzko.pl\/n\/gitariada-2026-gitara\/\" aria-label=\"Gitariada 2026 &#8211; Gitara +\"><img loading=\"lazy\" decoding=\"async\" width=\"1024\" height=\"585\" src=\"https:\/\/www.muzeum.klodzko.pl\/n\/wp-content\/uploads\/2026\/01\/9-kwietnia-1024x585.jpg\" class=\"attachment-large size-large wp-post-image\" alt=\"\" style=\"\" srcset=\"https:\/\/www.muzeum.klodzko.pl\/n\/wp-content\/uploads\/2026\/01\/9-kwietnia-1024x585.jpg 1024w, https:\/\/www.muzeum.klodzko.pl\/n\/wp-content\/uploads\/2026\/01\/9-kwietnia-300x171.jpg 300w, https:\/\/www.muzeum.klodzko.pl\/n\/wp-content\/uploads\/2026\/01\/9-kwietnia-150x86.jpg 150w, https:\/\/www.muzeum.klodzko.pl\/n\/wp-content\/uploads\/2026\/01\/9-kwietnia-768x439.jpg 768w, https:\/\/www.muzeum.klodzko.pl\/n\/wp-content\/uploads\/2026\/01\/9-kwietnia-1536x878.jpg 1536w, https:\/\/www.muzeum.klodzko.pl\/n\/wp-content\/uploads\/2026\/01\/9-kwietnia-2048x1170.jpg 2048w\" sizes=\"auto, (max-width: 1024px) 100vw, 1024px\" \/><\/a><\/div><a class=\"wp-block-latest-posts__post-title\" href=\"https:\/\/www.muzeum.klodzko.pl\/n\/gitariada-2026-gitara\/\">Gitariada 2026 &#8211; Gitara +<\/a><div class=\"wp-block-latest-posts__post-excerpt\">K\u0142odzki Festiwal Muzyczny Gitariada We czwartek 9 kwietnia 2026, o godz. 17.00 w sali koncertowej Muzeum Ziemi K\u0142odzkiej w K\u0142odzku odb\u0119dzie si\u0119 festiwalowy koncert &#8222;Gitara + &#8222;, podczas kt\u00f3rego us\u0142yszymy&hellip;&nbsp;<a href=\"https:\/\/www.muzeum.klodzko.pl\/n\/gitariada-2026-gitara\/\" rel=\"bookmark\">Dowiedz si\u0119 wi\u0119cej &raquo;<span class=\"screen-reader-text\">Gitariada 2026 &#8211; Gitara +<\/span><\/a><\/div><\/li>\n<\/ul>\n\n\n<div style=\"height:40px\" aria-hidden=\"true\" class=\"wp-block-spacer\"><\/div>\n\n\n\n<div style=\"height:40px\" aria-hidden=\"true\" class=\"wp-block-spacer\"><\/div>\n","protected":false},"excerpt":{"rendered":"<p>Wydarzenia<\/p>\n","protected":false},"author":1,"featured_media":72,"parent":0,"menu_order":0,"comment_status":"closed","ping_status":"closed","template":"","meta":{"neve_meta_sidebar":"","neve_meta_container":"","neve_meta_enable_content_width":"","neve_meta_content_width":0,"neve_meta_title_alignment":"","neve_meta_author_avatar":"","neve_post_elements_order":"","neve_meta_disable_header":"","neve_meta_disable_footer":"","neve_meta_disable_title":"","footnotes":""},"class_list":["post-8","page","type-page","status-publish","has-post-thumbnail","hentry"],"_links":{"self":[{"href":"https:\/\/www.muzeum.klodzko.pl\/n\/wp-json\/wp\/v2\/pages\/8","targetHints":{"allow":["GET"]}}],"collection":[{"href":"https:\/\/www.muzeum.klodzko.pl\/n\/wp-json\/wp\/v2\/pages"}],"about":[{"href":"https:\/\/www.muzeum.klodzko.pl\/n\/wp-json\/wp\/v2\/types\/page"}],"author":[{"embeddable":true,"href":"https:\/\/www.muzeum.klodzko.pl\/n\/wp-json\/wp\/v2\/users\/1"}],"replies":[{"embeddable":true,"href":"https:\/\/www.muzeum.klodzko.pl\/n\/wp-json\/wp\/v2\/comments?post=8"}],"version-history":[{"count":27,"href":"https:\/\/www.muzeum.klodzko.pl\/n\/wp-json\/wp\/v2\/pages\/8\/revisions"}],"predecessor-version":[{"id":3564,"href":"https:\/\/www.muzeum.klodzko.pl\/n\/wp-json\/wp\/v2\/pages\/8\/revisions\/3564"}],"wp:featuredmedia":[{"embeddable":true,"href":"https:\/\/www.muzeum.klodzko.pl\/n\/wp-json\/wp\/v2\/media\/72"}],"wp:attachment":[{"href":"https:\/\/www.muzeum.klodzko.pl\/n\/wp-json\/wp\/v2\/media?parent=8"}],"curies":[{"name":"wp","href":"https:\/\/api.w.org\/{rel}","templated":true}]}}