{"id":861,"date":"2025-04-03T10:25:21","date_gmt":"2025-04-03T08:25:21","guid":{"rendered":"https:\/\/www.muzeum.klodzko.pl\/n\/?page_id=861"},"modified":"2025-04-03T13:13:04","modified_gmt":"2025-04-03T11:13:04","slug":"zeszyty-muzeum-ziemi-klodzkiej-nr-4","status":"publish","type":"page","link":"https:\/\/www.muzeum.klodzko.pl\/n\/nasze-publikacje-2\/zeszyty-muzeum-ziemi-klodzkiej\/zeszyty-muzeum-ziemi-klodzkiej-nr-4\/","title":{"rendered":"Zeszyty Muzeum Ziemi K\u0142odzkiej nr 4."},"content":{"rendered":"\n<p><strong>Zeszyty Muzeum Ziemi K\u0142odzkiej nr 4. <\/strong><\/p>\n\n\n\n<p>K\u0142odzko 1992, ss. 164, 17\u00d724 cm <br><br>cena: 10 z\u0142<\/p>\n\n\n\n<p>W 4 tomie <strong>Zeszyt\u00f3w Muzeum Ziemi K\u0142odzkiej<\/strong> znajdziemy mi\u0119dzy innymi:<\/p>\n\n\n\n<p>ARTYKU\u0141Y<br>-Ursula Wolf \u2013 Kronika wsi Jaworek , Marian Haisig \u2013 Herby miast Ziemi K\u0142odzkiej.<br>-Jerzy Lodowski \u2013 Badania archeologiczne na Ziemi K\u0142odzkiej w okresie powojennym<br>-Krystyna Toczy\u0144ska-Rudysz \u2013 Sto lat k\u0142odzkich poczyna\u0144 muzealnych, cz. III (1964-1986)<br>-Krzysztof R. Mazurski \u2013 Sozologiczne problemy Ziemi K\u0142odzkiej<\/p>\n\n\n\n<p>MATERIA\u0141Y I DOKUMENTY<br>-Roman Wytyczak \u2013 Pierwsza polska mapa Ziemi K\u0142odzkiej po 1945 roku.<\/p>\n\n\n\n<p>RECENZJE, OM\u00d3WIENIA I POLEMIKI<br><em>-Quellenverzeichnis. Die Grafschaft Glatz und ihre Nachbargebiete sowie \u00fcbergeordnete <\/em>Themen. Bearbeitet von Dieter Pohl \u2013 Barbara Bator<br>-Publikacje Marx Verlag \u2013 Zenon Szymankiewicz<br>-\u201eKarkonosz\u201d \u2013 Tomasz Dudziak<br>-Jaskinia Nied\u017awiedzia w Kletnie. Badania i udost\u0119pnianie \u2013 Andrzej Grodzicki<\/p>\n","protected":false},"excerpt":{"rendered":"<p>Zeszyty Muzeum Ziemi K\u0142odzkiej nr 4. K\u0142odzko 1992, ss. 164, 17\u00d724 cm cena: 10 z\u0142 W 4 tomie Zeszyt\u00f3w Muzeum Ziemi K\u0142odzkiej znajdziemy mi\u0119dzy innymi: ARTYKU\u0141Y-Ursula Wolf \u2013 Kronika wsi Jaworek , Marian Haisig \u2013 Herby miast Ziemi K\u0142odzkiej.-Jerzy Lodowski \u2013 Badania archeologiczne na Ziemi K\u0142odzkiej w okresie powojennym-Krystyna Toczy\u0144ska-Rudysz \u2013 Sto lat k\u0142odzkich poczyna\u0144&hellip;&nbsp;<a href=\"https:\/\/www.muzeum.klodzko.pl\/n\/nasze-publikacje-2\/zeszyty-muzeum-ziemi-klodzkiej\/zeszyty-muzeum-ziemi-klodzkiej-nr-4\/\" rel=\"bookmark\">Dowiedz si\u0119 wi\u0119cej &raquo;<span class=\"screen-reader-text\">Zeszyty Muzeum Ziemi K\u0142odzkiej nr 4.<\/span><\/a><\/p>\n","protected":false},"author":3,"featured_media":874,"parent":840,"menu_order":0,"comment_status":"closed","ping_status":"closed","template":"","meta":{"neve_meta_sidebar":"","neve_meta_container":"","neve_meta_enable_content_width":"","neve_meta_content_width":0,"neve_meta_title_alignment":"","neve_meta_author_avatar":"","neve_post_elements_order":"","neve_meta_disable_header":"","neve_meta_disable_footer":"","neve_meta_disable_title":"","footnotes":""},"class_list":["post-861","page","type-page","status-publish","has-post-thumbnail","hentry"],"_links":{"self":[{"href":"https:\/\/www.muzeum.klodzko.pl\/n\/wp-json\/wp\/v2\/pages\/861","targetHints":{"allow":["GET"]}}],"collection":[{"href":"https:\/\/www.muzeum.klodzko.pl\/n\/wp-json\/wp\/v2\/pages"}],"about":[{"href":"https:\/\/www.muzeum.klodzko.pl\/n\/wp-json\/wp\/v2\/types\/page"}],"author":[{"embeddable":true,"href":"https:\/\/www.muzeum.klodzko.pl\/n\/wp-json\/wp\/v2\/users\/3"}],"replies":[{"embeddable":true,"href":"https:\/\/www.muzeum.klodzko.pl\/n\/wp-json\/wp\/v2\/comments?post=861"}],"version-history":[{"count":2,"href":"https:\/\/www.muzeum.klodzko.pl\/n\/wp-json\/wp\/v2\/pages\/861\/revisions"}],"predecessor-version":[{"id":920,"href":"https:\/\/www.muzeum.klodzko.pl\/n\/wp-json\/wp\/v2\/pages\/861\/revisions\/920"}],"up":[{"embeddable":true,"href":"https:\/\/www.muzeum.klodzko.pl\/n\/wp-json\/wp\/v2\/pages\/840"}],"wp:featuredmedia":[{"embeddable":true,"href":"https:\/\/www.muzeum.klodzko.pl\/n\/wp-json\/wp\/v2\/media\/874"}],"wp:attachment":[{"href":"https:\/\/www.muzeum.klodzko.pl\/n\/wp-json\/wp\/v2\/media?parent=861"}],"curies":[{"name":"wp","href":"https:\/\/api.w.org\/{rel}","templated":true}]}}