{"id":87,"date":"2025-01-08T17:52:25","date_gmt":"2025-01-08T16:52:25","guid":{"rendered":"https:\/\/www.muzeum.klodzko.pl\/n\/?page_id=87"},"modified":"2025-07-02T13:10:20","modified_gmt":"2025-07-02T11:10:20","slug":"wystawa-czasowa-kolekcjonowanie-to-kwestia-pogladu","status":"publish","type":"page","link":"https:\/\/www.muzeum.klodzko.pl\/n\/wystawa-czasowa-kolekcjonowanie-to-kwestia-pogladu\/","title":{"rendered":"Kolekcjonowanie to kwestia (p)ogl\u0105du"},"content":{"rendered":"\n<h4 class=\"wp-block-heading\">Dawne mapy i weduty ze zbior\u00f3w Manfreda Spaty.<\/h4>\n\n\n\n<p>Wystawa przygotowana przez Muzeum Haus Schlesien w K\u00f6nigswinter k\/Bonn, prezentuje kolekcj\u0119 map i wedut ze zbior\u00f3w Manfreda Spaty. Tematem ekspozycji pozostaje tak\u017ce samo kolekcjonowanie. Wernisa\u017c wystawy: <strong>14 grudnia 2023, godz. 17.00<\/strong><\/p>\n\n\n\n<p>Wydarzenie u\u015bwietni\u0142o uroczyste wr\u0119czenie Panu Manfredowi Spacie tytu\u0142u Honorowego Obywatela Miasta K\u0142odzka.<\/p>\n\n\n\n<p><strong>Manfred Spata<\/strong> \u2013 z zawodu geodeta \u2013 urodzi\u0142 si\u0119 w 1944 r. w K\u0142odzku. Kolekcjonera nie \u0142\u0105cz\u0105 z miastem wspomnienia z dzieci\u0144stwa, ale mimo to czuje si\u0119 zwi\u0105zany z K\u0142odzczyzn\u0105 &#8211; ojczystym regionem swoich przodk\u00f3w, czego dowodz\u0105 cz\u0119ste przyjazdy na ziemi\u0119 k\u0142odzk\u0105 oraz wieloletnie zg\u0142\u0119bianie i popularyzowanie wiedzy na temat jej historii i kultury. Przez szereg lat gromadzi\u0142 historyczne mapy i widoki swojego rodzinnego miasta i ca\u0142ego \u015al\u0105ska, a tak\u017ce literatur\u0119 specjalistyczn\u0105 niezb\u0119dn\u0105 do ich opracowania. Jego rozleg\u0142a wiedza o ziemi k\u0142odzkiej zaowocowa\u0142a licznymi publikacjami z zakresu historii, geografii i kartografii.<\/p>\n\n\n\n<p>Na wystawie prezentowane s\u0105 g\u0142\u00f3wnie dawne mapy \u015al\u0105ska i poszczeg\u00f3lnych jego region\u00f3w, plany miast i mapy specjalne, a tak\u017ce widoki miast \u015bl\u0105skich i krajobraz\u00f3w ze szczeg\u00f3lnym uwzgl\u0119dnieniem ziemi k\u0142odzkiej.<\/p>\n\n\n\n<p>Ekspozycja umo\u017cliwia widzowi zapoznanie si\u0119 z histori\u0105 \u015al\u0105ska, rozwojem kartografii i technik poligraficznych oraz zmieniaj\u0105cymi si\u0119 gustami na przestrzeni ponad 400 lat.<\/p>\n\n\n\n<p>Ekspozycja czynna: grudzie\u0144 2024 \u2013 marzec 2025<\/p>\n\n\n\n<figure class=\"wp-block-image size-large\"><img loading=\"lazy\" decoding=\"async\" width=\"768\" height=\"1024\" src=\"https:\/\/www.muzeum.klodzko.pl\/n\/wp-content\/uploads\/2025\/01\/wystawa-kolekcjonowanie-to-kwestia-pogladu-768x1024.jpg\" alt=\"\" class=\"wp-image-88\" srcset=\"https:\/\/www.muzeum.klodzko.pl\/n\/wp-content\/uploads\/2025\/01\/wystawa-kolekcjonowanie-to-kwestia-pogladu-768x1024.jpg 768w, https:\/\/www.muzeum.klodzko.pl\/n\/wp-content\/uploads\/2025\/01\/wystawa-kolekcjonowanie-to-kwestia-pogladu-225x300.jpg 225w, https:\/\/www.muzeum.klodzko.pl\/n\/wp-content\/uploads\/2025\/01\/wystawa-kolekcjonowanie-to-kwestia-pogladu-1152x1536.jpg 1152w, https:\/\/www.muzeum.klodzko.pl\/n\/wp-content\/uploads\/2025\/01\/wystawa-kolekcjonowanie-to-kwestia-pogladu-1536x2048.jpg 1536w, https:\/\/www.muzeum.klodzko.pl\/n\/wp-content\/uploads\/2025\/01\/wystawa-kolekcjonowanie-to-kwestia-pogladu.jpg 1920w\" sizes=\"auto, (max-width: 768px) 100vw, 768px\" \/><\/figure>\n","protected":false},"excerpt":{"rendered":"<p>Dawne mapy i weduty ze zbior\u00f3w Manfreda Spaty. Wystawa przygotowana przez Muzeum Haus Schlesien w K\u00f6nigswinter k\/Bonn, prezentuje kolekcj\u0119 map i wedut ze zbior\u00f3w Manfreda Spaty. Tematem ekspozycji pozostaje tak\u017ce samo kolekcjonowanie. Wernisa\u017c wystawy: 14 grudnia 2023, godz. 17.00 Wydarzenie u\u015bwietni\u0142o uroczyste wr\u0119czenie Panu Manfredowi Spacie tytu\u0142u Honorowego Obywatela Miasta K\u0142odzka. Manfred Spata \u2013 z&hellip;&nbsp;<a href=\"https:\/\/www.muzeum.klodzko.pl\/n\/wystawa-czasowa-kolekcjonowanie-to-kwestia-pogladu\/\" rel=\"bookmark\">Dowiedz si\u0119 wi\u0119cej &raquo;<span class=\"screen-reader-text\">Kolekcjonowanie to kwestia (p)ogl\u0105du<\/span><\/a><\/p>\n","protected":false},"author":1,"featured_media":88,"parent":0,"menu_order":0,"comment_status":"closed","ping_status":"closed","template":"","meta":{"neve_meta_sidebar":"","neve_meta_container":"","neve_meta_enable_content_width":"","neve_meta_content_width":0,"neve_meta_title_alignment":"","neve_meta_author_avatar":"","neve_post_elements_order":"","neve_meta_disable_header":"","neve_meta_disable_footer":"","neve_meta_disable_title":"","footnotes":""},"class_list":["post-87","page","type-page","status-publish","has-post-thumbnail","hentry"],"_links":{"self":[{"href":"https:\/\/www.muzeum.klodzko.pl\/n\/wp-json\/wp\/v2\/pages\/87","targetHints":{"allow":["GET"]}}],"collection":[{"href":"https:\/\/www.muzeum.klodzko.pl\/n\/wp-json\/wp\/v2\/pages"}],"about":[{"href":"https:\/\/www.muzeum.klodzko.pl\/n\/wp-json\/wp\/v2\/types\/page"}],"author":[{"embeddable":true,"href":"https:\/\/www.muzeum.klodzko.pl\/n\/wp-json\/wp\/v2\/users\/1"}],"replies":[{"embeddable":true,"href":"https:\/\/www.muzeum.klodzko.pl\/n\/wp-json\/wp\/v2\/comments?post=87"}],"version-history":[{"count":3,"href":"https:\/\/www.muzeum.klodzko.pl\/n\/wp-json\/wp\/v2\/pages\/87\/revisions"}],"predecessor-version":[{"id":1488,"href":"https:\/\/www.muzeum.klodzko.pl\/n\/wp-json\/wp\/v2\/pages\/87\/revisions\/1488"}],"wp:featuredmedia":[{"embeddable":true,"href":"https:\/\/www.muzeum.klodzko.pl\/n\/wp-json\/wp\/v2\/media\/88"}],"wp:attachment":[{"href":"https:\/\/www.muzeum.klodzko.pl\/n\/wp-json\/wp\/v2\/media?parent=87"}],"curies":[{"name":"wp","href":"https:\/\/api.w.org\/{rel}","templated":true}]}}