{"id":913,"date":"2025-04-03T13:08:25","date_gmt":"2025-04-03T11:08:25","guid":{"rendered":"https:\/\/www.muzeum.klodzko.pl\/n\/?page_id=913"},"modified":"2025-04-03T13:08:25","modified_gmt":"2025-04-03T11:08:25","slug":"klodzko-w-sredniowieczu","status":"publish","type":"page","link":"https:\/\/www.muzeum.klodzko.pl\/n\/nasze-publikacje-2\/klodzko-w-sredniowieczu\/","title":{"rendered":"K\u0142odzko w \u015bredniowieczu"},"content":{"rendered":"\n<p><em><strong>K\u0142odzko w \u015bredniowieczu<br><\/strong><\/em>K\u0142odzko 2009, s. 72<\/p>\n\n\n\n<p>cena: 17 z\u0142<\/p>\n\n\n\n<p>W grudniu 2009 r. k\u0142odzkie muzeum wyda\u0142o kolejn\u0105 publikacj\u0119 po\u015bwi\u0119con\u0105 historii miasta \u2013 przewodnik po wystawie <em>K\u0142odzko w \u015bredniowieczu<\/em>. Odnalezienie \u015blad\u00f3w k\u0142odzkiego \u015bredniowiecza podczas prac nad wystaw\u0105 nie by\u0142o zadaniem \u0142atwym; wymaga\u0142o przeprowadzenia wielu kwerend i przeszukania ogromnej liczby \u017ar\u00f3de\u0142. Uznali\u015bmy, \u017ce po rocznym pokazie wystawy, zebrany przez nas materia\u0142 nie powinien zosta\u0107 zarchiwizowany w zakamarkach muzeum i \u017ce warto wszystkie zebrane elementy, ca\u0142\u0105 w\u0142o\u017con\u0105 prac\u0119 w ich wyszukanie, zachowa\u0107 w formie zwartego tekstu \u2013&nbsp; popularnonaukowego kompendium o k\u0142odzkim \u015bredniowieczu, a raczej o jego znanych nam aspektach. Publikacj\u0119 \u2013 stanowi\u0105c\u0105 przewodnik po wystawie \u2013 zadedykowano wszystkim mi\u0142o\u015bnikom epoki \u015bredniowiecza. Autorki \u2013 Barbara Frydrych i Krystyna Oniszczuk-Awi\u017ce\u0144 \u2013 przedstawi\u0142y w niej najwa\u017cniejsze problemy poruszane na ekspozycji, ilustruj\u0105c je bogato zdj\u0119ciami prezentuj\u0105cymi cenne i unikalne k\u0142odzkie \u015blady gotyku.<\/p>\n\n\n\n<p>&nbsp;Zagadnienia przedstawiono w nast\u0119puj\u0105cych blokach tematycznych \u2013 <em>Od grodu do miasta. Legendy i fakty, Kl\u0119ski \u017cywio\u0142owe, Rozw\u00f3j urbanistyczno-architektoniczny miasta, Sztuka, kultura,<\/em><em>Dramatyczne wydarzenia k\u0142odzkiego \u015bredniowiecza.<\/em><em>Legendy i fakty<\/em> oraz <em>\u017bycie codzienne k\u0142odzczan<\/em>&nbsp; podzielone na zagadnienia: <em>1.Mieszczanie k\u0142odzcy, 2.W\u0142adza, s\u0105downictwo, bezpiecze\u0144stwo, 3. Wykszta\u0142cenie k\u0142odzczan, 4. Rzemios\u0142o, handel i inne zaj\u0119cia k\u0142odzczan, 5.Warunki \u017cycia: koszty utrzymania, dom i jego wyposa\u017cenie, jedzenie, ubranie<\/em>.<br>Poruszone w\u0105tki zosta\u0142y zilustrowane nie tylko fotografiami obiekt\u00f3w prezentowanych na ekspozycji, ale r\u00f3wnie\u017c takich, kt\u00f3rych pokaza\u0107 nie mogli\u015bmy \u2013 element\u00f3w zachowanej \u015bredniowiecznej architektury w K\u0142odzku oraz zabytk\u00f3w, kt\u00f3rych wypo\u017cyczenia nie by\u0142y mo\u017cliwe.<br>Wydawnictwo jest kolorowe, bogato ilustrowane, formatu A4. Zawiera wprowadzenie i kr\u00f3tkie om\u00f3wienia w j\u0119zykach angielskim i niemieckim oraz obszerne wskaz\u00f3wki bibliograficzne.&nbsp;<\/p>\n\n\n\n<p>Publikacja, wydana w nak\u0142adzie 1000 egzemplarzy, zosta\u0142a cz\u0119\u015bciowo dofinansowana przez&nbsp; Zarz\u0105d Wojew\u00f3dztwa Dolno\u015bl\u0105skiego i Zarz\u0105d Powiatu K\u0142odzkiego.<\/p>\n\n\n\n<p><em>Barbara&nbsp;<\/em><em>Frydrych<\/em><\/p>\n\n\n\n<figure class=\"wp-block-image size-large is-resized\"><img loading=\"lazy\" decoding=\"async\" width=\"724\" height=\"1024\" src=\"https:\/\/www.muzeum.klodzko.pl\/n\/wp-content\/uploads\/2025\/04\/katalog-1447x2048-1-724x1024.jpg\" alt=\"\" class=\"wp-image-914\" style=\"width:337px;height:auto\" srcset=\"https:\/\/www.muzeum.klodzko.pl\/n\/wp-content\/uploads\/2025\/04\/katalog-1447x2048-1-724x1024.jpg 724w, https:\/\/www.muzeum.klodzko.pl\/n\/wp-content\/uploads\/2025\/04\/katalog-1447x2048-1-212x300.jpg 212w, https:\/\/www.muzeum.klodzko.pl\/n\/wp-content\/uploads\/2025\/04\/katalog-1447x2048-1-768x1087.jpg 768w, https:\/\/www.muzeum.klodzko.pl\/n\/wp-content\/uploads\/2025\/04\/katalog-1447x2048-1-1085x1536.jpg 1085w, https:\/\/www.muzeum.klodzko.pl\/n\/wp-content\/uploads\/2025\/04\/katalog-1447x2048-1.jpg 1447w\" sizes=\"auto, (max-width: 724px) 100vw, 724px\" \/><figcaption class=\"wp-element-caption\">MZK wystawa w budynku na pl Chrobrego 22 &#8222;Miasto Pod Miastem&#8221; 1965 AGH fot. Smereka<\/figcaption><\/figure>\n","protected":false},"excerpt":{"rendered":"<p>K\u0142odzko w \u015bredniowieczuK\u0142odzko 2009, s. 72 cena: 17 z\u0142 W grudniu 2009 r. k\u0142odzkie muzeum wyda\u0142o kolejn\u0105 publikacj\u0119 po\u015bwi\u0119con\u0105 historii miasta \u2013 przewodnik po wystawie K\u0142odzko w \u015bredniowieczu. Odnalezienie \u015blad\u00f3w k\u0142odzkiego \u015bredniowiecza podczas prac nad wystaw\u0105 nie by\u0142o zadaniem \u0142atwym; wymaga\u0142o przeprowadzenia wielu kwerend i przeszukania ogromnej liczby \u017ar\u00f3de\u0142. Uznali\u015bmy, \u017ce po rocznym pokazie wystawy,&hellip;&nbsp;<a href=\"https:\/\/www.muzeum.klodzko.pl\/n\/nasze-publikacje-2\/klodzko-w-sredniowieczu\/\" rel=\"bookmark\">Dowiedz si\u0119 wi\u0119cej &raquo;<span class=\"screen-reader-text\">K\u0142odzko w \u015bredniowieczu<\/span><\/a><\/p>\n","protected":false},"author":3,"featured_media":914,"parent":655,"menu_order":0,"comment_status":"closed","ping_status":"closed","template":"","meta":{"neve_meta_sidebar":"","neve_meta_container":"","neve_meta_enable_content_width":"","neve_meta_content_width":0,"neve_meta_title_alignment":"","neve_meta_author_avatar":"","neve_post_elements_order":"","neve_meta_disable_header":"","neve_meta_disable_footer":"","neve_meta_disable_title":"","footnotes":""},"class_list":["post-913","page","type-page","status-publish","has-post-thumbnail","hentry"],"_links":{"self":[{"href":"https:\/\/www.muzeum.klodzko.pl\/n\/wp-json\/wp\/v2\/pages\/913","targetHints":{"allow":["GET"]}}],"collection":[{"href":"https:\/\/www.muzeum.klodzko.pl\/n\/wp-json\/wp\/v2\/pages"}],"about":[{"href":"https:\/\/www.muzeum.klodzko.pl\/n\/wp-json\/wp\/v2\/types\/page"}],"author":[{"embeddable":true,"href":"https:\/\/www.muzeum.klodzko.pl\/n\/wp-json\/wp\/v2\/users\/3"}],"replies":[{"embeddable":true,"href":"https:\/\/www.muzeum.klodzko.pl\/n\/wp-json\/wp\/v2\/comments?post=913"}],"version-history":[{"count":1,"href":"https:\/\/www.muzeum.klodzko.pl\/n\/wp-json\/wp\/v2\/pages\/913\/revisions"}],"predecessor-version":[{"id":915,"href":"https:\/\/www.muzeum.klodzko.pl\/n\/wp-json\/wp\/v2\/pages\/913\/revisions\/915"}],"up":[{"embeddable":true,"href":"https:\/\/www.muzeum.klodzko.pl\/n\/wp-json\/wp\/v2\/pages\/655"}],"wp:featuredmedia":[{"embeddable":true,"href":"https:\/\/www.muzeum.klodzko.pl\/n\/wp-json\/wp\/v2\/media\/914"}],"wp:attachment":[{"href":"https:\/\/www.muzeum.klodzko.pl\/n\/wp-json\/wp\/v2\/media?parent=913"}],"curies":[{"name":"wp","href":"https:\/\/api.w.org\/{rel}","templated":true}]}}