{"id":917,"date":"2025-04-03T13:25:59","date_gmt":"2025-04-03T11:25:59","guid":{"rendered":"https:\/\/www.muzeum.klodzko.pl\/n\/?page_id=917"},"modified":"2025-04-03T13:27:48","modified_gmt":"2025-04-03T11:27:48","slug":"muzeum-ziemi-klodzkiej-50-lat-dla-regionu-1963-2013","status":"publish","type":"page","link":"https:\/\/www.muzeum.klodzko.pl\/n\/nasze-publikacje-2\/muzeum-ziemi-klodzkiej-50-lat-dla-regionu-1963-2013\/","title":{"rendered":"Muzeum Ziemi K\u0142odzkiej. 50 lat dla regionu 1963-2013"},"content":{"rendered":"\n<p><strong><em>Muzeum Ziemi K\u0142odzkiej. 50 lat dla regionu 1963-2013<\/em><\/strong><\/p>\n\n\n\n<p>Oprac. <strong>Irena Klimaszewska, Krystyna Oniszczuk-Awi\u017ce\u0144, Joanna Stoklasek-Michalak<\/strong><\/p>\n\n\n\n<p>K\u0142odzko 2014, ss. 206, 21\u00d721 cm.<\/p>\n\n\n\n<p><\/p>\n\n\n\n<p>Chc\u0105c uczci\u0107 przypadaj\u0105cy w 2013 r. jubileusz 50-lecia dzia\u0142alno\u015bci Muzeum Ziemi K\u0142odzkiej plac\u00f3wka wyda\u0142a publikacj\u0119 po\u015bwi\u0119con\u0105 jej wieloletniemu dorobkowi. Ksi\u0105\u017cka sk\u0142ada si\u0119 z trzech cz\u0119\u015bci. Pierwsza cz\u0119\u015b\u0107 zatytu\u0142owana <em><strong>50 wydarze\u0144 na 50-lecie<\/strong><\/em> zawiera kr\u00f3tki przegl\u0105d wybranych wydarze\u0144 organizowanych przez Muzeum w latach 1963-2013. Wybranych, bowiem liczba wystaw, prelekcji, koncert\u00f3w, sesji popularno-naukowych, lekcji muzealnych i innych projekt\u00f3w, od chwili uruchomienia Muzeum systematycznie zwi\u0119ksza\u0142a si\u0119 z ka\u017cdym rokiem, nabieraj\u0105c coraz wi\u0119kszego rozmachu i zyskuj\u0105c na popularno\u015bci.<\/p>\n\n\n\n<p>Druga cz\u0119\u015b\u0107 pracy zawiera <em><strong>Bibliografi\u0119 Muzeum Ziemi K\u0142odzkiej za lata 1963-2013,<\/strong><\/em> opracowan\u0105 \u201eku pami\u0119ci\u201d, aby pokaza\u0107 ogrom i r\u00f3\u017cnorodno\u015b\u0107 podejmowanych przez plac\u00f3wk\u0119 dzia\u0142a\u0144 kulturalnych, badawczych i artystycznych na przestrzeni 50. lat i ich odd\u017awi\u0119k w prasie, a tak\u017ce z my\u015bl\u0105 o wszystkich zainteresowanych dorobkiem plac\u00f3wki.<\/p>\n\n\n\n<p>W trzeciej cz\u0119\u015bci \u2013 <em><strong>Postscriptum <\/strong><\/em>\u2013 zamieszczono kilkadziesi\u0105t wybranych opinii wyra\u017conych przez osoby odwiedzaj\u0105ce Muzeum w minionych latach, a dotycz\u0105cych jego propozycji wystawienniczych. Ich refleksje i pogl\u0105dy, zapisane w muzealnych Ksi\u0119gach Pami\u0105tkowych, stanowi\u0105 dla pracownik\u00f3w Muzeum wa\u017cne \u017ar\u00f3d\u0142o informacji o zasadno\u015bci i efekcie prowadzonych dzia\u0142a\u0144.<\/p>\n\n\n\n<p>Publikacja zawiera bogaty materia\u0142 ikonograficzny ilustruj\u0105cy ciekawsze dokonania plac\u00f3wki.<\/p>\n\n\n\n<p>Mamy nadziej\u0119, \u017ce cho\u0107 w tak telegraficznym skr\u00f3cie uda\u0142o nam si\u0119 pokaza\u0107 trwaj\u0105ce p\u00f3\u0142 wieku starania na rzecz ochrony i upowszechniania dziedzictwa kulturowego ziemi k\u0142odzkiej, bogat\u0105 dzia\u0142alno\u015b\u0107, o kt\u00f3rej g\u0142o\u015bno by\u0142o nie tylko w regionie, dostarczaj\u0105c\u0105 zar\u00f3wno wiedzy, jak i intelektualnych i estetycznych dozna\u0144.<\/p>\n\n\n\n<figure class=\"wp-block-image size-full is-resized\"><img loading=\"lazy\" decoding=\"async\" width=\"414\" height=\"445\" src=\"https:\/\/www.muzeum.klodzko.pl\/n\/wp-content\/uploads\/2025\/04\/2021-04-21-5.jpg\" alt=\"\" class=\"wp-image-743\" style=\"width:338px;height:auto\" srcset=\"https:\/\/www.muzeum.klodzko.pl\/n\/wp-content\/uploads\/2025\/04\/2021-04-21-5.jpg 414w, https:\/\/www.muzeum.klodzko.pl\/n\/wp-content\/uploads\/2025\/04\/2021-04-21-5-279x300.jpg 279w\" sizes=\"auto, (max-width: 414px) 100vw, 414px\" \/><\/figure>\n","protected":false},"excerpt":{"rendered":"<p>Muzeum Ziemi K\u0142odzkiej. 50 lat dla regionu 1963-2013 Oprac. Irena Klimaszewska, Krystyna Oniszczuk-Awi\u017ce\u0144, Joanna Stoklasek-Michalak K\u0142odzko 2014, ss. 206, 21\u00d721 cm. Chc\u0105c uczci\u0107 przypadaj\u0105cy w 2013 r. jubileusz 50-lecia dzia\u0142alno\u015bci Muzeum Ziemi K\u0142odzkiej plac\u00f3wka wyda\u0142a publikacj\u0119 po\u015bwi\u0119con\u0105 jej wieloletniemu dorobkowi. Ksi\u0105\u017cka sk\u0142ada si\u0119 z trzech cz\u0119\u015bci. Pierwsza cz\u0119\u015b\u0107 zatytu\u0142owana 50 wydarze\u0144 na 50-lecie zawiera kr\u00f3tki&hellip;&nbsp;<a href=\"https:\/\/www.muzeum.klodzko.pl\/n\/nasze-publikacje-2\/muzeum-ziemi-klodzkiej-50-lat-dla-regionu-1963-2013\/\" rel=\"bookmark\">Dowiedz si\u0119 wi\u0119cej &raquo;<span class=\"screen-reader-text\">Muzeum Ziemi K\u0142odzkiej. 50 lat dla regionu 1963-2013<\/span><\/a><\/p>\n","protected":false},"author":3,"featured_media":933,"parent":655,"menu_order":0,"comment_status":"closed","ping_status":"closed","template":"","meta":{"neve_meta_sidebar":"","neve_meta_container":"","neve_meta_enable_content_width":"","neve_meta_content_width":0,"neve_meta_title_alignment":"","neve_meta_author_avatar":"","neve_post_elements_order":"","neve_meta_disable_header":"","neve_meta_disable_footer":"","neve_meta_disable_title":"","footnotes":""},"class_list":["post-917","page","type-page","status-publish","has-post-thumbnail","hentry"],"_links":{"self":[{"href":"https:\/\/www.muzeum.klodzko.pl\/n\/wp-json\/wp\/v2\/pages\/917","targetHints":{"allow":["GET"]}}],"collection":[{"href":"https:\/\/www.muzeum.klodzko.pl\/n\/wp-json\/wp\/v2\/pages"}],"about":[{"href":"https:\/\/www.muzeum.klodzko.pl\/n\/wp-json\/wp\/v2\/types\/page"}],"author":[{"embeddable":true,"href":"https:\/\/www.muzeum.klodzko.pl\/n\/wp-json\/wp\/v2\/users\/3"}],"replies":[{"embeddable":true,"href":"https:\/\/www.muzeum.klodzko.pl\/n\/wp-json\/wp\/v2\/comments?post=917"}],"version-history":[{"count":1,"href":"https:\/\/www.muzeum.klodzko.pl\/n\/wp-json\/wp\/v2\/pages\/917\/revisions"}],"predecessor-version":[{"id":932,"href":"https:\/\/www.muzeum.klodzko.pl\/n\/wp-json\/wp\/v2\/pages\/917\/revisions\/932"}],"up":[{"embeddable":true,"href":"https:\/\/www.muzeum.klodzko.pl\/n\/wp-json\/wp\/v2\/pages\/655"}],"wp:featuredmedia":[{"embeddable":true,"href":"https:\/\/www.muzeum.klodzko.pl\/n\/wp-json\/wp\/v2\/media\/933"}],"wp:attachment":[{"href":"https:\/\/www.muzeum.klodzko.pl\/n\/wp-json\/wp\/v2\/media?parent=917"}],"curies":[{"name":"wp","href":"https:\/\/api.w.org\/{rel}","templated":true}]}}