{"id":93,"date":"2025-01-09T18:00:46","date_gmt":"2025-01-09T17:00:46","guid":{"rendered":"https:\/\/www.muzeum.klodzko.pl\/n\/?page_id=93"},"modified":"2026-02-19T10:00:18","modified_gmt":"2026-02-19T09:00:18","slug":"lekcje-muzealne","status":"publish","type":"page","link":"https:\/\/www.muzeum.klodzko.pl\/n\/lekcje-muzealne\/","title":{"rendered":"Lekcje muzealne"},"content":{"rendered":"\n<p><strong>Lekcje i warsztaty muzealne realizowane s\u0105 dla grup zorganizowanych powy\u017cej 8 os\u00f3b i nie wi\u0119cej ni\u017c dla 25 os\u00f3b. <br>Rezerwacji nale\u017cy dokona\u0107 co najmniej tydzie\u0144 przed planowanym terminem: <br>mailowo pod adresem: dno@muzeum.klodzko.pl  <br>pod numerem telefonu: 74 867 35 70 wewn\u0119trzny 23  <br>lub w plac\u00f3wce Muzeum <br><br>Zapraszamy!<\/strong><\/p>\n\n\n\n<p><\/p>\n\n\n\n<p><\/p>\n\n\n\n<p><strong>Barok<br><\/strong>Lekcja w kolegiacie p.w. Wniebowzi\u0119cia Naj\u015bwi\u0119tszej Marii Panny po\u015bwi\u0119cona k\u0142odzkiemu barokowi.<br>Wst\u0119p &#8211; <strong>15 z\u0142.<\/strong> Czas trwania: 45 &#8211; 60 minut.<\/p>\n\n\n\n<figure class=\"wp-block-image size-large\"><img loading=\"lazy\" decoding=\"async\" width=\"1024\" height=\"442\" src=\"https:\/\/www.muzeum.klodzko.pl\/n\/wp-content\/uploads\/2025\/01\/mzk-dojazd-1024x442.jpg\" alt=\"\" class=\"wp-image-133\" srcset=\"https:\/\/www.muzeum.klodzko.pl\/n\/wp-content\/uploads\/2025\/01\/mzk-dojazd-1024x442.jpg 1024w, https:\/\/www.muzeum.klodzko.pl\/n\/wp-content\/uploads\/2025\/01\/mzk-dojazd-300x129.jpg 300w, https:\/\/www.muzeum.klodzko.pl\/n\/wp-content\/uploads\/2025\/01\/mzk-dojazd-768x331.jpg 768w, https:\/\/www.muzeum.klodzko.pl\/n\/wp-content\/uploads\/2025\/01\/mzk-dojazd-1536x662.jpg 1536w, https:\/\/www.muzeum.klodzko.pl\/n\/wp-content\/uploads\/2025\/01\/mzk-dojazd.jpg 1920w\" sizes=\"auto, (max-width: 1024px) 100vw, 1024px\" \/><\/figure>\n\n\n\n<p><\/p>\n\n\n\n<p><br><strong>Gotyk<br><\/strong>Lekcja w kolegiacle p.w. Wniebowzi\u0119cia Naj\u015bwi\u0119tszej Marii Panny po\u015bwi\u0119cona k\u0142odzkiemu gotykowi.<br>Wst\u0119p &#8211; <strong>15 z\u0142<\/strong>. Czas trwania: 45 &#8211; 60 minut.<\/p>\n\n\n\n<figure class=\"wp-block-image size-large\"><img loading=\"lazy\" decoding=\"async\" width=\"1024\" height=\"764\" src=\"https:\/\/www.muzeum.klodzko.pl\/n\/wp-content\/uploads\/2025\/01\/Gotyk-kolegiata-1024x764.jpg\" alt=\"\" class=\"wp-image-238\" srcset=\"https:\/\/www.muzeum.klodzko.pl\/n\/wp-content\/uploads\/2025\/01\/Gotyk-kolegiata-1024x764.jpg 1024w, https:\/\/www.muzeum.klodzko.pl\/n\/wp-content\/uploads\/2025\/01\/Gotyk-kolegiata-300x224.jpg 300w, https:\/\/www.muzeum.klodzko.pl\/n\/wp-content\/uploads\/2025\/01\/Gotyk-kolegiata-768x573.jpg 768w, https:\/\/www.muzeum.klodzko.pl\/n\/wp-content\/uploads\/2025\/01\/Gotyk-kolegiata.jpg 1290w\" sizes=\"auto, (max-width: 1024px) 100vw, 1024px\" \/><\/figure>\n\n\n\n<p><\/p>\n\n\n\n<p><br><strong>Secesja<\/strong> <br>Lekcja omawiajaca charakterystyczne cechy secesji na podstawie k\u0142odzkich zabytk\u00f3w. <br>Wst\u0119p &#8211; <strong>15 z\u0142<\/strong>. Czas trwania: 45 &#8211; 60 minut.<\/p>\n\n\n\n<figure class=\"wp-block-image size-large\"><img loading=\"lazy\" decoding=\"async\" width=\"1024\" height=\"618\" src=\"https:\/\/www.muzeum.klodzko.pl\/n\/wp-content\/uploads\/2025\/02\/Klodzka-secesja-Podroze-w-czasie-reklama-1024x618.jpg\" alt=\"\" class=\"wp-image-375\" srcset=\"https:\/\/www.muzeum.klodzko.pl\/n\/wp-content\/uploads\/2025\/02\/Klodzka-secesja-Podroze-w-czasie-reklama-1024x618.jpg 1024w, https:\/\/www.muzeum.klodzko.pl\/n\/wp-content\/uploads\/2025\/02\/Klodzka-secesja-Podroze-w-czasie-reklama-300x181.jpg 300w, https:\/\/www.muzeum.klodzko.pl\/n\/wp-content\/uploads\/2025\/02\/Klodzka-secesja-Podroze-w-czasie-reklama-768x463.jpg 768w, https:\/\/www.muzeum.klodzko.pl\/n\/wp-content\/uploads\/2025\/02\/Klodzka-secesja-Podroze-w-czasie-reklama.jpg 1429w\" sizes=\"auto, (max-width: 1024px) 100vw, 1024px\" \/><\/figure>\n\n\n\n<p><\/p>\n\n\n\n<p><br><strong>FRANZ WAGNER &#8211; k\u0142odzki rze\u017abiarz<br><\/strong>Lekcja w plenerze po\u015bwi\u0119cona tw\u00f3rczo\u015bci Franza Wagnera &#8211; k\u0142odzkiego rze\u017abiarza mi\u0119dzywojnia.<br>Wst\u0119p &#8211; <strong>15 z\u0142<\/strong>. Czas trwania: 45 &#8211; 90 minut.<\/p>\n\n\n\n<figure class=\"wp-block-image size-large\"><img loading=\"lazy\" decoding=\"async\" width=\"1024\" height=\"768\" src=\"https:\/\/www.muzeum.klodzko.pl\/n\/wp-content\/uploads\/2025\/01\/Wagner_DSC9225-1024x768.jpg\" alt=\"\" class=\"wp-image-240\" srcset=\"https:\/\/www.muzeum.klodzko.pl\/n\/wp-content\/uploads\/2025\/01\/Wagner_DSC9225-1024x768.jpg 1024w, https:\/\/www.muzeum.klodzko.pl\/n\/wp-content\/uploads\/2025\/01\/Wagner_DSC9225-300x225.jpg 300w, https:\/\/www.muzeum.klodzko.pl\/n\/wp-content\/uploads\/2025\/01\/Wagner_DSC9225-768x576.jpg 768w, https:\/\/www.muzeum.klodzko.pl\/n\/wp-content\/uploads\/2025\/01\/Wagner_DSC9225-1536x1152.jpg 1536w, https:\/\/www.muzeum.klodzko.pl\/n\/wp-content\/uploads\/2025\/01\/Wagner_DSC9225.jpg 1900w\" sizes=\"auto, (max-width: 1024px) 100vw, 1024px\" \/><\/figure>\n\n\n\n<p><\/p>\n\n\n\n<p><br><strong>Historia meblarstwa<br><\/strong>Lekcja po\u015bwi\u0119cona dziejom meblarstwa na przyk\u0142adzie mebli prezentowanych w Muzeum.<br>Wst\u0119p &#8211; <strong>15 z\u0142<\/strong>. Czas trwania: 45 &#8211; 60 minut.<\/p>\n\n\n\n<figure class=\"wp-block-image size-large\"><img loading=\"lazy\" decoding=\"async\" width=\"1024\" height=\"768\" src=\"https:\/\/www.muzeum.klodzko.pl\/n\/wp-content\/uploads\/2025\/01\/Meblarstwo-Oczy-Czasu-IMG_20231026_140419-1024x768.jpg\" alt=\"\" class=\"wp-image-242\" srcset=\"https:\/\/www.muzeum.klodzko.pl\/n\/wp-content\/uploads\/2025\/01\/Meblarstwo-Oczy-Czasu-IMG_20231026_140419-1024x768.jpg 1024w, https:\/\/www.muzeum.klodzko.pl\/n\/wp-content\/uploads\/2025\/01\/Meblarstwo-Oczy-Czasu-IMG_20231026_140419-300x225.jpg 300w, https:\/\/www.muzeum.klodzko.pl\/n\/wp-content\/uploads\/2025\/01\/Meblarstwo-Oczy-Czasu-IMG_20231026_140419-768x576.jpg 768w, https:\/\/www.muzeum.klodzko.pl\/n\/wp-content\/uploads\/2025\/01\/Meblarstwo-Oczy-Czasu-IMG_20231026_140419-1536x1152.jpg 1536w, https:\/\/www.muzeum.klodzko.pl\/n\/wp-content\/uploads\/2025\/01\/Meblarstwo-Oczy-Czasu-IMG_20231026_140419.jpg 1920w\" sizes=\"auto, (max-width: 1024px) 100vw, 1024px\" \/><\/figure>\n\n\n\n<p><\/p>\n\n\n\n<p><br><strong>Ikonografia sakralna rze\u017ab w kolegiacie pw. Wniebowzi\u0119cia NMP w K\u0142odzku<br><\/strong>Lekcja po\u015bwi\u0119cona historii i symbolice rze\u017ab znajduj\u0105cych si\u0119 w kolegiacie.<br>Wst\u0119p &#8211; <strong>15 z\u0142<\/strong>. Czas trwania: 60 &#8211; 120 minut.<\/p>\n\n\n\n<figure class=\"wp-block-image size-large\"><img loading=\"lazy\" decoding=\"async\" width=\"1024\" height=\"614\" src=\"https:\/\/www.muzeum.klodzko.pl\/n\/wp-content\/uploads\/2025\/01\/Ikonografia-sakralna-1024x614.jpg\" alt=\"\" class=\"wp-image-243\" srcset=\"https:\/\/www.muzeum.klodzko.pl\/n\/wp-content\/uploads\/2025\/01\/Ikonografia-sakralna-1024x614.jpg 1024w, https:\/\/www.muzeum.klodzko.pl\/n\/wp-content\/uploads\/2025\/01\/Ikonografia-sakralna-300x180.jpg 300w, https:\/\/www.muzeum.klodzko.pl\/n\/wp-content\/uploads\/2025\/01\/Ikonografia-sakralna-768x461.jpg 768w, https:\/\/www.muzeum.klodzko.pl\/n\/wp-content\/uploads\/2025\/01\/Ikonografia-sakralna-1536x922.jpg 1536w, https:\/\/www.muzeum.klodzko.pl\/n\/wp-content\/uploads\/2025\/01\/Ikonografia-sakralna.jpg 1920w\" sizes=\"auto, (max-width: 1024px) 100vw, 1024px\" \/><\/figure>\n\n\n\n<p><\/p>\n\n\n\n<p><br><strong>K\u0142odzki Zwierzyniec<br><\/strong>Zabawa edukacyjna w muzeum lub w plenerze. Odkrywanie dekoracyjnych element\u00f3w z motywami zwierz\u0119cymi w k\u0142odzkiej architekturze.<br>Wst\u0119p &#8211; <strong>15 z\u0142<\/strong>. Czas trwania: 90 &#8211; 120 minut.<\/p>\n\n\n\n<figure class=\"wp-block-image size-large\"><img loading=\"lazy\" decoding=\"async\" width=\"1024\" height=\"754\" src=\"https:\/\/www.muzeum.klodzko.pl\/n\/wp-content\/uploads\/2025\/01\/Klodzki-zwierzyniec-1024x754.jpg\" alt=\"\" class=\"wp-image-244\" srcset=\"https:\/\/www.muzeum.klodzko.pl\/n\/wp-content\/uploads\/2025\/01\/Klodzki-zwierzyniec-1024x754.jpg 1024w, https:\/\/www.muzeum.klodzko.pl\/n\/wp-content\/uploads\/2025\/01\/Klodzki-zwierzyniec-300x221.jpg 300w, https:\/\/www.muzeum.klodzko.pl\/n\/wp-content\/uploads\/2025\/01\/Klodzki-zwierzyniec-768x565.jpg 768w, https:\/\/www.muzeum.klodzko.pl\/n\/wp-content\/uploads\/2025\/01\/Klodzki-zwierzyniec.jpg 1323w\" sizes=\"auto, (max-width: 1024px) 100vw, 1024px\" \/><\/figure>\n\n\n\n<p><\/p>\n\n\n\n<p><br><strong>Sakralna sztuka ludowa Ziemi K\u0142odzkiej<br><\/strong>Uczniowie poznaj\u0105 najpopularniejsze wizerunki \u015bwi\u0119tych patron\u00f3w, techniki w jakich zosta\u0142y wykonane, miejsca ich wyst\u0119powania oraz rodzaje krzy\u017cy i kapliczek przydro\u017cnych.<br>Wst\u0119p &#8211; <strong>15 z\u0142<\/strong>. Czas trwania: 45 &#8211; 60 minut.<\/p>\n\n\n\n<figure class=\"wp-block-image size-large\"><img loading=\"lazy\" decoding=\"async\" width=\"1024\" height=\"889\" src=\"https:\/\/www.muzeum.klodzko.pl\/n\/wp-content\/uploads\/2025\/01\/sztuka-sakralna-1024x889.jpg\" alt=\"\" class=\"wp-image-246\" srcset=\"https:\/\/www.muzeum.klodzko.pl\/n\/wp-content\/uploads\/2025\/01\/sztuka-sakralna-1024x889.jpg 1024w, https:\/\/www.muzeum.klodzko.pl\/n\/wp-content\/uploads\/2025\/01\/sztuka-sakralna-300x260.jpg 300w, https:\/\/www.muzeum.klodzko.pl\/n\/wp-content\/uploads\/2025\/01\/sztuka-sakralna-768x667.jpg 768w, https:\/\/www.muzeum.klodzko.pl\/n\/wp-content\/uploads\/2025\/01\/sztuka-sakralna-1536x1333.jpg 1536w, https:\/\/www.muzeum.klodzko.pl\/n\/wp-content\/uploads\/2025\/01\/sztuka-sakralna.jpg 1900w\" sizes=\"auto, (max-width: 1024px) 100vw, 1024px\" \/><\/figure>\n\n\n\n<p><\/p>\n\n\n\n<p><br><strong>Spacerownik po K\u0142odzku Andreasa Ernsta<\/strong> <br>Lekcja w muzeum lub w plenerze po\u015bwi\u0119cona k\u0142odzkiej architekturze prze\u0142omu XIX i XX wieku. Wst\u0119p &#8211; <strong>15 z\u0142<\/strong>. Czas trwania: 45 &#8211; 60 minut. Lekcja + spacerownik &#8211;<strong> 20 z\u0142<\/strong>.<\/p>\n\n\n\n<figure class=\"wp-block-image size-large\"><img loading=\"lazy\" decoding=\"async\" width=\"1024\" height=\"724\" src=\"https:\/\/www.muzeum.klodzko.pl\/n\/wp-content\/uploads\/2025\/02\/72837095_1149755281861815_2855830231644635136_n-1024x724.jpg\" alt=\"\" class=\"wp-image-421\" srcset=\"https:\/\/www.muzeum.klodzko.pl\/n\/wp-content\/uploads\/2025\/02\/72837095_1149755281861815_2855830231644635136_n-1024x724.jpg 1024w, https:\/\/www.muzeum.klodzko.pl\/n\/wp-content\/uploads\/2025\/02\/72837095_1149755281861815_2855830231644635136_n-300x212.jpg 300w, https:\/\/www.muzeum.klodzko.pl\/n\/wp-content\/uploads\/2025\/02\/72837095_1149755281861815_2855830231644635136_n-768x543.jpg 768w, https:\/\/www.muzeum.klodzko.pl\/n\/wp-content\/uploads\/2025\/02\/72837095_1149755281861815_2855830231644635136_n-1536x1086.jpg 1536w, https:\/\/www.muzeum.klodzko.pl\/n\/wp-content\/uploads\/2025\/02\/72837095_1149755281861815_2855830231644635136_n.jpg 1754w\" sizes=\"auto, (max-width: 1024px) 100vw, 1024px\" \/><\/figure>\n\n\n\n<p><\/p>\n\n\n\n<p><br><strong>Z Mariann\u0105 Ora\u0144sk\u0105 po Ziemi K\u0142odzkiej<br><\/strong>Uczestnicy poznaj\u0105 losy kr\u00f3lewny Marianny Ora\u0144skiej i jej zas\u0142ugi dla rozwoju ziemi k\u0142odzkiej oraz stworz\u0105 makiet\u0119 miejsc zwi\u0105zanych z dzia\u0142alno\u015bci\u0105 kr\u00f3lewny. Zaj\u0119cia wzbogacaj\u0105 gry i zabawy edukacyjne.<br>Wst\u0119p &#8211; <strong>15 z\u0142<\/strong>. Czas trwania: 45 &#8211; 60 minut.<\/p>\n\n\n\n<figure class=\"wp-block-image size-full is-resized\"><img loading=\"lazy\" decoding=\"async\" width=\"433\" height=\"151\" src=\"https:\/\/www.muzeum.klodzko.pl\/n\/wp-content\/uploads\/2025\/01\/Marianna.jpg\" alt=\"\" class=\"wp-image-245\" style=\"width:819px;height:auto\" srcset=\"https:\/\/www.muzeum.klodzko.pl\/n\/wp-content\/uploads\/2025\/01\/Marianna.jpg 433w, https:\/\/www.muzeum.klodzko.pl\/n\/wp-content\/uploads\/2025\/01\/Marianna-300x105.jpg 300w\" sizes=\"auto, (max-width: 433px) 100vw, 433px\" \/><\/figure>\n","protected":false},"excerpt":{"rendered":"<p>Lekcje i warsztaty muzealne realizowane s\u0105 dla grup zorganizowanych powy\u017cej 8 os\u00f3b i nie wi\u0119cej ni\u017c dla 25 os\u00f3b. Rezerwacji nale\u017cy dokona\u0107 co najmniej tydzie\u0144 przed planowanym terminem: mailowo pod adresem: dno@muzeum.klodzko.pl pod numerem telefonu: 74 867 35 70 wewn\u0119trzny 23 lub w plac\u00f3wce Muzeum Zapraszamy! BarokLekcja w kolegiacie p.w. Wniebowzi\u0119cia Naj\u015bwi\u0119tszej Marii Panny po\u015bwi\u0119cona&hellip;&nbsp;<a href=\"https:\/\/www.muzeum.klodzko.pl\/n\/lekcje-muzealne\/\" rel=\"bookmark\">Dowiedz si\u0119 wi\u0119cej &raquo;<span class=\"screen-reader-text\">Lekcje muzealne<\/span><\/a><\/p>\n","protected":false},"author":1,"featured_media":136,"parent":0,"menu_order":0,"comment_status":"closed","ping_status":"closed","template":"","meta":{"neve_meta_sidebar":"","neve_meta_container":"","neve_meta_enable_content_width":"","neve_meta_content_width":0,"neve_meta_title_alignment":"","neve_meta_author_avatar":"","neve_post_elements_order":"","neve_meta_disable_header":"","neve_meta_disable_footer":"","neve_meta_disable_title":"","footnotes":""},"class_list":["post-93","page","type-page","status-publish","has-post-thumbnail","hentry"],"_links":{"self":[{"href":"https:\/\/www.muzeum.klodzko.pl\/n\/wp-json\/wp\/v2\/pages\/93","targetHints":{"allow":["GET"]}}],"collection":[{"href":"https:\/\/www.muzeum.klodzko.pl\/n\/wp-json\/wp\/v2\/pages"}],"about":[{"href":"https:\/\/www.muzeum.klodzko.pl\/n\/wp-json\/wp\/v2\/types\/page"}],"author":[{"embeddable":true,"href":"https:\/\/www.muzeum.klodzko.pl\/n\/wp-json\/wp\/v2\/users\/1"}],"replies":[{"embeddable":true,"href":"https:\/\/www.muzeum.klodzko.pl\/n\/wp-json\/wp\/v2\/comments?post=93"}],"version-history":[{"count":22,"href":"https:\/\/www.muzeum.klodzko.pl\/n\/wp-json\/wp\/v2\/pages\/93\/revisions"}],"predecessor-version":[{"id":3729,"href":"https:\/\/www.muzeum.klodzko.pl\/n\/wp-json\/wp\/v2\/pages\/93\/revisions\/3729"}],"wp:featuredmedia":[{"embeddable":true,"href":"https:\/\/www.muzeum.klodzko.pl\/n\/wp-json\/wp\/v2\/media\/136"}],"wp:attachment":[{"href":"https:\/\/www.muzeum.klodzko.pl\/n\/wp-json\/wp\/v2\/media?parent=93"}],"curies":[{"name":"wp","href":"https:\/\/api.w.org\/{rel}","templated":true}]}}