{"id":936,"date":"2025-04-03T13:42:17","date_gmt":"2025-04-03T11:42:17","guid":{"rendered":"https:\/\/www.muzeum.klodzko.pl\/n\/?page_id=936"},"modified":"2025-04-03T13:42:45","modified_gmt":"2025-04-03T11:42:45","slug":"mistrz-i-uczen-zbigniew-horbowy-ryszard-bilan-sen-o-klodzku","status":"publish","type":"page","link":"https:\/\/www.muzeum.klodzko.pl\/n\/nasze-publikacje-2\/mistrz-i-uczen-zbigniew-horbowy-ryszard-bilan-sen-o-klodzku\/","title":{"rendered":"Mistrz i Ucze\u0144"},"content":{"rendered":"\n<p><strong><em>Mistrz i Ucze\u0144: Zbigniew Horbowy \u2013 Ryszard Bilan. Sen o K\u0142odzku<\/em>. <\/strong><\/p>\n\n\n\n<p>Oprac. <strong>Joanna Jakubowicz<\/strong>. K\u0142odzko 2011, ss. 20, 17\u00d724 cm.<\/p>\n\n\n\n<p>Nak\u0142ad wyczerpany<\/p>\n\n\n\n<p>Katalog wystawy b\u0119d\u0105cej konfrontacj\u0105 tw\u00f3rczo\u015bci dw\u00f3ch zwi\u0105zanych z ziemi\u0105 k\u0142odzk\u0105 artyst\u00f3w, Zbigniewa Horbowego, wybitnego projektanta szk\u0142a oraz Ryszarda Bilana \u2013 malarza, grafika i rze\u017abiarza, mieszkaj\u0105cego i tworz\u0105cego we Francji, zwi\u0105zanego z K\u0142odzkiem latami sp\u0119dzonego tu dzieci\u0144stwa.<\/p>\n\n\n\n<figure class=\"wp-block-image size-full\"><img loading=\"lazy\" decoding=\"async\" width=\"208\" height=\"300\" src=\"https:\/\/www.muzeum.klodzko.pl\/n\/wp-content\/uploads\/2025\/03\/Mistrz-i-uczen.thumbnail.jpg\" alt=\"\" class=\"wp-image-516\"\/><\/figure>\n","protected":false},"excerpt":{"rendered":"<p>Mistrz i Ucze\u0144: Zbigniew Horbowy \u2013 Ryszard Bilan. Sen o K\u0142odzku. Oprac. Joanna Jakubowicz. K\u0142odzko 2011, ss. 20, 17\u00d724 cm. Nak\u0142ad wyczerpany Katalog wystawy b\u0119d\u0105cej konfrontacj\u0105 tw\u00f3rczo\u015bci dw\u00f3ch zwi\u0105zanych z ziemi\u0105 k\u0142odzk\u0105 artyst\u00f3w, Zbigniewa Horbowego, wybitnego projektanta szk\u0142a oraz Ryszarda Bilana \u2013 malarza, grafika i rze\u017abiarza, mieszkaj\u0105cego i tworz\u0105cego we Francji, zwi\u0105zanego z K\u0142odzkiem latami&hellip;&nbsp;<a href=\"https:\/\/www.muzeum.klodzko.pl\/n\/nasze-publikacje-2\/mistrz-i-uczen-zbigniew-horbowy-ryszard-bilan-sen-o-klodzku\/\" rel=\"bookmark\">Dowiedz si\u0119 wi\u0119cej &raquo;<span class=\"screen-reader-text\">Mistrz i Ucze\u0144<\/span><\/a><\/p>\n","protected":false},"author":3,"featured_media":943,"parent":655,"menu_order":0,"comment_status":"closed","ping_status":"closed","template":"","meta":{"neve_meta_sidebar":"","neve_meta_container":"","neve_meta_enable_content_width":"","neve_meta_content_width":0,"neve_meta_title_alignment":"","neve_meta_author_avatar":"","neve_post_elements_order":"","neve_meta_disable_header":"","neve_meta_disable_footer":"","neve_meta_disable_title":"","footnotes":""},"class_list":["post-936","page","type-page","status-publish","has-post-thumbnail","hentry"],"_links":{"self":[{"href":"https:\/\/www.muzeum.klodzko.pl\/n\/wp-json\/wp\/v2\/pages\/936","targetHints":{"allow":["GET"]}}],"collection":[{"href":"https:\/\/www.muzeum.klodzko.pl\/n\/wp-json\/wp\/v2\/pages"}],"about":[{"href":"https:\/\/www.muzeum.klodzko.pl\/n\/wp-json\/wp\/v2\/types\/page"}],"author":[{"embeddable":true,"href":"https:\/\/www.muzeum.klodzko.pl\/n\/wp-json\/wp\/v2\/users\/3"}],"replies":[{"embeddable":true,"href":"https:\/\/www.muzeum.klodzko.pl\/n\/wp-json\/wp\/v2\/comments?post=936"}],"version-history":[{"count":2,"href":"https:\/\/www.muzeum.klodzko.pl\/n\/wp-json\/wp\/v2\/pages\/936\/revisions"}],"predecessor-version":[{"id":945,"href":"https:\/\/www.muzeum.klodzko.pl\/n\/wp-json\/wp\/v2\/pages\/936\/revisions\/945"}],"up":[{"embeddable":true,"href":"https:\/\/www.muzeum.klodzko.pl\/n\/wp-json\/wp\/v2\/pages\/655"}],"wp:featuredmedia":[{"embeddable":true,"href":"https:\/\/www.muzeum.klodzko.pl\/n\/wp-json\/wp\/v2\/media\/943"}],"wp:attachment":[{"href":"https:\/\/www.muzeum.klodzko.pl\/n\/wp-json\/wp\/v2\/media?parent=936"}],"curies":[{"name":"wp","href":"https:\/\/api.w.org\/{rel}","templated":true}]}}