{"id":942,"date":"2025-04-03T13:55:03","date_gmt":"2025-04-03T11:55:03","guid":{"rendered":"https:\/\/www.muzeum.klodzko.pl\/n\/?page_id=942"},"modified":"2025-04-03T13:55:03","modified_gmt":"2025-04-03T11:55:03","slug":"negatyw-cienia","status":"publish","type":"page","link":"https:\/\/www.muzeum.klodzko.pl\/n\/nasze-publikacje-2\/negatyw-cienia\/","title":{"rendered":"Negatyw cienia"},"content":{"rendered":"\n<p><strong><em>Negatyw cienia<\/em><\/strong><\/p>\n\n\n\n<p>Red. <strong>Jerzy Olek <\/strong><\/p>\n\n\n\n<p>K\u0142odzko: Muzeum Ziemi K\u0142odzkiej; Polanica-Zdr\u00f3j: Zesp\u00f3\u0142 Uzdrowisk K\u0142odzkich, <\/p>\n\n\n\n<p><strong>2010, ss. 60, 14\u00d714 cm.<\/strong>,<\/p>\n\n\n\n<p>cena: 6 z\u0142<\/p>\n\n\n\n<p>Katalog towarzysz\u0105cy wystawie fotografii Jerzego Olka i Zbigniewa Muziewicza. W publikacji, opr\u00f3cz prezentowanych na wystawie fotografii, znalaz\u0142y si\u0119 kr\u00f3tkie wypowiedzi na temat tw\u00f3rczo\u015bci obu artyst\u00f3w zaprzyja\u017anionych z nimi os\u00f3b.<\/p>\n\n\n\n<figure class=\"wp-block-image size-full is-resized\"><img loading=\"lazy\" decoding=\"async\" width=\"442\" height=\"445\" src=\"https:\/\/www.muzeum.klodzko.pl\/n\/wp-content\/uploads\/2025\/04\/2021-04-21-10.jpg\" alt=\"\" class=\"wp-image-948\" style=\"width:336px;height:auto\" srcset=\"https:\/\/www.muzeum.klodzko.pl\/n\/wp-content\/uploads\/2025\/04\/2021-04-21-10.jpg 442w, https:\/\/www.muzeum.klodzko.pl\/n\/wp-content\/uploads\/2025\/04\/2021-04-21-10-298x300.jpg 298w, https:\/\/www.muzeum.klodzko.pl\/n\/wp-content\/uploads\/2025\/04\/2021-04-21-10-150x150.jpg 150w\" sizes=\"auto, (max-width: 442px) 100vw, 442px\" \/><\/figure>\n","protected":false},"excerpt":{"rendered":"<p>Negatyw cienia Red. Jerzy Olek K\u0142odzko: Muzeum Ziemi K\u0142odzkiej; Polanica-Zdr\u00f3j: Zesp\u00f3\u0142 Uzdrowisk K\u0142odzkich, 2010, ss. 60, 14\u00d714 cm., cena: 6 z\u0142 Katalog towarzysz\u0105cy wystawie fotografii Jerzego Olka i Zbigniewa Muziewicza. W publikacji, opr\u00f3cz prezentowanych na wystawie fotografii, znalaz\u0142y si\u0119 kr\u00f3tkie wypowiedzi na temat tw\u00f3rczo\u015bci obu artyst\u00f3w zaprzyja\u017anionych z nimi os\u00f3b.<\/p>\n","protected":false},"author":3,"featured_media":948,"parent":655,"menu_order":0,"comment_status":"closed","ping_status":"closed","template":"","meta":{"neve_meta_sidebar":"","neve_meta_container":"","neve_meta_enable_content_width":"","neve_meta_content_width":0,"neve_meta_title_alignment":"","neve_meta_author_avatar":"","neve_post_elements_order":"","neve_meta_disable_header":"","neve_meta_disable_footer":"","neve_meta_disable_title":"","footnotes":""},"class_list":["post-942","page","type-page","status-publish","has-post-thumbnail","hentry"],"_links":{"self":[{"href":"https:\/\/www.muzeum.klodzko.pl\/n\/wp-json\/wp\/v2\/pages\/942","targetHints":{"allow":["GET"]}}],"collection":[{"href":"https:\/\/www.muzeum.klodzko.pl\/n\/wp-json\/wp\/v2\/pages"}],"about":[{"href":"https:\/\/www.muzeum.klodzko.pl\/n\/wp-json\/wp\/v2\/types\/page"}],"author":[{"embeddable":true,"href":"https:\/\/www.muzeum.klodzko.pl\/n\/wp-json\/wp\/v2\/users\/3"}],"replies":[{"embeddable":true,"href":"https:\/\/www.muzeum.klodzko.pl\/n\/wp-json\/wp\/v2\/comments?post=942"}],"version-history":[{"count":1,"href":"https:\/\/www.muzeum.klodzko.pl\/n\/wp-json\/wp\/v2\/pages\/942\/revisions"}],"predecessor-version":[{"id":949,"href":"https:\/\/www.muzeum.klodzko.pl\/n\/wp-json\/wp\/v2\/pages\/942\/revisions\/949"}],"up":[{"embeddable":true,"href":"https:\/\/www.muzeum.klodzko.pl\/n\/wp-json\/wp\/v2\/pages\/655"}],"wp:featuredmedia":[{"embeddable":true,"href":"https:\/\/www.muzeum.klodzko.pl\/n\/wp-json\/wp\/v2\/media\/948"}],"wp:attachment":[{"href":"https:\/\/www.muzeum.klodzko.pl\/n\/wp-json\/wp\/v2\/media?parent=942"}],"curies":[{"name":"wp","href":"https:\/\/api.w.org\/{rel}","templated":true}]}}