{"id":961,"date":"2025-04-03T14:12:22","date_gmt":"2025-04-03T12:12:22","guid":{"rendered":"https:\/\/www.muzeum.klodzko.pl\/n\/?page_id=961"},"modified":"2025-04-03T14:12:22","modified_gmt":"2025-04-03T12:12:22","slug":"klodzko-dzieje-miasta","status":"publish","type":"page","link":"https:\/\/www.muzeum.klodzko.pl\/n\/nasze-publikacje-2\/klodzko-dzieje-miasta\/","title":{"rendered":"K\u0142odzko, dzieje miasta"},"content":{"rendered":"\n<p><strong><em>K\u0142odzko, dzieje miasta<\/em><\/strong><br><br>Oprac. zbiorowe pod red. <strong>Ryszarda G\u0142adkiewicza<\/strong>. <br>K\u0142odzko 1998, ss. 272, 231 il., 24&#215;33,5 cm.<br><br>cena: 80,00\u00a0z\u0142<\/p>\n\n\n\n<p>Pierwsza polska monografia K\u0142odzka, przedstawiaj\u0105ca miasto od czas\u00f3w prehistorycznych po lata 90. XX w. Obszerne rozdzia\u0142y opowiadaj\u0105 o pradziejach i \u015bredniowieczu w K\u0142odzku, czasach nowo\u017cytnych, \u017cyciu miasta w XIX i na pocz\u0105tku XX w. oraz jego powojennych losach. W pracy znajdziemy osobne rozdzia\u0142y po\u015bwi\u0119cone dziejom sztuki w K\u0142odzku oraz jego \u015brodowisku przyrodniczemu. Publikacja zawiera bardzo bogaty materia\u0142 ikonograficzny. <\/p>\n\n\n\n<figure class=\"wp-block-image size-full\"><img loading=\"lazy\" decoding=\"async\" width=\"322\" height=\"445\" src=\"https:\/\/www.muzeum.klodzko.pl\/n\/wp-content\/uploads\/2025\/04\/2021-04-21-11.jpg\" alt=\"\" class=\"wp-image-962\" srcset=\"https:\/\/www.muzeum.klodzko.pl\/n\/wp-content\/uploads\/2025\/04\/2021-04-21-11.jpg 322w, https:\/\/www.muzeum.klodzko.pl\/n\/wp-content\/uploads\/2025\/04\/2021-04-21-11-217x300.jpg 217w\" sizes=\"auto, (max-width: 322px) 100vw, 322px\" \/><\/figure>\n","protected":false},"excerpt":{"rendered":"<p>K\u0142odzko, dzieje miasta Oprac. zbiorowe pod red. Ryszarda G\u0142adkiewicza. K\u0142odzko 1998, ss. 272, 231 il., 24&#215;33,5 cm. cena: 80,00\u00a0z\u0142 Pierwsza polska monografia K\u0142odzka, przedstawiaj\u0105ca miasto od czas\u00f3w prehistorycznych po lata 90. XX w. Obszerne rozdzia\u0142y opowiadaj\u0105 o pradziejach i \u015bredniowieczu w K\u0142odzku, czasach nowo\u017cytnych, \u017cyciu miasta w XIX i na pocz\u0105tku XX w. oraz jego&hellip;&nbsp;<a href=\"https:\/\/www.muzeum.klodzko.pl\/n\/nasze-publikacje-2\/klodzko-dzieje-miasta\/\" rel=\"bookmark\">Dowiedz si\u0119 wi\u0119cej &raquo;<span class=\"screen-reader-text\">K\u0142odzko, dzieje miasta<\/span><\/a><\/p>\n","protected":false},"author":3,"featured_media":962,"parent":655,"menu_order":0,"comment_status":"closed","ping_status":"closed","template":"","meta":{"neve_meta_sidebar":"","neve_meta_container":"","neve_meta_enable_content_width":"","neve_meta_content_width":0,"neve_meta_title_alignment":"","neve_meta_author_avatar":"","neve_post_elements_order":"","neve_meta_disable_header":"","neve_meta_disable_footer":"","neve_meta_disable_title":"","footnotes":""},"class_list":["post-961","page","type-page","status-publish","has-post-thumbnail","hentry"],"_links":{"self":[{"href":"https:\/\/www.muzeum.klodzko.pl\/n\/wp-json\/wp\/v2\/pages\/961","targetHints":{"allow":["GET"]}}],"collection":[{"href":"https:\/\/www.muzeum.klodzko.pl\/n\/wp-json\/wp\/v2\/pages"}],"about":[{"href":"https:\/\/www.muzeum.klodzko.pl\/n\/wp-json\/wp\/v2\/types\/page"}],"author":[{"embeddable":true,"href":"https:\/\/www.muzeum.klodzko.pl\/n\/wp-json\/wp\/v2\/users\/3"}],"replies":[{"embeddable":true,"href":"https:\/\/www.muzeum.klodzko.pl\/n\/wp-json\/wp\/v2\/comments?post=961"}],"version-history":[{"count":1,"href":"https:\/\/www.muzeum.klodzko.pl\/n\/wp-json\/wp\/v2\/pages\/961\/revisions"}],"predecessor-version":[{"id":963,"href":"https:\/\/www.muzeum.klodzko.pl\/n\/wp-json\/wp\/v2\/pages\/961\/revisions\/963"}],"up":[{"embeddable":true,"href":"https:\/\/www.muzeum.klodzko.pl\/n\/wp-json\/wp\/v2\/pages\/655"}],"wp:featuredmedia":[{"embeddable":true,"href":"https:\/\/www.muzeum.klodzko.pl\/n\/wp-json\/wp\/v2\/media\/962"}],"wp:attachment":[{"href":"https:\/\/www.muzeum.klodzko.pl\/n\/wp-json\/wp\/v2\/media?parent=961"}],"curies":[{"name":"wp","href":"https:\/\/api.w.org\/{rel}","templated":true}]}}