{"id":99,"date":"2025-01-09T18:03:54","date_gmt":"2025-01-09T17:03:54","guid":{"rendered":"https:\/\/www.muzeum.klodzko.pl\/n\/?page_id=99"},"modified":"2026-02-19T10:03:26","modified_gmt":"2026-02-19T09:03:26","slug":"warsztaty-realizowane-w-okresie-okoloswiatecznym","status":"publish","type":"page","link":"https:\/\/www.muzeum.klodzko.pl\/n\/warsztaty-realizowane-w-okresie-okoloswiatecznym\/","title":{"rendered":"Warsztaty realizowane w okresie oko\u0142o\u015bwi\u0105tecznym"},"content":{"rendered":"\n<p><strong>Lekcje i warsztaty muzealne realizowane s\u0105 dla grup zorganizowanych powy\u017cej 8 os\u00f3b i nie wi\u0119cej ni\u017c dla 25 os\u00f3b. <br>Rezerwacji nale\u017cy dokona\u0107 co najmniej tydzie\u0144 przed planowanym terminem: <br>mailowo pod adresem: dno@muzeum.klodzko.pl  <br>pod numerem telefonu: 74 867 35 70 wewn\u0119trzny 23  <br>lub w plac\u00f3wce Muzeum <br><br>Zapraszamy!<\/strong>  <br>  <br>  <br>  <br>  <br>  <\/p>\n\n\n\n<p><strong>Przez dziurk\u0119 od klucza<\/strong><br>Lekcja muzealna po\u015bwi\u0119cona tradycjom andrzejkowym po\u0142\u0105czona z zabawami i wr\u00f3\u017cbami.<br>Wst\u0119p &#8211; <strong>20 z\u0142<\/strong>. Czas trwania: 60 &#8211; 90 minut.<\/p>\n\n\n\n<p><strong>Magia bo\u017conarodzeniowej choinki<br><\/strong>Uczestnicy zaj\u0119\u0107 us\u0142ysz\u0105 histori\u0119 po\u015bwi\u0119con\u0105 zwyczajom \u015bwi\u0105tecznym oraz stworz\u0105 w\u0142asne, wzorowane na tradycyjnych, ozdoby choinkowe.<br>Wst\u0119p &#8211; <strong>20 z\u0142<\/strong>. Czas trwania: 60 &#8211; 90 minut.<\/p>\n\n\n\n<p><strong>Miko\u0142\u0105jki  wmuzeum<\/strong>                                                                                                                                                                                                  Najm\u0142odsi w przebraniach elf\u00f3w poszukuj\u0105 \u015bw. Miko\u0142aja, kt\u00f3ry ukry\u0142 si\u0119 w salach muzealnych.<\/p>\n\n\n\n<figure class=\"wp-block-image size-full is-resized\"><img loading=\"lazy\" decoding=\"async\" width=\"206\" height=\"206\" src=\"https:\/\/www.muzeum.klodzko.pl\/n\/wp-content\/uploads\/2025\/02\/481102690_1472059740720649_5004136292062446085_n.jpg\" alt=\"\" class=\"wp-image-410\" style=\"width:292px;height:auto\" srcset=\"https:\/\/www.muzeum.klodzko.pl\/n\/wp-content\/uploads\/2025\/02\/481102690_1472059740720649_5004136292062446085_n.jpg 206w, https:\/\/www.muzeum.klodzko.pl\/n\/wp-content\/uploads\/2025\/02\/481102690_1472059740720649_5004136292062446085_n-150x150.jpg 150w\" sizes=\"auto, (max-width: 206px) 100vw, 206px\" \/><\/figure>\n\n\n\n<p><strong>Szopki bo\u017conarodzeniowe na ziemi k\u0142odzkiej<\/strong><br>Uczestnicy stworz\u0105 w\u0142asne szopki i dowiedz\u0105 si\u0119 o tradycjach i sztuce szopkarskiej na przestrzeni wiek\u00f3w w naszym regionie.<br>Wst\u0119p &#8211; <strong>20\/30 z\u0142<\/strong>. Czas trwania: 60 &#8211; 90 minut.<\/p>\n\n\n\n<figure class=\"wp-block-image size-full is-resized\"><img loading=\"lazy\" decoding=\"async\" width=\"1024\" height=\"768\" src=\"https:\/\/www.muzeum.klodzko.pl\/n\/wp-content\/uploads\/2025\/02\/IMG_20211214_104445.jpg\" alt=\"\" class=\"wp-image-372\" style=\"width:389px;height:auto\" srcset=\"https:\/\/www.muzeum.klodzko.pl\/n\/wp-content\/uploads\/2025\/02\/IMG_20211214_104445.jpg 1024w, https:\/\/www.muzeum.klodzko.pl\/n\/wp-content\/uploads\/2025\/02\/IMG_20211214_104445-300x225.jpg 300w, https:\/\/www.muzeum.klodzko.pl\/n\/wp-content\/uploads\/2025\/02\/IMG_20211214_104445-768x576.jpg 768w\" sizes=\"auto, (max-width: 1024px) 100vw, 1024px\" \/><\/figure>\n\n\n\n<p><strong>Maskarada p\u0142aszcz i szpada<\/strong><br>Uczestnicy warsztat\u00f3w poznaj\u0105 histori\u0119 karnawa\u0142u czyli okresu zimowych bal\u00f3w, maskarad, pochod\u00f3w, zabaw, a nast\u0119pnie wykonaj\u0105 i ozdobi\u0105 w\u0142asne maski karnawa\u0142owe.<br>Wst\u0119p &#8211; <strong>20 z\u0142<\/strong>. Czas trwania: 90 minut.<\/p>\n\n\n\n<figure class=\"wp-block-image size-full is-resized\"><img loading=\"lazy\" decoding=\"async\" width=\"720\" height=\"540\" src=\"https:\/\/www.muzeum.klodzko.pl\/n\/wp-content\/uploads\/2025\/02\/421626121_1162634748329818_4085662358430831329_n-1.jpg\" alt=\"\" class=\"wp-image-413\" style=\"width:392px;height:auto\" srcset=\"https:\/\/www.muzeum.klodzko.pl\/n\/wp-content\/uploads\/2025\/02\/421626121_1162634748329818_4085662358430831329_n-1.jpg 720w, https:\/\/www.muzeum.klodzko.pl\/n\/wp-content\/uploads\/2025\/02\/421626121_1162634748329818_4085662358430831329_n-1-300x225.jpg 300w\" sizes=\"auto, (max-width: 720px) 100vw, 720px\" \/><\/figure>\n\n\n\n<p><strong>Etnowarsztaty z JAJEM<\/strong><br>Uczestnicy zaj\u0119\u0107 poznaj\u0105 rol\u0119 jaja w kulturze tradycyjnej, techniki zdobienia pisanek oraz w\u0142asnor\u0119cznie przygotuj\u0105 \u015bwi\u0105teczne ozdoby.<br>Wst\u0119p &#8211; <strong>30 z\u0142<\/strong>. Czas trwania: 60 &#8211; 90 minut.<\/p>\n","protected":false},"excerpt":{"rendered":"<p>Lekcje i warsztaty muzealne realizowane s\u0105 dla grup zorganizowanych powy\u017cej 8 os\u00f3b i nie wi\u0119cej ni\u017c dla 25 os\u00f3b. Rezerwacji nale\u017cy dokona\u0107 co najmniej tydzie\u0144 przed planowanym terminem: mailowo pod adresem: dno@muzeum.klodzko.pl pod numerem telefonu: 74 867 35 70 wewn\u0119trzny 23 lub w plac\u00f3wce Muzeum Zapraszamy! Przez dziurk\u0119 od kluczaLekcja muzealna po\u015bwi\u0119cona tradycjom andrzejkowym po\u0142\u0105czona&hellip;&nbsp;<a href=\"https:\/\/www.muzeum.klodzko.pl\/n\/warsztaty-realizowane-w-okresie-okoloswiatecznym\/\" rel=\"bookmark\">Dowiedz si\u0119 wi\u0119cej &raquo;<span class=\"screen-reader-text\">Warsztaty realizowane w okresie oko\u0142o\u015bwi\u0105tecznym<\/span><\/a><\/p>\n","protected":false},"author":1,"featured_media":72,"parent":0,"menu_order":0,"comment_status":"closed","ping_status":"closed","template":"","meta":{"neve_meta_sidebar":"","neve_meta_container":"","neve_meta_enable_content_width":"","neve_meta_content_width":0,"neve_meta_title_alignment":"","neve_meta_author_avatar":"","neve_post_elements_order":"","neve_meta_disable_header":"","neve_meta_disable_footer":"","neve_meta_disable_title":"","footnotes":""},"class_list":["post-99","page","type-page","status-publish","has-post-thumbnail","hentry"],"_links":{"self":[{"href":"https:\/\/www.muzeum.klodzko.pl\/n\/wp-json\/wp\/v2\/pages\/99","targetHints":{"allow":["GET"]}}],"collection":[{"href":"https:\/\/www.muzeum.klodzko.pl\/n\/wp-json\/wp\/v2\/pages"}],"about":[{"href":"https:\/\/www.muzeum.klodzko.pl\/n\/wp-json\/wp\/v2\/types\/page"}],"author":[{"embeddable":true,"href":"https:\/\/www.muzeum.klodzko.pl\/n\/wp-json\/wp\/v2\/users\/1"}],"replies":[{"embeddable":true,"href":"https:\/\/www.muzeum.klodzko.pl\/n\/wp-json\/wp\/v2\/comments?post=99"}],"version-history":[{"count":6,"href":"https:\/\/www.muzeum.klodzko.pl\/n\/wp-json\/wp\/v2\/pages\/99\/revisions"}],"predecessor-version":[{"id":3732,"href":"https:\/\/www.muzeum.klodzko.pl\/n\/wp-json\/wp\/v2\/pages\/99\/revisions\/3732"}],"wp:featuredmedia":[{"embeddable":true,"href":"https:\/\/www.muzeum.klodzko.pl\/n\/wp-json\/wp\/v2\/media\/72"}],"wp:attachment":[{"href":"https:\/\/www.muzeum.klodzko.pl\/n\/wp-json\/wp\/v2\/media?parent=99"}],"curies":[{"name":"wp","href":"https:\/\/api.w.org\/{rel}","templated":true}]}}